{"id":11403,"date":"2025-04-03T16:08:03","date_gmt":"2025-04-03T14:08:03","guid":{"rendered":"https:\/\/www.dovac.nl\/?page_id=11403"},"modified":"2025-12-10T09:04:43","modified_gmt":"2025-12-10T08:04:43","slug":"asco-avm-11","status":"publish","type":"page","link":"https:\/\/www.dovac.nl\/de\/vakuumpumpen\/fluessigkeitsringpumpen\/asco-avm-11\/","title":{"rendered":"Asco AVM\/L 11"},"content":{"rendered":"[vc_row type=\"full_width_background\" full_screen_row_position=\"middle\" column_margin=\"custom\" column_direction=\"default\" column_direction_tablet=\"default\" column_direction_phone=\"default\" scene_position=\"center\" top_padding=\"5%\" constrain_group_1=\"yes\" bottom_padding=\"5%\" bottom_padding_phone=\"0&#8243; text_color=\"dark\" text_align=\"left\" row_border_radius=\"none\" row_border_radius_applies=\"bg\" overflow=\"visible\" overlay_strength=\"0.3&#8243; gradient_direction=\"left_to_right\" shape_divider_position=\"bottom\" bg_image_animation=\"none\" shape_type=\"\" gradient_type=\"default\"][vc_column column_padding=\"no-extra-padding\" column_padding_tablet=\"inherit\" column_padding_phone=\"inherit\" column_padding_position=\"all\" column_element_direction_desktop=\"default\" column_element_spacing=\"default\" desktop_text_alignment=\"default\" tablet_text_alignment=\"default\" phone_text_alignment=\"default\" background_color_opacity=\"1&#8243; background_hover_color_opacity=\"1&#8243; column_backdrop_filter=\"none\" font_color=\"#004982&#8243; column_shadow=\"none\" column_border_radius=\"none\" column_link_target=\"_self\" column_position=\"default\" gradient_direction=\"left_to_right\" overlay_strength=\"0.3&#8243; width=\"1\/3&#8243; tablet_width_inherit=\"default\" animation_type=\"default\" bg_image_animation=\"none\" border_type=\"simple\" column_border_width=\"none\" column_border_style=\"solid\" column_padding_type=\"default\" gradient_type=\"default\"][vc_row_inner column_margin=\"default\" column_direction=\"default\" column_direction_tablet=\"default\" column_direction_phone=\"default\" text_align=\"left\" row_position=\"default\" row_position_tablet=\"inherit\" row_position_phone=\"inherit\" overflow=\"visible\" pointer_events=\"all\"][vc_column_inner column_padding=\"no-extra-padding\" column_padding_tablet=\"inherit\" column_padding_phone=\"inherit\" column_padding_position=\"all\" column_element_direction_desktop=\"default\" column_element_spacing=\"default\" desktop_text_alignment=\"default\" tablet_text_alignment=\"default\" phone_text_alignment=\"default\" background_color_opacity=\"1&#8243; background_hover_color_opacity=\"1&#8243; column_backdrop_filter=\"none\" column_shadow=\"none\" column_border_radius=\"none\" column_link_target=\"_self\" overflow=\"visible\" gradient_direction=\"left_to_right\" overlay_strength=\"0.3&#8243; width=\"1\/1&#8243; tablet_width_inherit=\"default\" animation_type=\"default\" bg_image_animation=\"none\" border_type=\"simple\" column_border_width=\"none\" column_border_style=\"solid\" column_padding_type=\"default\" gradient_type=\"default\"][image_with_animation image_url=\"11307&#8243; image_size=\"full\" animation_type=\"entrance\" animation=\"None\" animation_movement_type=\"transform_y\" hover_animation=\"none\" constrain_group_1=\"yes\" alignment=\"center\" border_radius=\"10px\" box_shadow=\"small_depth\" image_loading=\"default\" max_width=\"none\" max_width_mobile=\"default\" position_desktop=\"relative\" top_position_desktop=\"0&#8243; bottom_position_desktop=\"0&#8243; left_position_desktop=\"0&#8243; right_position_desktop=\"0&#8243; el_class=\"product-image\" margin_top=\"0&#8243; margin_bottom=\"0&#8243; margin_left=\"0&#8243; margin_right=\"0&#8243;][\/vc_column_inner][\/vc_row_inner][vc_row_inner column_margin=\"default\" column_direction=\"default\" column_direction_tablet=\"default\" column_direction_phone=\"default\" text_align=\"left\" row_position=\"default\" row_position_tablet=\"inherit\" row_position_phone=\"inherit\" zindex=\"999&#8243; overflow=\"visible\" pointer_events=\"all\"][vc_column_inner column_padding=\"no-extra-padding\" column_padding_tablet=\"inherit\" column_padding_phone=\"inherit\" column_padding_position=\"all\" column_element_direction_desktop=\"default\" column_element_spacing=\"default\" desktop_text_alignment=\"default\" tablet_text_alignment=\"default\" phone_text_alignment=\"default\" background_color_opacity=\"1&#8243; background_hover_color_opacity=\"1&#8243; column_backdrop_filter=\"none\" font_color=\"#000000&#8243; column_shadow=\"none\" column_border_radius=\"none\" column_link_target=\"_self\" overflow=\"visible\" gradient_direction=\"left_to_right\" overlay_strength=\"0.3&#8243; width=\"1\/1&#8243; tablet_width_inherit=\"default\" animation_type=\"default\" bg_image_animation=\"none\" border_type=\"simple\" column_border_width=\"none\" column_border_style=\"dashed\" column_padding_type=\"default\" gradient_type=\"default\"][vc_column_text]\n<h2 style=\"font-size: 24px;\">Asco AVM 11 Merkmale<\/h2>\n<ul>\n<li><strong>Pumpentyp:<\/strong> Einstufiger Fl\u00fcssigkeitsring<\/li>\n<li><strong>Modell:<\/strong> AVM 11 (Monoblock)<\/li>\n<li><strong>Max. Kapazit\u00e4t 1 Phase: <\/strong> 10 m\u00b3\/h<\/li>\n<li><strong>Max. Kapazit\u00e4t 2 Phasen: <\/strong> 11 m\u00b3\/h<\/li>\n<li><strong>Endvakuum (Abs.):<\/strong> 33 mbar<\/li>\n<li><strong>Max. Stromverbrauch: <\/strong> ~0,55 kW (50Hz) \/ ~0,55 kW (60Hz)<\/li>\n<li><strong>Materialoptionen:<\/strong> (Standard CS\/SS)\n<ul>\n<li>CS: Laufrad und Schieberplatte aus Gusseisen\/Edelstahl 316<\/li>\n<li>SS: Vollst\u00e4ndig rostfreier Stahl 316 mittelk\u00f6rnig<\/li>\n<\/ul>\n<\/li>\n<li><strong>Abdichtung:<\/strong> Mechanisch (DIN 24960)<\/li>\n<\/ul>\n<h2 style=\"font-size: 24px;\">Allgemeine Vorteile<\/h2>\n<ul>\n<li>Kompaktes Monoblock-Design<\/li>\n<li>Direkt gekoppelter Motor (IE3\/NEMA-Optionen)<\/li>\n<li>Effizientes &#8218;Vary Port Ventil&#8216;<\/li>\n<li>Praktisch isotherme Kompression<\/li>\n<li>Ideal f\u00fcr nasse Prozesse und D\u00e4mpfe<\/li>\n<\/ul>\n[\/vc_column_text][\/vc_column_inner][\/vc_row_inner][\/vc_column][vc_column column_padding=\"no-extra-padding\" column_padding_tablet=\"inherit\" column_padding_phone=\"inherit\" column_padding_position=\"all\" column_element_direction_desktop=\"default\" column_element_spacing=\"10px\" desktop_text_alignment=\"default\" tablet_text_alignment=\"default\" phone_text_alignment=\"default\" background_color_opacity=\"1&#8243; background_hover_color_opacity=\"1&#8243; column_backdrop_filter=\"none\" column_shadow=\"none\" column_border_radius=\"none\" column_link_target=\"_self\" column_position=\"default\" gradient_direction=\"left_to_right\" overlay_strength=\"0.3&#8243; width=\"2\/3&#8243; tablet_width_inherit=\"small_desktop\" animation_type=\"default\" bg_image_animation=\"none\" border_type=\"simple\" column_border_width=\"none\" column_border_style=\"solid\" column_padding_type=\"default\" gradient_type=\"default\"][vc_row_inner column_margin=\"default\" column_direction=\"default\" column_direction_tablet=\"default\" column_direction_phone=\"default\" text_align=\"left\" row_position=\"default\" row_position_tablet=\"inherit\" row_position_phone=\"inherit\" overflow=\"visible\" pointer_events=\"all\"][vc_column_inner column_padding=\"padding-5-percent\" column_padding_tablet=\"inherit\" column_padding_phone=\"padding-3-percent\" column_padding_position=\"all\" column_element_direction_desktop=\"default\" column_element_spacing=\"default\" desktop_text_alignment=\"default\" tablet_text_alignment=\"default\" phone_text_alignment=\"default\" background_color_opacity=\"1&#8243; background_hover_color_opacity=\"1&#8243; column_backdrop_filter=\"none\" font_color=\"#000000&#8243; column_shadow=\"none\" column_border_radius=\"none\" column_link_target=\"_self\" overflow=\"visible\" gradient_direction=\"left_to_right\" overlay_strength=\"0.3&#8243; width=\"1\/1&#8243; tablet_width_inherit=\"default\" animation_type=\"default\" bg_image_animation=\"none\" border_type=\"simple\" column_border_width=\"4px\" column_border_color=\"#000000&#8243; column_border_style=\"dashed\" column_padding_type=\"default\" gradient_type=\"default\"][nectar_highlighted_text color_type=\"regular\" text_color=\"#000000&#8243; style=\"full_text\" highlight_expansion=\"default\"]\n<h1>Asco AVM 11: Kompakte Fl\u00fcssigkeitsring-Vakuumpumpe<\/h1>\n[\/nectar_highlighted_text][vc_column_text]Die <strong>Asco AVM 11<\/strong> ist die kompakteste Version innerhalb der AVM\/AVL-Serie einstufiger Fl\u00fcssigkeitsring-Vakuumpumpen. Dank ihrer <strong>Monoblock-Bauweise<\/strong>, bei der Pumpe und Motor direkt integriert sind, ist dieses Modell ideal f\u00fcr Anwendungen, bei denen der Einbauraum begrenzt ist, wie z.B. im Maschinenbau oder bei Kompaktanlagen.<\/p>\n<p>Trotz ihrer geringen Gr\u00f6\u00dfe liefert die AVM 11 eine zuverl\u00e4ssige Vakuumleistung mit einem <strong>Endvakuum von bis zu 33 mbar (absolut)<\/strong> und einer <strong>Vakuumkapazit\u00e4t von bis zu etwa 11 m\u00b3\/h<\/strong> (bei 60 Hz). Die Pumpe ist mit einem effizienten &#8218;Vary-Port-Ventil&#8216; ausgestattet und eignet sich hervorragend f\u00fcr die Handhabung von <strong>nassen Prozessen und D\u00e4mpfen<\/strong>, unter anderem dank der nahezu isothermen Kompression.<\/p>\n<p>Der AVM 11 ist standardm\u00e4\u00dfig mit einem effizienten, direkt gekoppelten Motor ausgestattet (IE3 oder NEMA-Optionen verf\u00fcgbar) und, wie bei der AVM\/AVL-Reihe \u00fcblich, in Standardmaterialversionen<strong>(Gusseisen\/RS 316<\/strong> oder Volledelstahl <strong>316<\/strong>) erh\u00e4ltlich, um verschiedenen Prozessanforderungen gerecht zu werden.<\/p>\n<p>Entscheiden Sie sich f\u00fcr die Asco AVM 11, wenn Sie eine zuverl\u00e4ssige, wartungsarme Fl\u00fcssigkeitsring-Vakuumpumpe im kompaktesten Design ben\u00f6tigen.[\/vc_column_text][nectar_btn size=\"large\" button_style=\"see-through-3d\" color_override=\"#e54040&#8243; text=\"KONTAKTIEREN SIE UNS\" url=\"https:\/\/www.dovac.nl\/de\/kontakt\/\"][\/vc_column_inner][\/vc_row_inner][vc_row_inner column_margin=\"default\" column_direction=\"default\" column_direction_tablet=\"default\" column_direction_phone=\"default\" top_padding=\"5%\" text_align=\"left\" row_position=\"default\" row_position_tablet=\"inherit\" row_position_phone=\"inherit\" overflow=\"visible\" pointer_events=\"all\"][vc_column_inner column_padding=\"padding-4-percent\" column_padding_tablet=\"inherit\" column_padding_phone=\"inherit\" column_padding_position=\"all\" column_element_direction_desktop=\"default\" column_element_spacing=\"default\" desktop_text_alignment=\"default\" tablet_text_alignment=\"default\" phone_text_alignment=\"default\" background_color=\"#000000&#8243; background_color_opacity=\"1&#8243; background_hover_color_opacity=\"1&#8243; column_backdrop_filter=\"none\" font_color=\"#ffffff\" column_shadow=\"none\" column_border_radius=\"none\" column_link_target=\"_self\" overflow=\"visible\" gradient_direction=\"left_to_right\" overlay_strength=\"0.3&#8243; width=\"1\/1&#8243; tablet_width_inherit=\"default\" animation_type=\"default\" bg_image_animation=\"none\" border_type=\"simple\" column_border_width=\"none\" column_border_style=\"solid\" column_padding_type=\"default\" gradient_type=\"default\"][nectar_highlighted_text color_type=\"regular\" highlight_color=\"#ffffff\" text_color=\"#ffffff\" style=\"regular_underline\" highlight_expansion=\"default\" underline_thickness=\"2px\"]\n<h2><em>Asco AVM\/L 11<\/em><\/h2>\n[\/nectar_highlighted_text][nectar_btn size=\"medium\" open_new_tab=\"true\" button_style=\"regular\" button_color_2=\"Extra-Color-3&#8243; solid_text_color_override=\"#e54040&#8243; icon_family=\"fontawesome\" text=\"AVM 11 Datenblatt\" url=\"https:\/\/www.dovac.nl\/wp-content\/uploads\/2025\/04\/DS-AVM-11_ENG.pdf\" icon_fontawesome=\"fa fa-file-pdf-o\" margin_right=\"10&#8243;][\/vc_column_inner][\/vc_row_inner][\/vc_column][\/vc_row]\n","protected":false},"excerpt":{"rendered":"<p>[vc_row type=\"full_width_background\" full_screen_row_position=\"middle\" column_margin=\"custom\" column_direction=\"default\" column_direction_tablet=\"default\" column_direction_phone=\"default\" scene_position=\"center\" top_padding=\"5%\" constrain_group_1=\"yes\" bottom_padding=\"5%\" bottom_padding_phone=\"0&#8243; text_color=\"dark\" text_align=\"left\" row_border_radius=\"none\" row_border_radius_applies=\"bg\" overflow=\"visible\" overlay_strength=\"0.3&#8243; gradient_direction=\"left_to_right\" shape_divider_position=\"bottom\" bg_image_animation=\"none\" shape_type=\"\" gradient_type=\"default\"][vc_column column_padding=\"no-extra-padding\" column_padding_tablet=\"inherit\" column_padding_phone=\"inherit\" column_padding_position=\"all\" column_element_direction_desktop=\"default\" column_element_spacing=\"default\" desktop_text_alignment=\"default\"&#8230;<\/p>\n","protected":false},"author":5,"featured_media":11368,"parent":4024,"menu_order":0,"comment_status":"closed","ping_status":"closed","template":"","meta":{"footnotes":""},"class_list":["post-11403","page","type-page","status-publish","has-post-thumbnail"],"_links":{"self":[{"href":"https:\/\/www.dovac.nl\/de\/wp-json\/wp\/v2\/pages\/11403","targetHints":{"allow":["GET"]}}],"collection":[{"href":"https:\/\/www.dovac.nl\/de\/wp-json\/wp\/v2\/pages"}],"about":[{"href":"https:\/\/www.dovac.nl\/de\/wp-json\/wp\/v2\/types\/page"}],"author":[{"embeddable":true,"href":"https:\/\/www.dovac.nl\/de\/wp-json\/wp\/v2\/users\/5"}],"replies":[{"embeddable":true,"href":"https:\/\/www.dovac.nl\/de\/wp-json\/wp\/v2\/comments?post=11403"}],"version-history":[{"count":14,"href":"https:\/\/www.dovac.nl\/de\/wp-json\/wp\/v2\/pages\/11403\/revisions"}],"predecessor-version":[{"id":12964,"href":"https:\/\/www.dovac.nl\/de\/wp-json\/wp\/v2\/pages\/11403\/revisions\/12964"}],"up":[{"embeddable":true,"href":"https:\/\/www.dovac.nl\/de\/wp-json\/wp\/v2\/pages\/4024"}],"wp:featuredmedia":[{"embeddable":true,"href":"https:\/\/www.dovac.nl\/de\/wp-json\/wp\/v2\/media\/11368"}],"wp:attachment":[{"href":"https:\/\/www.dovac.nl\/de\/wp-json\/wp\/v2\/media?parent=11403"}],"curies":[{"name":"wp","href":"https:\/\/api.w.org\/{rel}","templated":true}]}}