{"id":11408,"date":"2025-04-03T16:15:55","date_gmt":"2025-04-03T14:15:55","guid":{"rendered":"https:\/\/www.dovac.nl\/?page_id=11408"},"modified":"2025-12-10T09:05:09","modified_gmt":"2025-12-10T08:05:09","slug":"asco-avm-l-96","status":"publish","type":"page","link":"https:\/\/www.dovac.nl\/de\/vakuumpumpen\/fluessigkeitsringpumpen\/asco-avm-l-96\/","title":{"rendered":"Asco AVM\/L 96"},"content":{"rendered":"[vc_row type=\"full_width_background\" full_screen_row_position=\"middle\" column_margin=\"custom\" column_direction=\"default\" column_direction_tablet=\"default\" column_direction_phone=\"default\" scene_position=\"center\" top_padding=\"5%\" constrain_group_1=\"yes\" bottom_padding=\"5%\" bottom_padding_phone=\"0&#8243; text_color=\"dark\" text_align=\"left\" row_border_radius=\"none\" row_border_radius_applies=\"bg\" overflow=\"visible\" overlay_strength=\"0.3&#8243; gradient_direction=\"left_to_right\" shape_divider_position=\"bottom\" bg_image_animation=\"none\" shape_type=\"\" gradient_type=\"default\"][vc_column column_padding=\"no-extra-padding\" column_padding_tablet=\"inherit\" column_padding_phone=\"inherit\" column_padding_position=\"all\" column_element_direction_desktop=\"default\" column_element_spacing=\"default\" desktop_text_alignment=\"default\" tablet_text_alignment=\"default\" phone_text_alignment=\"default\" background_color_opacity=\"1&#8243; background_hover_color_opacity=\"1&#8243; column_backdrop_filter=\"none\" font_color=\"#004982&#8243; column_shadow=\"none\" column_border_radius=\"none\" column_link_target=\"_self\" column_position=\"default\" gradient_direction=\"left_to_right\" overlay_strength=\"0.3&#8243; width=\"1\/3&#8243; tablet_width_inherit=\"default\" animation_type=\"default\" bg_image_animation=\"none\" border_type=\"simple\" column_border_width=\"none\" column_border_style=\"solid\" column_padding_type=\"default\" gradient_type=\"default\"][vc_row_inner column_margin=\"default\" column_direction=\"default\" column_direction_tablet=\"default\" column_direction_phone=\"default\" text_align=\"left\" row_position=\"default\" row_position_tablet=\"inherit\" row_position_phone=\"inherit\" overflow=\"visible\" pointer_events=\"all\"][vc_column_inner column_padding=\"no-extra-padding\" column_padding_tablet=\"inherit\" column_padding_phone=\"inherit\" column_padding_position=\"all\" column_element_direction_desktop=\"default\" column_element_spacing=\"default\" desktop_text_alignment=\"default\" tablet_text_alignment=\"default\" phone_text_alignment=\"default\" background_color_opacity=\"1&#8243; background_hover_color_opacity=\"1&#8243; column_backdrop_filter=\"none\" column_shadow=\"none\" column_border_radius=\"none\" column_link_target=\"_self\" overflow=\"visible\" gradient_direction=\"left_to_right\" overlay_strength=\"0.3&#8243; width=\"1\/1&#8243; tablet_width_inherit=\"default\" animation_type=\"default\" bg_image_animation=\"none\" border_type=\"simple\" column_border_width=\"none\" column_border_style=\"solid\" column_padding_type=\"default\" gradient_type=\"default\"][image_with_animation image_url=\"11307&#8243; image_size=\"full\" animation_type=\"entrance\" animation=\"None\" animation_movement_type=\"transform_y\" hover_animation=\"none\" constrain_group_1=\"yes\" alignment=\"center\" border_radius=\"10px\" box_shadow=\"small_depth\" image_loading=\"default\" max_width=\"none\" max_width_mobile=\"default\" position_desktop=\"relative\" top_position_desktop=\"0&#8243; bottom_position_desktop=\"0&#8243; left_position_desktop=\"0&#8243; right_position_desktop=\"0&#8243; el_class=\"product-image\" margin_top=\"0&#8243; margin_bottom=\"0&#8243; margin_left=\"0&#8243; margin_right=\"0&#8243;][\/vc_column_inner][\/vc_row_inner][vc_row_inner column_margin=\"default\" column_direction=\"default\" column_direction_tablet=\"default\" column_direction_phone=\"default\" text_align=\"left\" row_position=\"default\" row_position_tablet=\"inherit\" row_position_phone=\"inherit\" zindex=\"999&#8243; overflow=\"visible\" pointer_events=\"all\"][vc_column_inner column_padding=\"no-extra-padding\" column_padding_tablet=\"inherit\" column_padding_phone=\"inherit\" column_padding_position=\"all\" column_element_direction_desktop=\"default\" column_element_spacing=\"default\" desktop_text_alignment=\"default\" tablet_text_alignment=\"default\" phone_text_alignment=\"default\" background_color_opacity=\"1&#8243; background_hover_color_opacity=\"1&#8243; column_backdrop_filter=\"none\" font_color=\"#000000&#8243; column_shadow=\"none\" column_border_radius=\"none\" column_link_target=\"_self\" overflow=\"visible\" gradient_direction=\"left_to_right\" overlay_strength=\"0.3&#8243; width=\"1\/1&#8243; tablet_width_inherit=\"default\" animation_type=\"default\" bg_image_animation=\"none\" border_type=\"simple\" column_border_width=\"none\" column_border_style=\"dashed\" column_padding_type=\"default\" gradient_type=\"default\"][vc_column_text]\n<h2 style=\"font-size: 24px;\">Asco AVM 96 \/ AVL 96 Merkmale<\/h2>\n<ul>\n<li><strong>Pumpentyp:<\/strong> Einstufiger Fl\u00fcssigkeitsring<\/li>\n<li><strong>Modelle:<\/strong> AVM 96 (Monoblock), AVL 96 (Laternenst\u00fcck)<\/li>\n<li><strong>Max. Kapazit\u00e4t (50Hz): <\/strong> 81 m\u00b3\/h<\/li>\n<li><strong>Max. Kapazit\u00e4t (60Hz): <\/strong> 90 m\u00b3\/h<\/li>\n<li><strong>Endvakuum (Abs.):<\/strong> 33 mbar<\/li>\n<li><strong>Max. Stromverbrauch: <\/strong> 2,2 kW (50Hz) \/ 4 kW (60Hz)<\/li>\n<li><strong>Material-Optionen:<\/strong>\n<ul>\n<li>CS: Laufrad und Schieberplatte aus Gusseisen\/Edelstahl 316<\/li>\n<li>SS: Vollst\u00e4ndig rostfreier Stahl 316 mittelk\u00f6rnig<\/li>\n<\/ul>\n<\/li>\n<li><strong>Abdichtung:<\/strong> Mechanisch (DIN 24960)<\/li>\n<\/ul>\n<h2 style=\"font-size: 24px;\">Allgemeine Vorteile<\/h2>\n<ul>\n<li>Effizientes &#8218;Vary Port Ventil&#8216;<\/li>\n<li>Praktisch isotherme Kompression<\/li>\n<li>Ideal f\u00fcr nasse Prozesse und D\u00e4mpfe<\/li>\n<\/ul>\n[\/vc_column_text][\/vc_column_inner][\/vc_row_inner][\/vc_column][vc_column column_padding=\"no-extra-padding\" column_padding_tablet=\"inherit\" column_padding_phone=\"inherit\" column_padding_position=\"all\" column_element_direction_desktop=\"default\" column_element_spacing=\"10px\" desktop_text_alignment=\"default\" tablet_text_alignment=\"default\" phone_text_alignment=\"default\" background_color_opacity=\"1&#8243; background_hover_color_opacity=\"1&#8243; column_backdrop_filter=\"none\" column_shadow=\"none\" column_border_radius=\"none\" column_link_target=\"_self\" column_position=\"default\" gradient_direction=\"left_to_right\" overlay_strength=\"0.3&#8243; width=\"2\/3&#8243; tablet_width_inherit=\"small_desktop\" animation_type=\"default\" bg_image_animation=\"none\" border_type=\"simple\" column_border_width=\"none\" column_border_style=\"solid\" column_padding_type=\"default\" gradient_type=\"default\"][vc_row_inner column_margin=\"default\" column_direction=\"default\" column_direction_tablet=\"default\" column_direction_phone=\"default\" text_align=\"left\" row_position=\"default\" row_position_tablet=\"inherit\" row_position_phone=\"inherit\" overflow=\"visible\" pointer_events=\"all\"][vc_column_inner column_padding=\"padding-5-percent\" column_padding_tablet=\"inherit\" column_padding_phone=\"padding-3-percent\" column_padding_position=\"all\" column_element_direction_desktop=\"default\" column_element_spacing=\"default\" desktop_text_alignment=\"default\" tablet_text_alignment=\"default\" phone_text_alignment=\"default\" background_color_opacity=\"1&#8243; background_hover_color_opacity=\"1&#8243; column_backdrop_filter=\"none\" font_color=\"#000000&#8243; column_shadow=\"none\" column_border_radius=\"none\" column_link_target=\"_self\" overflow=\"visible\" gradient_direction=\"left_to_right\" overlay_strength=\"0.3&#8243; width=\"1\/1&#8243; tablet_width_inherit=\"default\" animation_type=\"default\" bg_image_animation=\"none\" border_type=\"simple\" column_border_width=\"4px\" column_border_color=\"#000000&#8243; column_border_style=\"dashed\" column_padding_type=\"default\" gradient_type=\"default\"][nectar_highlighted_text color_type=\"regular\" text_color=\"#000000&#8243; style=\"full_text\" highlight_expansion=\"default\"]\n<h1>Asco AVM 96 &amp; AVL 96: Zuverl\u00e4ssiges Vakuum, kompakt oder flexibel<\/h1>\n[\/nectar_highlighted_text][vc_column_text]Die Asco 96 Serie von Fl\u00fcssigkeitsring-Vakuumpumpen bietet eine robuste und effiziente L\u00f6sung zur Erzeugung eines <strong>tiefen Vakuums<\/strong> (bis zu 33 mbar absolut) in anspruchsvollen industriellen Umgebungen. Sowohl die <strong>Asco AVM 96<\/strong> als auch die <strong>Asco AVL 96<\/strong> sind f\u00fcr den Dauerbetrieb ausgelegt und eignen sich dank des Fl\u00fcssigkeitsringprinzips und der nahezu isothermen Verdichtung hervorragend f\u00fcr die Handhabung von <strong>nassen Prozessen und D\u00e4mpfen<\/strong>.<\/p>\n<p>Beide Modelle haben die gleiche Kernhydraulik, was zu identischen Leistungskurven mit einer <strong>Vakuumkapazit\u00e4t von bis zu ca. 102 m\u00b3\/h<\/strong> f\u00fchrt. Sie sind auch in denselben hochwertigen Materialkombinationen erh\u00e4ltlich(Gusseisen\/RS 316 oder vollst\u00e4ndig rostfreier Stahl 316), um verschiedene Anforderungen an die chemische Best\u00e4ndigkeit zu erf\u00fcllen. Der entscheidende Unterschied liegt jedoch in der Bauweise, die bestimmt, welches Modell f\u00fcr Ihre spezifische Installation am besten geeignet ist.<\/p>\n<h2 style=\"font-size: 24px;\">AVM 96: Fokus auf Kompaktheit<\/h2>\n<p>Die <strong>Asco AVM 96<\/strong> ist die <strong>Monoblock-Variante<\/strong>. Pumpe und Motor bilden eine kompakte Einheit, wobei das Laufrad direkt auf der Motorwelle montiert ist. Dies f\u00fchrt zu einer minimalen Einbaul\u00e4nge, ideal f\u00fcr Maschinenbauer oder Situationen, in denen jeder Zentimeter z\u00e4hlt. Sie wird standardm\u00e4\u00dfig mit einem effizienten, direkt gekoppelten Motor geliefert.<\/p>\n<h2 style=\"font-size: 24px;\">AVL 96: Maximale Flexibilit\u00e4t<\/h2>\n<p>Die <strong>Asco AVL 96<\/strong> verwendet eine <strong>Laternenkonstruktion<\/strong>. Ein Zwischenst\u00fcck mit einer <strong>flexiblen Kupplung<\/strong> verbindet die Pumpe mit einem <strong>Standard-B5-Flanschmotor<\/strong>. Diese Konstruktion bietet ultimative Flexibilit\u00e4t: Sie k\u00f6nnen einen Motor w\u00e4hlen, der bestimmte Anforderungen (Marke, Spezifikationen) erf\u00fcllt oder f\u00fcr spezielle Umgebungen geeignet ist, wie z.B. <strong>ATEX klassifizierte<\/strong> Zonen, f\u00fcr die die AVL 96 zertifiziert ist.<\/p>\n<p>Entscheiden Sie sich also f\u00fcr den AVM 96, wenn Sie Wert auf <strong>Kompaktheit<\/strong> legen, und f\u00fcr den AVL 96, wenn Sie einen <strong>flexiblen Motor<\/strong> oder ATEX-Konformit\u00e4t ben\u00f6tigen. Beide garantieren die zuverl\u00e4ssige Vakuumleistung, die Sie von Asco gewohnt sind.[\/vc_column_text][nectar_btn size=\"large\" button_style=\"see-through-3d\" color_override=\"#e54040&#8243; text=\"KONTAKTIEREN SIE UNS\" url=\"https:\/\/www.dovac.nl\/de\/kontakt\/\"][\/vc_column_inner][\/vc_row_inner][vc_row_inner column_margin=\"default\" column_direction=\"default\" column_direction_tablet=\"default\" column_direction_phone=\"default\" top_padding=\"5%\" text_align=\"left\" row_position=\"default\" row_position_tablet=\"inherit\" row_position_phone=\"inherit\" overflow=\"visible\" pointer_events=\"all\"][vc_column_inner column_padding=\"padding-4-percent\" column_padding_tablet=\"inherit\" column_padding_phone=\"inherit\" column_padding_position=\"all\" column_element_direction_desktop=\"default\" column_element_spacing=\"default\" desktop_text_alignment=\"default\" tablet_text_alignment=\"default\" phone_text_alignment=\"default\" background_color=\"#000000&#8243; background_color_opacity=\"1&#8243; background_hover_color_opacity=\"1&#8243; column_backdrop_filter=\"none\" font_color=\"#ffffff\" column_shadow=\"none\" column_border_radius=\"none\" column_link_target=\"_self\" overflow=\"visible\" gradient_direction=\"left_to_right\" overlay_strength=\"0.3&#8243; width=\"1\/1&#8243; tablet_width_inherit=\"default\" animation_type=\"default\" bg_image_animation=\"none\" border_type=\"simple\" column_border_width=\"none\" column_border_style=\"solid\" column_padding_type=\"default\" gradient_type=\"default\"][nectar_highlighted_text color_type=\"regular\" highlight_color=\"#ffffff\" text_color=\"#ffffff\" style=\"regular_underline\" highlight_expansion=\"default\" underline_thickness=\"2px\"]\n<h2><em>Asco AVM\/L 96<\/em><\/h2>\n[\/nectar_highlighted_text][nectar_btn size=\"medium\" open_new_tab=\"true\" button_style=\"regular\" button_color_2=\"Extra-Color-3&#8243; solid_text_color_override=\"#e54040&#8243; icon_family=\"fontawesome\" text=\"AVL 96 Datenblatt\" url=\"https:\/\/www.dovac.nl\/wp-content\/uploads\/2025\/04\/DS-AVL-96_ENG.pdf\" icon_fontawesome=\"fa fa-file-pdf-o\" margin_right=\"10&#8243;][nectar_btn size=\"medium\" open_new_tab=\"true\" button_style=\"regular\" button_color_2=\"Extra-Color-3&#8243; solid_text_color_override=\"#e54040&#8243; icon_family=\"fontawesome\" text=\"AVM 96 Datenblatt\" url=\"https:\/\/www.dovac.nl\/wp-content\/uploads\/2025\/04\/DS-AVM-96_ENG.pdf\" icon_fontawesome=\"fa fa-file-pdf-o\" margin_right=\"10&#8243;][\/vc_column_inner][\/vc_row_inner][\/vc_column][\/vc_row]\n","protected":false},"excerpt":{"rendered":"<p>[vc_row type=\"full_width_background\" full_screen_row_position=\"middle\" column_margin=\"custom\" column_direction=\"default\" column_direction_tablet=\"default\" column_direction_phone=\"default\" scene_position=\"center\" top_padding=\"5%\" constrain_group_1=\"yes\" bottom_padding=\"5%\" bottom_padding_phone=\"0&#8243; text_color=\"dark\" text_align=\"left\" row_border_radius=\"none\" row_border_radius_applies=\"bg\" overflow=\"visible\" overlay_strength=\"0.3&#8243; gradient_direction=\"left_to_right\" shape_divider_position=\"bottom\" bg_image_animation=\"none\" shape_type=\"\" gradient_type=\"default\"][vc_column column_padding=\"no-extra-padding\" column_padding_tablet=\"inherit\" column_padding_phone=\"inherit\" column_padding_position=\"all\" column_element_direction_desktop=\"default\" column_element_spacing=\"default\" desktop_text_alignment=\"default\"&#8230;<\/p>\n","protected":false},"author":5,"featured_media":11368,"parent":4024,"menu_order":0,"comment_status":"closed","ping_status":"closed","template":"","meta":{"footnotes":""},"class_list":["post-11408","page","type-page","status-publish","has-post-thumbnail"],"_links":{"self":[{"href":"https:\/\/www.dovac.nl\/de\/wp-json\/wp\/v2\/pages\/11408","targetHints":{"allow":["GET"]}}],"collection":[{"href":"https:\/\/www.dovac.nl\/de\/wp-json\/wp\/v2\/pages"}],"about":[{"href":"https:\/\/www.dovac.nl\/de\/wp-json\/wp\/v2\/types\/page"}],"author":[{"embeddable":true,"href":"https:\/\/www.dovac.nl\/de\/wp-json\/wp\/v2\/users\/5"}],"replies":[{"embeddable":true,"href":"https:\/\/www.dovac.nl\/de\/wp-json\/wp\/v2\/comments?post=11408"}],"version-history":[{"count":4,"href":"https:\/\/www.dovac.nl\/de\/wp-json\/wp\/v2\/pages\/11408\/revisions"}],"predecessor-version":[{"id":12967,"href":"https:\/\/www.dovac.nl\/de\/wp-json\/wp\/v2\/pages\/11408\/revisions\/12967"}],"up":[{"embeddable":true,"href":"https:\/\/www.dovac.nl\/de\/wp-json\/wp\/v2\/pages\/4024"}],"wp:featuredmedia":[{"embeddable":true,"href":"https:\/\/www.dovac.nl\/de\/wp-json\/wp\/v2\/media\/11368"}],"wp:attachment":[{"href":"https:\/\/www.dovac.nl\/de\/wp-json\/wp\/v2\/media?parent=11408"}],"curies":[{"name":"wp","href":"https:\/\/api.w.org\/{rel}","templated":true}]}}