{"id":11500,"date":"2025-04-03T16:10:42","date_gmt":"2025-04-03T14:10:42","guid":{"rendered":"https:\/\/www.dovac.nl\/vakuumpumpen\/trocknen\/asco-avm-l-26\/"},"modified":"2025-12-10T09:04:52","modified_gmt":"2025-12-10T08:04:52","slug":"asco-avm-l-26","status":"publish","type":"page","link":"https:\/\/www.dovac.nl\/de\/vakuumpumpen\/fluessigkeitsringpumpen\/asco-avm-l-26\/","title":{"rendered":"Asco AVM\/L 26"},"content":{"rendered":"[vc_row type=\"full_width_background\" full_screen_row_position=\"middle\" column_margin=\"custom\" column_direction=\"default\" column_direction_tablet=\"default\" column_direction_phone=\"default\" scene_position=\"center\" top_padding=\"5%\" constrain_group_1=\"yes\" bottom_padding=\"5%\" bottom_padding_phone=\"0&#8243; text_color=\"dark\" text_align=\"left\" row_border_radius=\"none\" row_border_radius_applies=\"bg\" overflow=\"visible\" overlay_strength=\"0.3&#8243; gradient_direction=\"left_to_right\" shape_divider_position=\"bottom\" bg_image_animation=\"none\" shape_type=\"\" gradient_type=\"default\"][vc_column column_padding=\"no-extra-padding\" column_padding_tablet=\"inherit\" column_padding_phone=\"inherit\" column_padding_position=\"all\" column_element_direction_desktop=\"default\" column_element_spacing=\"default\" desktop_text_alignment=\"default\" tablet_text_alignment=\"default\" phone_text_alignment=\"default\" background_color_opacity=\"1&#8243; background_hover_color_opacity=\"1&#8243; column_backdrop_filter=\"none\" font_color=\"#004982&#8243; column_shadow=\"none\" column_border_radius=\"none\" column_link_target=\"_self\" column_position=\"default\" gradient_direction=\"left_to_right\" overlay_strength=\"0.3&#8243; width=\"1\/3&#8243; tablet_width_inherit=\"default\" animation_type=\"default\" bg_image_animation=\"none\" border_type=\"simple\" column_border_width=\"none\" column_border_style=\"solid\" column_padding_type=\"default\" gradient_type=\"default\"][vc_row_inner column_margin=\"default\" column_direction=\"default\" column_direction_tablet=\"default\" column_direction_phone=\"default\" text_align=\"left\" row_position=\"default\" row_position_tablet=\"inherit\" row_position_phone=\"inherit\" overflow=\"visible\" pointer_events=\"all\"][vc_column_inner column_padding=\"no-extra-padding\" column_padding_tablet=\"inherit\" column_padding_phone=\"inherit\" column_padding_position=\"all\" column_element_direction_desktop=\"default\" column_element_spacing=\"default\" desktop_text_alignment=\"default\" tablet_text_alignment=\"default\" phone_text_alignment=\"default\" background_color_opacity=\"1&#8243; background_hover_color_opacity=\"1&#8243; column_backdrop_filter=\"none\" column_shadow=\"none\" column_border_radius=\"none\" column_link_target=\"_self\" overflow=\"visible\" gradient_direction=\"left_to_right\" overlay_strength=\"0.3&#8243; width=\"1\/1&#8243; tablet_width_inherit=\"default\" animation_type=\"default\" bg_image_animation=\"none\" border_type=\"simple\" column_border_width=\"none\" column_border_style=\"solid\" column_padding_type=\"default\" gradient_type=\"default\"][image_with_animation image_url=\"11307&#8243; image_size=\"full\" animation_type=\"entrance\" animation=\"None\" animation_movement_type=\"transform_y\" hover_animation=\"none\" constrain_group_1=\"yes\" alignment=\"center\" border_radius=\"10px\" box_shadow=\"small_depth\" image_loading=\"default\" max_width=\"none\" max_width_mobile=\"default\" position_desktop=\"relative\" top_position_desktop=\"0&#8243; bottom_position_desktop=\"0&#8243; left_position_desktop=\"0&#8243; right_position_desktop=\"0&#8243; el_class=\"product-image\" margin_top=\"0&#8243; margin_bottom=\"0&#8243; margin_left=\"0&#8243; margin_right=\"0&#8243;][\/vc_column_inner][\/vc_row_inner][vc_row_inner column_margin=\"default\" column_direction=\"default\" column_direction_tablet=\"default\" column_direction_phone=\"default\" text_align=\"left\" row_position=\"default\" row_position_tablet=\"inherit\" row_position_phone=\"inherit\" zindex=\"999&#8243; overflow=\"visible\" pointer_events=\"all\"][vc_column_inner column_padding=\"no-extra-padding\" column_padding_tablet=\"inherit\" column_padding_phone=\"inherit\" column_padding_position=\"all\" column_element_direction_desktop=\"default\" column_element_spacing=\"default\" desktop_text_alignment=\"default\" tablet_text_alignment=\"default\" phone_text_alignment=\"default\" background_color_opacity=\"1&#8243; background_hover_color_opacity=\"1&#8243; column_backdrop_filter=\"none\" font_color=\"#000000&#8243; column_shadow=\"none\" column_border_radius=\"none\" column_link_target=\"_self\" overflow=\"visible\" gradient_direction=\"left_to_right\" overlay_strength=\"0.3&#8243; width=\"1\/1&#8243; tablet_width_inherit=\"default\" animation_type=\"default\" bg_image_animation=\"none\" border_type=\"simple\" column_border_width=\"none\" column_border_style=\"dashed\" column_padding_type=\"default\" gradient_type=\"default\"][vc_column_text]\n<h2 style=\"font-size: 24px;\">Asco AVM 26 \/ AVL 26 Merkmale<\/h2>\n<ul>\n<li><strong>Pumpentyp:<\/strong> Einstufiger Fl\u00fcssigkeitsring<\/li>\n<li><strong>Modelle:<\/strong> AVM 26 (Monoblock), AVL 26 (Laternenst\u00fcck)<\/li>\n<li><strong>Max. Kapazit\u00e4t (50Hz): <\/strong> 27 m\u00b3\/h<\/li>\n<li><strong>Max. Kapazit\u00e4t (60Hz): <\/strong> 31 m\u00b3\/h<\/li>\n<li><strong>Endvakuum (Abs.):<\/strong> 33 mbar<\/li>\n<li><strong>Max. Stromverbrauch: <\/strong> 0,75 kW (50Hz) \/ 1,5 kW (60Hz)<\/li>\n<li><strong>Material-Optionen:<\/strong>\n<ul>\n<li>CS: Laufrad und Schieberplatte aus Gusseisen\/Edelstahl 316<\/li>\n<li>SS: Vollst\u00e4ndig rostfreier Stahl 316 mittelk\u00f6rnig<\/li>\n<\/ul>\n<\/li>\n<li><strong>Abdichtung:<\/strong> Mechanisch (DIN 24960)<\/li>\n<\/ul>\n<h2 style=\"font-size: 24px;\">Allgemeine Vorteile<\/h2>\n<ul>\n<li>Effizientes &#8218;Vary Port Ventil&#8216;<\/li>\n<li>Praktisch isotherme Kompression<\/li>\n<li>Ideal f\u00fcr nasse Prozesse und D\u00e4mpfe<\/li>\n<\/ul>\n[\/vc_column_text][\/vc_column_inner][\/vc_row_inner][\/vc_column][vc_column column_padding=\"no-extra-padding\" column_padding_tablet=\"inherit\" column_padding_phone=\"inherit\" column_padding_position=\"all\" column_element_direction_desktop=\"default\" column_element_spacing=\"10px\" desktop_text_alignment=\"default\" tablet_text_alignment=\"default\" phone_text_alignment=\"default\" background_color_opacity=\"1&#8243; background_hover_color_opacity=\"1&#8243; column_backdrop_filter=\"none\" column_shadow=\"none\" column_border_radius=\"none\" column_link_target=\"_self\" column_position=\"default\" gradient_direction=\"left_to_right\" overlay_strength=\"0.3&#8243; width=\"2\/3&#8243; tablet_width_inherit=\"small_desktop\" animation_type=\"default\" bg_image_animation=\"none\" border_type=\"simple\" column_border_width=\"none\" column_border_style=\"solid\" column_padding_type=\"default\" gradient_type=\"default\"][vc_row_inner column_margin=\"default\" column_direction=\"default\" column_direction_tablet=\"default\" column_direction_phone=\"default\" text_align=\"left\" row_position=\"default\" row_position_tablet=\"inherit\" row_position_phone=\"inherit\" overflow=\"visible\" pointer_events=\"all\"][vc_column_inner column_padding=\"padding-5-percent\" column_padding_tablet=\"inherit\" column_padding_phone=\"padding-3-percent\" column_padding_position=\"all\" column_element_direction_desktop=\"default\" column_element_spacing=\"default\" desktop_text_alignment=\"default\" tablet_text_alignment=\"default\" phone_text_alignment=\"default\" background_color_opacity=\"1&#8243; background_hover_color_opacity=\"1&#8243; column_backdrop_filter=\"none\" font_color=\"#000000&#8243; column_shadow=\"none\" column_border_radius=\"none\" column_link_target=\"_self\" overflow=\"visible\" gradient_direction=\"left_to_right\" overlay_strength=\"0.3&#8243; width=\"1\/1&#8243; tablet_width_inherit=\"default\" animation_type=\"default\" bg_image_animation=\"none\" border_type=\"simple\" column_border_width=\"4px\" column_border_color=\"#000000&#8243; column_border_style=\"dashed\" column_padding_type=\"default\" gradient_type=\"default\"][nectar_highlighted_text color_type=\"regular\" text_color=\"#000000&#8243; style=\"full_text\" highlight_expansion=\"default\"]\n<h1>Asco AVM 26 &amp; AVL 26: Zuverl\u00e4ssiges Vakuum, kompakt oder flexibel<\/h1>\n[\/nectar_highlighted_text][vc_column_text]Die Fl\u00fcssigkeitsring-Vakuumpumpen der Asco 26-Serie bieten eine robuste und effiziente L\u00f6sung f\u00fcr die Erzeugung eines <strong>tiefen Vakuums<\/strong> (bis zu 33 mbar absolut) in anspruchsvollen industriellen Umgebungen. Sowohl die <strong>Asco AVM 26<\/strong> als auch die <strong>Asco AVL 26<\/strong> sind f\u00fcr den Dauerbetrieb ausgelegt und eignen sich dank des Fl\u00fcssigkeitsringprinzips und der nahezu isothermen Verdichtung hervorragend f\u00fcr die Handhabung von <strong>nassen Prozessen und D\u00e4mpfen<\/strong>.<\/p>\n<p>Beide Modelle haben die gleiche Kernhydraulik, was zu identischen Leistungskurven mit einer <strong>Vakuumkapazit\u00e4t von bis zu ca. 36 m\u00b3\/h<\/strong> f\u00fchrt. Sie sind auch in denselben hochwertigen Materialkombinationen erh\u00e4ltlich(Gusseisen\/RS 316 oder vollst\u00e4ndig rostfreier Stahl 316), um verschiedenen Anforderungen an die chemische Best\u00e4ndigkeit gerecht zu werden. Der entscheidende Unterschied liegt jedoch in der Bauweise, die bestimmt, welches Modell f\u00fcr Ihre spezifische Installation am besten geeignet ist.<\/p>\n<h2 style=\"font-size: 24px;\">AVM 26: Fokus auf Kompaktheit<\/h2>\n<p>Die <strong>Asco AVM 26<\/strong> ist die <strong>Monoblock-Variante<\/strong>. Pumpe und Motor bilden eine kompakte Einheit, wobei das Laufrad direkt auf der Motorwelle montiert ist. Dies f\u00fchrt zu einer minimalen Einbaul\u00e4nge, ideal f\u00fcr Maschinenbauer oder Situationen, in denen jeder Zentimeter z\u00e4hlt. Sie ist standardm\u00e4\u00dfig mit einem effizienten, direkt gekoppelten Motor ausgestattet.<\/p>\n<h2 style=\"font-size: 24px;\">AVL 26: Maximale Flexibilit\u00e4t<\/h2>\n<p>Die <strong>Asco AVL 26<\/strong> verwendet eine <strong>Laternenkonstruktion<\/strong>. Ein Zwischenst\u00fcck mit einer flexiblen Kupplung verbindet die Pumpe mit einem Standard-B5-Flanschmotor. Diese Konstruktion bietet ultimative Flexibilit\u00e4t: Sie k\u00f6nnen einen Motor w\u00e4hlen, der bestimmte Anforderungen (Marke, Spezifikationen) erf\u00fcllt oder f\u00fcr spezielle Umgebungen geeignet ist, wie z.B. <strong>ATEX klassifizierte<\/strong> Zonen, f\u00fcr die die AVL 26 zertifiziert ist.<\/p>\n<p>Entscheiden Sie sich also f\u00fcr den AVM 26, wenn Sie Wert auf <strong>Kompaktheit<\/strong> legen, und f\u00fcr den AVL 26, wenn Sie einen <strong>flexiblen Motor<\/strong> oder ATEX-Konformit\u00e4t ben\u00f6tigen. Beide garantieren die zuverl\u00e4ssige Vakuumleistung, die Sie von Asco gewohnt sind.[\/vc_column_text][nectar_btn size=\"large\" button_style=\"see-through-3d\" color_override=\"#e54040&#8243; text=\"KONTAKTIEREN SIE UNS\" url=\"https:\/\/www.dovac.nl\/de\/kontakt\/\"][\/vc_column_inner][\/vc_row_inner][vc_row_inner column_margin=\"default\" column_direction=\"default\" column_direction_tablet=\"default\" column_direction_phone=\"default\" top_padding=\"5%\" text_align=\"left\" row_position=\"default\" row_position_tablet=\"inherit\" row_position_phone=\"inherit\" overflow=\"visible\" pointer_events=\"all\"][vc_column_inner column_padding=\"padding-4-percent\" column_padding_tablet=\"inherit\" column_padding_phone=\"inherit\" column_padding_position=\"all\" column_element_direction_desktop=\"default\" column_element_spacing=\"default\" desktop_text_alignment=\"default\" tablet_text_alignment=\"default\" phone_text_alignment=\"default\" background_color=\"#000000&#8243; background_color_opacity=\"1&#8243; background_hover_color_opacity=\"1&#8243; column_backdrop_filter=\"none\" font_color=\"#ffffff\" column_shadow=\"none\" column_border_radius=\"none\" column_link_target=\"_self\" overflow=\"visible\" gradient_direction=\"left_to_right\" overlay_strength=\"0.3&#8243; width=\"1\/1&#8243; tablet_width_inherit=\"default\" animation_type=\"default\" bg_image_animation=\"none\" border_type=\"simple\" column_border_width=\"none\" column_border_style=\"solid\" column_padding_type=\"default\" gradient_type=\"default\"][nectar_highlighted_text color_type=\"regular\" highlight_color=\"#ffffff\" text_color=\"#ffffff\" style=\"regular_underline\" highlight_expansion=\"default\" underline_thickness=\"2px\"]\n<h2><em>Asco AVM\/L 26<\/em><\/h2>\n[\/nectar_highlighted_text][nectar_btn size=\"medium\" open_new_tab=\"true\" button_style=\"regular\" button_color_2=\"Extra-Color-3&#8243; solid_text_color_override=\"#e54040&#8243; icon_family=\"fontawesome\" text=\"AVL 26 Datenblatt\" url=\"https:\/\/www.dovac.nl\/wp-content\/uploads\/2025\/04\/DS-AVL-26_ENG.pdf\" icon_fontawesome=\"fa fa-file-pdf-o\" margin_right=\"10&#8243;][nectar_btn size=\"medium\" open_new_tab=\"true\" button_style=\"regular\" button_color_2=\"Extra-Color-3&#8243; solid_text_color_override=\"#e54040&#8243; icon_family=\"fontawesome\" text=\"AVM 26 Datenblatt\" url=\"https:\/\/www.dovac.nl\/wp-content\/uploads\/2025\/04\/DS-AVM-26_ENG.pdf\" icon_fontawesome=\"fa fa-file-pdf-o\" margin_right=\"10&#8243;][\/vc_column_inner][\/vc_row_inner][\/vc_column][\/vc_row]\n","protected":false},"excerpt":{"rendered":"<p>[vc_row type=\"full_width_background\" full_screen_row_position=\"middle\" column_margin=\"custom\" column_direction=\"default\" column_direction_tablet=\"default\" column_direction_phone=\"default\" scene_position=\"center\" top_padding=\"5%\" constrain_group_1=\"yes\" bottom_padding=\"5%\" bottom_padding_phone=\"0&#8243; text_color=\"dark\" text_align=\"left\" row_border_radius=\"none\" row_border_radius_applies=\"bg\" overflow=\"visible\" overlay_strength=\"0.3&#8243; gradient_direction=\"left_to_right\" shape_divider_position=\"bottom\" bg_image_animation=\"none\" shape_type=\"\" gradient_type=\"default\"][vc_column column_padding=\"no-extra-padding\" column_padding_tablet=\"inherit\" column_padding_phone=\"inherit\" column_padding_position=\"all\" column_element_direction_desktop=\"default\" column_element_spacing=\"default\" desktop_text_alignment=\"default\"&#8230;<\/p>\n","protected":false},"author":5,"featured_media":3744,"parent":4024,"menu_order":0,"comment_status":"closed","ping_status":"closed","template":"","meta":{"footnotes":""},"class_list":["post-11500","page","type-page","status-publish","has-post-thumbnail"],"_links":{"self":[{"href":"https:\/\/www.dovac.nl\/de\/wp-json\/wp\/v2\/pages\/11500","targetHints":{"allow":["GET"]}}],"collection":[{"href":"https:\/\/www.dovac.nl\/de\/wp-json\/wp\/v2\/pages"}],"about":[{"href":"https:\/\/www.dovac.nl\/de\/wp-json\/wp\/v2\/types\/page"}],"author":[{"embeddable":true,"href":"https:\/\/www.dovac.nl\/de\/wp-json\/wp\/v2\/users\/5"}],"replies":[{"embeddable":true,"href":"https:\/\/www.dovac.nl\/de\/wp-json\/wp\/v2\/comments?post=11500"}],"version-history":[{"count":3,"href":"https:\/\/www.dovac.nl\/de\/wp-json\/wp\/v2\/pages\/11500\/revisions"}],"predecessor-version":[{"id":12965,"href":"https:\/\/www.dovac.nl\/de\/wp-json\/wp\/v2\/pages\/11500\/revisions\/12965"}],"up":[{"embeddable":true,"href":"https:\/\/www.dovac.nl\/de\/wp-json\/wp\/v2\/pages\/4024"}],"wp:featuredmedia":[{"embeddable":true,"href":"https:\/\/www.dovac.nl\/de\/wp-json\/wp\/v2\/media\/3744"}],"wp:attachment":[{"href":"https:\/\/www.dovac.nl\/de\/wp-json\/wp\/v2\/media?parent=11500"}],"curies":[{"name":"wp","href":"https:\/\/api.w.org\/{rel}","templated":true}]}}