{"id":3727,"date":"2024-01-18T12:10:16","date_gmt":"2024-01-18T11:10:16","guid":{"rendered":"https:\/\/www.dovac.nl\/trockene-vakuumpumpe-sc-16-sc-25-sc-40\/"},"modified":"2025-12-10T08:53:53","modified_gmt":"2025-12-10T07:53:53","slug":"trockene-vakuumpumpe-sc-16-sc-25-sc-40","status":"publish","type":"page","link":"https:\/\/www.dovac.nl\/de\/vakuumpumpen\/trocknen\/trockene-vakuumpumpe-sc-16-sc-25-sc-40\/","title":{"rendered":"SC 16 \/ 25 \/ 40"},"content":{"rendered":"[vc_row type=\"full_width_background\" full_screen_row_position=\"middle\" column_margin=\"custom\" column_direction=\"default\" column_direction_tablet=\"default\" column_direction_phone=\"default\" scene_position=\"center\" top_padding=\"5%\" constrain_group_1=\"yes\" bottom_padding=\"5%\" bottom_padding_phone=\"0&#8243; text_color=\"dark\" text_align=\"left\" row_border_radius=\"none\" row_border_radius_applies=\"bg\" overflow=\"visible\" overlay_strength=\"0.3&#8243; gradient_direction=\"left_to_right\" shape_divider_position=\"bottom\" bg_image_animation=\"none\" shape_type=\"\" gradient_type=\"default\"][vc_column column_padding=\"no-extra-padding\" column_padding_tablet=\"inherit\" column_padding_phone=\"inherit\" column_padding_position=\"all\" column_element_direction_desktop=\"default\" column_element_spacing=\"default\" desktop_text_alignment=\"default\" tablet_text_alignment=\"default\" phone_text_alignment=\"default\" sticky_content=\"true\" sticky_content_functionality=\"css\" sticky_content_alignment=\"default\" background_color_opacity=\"1&#8243; background_hover_color_opacity=\"1&#8243; column_backdrop_filter=\"none\" font_color=\"#004982&#8243; column_shadow=\"none\" column_border_radius=\"none\" column_link_target=\"_self\" column_position=\"default\" gradient_direction=\"left_to_right\" overlay_strength=\"0.3&#8243; width=\"1\/3&#8243; tablet_width_inherit=\"default\" animation_type=\"default\" bg_image_animation=\"none\" border_type=\"simple\" column_border_width=\"none\" column_border_style=\"solid\" column_padding_type=\"default\" gradient_type=\"default\"][vc_row_inner column_margin=\"default\" column_direction=\"default\" column_direction_tablet=\"default\" column_direction_phone=\"default\" text_align=\"left\" row_position=\"default\" row_position_tablet=\"inherit\" row_position_phone=\"inherit\" overflow=\"visible\" pointer_events=\"all\"][vc_column_inner column_padding=\"no-extra-padding\" column_padding_tablet=\"inherit\" column_padding_phone=\"inherit\" column_padding_position=\"all\" column_element_direction_desktop=\"default\" column_element_spacing=\"default\" desktop_text_alignment=\"default\" tablet_text_alignment=\"default\" phone_text_alignment=\"default\" background_color_opacity=\"1&#8243; background_hover_color_opacity=\"1&#8243; column_backdrop_filter=\"none\" column_shadow=\"none\" column_border_radius=\"none\" column_link_target=\"_self\" overflow=\"visible\" gradient_direction=\"left_to_right\" overlay_strength=\"0.3&#8243; width=\"1\/1&#8243; tablet_width_inherit=\"default\" animation_type=\"default\" bg_image_animation=\"none\" border_type=\"simple\" column_border_width=\"none\" column_border_style=\"solid\" column_padding_type=\"default\" gradient_type=\"default\"][image_with_animation image_url=\"1293&#8243; image_size=\"full\" animation_type=\"entrance\" animation=\"None\" animation_movement_type=\"transform_y\" hover_animation=\"none\" alignment=\"\" border_radius=\"15px\" box_shadow=\"small_depth\" image_loading=\"default\" max_width=\"100%\" max_width_mobile=\"default\"][\/vc_column_inner][\/vc_row_inner][vc_row_inner column_margin=\"default\" column_direction=\"default\" column_direction_tablet=\"default\" column_direction_phone=\"default\" text_align=\"left\" row_position=\"default\" row_position_tablet=\"inherit\" row_position_phone=\"inherit\" zindex=\"999&#8243; overflow=\"visible\" pointer_events=\"all\"][vc_column_inner column_padding=\"no-extra-padding\" column_padding_tablet=\"inherit\" column_padding_phone=\"inherit\" column_padding_position=\"all\" column_element_direction_desktop=\"default\" column_element_spacing=\"default\" desktop_text_alignment=\"default\" tablet_text_alignment=\"default\" phone_text_alignment=\"default\" background_color_opacity=\"1&#8243; background_hover_color_opacity=\"1&#8243; column_backdrop_filter=\"none\" font_color=\"#000000&#8243; column_shadow=\"none\" column_border_radius=\"none\" column_link_target=\"_self\" overflow=\"visible\" gradient_direction=\"left_to_right\" overlay_strength=\"0.3&#8243; width=\"1\/1&#8243; tablet_width_inherit=\"default\" animation_type=\"default\" bg_image_animation=\"none\" border_type=\"simple\" column_border_width=\"none\" column_border_style=\"dashed\" column_padding_type=\"default\" gradient_type=\"default\"][nectar_highlighted_text color_type=\"regular\" text_color=\"#000000&#8243; style=\"full_text\" highlight_expansion=\"default\"]\n<h4>Nennleistung: 16 - 48 <b>m\u00b3\/h<\/b><\/h4>\n[\/nectar_highlighted_text][vc_column_text]Die trockenen Vakuumpumpen SC 16, SC 25 und SC 40 von DVP verf\u00fcgen \u00fcber eine Monoblock-Konstruktion, bei der der Rotor direkt auf der Motorwelle montiert ist. Dank dieser einzigartigen Konstruktion sind diese Pumpen besonders kompakt und zuverl\u00e4ssig. Ein leistungsstarker Radiall\u00fcfter, der an der R\u00fcckseite angebracht ist, sorgt f\u00fcr eine effiziente K\u00fchlung. Dar\u00fcber hinaus k\u00f6nnen diese Pumpen auch als Kompressoren eingesetzt werden und bieten somit eine vielseitige L\u00f6sung f\u00fcr verschiedene Anwendungen.[\/vc_column_text][\/vc_column_inner][\/vc_row_inner][\/vc_column][vc_column column_padding=\"no-extra-padding\" column_padding_tablet=\"inherit\" column_padding_phone=\"inherit\" column_padding_position=\"all\" column_element_direction_desktop=\"default\" column_element_spacing=\"10px\" desktop_text_alignment=\"default\" tablet_text_alignment=\"default\" phone_text_alignment=\"default\" background_color_opacity=\"1&#8243; background_hover_color_opacity=\"1&#8243; column_backdrop_filter=\"none\" column_shadow=\"none\" column_border_radius=\"none\" column_link_target=\"_self\" column_position=\"default\" gradient_direction=\"left_to_right\" overlay_strength=\"0.3&#8243; width=\"2\/3&#8243; tablet_width_inherit=\"small_desktop\" animation_type=\"default\" bg_image_animation=\"none\" border_type=\"simple\" column_border_width=\"none\" column_border_style=\"solid\" column_padding_type=\"default\" gradient_type=\"default\"][vc_row_inner column_margin=\"default\" column_direction=\"default\" column_direction_tablet=\"default\" column_direction_phone=\"default\" text_align=\"left\" row_position=\"default\" row_position_tablet=\"inherit\" row_position_phone=\"inherit\" overflow=\"visible\" pointer_events=\"all\"][vc_column_inner column_padding=\"padding-5-percent\" column_padding_tablet=\"inherit\" column_padding_phone=\"padding-3-percent\" column_padding_position=\"all\" column_element_direction_desktop=\"default\" column_element_spacing=\"default\" desktop_text_alignment=\"default\" tablet_text_alignment=\"default\" phone_text_alignment=\"default\" background_color_opacity=\"1&#8243; background_hover_color_opacity=\"1&#8243; column_backdrop_filter=\"none\" font_color=\"#000000&#8243; column_shadow=\"none\" column_border_radius=\"none\" column_link_target=\"_self\" overflow=\"visible\" gradient_direction=\"left_to_right\" overlay_strength=\"0.3&#8243; width=\"1\/1&#8243; tablet_width_inherit=\"default\" animation_type=\"default\" bg_image_animation=\"none\" border_type=\"simple\" column_border_width=\"4px\" column_border_color=\"#000000&#8243; column_border_style=\"dashed\" column_padding_type=\"default\" gradient_type=\"default\"][nectar_highlighted_text color_type=\"regular\" text_color=\"#000000&#8243; style=\"full_text\" highlight_expansion=\"default\"]\n<h1>Trockene Vakuumpumpe DVP SC 16 \/ DVP SC 25 \/ DVP SC 40<\/h1>\n[\/nectar_highlighted_text][vc_column_text]Mit ihrer F\u00e4higkeit, sowohl als Vakuumpumpe als auch als Kompressor zu fungieren, bietet diese Pumpenreihe eine au\u00dfergew\u00f6hnliche Flexibilit\u00e4t f\u00fcr industrielle Anwender. Diese Dualit\u00e4t macht die SC 16, SC 25 und SC 40 ideal f\u00fcr Industrien, in denen sowohl Vakuum als auch Druckluft in derselben Betriebseinheit ben\u00f6tigt werden, wie z.B. in der Verpackungs- und Holzverarbeitungsindustrie. Die M\u00f6glichkeit, schnell zwischen verschiedenen Funktionen zu wechseln, ohne dass mehrere Maschinen erforderlich sind, hilft Unternehmen, die Effizienz ihrer Ausr\u00fcstung zu optimieren und Platz und Kosten zu sparen.<\/p>\n<p>Dar\u00fcber hinaus sind die SC-Modelle auf Langlebigkeit und minimalen Wartungsbedarf ausgelegt, was sie f\u00fcr den Dauereinsatz in anspruchsvollen industriellen Umgebungen sehr kosteneffizient macht. Der sch\u00fctzende Ansaugfilter und der Schalld\u00e4mpfer tragen zu einer l\u00e4ngeren Lebensdauer der internen Komponenten bei, indem sie verhindern, dass Staub und andere Verunreinigungen zu den kritischen Teilen der Pumpe gelangen. Diese Funktionen gew\u00e4hrleisten nicht nur einen zuverl\u00e4ssigen Betrieb, sondern reduzieren auch die H\u00e4ufigkeit von Wartungseingriffen, was zu weniger Betriebsunterbrechungen und niedrigeren Gesamtbetriebskosten f\u00fchrt.<\/p>\n<p>Die DVP-Pumpen SC 16, SC 25 und SC 40 sind serienm\u00e4\u00dfig ausgestattet mit:<\/p>\n<ul>\n<li>Schutzfilter f\u00fcr die Ansaugung<\/li>\n<li>Auspuff-Schalld\u00e4mpfer<\/li>\n<\/ul>\n<p><b>Haupteinsatzgebiete:<\/b> Saugerhandling, automatische Verpackungs- und Umh\u00fcllungsmaschinen, Holzbearbeitungsmaschinen, Pressen f\u00fcr Holz- und Kunststoffmaterialien, Banknotenz\u00e4hlmaschinen, Gipsspritzmaschinen, Niederdruck-Lackieranlagen, pneumatische F\u00f6rdersysteme.[\/vc_column_text][nectar_btn size=\"large\" button_style=\"see-through-3d\" color_override=\"#e54040&#8243; text=\"KONTAKTIEREN SIE UNS\" url=\"https:\/\/www.dovac.nl\/de\/kontakt\/\"][\/vc_column_inner][\/vc_row_inner][vc_row_inner column_margin=\"default\" column_direction=\"default\" column_direction_tablet=\"default\" column_direction_phone=\"default\" top_padding=\"5%\" text_align=\"left\" row_position=\"default\" row_position_tablet=\"inherit\" row_position_phone=\"inherit\" overflow=\"visible\" pointer_events=\"all\"][vc_column_inner column_padding=\"padding-4-percent\" column_padding_tablet=\"inherit\" column_padding_phone=\"inherit\" column_padding_position=\"all\" column_element_direction_desktop=\"default\" column_element_spacing=\"default\" desktop_text_alignment=\"default\" tablet_text_alignment=\"default\" phone_text_alignment=\"default\" background_color=\"#000000&#8243; background_color_opacity=\"1&#8243; background_hover_color_opacity=\"1&#8243; column_backdrop_filter=\"none\" font_color=\"#ffffff\" column_shadow=\"none\" column_border_radius=\"none\" column_link_target=\"_self\" overflow=\"visible\" gradient_direction=\"left_to_right\" overlay_strength=\"0.3&#8243; width=\"1\/1&#8243; tablet_width_inherit=\"default\" animation_type=\"default\" bg_image_animation=\"none\" border_type=\"simple\" column_border_width=\"none\" column_border_style=\"solid\" column_padding_type=\"default\" gradient_type=\"default\"][nectar_highlighted_text color_type=\"regular\" highlight_color=\"#ffffff\" text_color=\"#ffffff\" style=\"regular_underline\" highlight_expansion=\"default\" underline_thickness=\"2px\"]\n<h2 id=\"page-title\"><em>DVP SC 16<\/em><\/h2>\n[\/nectar_highlighted_text][nectar_responsive_text]<strong>Nennleistung<\/strong> m\u00b3\/h 50 Hz \/ 60 Hz | <strong>16<\/strong><br \/>\n<label><strong>Gesamtenddruck (Abs.)<\/strong> mbar (Ass.) | <strong>120<\/strong><br \/>\n<\/label><label><strong>Motorleistung<\/strong> kW | <strong>0,75 \/ 0,90<\/strong><\/label>[\/nectar_responsive_text][nectar_btn size=\"medium\" open_new_tab=\"true\" button_style=\"regular\" button_color_2=\"Extra-Color-3&#8243; solid_text_color_override=\"#e54040&#8243; icon_family=\"fontawesome\" text=\"Datenblatt herunterladen\" url=\"https:\/\/www.dovac.nl\/wp-content\/uploads\/2024\/01\/C.9801035SC16-9801036SC25-9801037SC40-5.pdf\" icon_fontawesome=\"fa fa-file-pdf-o\" margin_right=\"10&#8243;][nectar_btn size=\"medium\" open_new_tab=\"true\" button_style=\"regular\" button_color_2=\"Extra-Color-3&#8243; solid_text_color_override=\"#e54040&#8243; icon_family=\"fontawesome\" text=\"Download Ersatzteilliste\" url=\"https:\/\/www.dovac.nl\/wp-content\/uploads\/2024\/01\/8711010_9801035_SC16-3.pdf\" icon_fontawesome=\"fa fa-file-pdf-o\"][\/vc_column_inner][\/vc_row_inner][vc_row_inner column_margin=\"default\" column_direction=\"default\" column_direction_tablet=\"default\" column_direction_phone=\"default\" top_padding=\"5%\" text_align=\"left\" row_position=\"default\" row_position_tablet=\"inherit\" row_position_phone=\"inherit\" overflow=\"visible\" pointer_events=\"all\"][vc_column_inner column_padding=\"padding-4-percent\" column_padding_tablet=\"inherit\" column_padding_phone=\"inherit\" column_padding_position=\"all\" column_element_direction_desktop=\"default\" column_element_spacing=\"default\" desktop_text_alignment=\"default\" tablet_text_alignment=\"default\" phone_text_alignment=\"default\" background_color=\"#000000&#8243; background_color_opacity=\"1&#8243; background_hover_color_opacity=\"1&#8243; column_backdrop_filter=\"none\" font_color=\"#ffffff\" column_shadow=\"none\" column_border_radius=\"none\" column_link_target=\"_self\" overflow=\"visible\" gradient_direction=\"left_to_right\" overlay_strength=\"0.3&#8243; width=\"1\/1&#8243; tablet_width_inherit=\"default\" animation_type=\"default\" bg_image_animation=\"none\" border_type=\"simple\" column_border_width=\"none\" column_border_style=\"solid\" column_padding_type=\"default\" gradient_type=\"default\"][nectar_highlighted_text color_type=\"regular\" highlight_color=\"#ffffff\" text_color=\"#ffffff\" style=\"regular_underline\" highlight_expansion=\"default\" underline_thickness=\"2px\"]\n<h2 id=\"page-title\"><em>DVP SC 25<\/em><\/h2>\n[\/nectar_highlighted_text][nectar_responsive_text]<strong>Nennleistung<\/strong> m\u00b3\/h 50 Hz \/ 60 Hz | <strong>25<\/strong><br \/>\n<label><strong>Gesamtenddruck (Abs.)<\/strong> mbar (Ass.) | <strong>120<\/strong><br \/>\n<\/label><label><strong>Motorleistung<\/strong> kW | <strong>0,75 \/ 0,90<\/strong><\/label>[\/nectar_responsive_text][nectar_btn size=\"medium\" open_new_tab=\"true\" button_style=\"regular\" button_color_2=\"Extra-Color-3&#8243; solid_text_color_override=\"#e54040&#8243; icon_family=\"fontawesome\" text=\"Datenblatt herunterladen\" url=\"https:\/\/www.dovac.nl\/wp-content\/uploads\/2024\/01\/C.9801035SC16-9801036SC25-9801037SC40-5-1.pdf\" icon_fontawesome=\"fa fa-file-pdf-o\" margin_right=\"10&#8243;][nectar_btn size=\"medium\" open_new_tab=\"true\" button_style=\"regular\" button_color_2=\"Extra-Color-3&#8243; solid_text_color_override=\"#e54040&#8243; icon_family=\"fontawesome\" text=\"Download Ersatzteilliste\" url=\"https:\/\/www.dovac.nl\/wp-content\/uploads\/2024\/01\/8711011_9801036_SC25-3.pdf\" icon_fontawesome=\"fa fa-file-pdf-o\"][\/vc_column_inner][\/vc_row_inner][vc_row_inner column_margin=\"default\" column_direction=\"default\" column_direction_tablet=\"default\" column_direction_phone=\"default\" top_padding=\"5%\" text_align=\"left\" row_position=\"default\" row_position_tablet=\"inherit\" row_position_phone=\"inherit\" overflow=\"visible\" pointer_events=\"all\"][vc_column_inner column_padding=\"padding-4-percent\" column_padding_tablet=\"inherit\" column_padding_phone=\"inherit\" column_padding_position=\"all\" column_element_direction_desktop=\"default\" column_element_spacing=\"default\" desktop_text_alignment=\"default\" tablet_text_alignment=\"default\" phone_text_alignment=\"default\" background_color=\"#000000&#8243; background_color_opacity=\"1&#8243; background_hover_color_opacity=\"1&#8243; column_backdrop_filter=\"none\" font_color=\"#ffffff\" column_shadow=\"none\" column_border_radius=\"none\" column_link_target=\"_self\" overflow=\"visible\" gradient_direction=\"left_to_right\" overlay_strength=\"0.3&#8243; width=\"1\/1&#8243; tablet_width_inherit=\"default\" animation_type=\"default\" bg_image_animation=\"none\" border_type=\"simple\" column_border_width=\"none\" column_border_style=\"solid\" column_padding_type=\"default\" gradient_type=\"default\"][nectar_highlighted_text color_type=\"regular\" highlight_color=\"#ffffff\" text_color=\"#ffffff\" style=\"regular_underline\" highlight_expansion=\"default\" underline_thickness=\"2px\"]\n<h2 id=\"page-title\"><em>DVP SC 40<\/em><\/h2>\n[\/nectar_highlighted_text][nectar_responsive_text]<strong>Nennleistung<\/strong> m\u00b3\/h 50 Hz \/ 60 Hz | <strong>40<\/strong><br \/>\n<label><strong>Gesamtenddruck (Abs.)<\/strong> mbar (Ass.) | <strong>120<\/strong><br \/>\n<\/label><label><strong>Motorleistung<\/strong> kW | <strong>1,30 \/ 1,50<\/strong><\/label>[\/nectar_responsive_text][nectar_btn size=\"medium\" open_new_tab=\"true\" button_style=\"regular\" button_color_2=\"Extra-Color-3&#8243; solid_text_color_override=\"#e54040&#8243; icon_family=\"fontawesome\" text=\"Datenblatt herunterladen\" url=\"https:\/\/www.dovac.nl\/wp-content\/uploads\/2024\/01\/C.9801035SC16-9801036SC25-9801037SC40-5-2.pdf\" icon_fontawesome=\"fa fa-file-pdf-o\" margin_right=\"10&#8243;][nectar_btn size=\"medium\" open_new_tab=\"true\" button_style=\"regular\" button_color_2=\"Extra-Color-3&#8243; solid_text_color_override=\"#e54040&#8243; icon_family=\"fontawesome\" text=\"Download Ersatzteilliste\" url=\"https:\/\/www.dovac.nl\/wp-content\/uploads\/2024\/01\/8711012_9801037_SC40-3.pdf\" icon_fontawesome=\"fa fa-file-pdf-o\"][\/vc_column_inner][\/vc_row_inner][\/vc_column][\/vc_row]\n","protected":false},"excerpt":{"rendered":"<p>[vc_row type=\"full_width_background\" full_screen_row_position=\"middle\" column_margin=\"custom\" column_direction=\"default\" column_direction_tablet=\"default\" column_direction_phone=\"default\" scene_position=\"center\" top_padding=\"5%\" constrain_group_1=\"yes\" bottom_padding=\"5%\" bottom_padding_phone=\"0&#8243; text_color=\"dark\" text_align=\"left\" row_border_radius=\"none\" row_border_radius_applies=\"bg\" overflow=\"visible\" overlay_strength=\"0.3&#8243; gradient_direction=\"left_to_right\" shape_divider_position=\"bottom\" bg_image_animation=\"none\" shape_type=\"\" gradient_type=\"default\"][vc_column column_padding=\"no-extra-padding\" column_padding_tablet=\"inherit\" column_padding_phone=\"inherit\" column_padding_position=\"all\" column_element_direction_desktop=\"default\" column_element_spacing=\"default\" desktop_text_alignment=\"default\"&#8230;<\/p>\n","protected":false},"author":1,"featured_media":3735,"parent":3728,"menu_order":0,"comment_status":"closed","ping_status":"closed","template":"","meta":{"footnotes":""},"class_list":["post-3727","page","type-page","status-publish","has-post-thumbnail"],"_links":{"self":[{"href":"https:\/\/www.dovac.nl\/de\/wp-json\/wp\/v2\/pages\/3727","targetHints":{"allow":["GET"]}}],"collection":[{"href":"https:\/\/www.dovac.nl\/de\/wp-json\/wp\/v2\/pages"}],"about":[{"href":"https:\/\/www.dovac.nl\/de\/wp-json\/wp\/v2\/types\/page"}],"author":[{"embeddable":true,"href":"https:\/\/www.dovac.nl\/de\/wp-json\/wp\/v2\/users\/1"}],"replies":[{"embeddable":true,"href":"https:\/\/www.dovac.nl\/de\/wp-json\/wp\/v2\/comments?post=3727"}],"version-history":[{"count":45,"href":"https:\/\/www.dovac.nl\/de\/wp-json\/wp\/v2\/pages\/3727\/revisions"}],"predecessor-version":[{"id":12931,"href":"https:\/\/www.dovac.nl\/de\/wp-json\/wp\/v2\/pages\/3727\/revisions\/12931"}],"up":[{"embeddable":true,"href":"https:\/\/www.dovac.nl\/de\/wp-json\/wp\/v2\/pages\/3728"}],"wp:featuredmedia":[{"embeddable":true,"href":"https:\/\/www.dovac.nl\/de\/wp-json\/wp\/v2\/media\/3735"}],"wp:attachment":[{"href":"https:\/\/www.dovac.nl\/de\/wp-json\/wp\/v2\/media?parent=3727"}],"curies":[{"name":"wp","href":"https:\/\/api.w.org\/{rel}","templated":true}]}}