{"id":3804,"date":"2024-01-08T09:52:05","date_gmt":"2024-01-08T08:52:05","guid":{"rendered":"https:\/\/www.dovac.nl\/kontakt\/"},"modified":"2025-10-21T17:12:37","modified_gmt":"2025-10-21T15:12:37","slug":"kontakt","status":"publish","type":"page","link":"https:\/\/www.dovac.nl\/de\/kontakt\/","title":{"rendered":"Kontakt"},"content":{"rendered":"[vc_row type=\"full_width_background\" full_screen_row_position=\"middle\" column_margin=\"default\" column_direction=\"default\" column_direction_tablet=\"default\" column_direction_phone=\"default\" bg_image=\"868&#8243; bg_position=\"center center\" background_image_loading=\"default\" bg_repeat=\"no-repeat\" scene_position=\"center\" top_padding=\"8%\" text_color=\"dark\" text_align=\"left\" row_border_radius=\"none\" row_border_radius_applies=\"bg\" zindex=\"100&#8243; overflow=\"visible\" color_overlay=\"#000000&#8243; color_overlay_2=\"rgba(255,16,83,0.92)\" overlay_strength=\"0.5&#8243; gradient_direction=\"left_t_to_right_b\" shape_divider_position=\"bottom\" bg_image_animation=\"none\" shape_type=\"\" gradient_type=\"default\"][vc_column column_padding=\"no-extra-padding\" column_padding_tablet=\"inherit\" column_padding_phone=\"inherit\" column_padding_position=\"all\" column_element_direction_desktop=\"default\" column_element_spacing=\"default\" desktop_text_alignment=\"default\" tablet_text_alignment=\"default\" phone_text_alignment=\"default\" background_color_opacity=\"1&#8243; background_hover_color_opacity=\"1&#8243; column_backdrop_filter=\"none\" column_shadow=\"none\" column_border_radius=\"none\" column_link_target=\"_self\" column_position=\"default\" gradient_direction=\"left_to_right\" overlay_strength=\"0.3&#8243; width=\"1\/6&#8243; tablet_width_inherit=\"default\" animation_type=\"default\" bg_image_animation=\"none\" border_type=\"simple\" column_border_width=\"none\" column_border_style=\"solid\"][\/vc_column][vc_column column_padding=\"no-extra-padding\" column_padding_tablet=\"inherit\" column_padding_phone=\"inherit\" column_padding_position=\"all\" column_element_direction_desktop=\"default\" column_element_spacing=\"default\" desktop_text_alignment=\"default\" tablet_text_alignment=\"default\" phone_text_alignment=\"default\" background_color_opacity=\"1&#8243; background_hover_color_opacity=\"1&#8243; column_backdrop_filter=\"none\" column_shadow=\"none\" column_border_radius=\"none\" column_link_target=\"_self\" column_position=\"default\" gradient_direction=\"left_to_right\" overlay_strength=\"0.3&#8243; width=\"2\/3&#8243; tablet_width_inherit=\"default\" animation_type=\"default\" bg_image_animation=\"none\" border_type=\"simple\" column_border_width=\"none\" column_border_style=\"solid\"][nectar_highlighted_text color_type=\"regular\" highlight_color=\"#ffffff\" text_color=\"#ffffff\" style=\"full_text\" highlight_expansion=\"default\"]\n<h1 style=\"text-align: center;\">Kontaktieren Sie uns<\/h1>\n[\/nectar_highlighted_text][vc_row_inner column_margin=\"default\" column_direction=\"default\" column_direction_tablet=\"default\" column_direction_phone=\"default\" bottom_padding=\"7%\" text_align=\"left\" row_position=\"default\" row_position_tablet=\"inherit\" row_position_phone=\"inherit\" overflow=\"visible\" pointer_events=\"all\"][vc_column_inner column_padding=\"no-extra-padding\" column_padding_tablet=\"inherit\" column_padding_phone=\"inherit\" column_padding_position=\"all\" column_element_direction_desktop=\"default\" column_element_spacing=\"default\" desktop_text_alignment=\"default\" tablet_text_alignment=\"default\" phone_text_alignment=\"default\" background_color_opacity=\"1&#8243; background_hover_color_opacity=\"1&#8243; column_backdrop_filter=\"none\" font_color=\"#ffffff\" column_shadow=\"none\" column_border_radius=\"none\" column_link_target=\"_self\" overflow=\"visible\" gradient_direction=\"left_to_right\" overlay_strength=\"0.3&#8243; width=\"1\/2&#8243; tablet_width_inherit=\"default\" animation_type=\"default\" bg_image_animation=\"none\" border_type=\"simple\" column_border_width=\"none\" column_border_style=\"solid\" column_padding_type=\"default\" gradient_type=\"default\"][vc_column_text]<strong>Dovac B.V.<\/strong><br \/>Koning Willem-Alexanderlaan 195<br \/>2761 HK Zevenhuizen[\/vc_column_text][nectar_cta btn_style=\"curved-arrow-animation\" heading_tag=\"span\" button_color=\"default\" text_color=\"#ffffff\" button_border_thickness=\"0px\" link_type=\"new_tab\" alignment=\"left\" alignment_tablet=\"default\" alignment_phone=\"default\" display=\"block\" display_tablet=\"inherit\" display_phone=\"inherit\" link_text=\"Wegbeschreibung\" url=\"https:\/\/www.google.com\/maps\/place\/Dovac+B.V.+Vacu\u00fcm-+en+blowertechniek\/@52.007838,4.592476,15z\/data=!4m6!3m5!1s0x47c5c273f723db29:0x50426f1dce150f1b!8m2!3d52.0078378!4d4.5924755!16s%2Fg%2F1tfwp471?hl=nl&amp;entry=ttu\"][\/vc_column_inner][vc_column_inner column_padding=\"no-extra-padding\" column_padding_tablet=\"inherit\" column_padding_phone=\"inherit\" column_padding_position=\"all\" column_element_direction_desktop=\"default\" column_element_spacing=\"default\" desktop_text_alignment=\"default\" tablet_text_alignment=\"default\" phone_text_alignment=\"default\" background_color_opacity=\"1&#8243; background_hover_color_opacity=\"1&#8243; column_backdrop_filter=\"none\" font_color=\"#ffffff\" column_shadow=\"none\" column_border_radius=\"none\" column_link_target=\"_self\" overflow=\"visible\" gradient_direction=\"left_to_right\" overlay_strength=\"0.3&#8243; width=\"1\/2&#8243; tablet_width_inherit=\"default\" animation_type=\"default\" bg_image_animation=\"none\" border_type=\"simple\" column_border_width=\"none\" column_border_style=\"solid\" column_padding_type=\"default\" gradient_type=\"default\"][vc_column_text]<strong>Kontakt<\/strong><br \/>Tel: 0031-(0)252-423363<br \/>E-Mail: <a href=\"mailto:info@dovac.nl\">info@dovac.nl<\/a>[\/vc_column_text][\/vc_column_inner][\/vc_row_inner][vc_row_inner column_margin=\"default\" column_direction=\"default\" column_direction_tablet=\"default\" column_direction_phone=\"default\" text_align=\"left\" row_position=\"default\" row_position_tablet=\"inherit\" row_position_phone=\"inherit\" overflow=\"visible\" pointer_events=\"all\"][vc_column_inner column_padding=\"padding-6-percent\" column_padding_tablet=\"inherit\" column_padding_phone=\"inherit\" column_padding_position=\"all\" bottom_margin=\"-25%\" column_element_direction_desktop=\"default\" column_element_spacing=\"default\" desktop_text_alignment=\"default\" tablet_text_alignment=\"default\" phone_text_alignment=\"default\" background_color=\"#ffffff\" background_color_opacity=\"1&#8243; background_hover_color_opacity=\"1&#8243; column_backdrop_filter=\"none\" column_shadow=\"x_large_depth\" column_border_radius=\"10px\" column_link_target=\"_self\" overflow=\"visible\" gradient_direction=\"left_to_right\" overlay_strength=\"0.3&#8243; width=\"1\/1&#8243; tablet_width_inherit=\"default\" animation_type=\"default\" enable_animation=\"true\" animation=\"grow-in\" animation_easing=\"default\" bg_image_animation=\"none\" border_type=\"simple\" column_border_width=\"none\" column_border_style=\"solid\"][vc_column_text]\n<h2>DOVAC kontaktieren<\/h2>\n<p>Haben Sie Fragen zu unseren Produkten oder Dienstleistungen oder ben\u00f6tigen Sie Hilfe bei einem bestimmten Anliegen? Z\u00f6gern Sie nicht, uns zu kontaktieren. DOVAC B.V. befindet sich in der <strong>Koning Willem-Alexanderlaan 195<\/strong> in <strong>Zevenhuizen<\/strong>, wo unser Expertenteam f\u00fcr Sie bereitsteht. Sie erreichen uns telefonisch unter <a href=\"tel:+31(0)252423363\">+31-(0)252-423363<\/a> oder per E-Mail an <a href=\"mailto:info@dovac.nl\" target=\"_new\" rel=\"noreferrer noopener\">info@dovac.nl.<\/a> Wir sorgen daf\u00fcr, dass Ihnen bei all Ihren Fragen und Bed\u00fcrfnissen schnell und effizient geholfen wird.<\/p>\n<h3>Finden Sie uns ganz einfach mit einer klaren Wegbeschreibung<\/h3>\n<p>Besuchen Sie uns an unserem Standort in Zevenhuizen f\u00fcr ein pers\u00f6nliches Gespr\u00e4ch und direkte Unterst\u00fctzung.  <strong>Oben finden Sie eine Schaltfl\u00e4che f\u00fcr eine klare Wegbeschreibung, damit Sie uns schnell und einfach finden.<\/strong>  Egal, ob Sie aus der unmittelbaren Umgebung oder von weiter her kommen, mit unserer Wegbeschreibung finden Sie problemlos den Weg zu uns. Unsere modernen, energieneutralen R\u00e4umlichkeiten sind leicht zug\u00e4nglich und bieten alle Einrichtungen, um Ihren Besuch so angenehm wie m\u00f6glich zu gestalten.<\/p>\n<h3>Schnelle und kompetente Unterst\u00fctzung<\/h3>\n<p>Wir bei DOVAC wissen, wie wichtig eine schnelle Kommunikation ist. <strong>F\u00fcllen Sie unser Online-Kontaktformular aus<\/strong>, und Sie erhalten innerhalb von 24 Stunden eine Antwort von unserem Expertenteam. Wir sind bereit, alle Ihre Fragen zu beantworten und Sie \u00fcber die besten L\u00f6sungen f\u00fcr Ihre spezielle Situation zu beraten. Ob es sich um Produktinformationen, technischen Support oder Kundenservice handelt, unser Ziel ist es, Ihre Erfahrungen so positiv und informativ wie m\u00f6glich zu gestalten. Nehmen Sie noch heute Kontakt mit uns auf und erleben Sie den hervorragenden Service von DOVAC.[\/vc_column_text]<style id=\"wpforms-css-vars-996\">\n\t\t\t\t#wpforms-996 {\n\t\t\t\t\n\t\t\t}\n\t\t\t<\/style><div class=\"wpforms-container wpforms-container-full wpforms-render-modern\" id=\"wpforms-996\"><form id=\"wpforms-form-996\" class=\"wpforms-validate wpforms-form wpforms-ajax-form\" data-formid=\"996\" method=\"post\" enctype=\"multipart\/form-data\" action=\"\/de\/wp-json\/wp\/v2\/pages\/3804\" data-token=\"15182395f84758ecdfd0d5855156b91b\" data-token-time=\"1776340553\"><noscript class=\"wpforms-error-noscript\">Bitte aktiviere JavaScript in deinem Browser, um dieses Formular fertigzustellen.<\/noscript><div id=\"wpforms-error-noscript\" style=\"display: none;\">Bitte aktiviere JavaScript in deinem Browser, um dieses Formular fertigzustellen.<\/div><div class=\"wpforms-field-container\"><div id=\"wpforms-996-field_4-container\" class=\"wpforms-field wpforms-field-text\" data-field-id=\"4\"><label class=\"wpforms-field-label\" for=\"wpforms-996-field_4\">Unternehmen <span class=\"wpforms-required-label\" aria-hidden=\"true\">*<\/span><\/label><input type=\"text\" id=\"wpforms-996-field_4\" class=\"wpforms-field-large wpforms-field-required\" name=\"wpforms[fields][4]\" aria-errormessage=\"wpforms-996-field_4-error\" required><\/div><div id=\"wpforms-996-field_0-container\" class=\"wpforms-field wpforms-field-name\" data-field-id=\"0\"><fieldset><legend class=\"wpforms-field-label\">Name <span class=\"wpforms-required-label\" aria-hidden=\"true\">*<\/span><\/legend><div class=\"wpforms-field-row wpforms-field-large\"><div class=\"wpforms-field-row-block wpforms-first wpforms-one-half\"><input type=\"text\" id=\"wpforms-996-field_0\" class=\"wpforms-field-name-first wpforms-field-required\" name=\"wpforms[fields][0][first]\" aria-errormessage=\"wpforms-996-field_0-error\" required><label for=\"wpforms-996-field_0\" class=\"wpforms-field-sublabel after\">Vorname<\/label><\/div><div class=\"wpforms-field-row-block wpforms-one-half\"><input type=\"text\" id=\"wpforms-996-field_0-last\" class=\"wpforms-field-name-last wpforms-field-required\" name=\"wpforms[fields][0][last]\" aria-errormessage=\"wpforms-996-field_0-last-error\" required><label for=\"wpforms-996-field_0-last\" class=\"wpforms-field-sublabel after\">Nachname<\/label><\/div><\/div><\/fieldset><\/div><div id=\"wpforms-996-field_1-container\" class=\"wpforms-field wpforms-field-email\" data-field-id=\"1\"><label class=\"wpforms-field-label\" for=\"wpforms-996-field_1\">E-Mail <span class=\"wpforms-required-label\" aria-hidden=\"true\">*<\/span><\/label><input type=\"email\" id=\"wpforms-996-field_1\" class=\"wpforms-field-large wpforms-field-required\" name=\"wpforms[fields][1]\" spellcheck=\"false\" aria-errormessage=\"wpforms-996-field_1-error\" required><\/div><div id=\"wpforms-996-field_3-container\" class=\"wpforms-field wpforms-field-text\" data-field-id=\"3\"><label class=\"wpforms-field-label\" for=\"wpforms-996-field_3\">Rufnummer <span class=\"wpforms-required-label\" aria-hidden=\"true\">*<\/span><\/label><input type=\"text\" id=\"wpforms-996-field_3\" class=\"wpforms-field-large wpforms-field-required\" name=\"wpforms[fields][3]\" aria-errormessage=\"wpforms-996-field_3-error\" required><\/div><div id=\"wpforms-996-field_2-container\" class=\"wpforms-field wpforms-field-textarea\" data-field-id=\"2\"><label class=\"wpforms-field-label\" for=\"wpforms-996-field_2\">Ihre Nachricht <span class=\"wpforms-required-label\" aria-hidden=\"true\">*<\/span><\/label><textarea id=\"wpforms-996-field_2\" class=\"wpforms-field-medium wpforms-field-required\" name=\"wpforms[fields][2]\" aria-errormessage=\"wpforms-996-field_2-error\" required><\/textarea><\/div><\/div><!-- .wpforms-field-container --><div class=\"wpforms-recaptcha-container wpforms-is-recaptcha wpforms-is-recaptcha-type-v3\" ><input type=\"hidden\" name=\"wpforms[recaptcha]\" value=\"\"><\/div><div class=\"wpforms-submit-container\" ><input type=\"hidden\" name=\"wpforms[id]\" value=\"996\"><input type=\"hidden\" name=\"page_title\" value=\"\"><input type=\"hidden\" name=\"page_url\" value=\"https:\/\/www.dovac.nl\/de\/wp-json\/wp\/v2\/pages\/3804\"><input type=\"hidden\" name=\"url_referer\" value=\"\"><button type=\"submit\" name=\"wpforms[submit]\" id=\"wpforms-submit-996\" class=\"wpforms-submit\" data-alt-text=\"Versand...\" data-submit-text=\"Senden Sie\" aria-live=\"assertive\" value=\"wpforms-submit\">Senden Sie<\/button><img loading=\"lazy\" decoding=\"async\" src=\"https:\/\/www.dovac.nl\/wp-content\/plugins\/wpforms-lite\/assets\/images\/submit-spin.svg\" class=\"wpforms-submit-spinner\" style=\"display: none;\" width=\"26\" height=\"26\" alt=\"Wird geladen\"><\/div><\/form><\/div>  <!-- .wpforms-container -->[\/vc_column_inner][\/vc_row_inner][\/vc_column][vc_column column_padding=\"no-extra-padding\" column_padding_tablet=\"inherit\" column_padding_phone=\"inherit\" column_padding_position=\"all\" column_element_direction_desktop=\"default\" column_element_spacing=\"default\" desktop_text_alignment=\"default\" tablet_text_alignment=\"default\" phone_text_alignment=\"default\" background_color_opacity=\"1&#8243; background_hover_color_opacity=\"1&#8243; column_backdrop_filter=\"none\" column_shadow=\"none\" column_border_radius=\"none\" column_link_target=\"_self\" column_position=\"default\" gradient_direction=\"left_to_right\" overlay_strength=\"0.3&#8243; width=\"1\/6&#8243; tablet_width_inherit=\"default\" animation_type=\"default\" bg_image_animation=\"none\" border_type=\"simple\" column_border_width=\"none\" column_border_style=\"solid\"][\/vc_column][\/vc_row][vc_row type=\"full_width_content\" full_screen_row_position=\"middle\" column_margin=\"default\" column_direction=\"default\" column_direction_tablet=\"default\" column_direction_phone=\"default\" scene_position=\"center\" text_color=\"dark\" text_align=\"left\" row_border_radius=\"none\" row_border_radius_applies=\"bg\" overflow=\"visible\" overlay_strength=\"0.3&#8243; gradient_direction=\"left_to_right\" shape_divider_position=\"bottom\" bg_image_animation=\"none\" shape_type=\"\"][vc_column column_padding=\"no-extra-padding\" column_padding_tablet=\"inherit\" column_padding_phone=\"inherit\" column_padding_position=\"all\" column_element_direction_desktop=\"default\" column_element_spacing=\"default\" desktop_text_alignment=\"default\" tablet_text_alignment=\"default\" phone_text_alignment=\"default\" background_color_opacity=\"1&#8243; background_hover_color_opacity=\"1&#8243; column_backdrop_filter=\"none\" column_shadow=\"none\" column_border_radius=\"none\" column_link_target=\"_self\" column_position=\"default\" gradient_direction=\"left_to_right\" overlay_strength=\"0.3&#8243; width=\"1\/1&#8243; tablet_width_inherit=\"default\" animation_type=\"default\" bg_image_animation=\"none\" border_type=\"simple\" column_border_width=\"none\" column_border_style=\"solid\"][nectar_gmap map_type=\"google\" zoom=\"12&#8243; enable_zoom=\"1&#8243; marker_style=\"nectar\" nectar_marker_color=\"accent-color\" map_greyscale=\"1&#8243; ultra_flat=\"1&#8243; size=\"650&#8243; map_center_lat=\"52.027149&#8243; map_center_lng=\"4.589430&#8243; map_markers=\"52.007860 |4.591910&#8243;][\/vc_column][\/vc_row]\n","protected":false},"excerpt":{"rendered":"<p>[vc_row type=\"full_width_background\" full_screen_row_position=\"middle\" column_margin=\"default\" column_direction=\"default\" column_direction_tablet=\"default\" column_direction_phone=\"default\" bg_image=\"868&#8243; bg_position=\"center center\" background_image_loading=\"default\" bg_repeat=\"no-repeat\" scene_position=\"center\" top_padding=\"8%\" text_color=\"dark\" text_align=\"left\" row_border_radius=\"none\" row_border_radius_applies=\"bg\" zindex=\"100&#8243; overflow=\"visible\" color_overlay=\"#000000&#8243; color_overlay_2=\"rgba(255,16,83,0.92)\" overlay_strength=\"0.5&#8243; gradient_direction=\"left_t_to_right_b\" shape_divider_position=\"bottom\" bg_image_animation=\"none\" shape_type=\"\" gradient_type=\"default\"][vc_column column_padding=\"no-extra-padding\" column_padding_tablet=\"inherit\"&#8230;<\/p>\n","protected":false},"author":1,"featured_media":0,"parent":0,"menu_order":0,"comment_status":"closed","ping_status":"closed","template":"","meta":{"footnotes":""},"class_list":["post-3804","page","type-page","status-publish"],"_links":{"self":[{"href":"https:\/\/www.dovac.nl\/de\/wp-json\/wp\/v2\/pages\/3804","targetHints":{"allow":["GET"]}}],"collection":[{"href":"https:\/\/www.dovac.nl\/de\/wp-json\/wp\/v2\/pages"}],"about":[{"href":"https:\/\/www.dovac.nl\/de\/wp-json\/wp\/v2\/types\/page"}],"author":[{"embeddable":true,"href":"https:\/\/www.dovac.nl\/de\/wp-json\/wp\/v2\/users\/1"}],"replies":[{"embeddable":true,"href":"https:\/\/www.dovac.nl\/de\/wp-json\/wp\/v2\/comments?post=3804"}],"version-history":[{"count":35,"href":"https:\/\/www.dovac.nl\/de\/wp-json\/wp\/v2\/pages\/3804\/revisions"}],"predecessor-version":[{"id":12244,"href":"https:\/\/www.dovac.nl\/de\/wp-json\/wp\/v2\/pages\/3804\/revisions\/12244"}],"wp:attachment":[{"href":"https:\/\/www.dovac.nl\/de\/wp-json\/wp\/v2\/media?parent=3804"}],"curies":[{"name":"wp","href":"https:\/\/api.w.org\/{rel}","templated":true}]}}