{"id":3808,"date":"2024-01-18T12:31:16","date_gmt":"2024-01-18T11:31:16","guid":{"rendered":"https:\/\/www.dovac.nl\/trocknen\/trockene-vakuumpumpe-sc-100-sc-140\/"},"modified":"2025-12-10T08:54:14","modified_gmt":"2025-12-10T07:54:14","slug":"trockene-vakuumpumpe-sc-100-sc-140","status":"publish","type":"page","link":"https:\/\/www.dovac.nl\/de\/vakuumpumpen\/trocknen\/trockene-vakuumpumpe-sc-100-sc-140\/","title":{"rendered":"SC 100 \/ 140"},"content":{"rendered":"[vc_row type=\"full_width_background\" full_screen_row_position=\"middle\" column_margin=\"custom\" column_direction=\"default\" column_direction_tablet=\"default\" column_direction_phone=\"default\" scene_position=\"center\" top_padding=\"5%\" constrain_group_1=\"yes\" bottom_padding=\"5%\" bottom_padding_phone=\"0&#8243; text_color=\"dark\" text_align=\"left\" row_border_radius=\"none\" row_border_radius_applies=\"bg\" overflow=\"visible\" overlay_strength=\"0.3&#8243; gradient_direction=\"left_to_right\" shape_divider_position=\"bottom\" bg_image_animation=\"none\" shape_type=\"\" gradient_type=\"default\"][vc_column column_padding=\"no-extra-padding\" column_padding_tablet=\"inherit\" column_padding_phone=\"inherit\" column_padding_position=\"all\" column_element_direction_desktop=\"default\" column_element_spacing=\"default\" desktop_text_alignment=\"default\" tablet_text_alignment=\"default\" phone_text_alignment=\"default\" sticky_content=\"true\" sticky_content_functionality=\"css\" sticky_content_alignment=\"default\" background_color_opacity=\"1&#8243; background_hover_color_opacity=\"1&#8243; column_backdrop_filter=\"none\" font_color=\"#004982&#8243; column_shadow=\"none\" column_border_radius=\"none\" column_link_target=\"_self\" column_position=\"default\" gradient_direction=\"left_to_right\" overlay_strength=\"0.3&#8243; width=\"1\/3&#8243; tablet_width_inherit=\"default\" animation_type=\"default\" bg_image_animation=\"none\" border_type=\"simple\" column_border_width=\"none\" column_border_style=\"solid\" column_padding_type=\"default\" gradient_type=\"default\"][vc_row_inner column_margin=\"default\" column_direction=\"default\" column_direction_tablet=\"default\" column_direction_phone=\"default\" text_align=\"left\" row_position=\"default\" row_position_tablet=\"inherit\" row_position_phone=\"inherit\" overflow=\"visible\" pointer_events=\"all\"][vc_column_inner column_padding=\"no-extra-padding\" column_padding_tablet=\"inherit\" column_padding_phone=\"inherit\" column_padding_position=\"all\" column_element_direction_desktop=\"default\" column_element_spacing=\"default\" desktop_text_alignment=\"default\" tablet_text_alignment=\"default\" phone_text_alignment=\"default\" background_color_opacity=\"1&#8243; background_hover_color_opacity=\"1&#8243; column_backdrop_filter=\"none\" column_shadow=\"none\" column_border_radius=\"none\" column_link_target=\"_self\" overflow=\"visible\" gradient_direction=\"left_to_right\" overlay_strength=\"0.3&#8243; width=\"1\/1&#8243; tablet_width_inherit=\"default\" animation_type=\"default\" bg_image_animation=\"none\" border_type=\"simple\" column_border_width=\"none\" column_border_style=\"solid\" column_padding_type=\"default\" gradient_type=\"default\"][image_with_animation image_url=\"1297&#8243; image_size=\"full\" animation_type=\"entrance\" animation=\"None\" animation_movement_type=\"transform_y\" hover_animation=\"none\" alignment=\"\" border_radius=\"15px\" box_shadow=\"small_depth\" image_loading=\"default\" max_width=\"100%\" max_width_mobile=\"default\"][\/vc_column_inner][\/vc_row_inner][vc_row_inner column_margin=\"default\" column_direction=\"default\" column_direction_tablet=\"default\" column_direction_phone=\"default\" text_align=\"left\" row_position=\"default\" row_position_tablet=\"inherit\" row_position_phone=\"inherit\" zindex=\"999&#8243; overflow=\"visible\" pointer_events=\"all\"][vc_column_inner column_padding=\"no-extra-padding\" column_padding_tablet=\"inherit\" column_padding_phone=\"inherit\" column_padding_position=\"all\" column_element_direction_desktop=\"default\" column_element_spacing=\"default\" desktop_text_alignment=\"default\" tablet_text_alignment=\"default\" phone_text_alignment=\"default\" background_color_opacity=\"1&#8243; background_hover_color_opacity=\"1&#8243; column_backdrop_filter=\"none\" font_color=\"#000000&#8243; column_shadow=\"none\" column_border_radius=\"none\" column_link_target=\"_self\" overflow=\"visible\" gradient_direction=\"left_to_right\" overlay_strength=\"0.3&#8243; width=\"1\/1&#8243; tablet_width_inherit=\"default\" animation_type=\"default\" bg_image_animation=\"none\" border_type=\"simple\" column_border_width=\"none\" column_border_style=\"dashed\" column_padding_type=\"default\" gradient_type=\"default\"][nectar_highlighted_text color_type=\"regular\" text_color=\"#000000&#8243; style=\"full_text\" highlight_expansion=\"default\"]\n<h4>Nennleistung: 100 - 150 <b>m\u00b3\/h<\/b><\/h4>\n[\/nectar_highlighted_text][vc_column_text]Ein leistungsstarker Zentrifugalventilator zwischen Pumpe und Motor sorgt f\u00fcr eine effektive K\u00fchlung, w\u00e4hrend ein robustes, schallged\u00e4mpftes Geh\u00e4use die trockenen Vakuumpumpen SC 100 und SC 140 besonders leise und kompakt macht. Diese Pumpen sind mit \u00e4u\u00dferst langlebigen Graphitschaufeln ausgestattet und halten die Betriebstemperatur im Inneren niedrig, was die Lebensdauer der Schaufeln gew\u00e4hrleistet. Dank des abnehmbaren Frontgitters ist die Wartung so einfach wie nie zuvor. Es erm\u00f6glicht einen direkten Zugang zu den Schaufeln und einen schnellen Austausch, ohne dass das gesamte Kurbelgeh\u00e4use ausgebaut werden muss.[\/vc_column_text][\/vc_column_inner][\/vc_row_inner][\/vc_column][vc_column column_padding=\"no-extra-padding\" column_padding_tablet=\"inherit\" column_padding_phone=\"inherit\" column_padding_position=\"all\" column_element_direction_desktop=\"default\" column_element_spacing=\"10px\" desktop_text_alignment=\"default\" tablet_text_alignment=\"default\" phone_text_alignment=\"default\" background_color_opacity=\"1&#8243; background_hover_color_opacity=\"1&#8243; column_backdrop_filter=\"none\" column_shadow=\"none\" column_border_radius=\"none\" column_link_target=\"_self\" column_position=\"default\" gradient_direction=\"left_to_right\" overlay_strength=\"0.3&#8243; width=\"2\/3&#8243; tablet_width_inherit=\"small_desktop\" animation_type=\"default\" bg_image_animation=\"none\" border_type=\"simple\" column_border_width=\"none\" column_border_style=\"solid\" column_padding_type=\"default\" gradient_type=\"default\"][vc_row_inner column_margin=\"default\" column_direction=\"default\" column_direction_tablet=\"default\" column_direction_phone=\"default\" text_align=\"left\" row_position=\"default\" row_position_tablet=\"inherit\" row_position_phone=\"inherit\" overflow=\"visible\" pointer_events=\"all\"][vc_column_inner column_padding=\"padding-5-percent\" column_padding_tablet=\"inherit\" column_padding_phone=\"padding-3-percent\" column_padding_position=\"all\" column_element_direction_desktop=\"default\" column_element_spacing=\"default\" desktop_text_alignment=\"default\" tablet_text_alignment=\"default\" phone_text_alignment=\"default\" background_color_opacity=\"1&#8243; background_hover_color_opacity=\"1&#8243; column_backdrop_filter=\"none\" font_color=\"#000000&#8243; column_shadow=\"none\" column_border_radius=\"none\" column_link_target=\"_self\" overflow=\"visible\" gradient_direction=\"left_to_right\" overlay_strength=\"0.3&#8243; width=\"1\/1&#8243; tablet_width_inherit=\"default\" animation_type=\"default\" bg_image_animation=\"none\" border_type=\"simple\" column_border_width=\"4px\" column_border_color=\"#000000&#8243; column_border_style=\"dashed\" column_padding_type=\"default\" gradient_type=\"default\"][nectar_highlighted_text color_type=\"regular\" text_color=\"#000000&#8243; style=\"full_text\" highlight_expansion=\"default\"]\n<h1>Trockene Vakuumpumpe DVP SC 100 \/ DVP SC 140<\/h1>\n[\/nectar_highlighted_text][vc_column_text]Die Modelle SC 100 und SC 140 wurden speziell f\u00fcr maximale Effizienz und Zuverl\u00e4ssigkeit in anspruchsvollen industriellen Anwendungen entwickelt. Dank fortschrittlicher K\u00fchltechnologien und einer robusten Konstruktion sind diese Pumpen ideal f\u00fcr den langfristigen Einsatz unter rauen Bedingungen. Die kontinuierliche K\u00fchlung reduziert die thermische Belastung der Pumpenkomponenten, erh\u00f6ht die Betriebsstabilit\u00e4t und verringert die Wartungsh\u00e4ufigkeit. Dank dieser Eigenschaften eignen sich die SC 100 und SC 140 besonders f\u00fcr Branchen, in denen Zuverl\u00e4ssigkeit und Langlebigkeit von entscheidender Bedeutung sind, wie z. B. in der Verpackungs- und Materialhandhabung.<\/p>\n<p>Dar\u00fcber hinaus bieten diese Pumpen einen erheblichen Vorteil in Bezug auf Umweltfreundlichkeit und Betriebskosten. Durch ihren trockenen Betrieb, der kein \u00d6l oder Schmiermittel erfordert, verhindern die SC 100 und SC 140 eine Verunreinigung des verarbeiteten Materials und der Arbeitsumgebung. Dies ist besonders wichtig in Sektoren wie der Lebensmittelverarbeitung und der Pharmazie, wo Kontaminationen zu Produktr\u00fcckweisungen oder Gesundheitsrisiken f\u00fchren k\u00f6nnen. Der energieeffiziente Betrieb in Verbindung mit der geringen W\u00e4rmeproduktion senkt auch die Energiekosten und tr\u00e4gt zu einer geringeren CO2-Bilanz Ihres Betriebs bei.<\/p>\n<p>Die DVP-Pumpen SC 100 und SC 140 sind serienm\u00e4\u00dfig ausgestattet mit:<\/p>\n<ul>\n<li>Schutzfilter f\u00fcr die Ansaugung<\/li>\n<li>Auspuff-Schalld\u00e4mpfer<\/li>\n<\/ul>\n<p><b>Hauptanwendungsgebiete:<\/b> Verpacken, Vakuum-Handling, Trocknen und Pressen im Holzbereich, Befestigen und Heben im Glas- und Steinbereich. [\/vc_column_text][nectar_btn size=\"large\" button_style=\"see-through-3d\" color_override=\"#e54040&#8243; text=\"KONTAKTIEREN SIE UNS\" url=\"https:\/\/www.dovac.nl\/de\/kontakt\/\"][\/vc_column_inner][\/vc_row_inner][vc_row_inner column_margin=\"default\" column_direction=\"default\" column_direction_tablet=\"default\" column_direction_phone=\"default\" top_padding=\"5%\" text_align=\"left\" row_position=\"default\" row_position_tablet=\"inherit\" row_position_phone=\"inherit\" overflow=\"visible\" pointer_events=\"all\"][vc_column_inner column_padding=\"padding-4-percent\" column_padding_tablet=\"inherit\" column_padding_phone=\"inherit\" column_padding_position=\"all\" column_element_direction_desktop=\"default\" column_element_spacing=\"default\" desktop_text_alignment=\"default\" tablet_text_alignment=\"default\" phone_text_alignment=\"default\" background_color=\"#000000&#8243; background_color_opacity=\"1&#8243; background_hover_color_opacity=\"1&#8243; column_backdrop_filter=\"none\" font_color=\"#ffffff\" column_shadow=\"none\" column_border_radius=\"none\" column_link_target=\"_self\" overflow=\"visible\" gradient_direction=\"left_to_right\" overlay_strength=\"0.3&#8243; width=\"1\/1&#8243; tablet_width_inherit=\"default\" animation_type=\"default\" bg_image_animation=\"none\" border_type=\"simple\" column_border_width=\"none\" column_border_style=\"solid\" column_padding_type=\"default\" gradient_type=\"default\"][nectar_highlighted_text color_type=\"regular\" highlight_color=\"#ffffff\" text_color=\"#ffffff\" style=\"regular_underline\" highlight_expansion=\"default\" underline_thickness=\"2px\"]\n<h2 id=\"page-title\"><em>DVP SC 100<\/em><\/h2>\n[\/nectar_highlighted_text][nectar_responsive_text]<strong>Nennleistung<\/strong> m\u00b3\/h 50 Hz \/ 60 Hz | <strong>100 \/ 115<\/strong><br \/>\n<label><strong>Gesamtenddruck (Abs.)<\/strong> mbar (Ass.) | <strong>150<\/strong><br \/>\n<\/label><label><strong>Motorleistung<\/strong> kW 50 Hz \/ 60 Hz | <strong>3,4 \/ 4<\/strong><\/label>[\/nectar_responsive_text][nectar_btn size=\"medium\" open_new_tab=\"true\" button_style=\"regular\" button_color_2=\"Extra-Color-3&#8243; solid_text_color_override=\"#e54040&#8243; icon_family=\"fontawesome\" text=\"Datenblatt herunterladen\" url=\"https:\/\/www.dovac.nl\/wp-content\/uploads\/2024\/01\/C.9815023SC100-9815024SC140-1.pdf\" icon_fontawesome=\"fa fa-file-pdf-o\" margin_right=\"10&#8243;][nectar_btn size=\"medium\" open_new_tab=\"true\" button_style=\"regular\" button_color_2=\"Extra-Color-3&#8243; solid_text_color_override=\"#e54040&#8243; icon_family=\"fontawesome\" text=\"Download Ersatzteilliste\" url=\"https:\/\/www.dovac.nl\/wp-content\/uploads\/2024\/01\/8711044_9815023_SC100-2-1.pdf\" icon_fontawesome=\"fa fa-file-pdf-o\"][\/vc_column_inner][\/vc_row_inner][vc_row_inner column_margin=\"default\" column_direction=\"default\" column_direction_tablet=\"default\" column_direction_phone=\"default\" top_padding=\"5%\" text_align=\"left\" row_position=\"default\" row_position_tablet=\"inherit\" row_position_phone=\"inherit\" overflow=\"visible\" pointer_events=\"all\"][vc_column_inner column_padding=\"padding-4-percent\" column_padding_tablet=\"inherit\" column_padding_phone=\"inherit\" column_padding_position=\"all\" column_element_direction_desktop=\"default\" column_element_spacing=\"default\" desktop_text_alignment=\"default\" tablet_text_alignment=\"default\" phone_text_alignment=\"default\" background_color=\"#000000&#8243; background_color_opacity=\"1&#8243; background_hover_color_opacity=\"1&#8243; column_backdrop_filter=\"none\" font_color=\"#ffffff\" column_shadow=\"none\" column_border_radius=\"none\" column_link_target=\"_self\" overflow=\"visible\" gradient_direction=\"left_to_right\" overlay_strength=\"0.3&#8243; width=\"1\/1&#8243; tablet_width_inherit=\"default\" animation_type=\"default\" bg_image_animation=\"none\" border_type=\"simple\" column_border_width=\"none\" column_border_style=\"solid\" column_padding_type=\"default\" gradient_type=\"default\"][nectar_highlighted_text color_type=\"regular\" highlight_color=\"#ffffff\" text_color=\"#ffffff\" style=\"regular_underline\" highlight_expansion=\"default\" underline_thickness=\"2px\"]\n<h2 id=\"page-title\"><em>DVP SC 140<\/em><\/h2>\n[\/nectar_highlighted_text][nectar_responsive_text]<strong>Nennleistung<\/strong> m\u00b3\/h 50 Hz \/ 60 Hz |130 \/ <strong>150<\/strong><br \/>\n<label><strong>Gesamtenddruck (Abs.)<\/strong> mbar (Ass.) | <strong>150 \/ 200<\/strong><br \/>\n<\/label><label><strong>Motorleistung<\/strong> kW 50 Hz \/ 60 Hz | <strong>3,4 \/ 4<\/strong><\/label>[\/nectar_responsive_text][nectar_btn size=\"medium\" open_new_tab=\"true\" button_style=\"regular\" button_color_2=\"Extra-Color-3&#8243; solid_text_color_override=\"#e54040&#8243; icon_family=\"fontawesome\" text=\"Datenblatt herunterladen\" url=\"https:\/\/www.dovac.nl\/wp-content\/uploads\/2024\/01\/C.9815023SC100-9815024SC140-1-1.pdf\" icon_fontawesome=\"fa fa-file-pdf-o\" margin_right=\"10&#8243;][nectar_btn size=\"medium\" open_new_tab=\"true\" button_style=\"regular\" button_color_2=\"Extra-Color-3&#8243; solid_text_color_override=\"#e54040&#8243; icon_family=\"fontawesome\" text=\"Download Ersatzteilliste\" url=\"https:\/\/www.dovac.nl\/wp-content\/uploads\/2024\/01\/8711042_9815024_SC140-2-1.pdf\" icon_fontawesome=\"fa fa-file-pdf-o\"][\/vc_column_inner][\/vc_row_inner][\/vc_column][\/vc_row]\n","protected":false},"excerpt":{"rendered":"<p>[vc_row type=\"full_width_background\" full_screen_row_position=\"middle\" column_margin=\"custom\" column_direction=\"default\" column_direction_tablet=\"default\" column_direction_phone=\"default\" scene_position=\"center\" top_padding=\"5%\" constrain_group_1=\"yes\" bottom_padding=\"5%\" bottom_padding_phone=\"0&#8243; text_color=\"dark\" text_align=\"left\" row_border_radius=\"none\" row_border_radius_applies=\"bg\" overflow=\"visible\" overlay_strength=\"0.3&#8243; gradient_direction=\"left_to_right\" shape_divider_position=\"bottom\" bg_image_animation=\"none\" shape_type=\"\" gradient_type=\"default\"][vc_column column_padding=\"no-extra-padding\" column_padding_tablet=\"inherit\" column_padding_phone=\"inherit\" column_padding_position=\"all\" column_element_direction_desktop=\"default\" column_element_spacing=\"default\" desktop_text_alignment=\"default\"&#8230;<\/p>\n","protected":false},"author":1,"featured_media":3754,"parent":3728,"menu_order":0,"comment_status":"closed","ping_status":"closed","template":"","meta":{"footnotes":""},"class_list":["post-3808","page","type-page","status-publish","has-post-thumbnail"],"_links":{"self":[{"href":"https:\/\/www.dovac.nl\/de\/wp-json\/wp\/v2\/pages\/3808","targetHints":{"allow":["GET"]}}],"collection":[{"href":"https:\/\/www.dovac.nl\/de\/wp-json\/wp\/v2\/pages"}],"about":[{"href":"https:\/\/www.dovac.nl\/de\/wp-json\/wp\/v2\/types\/page"}],"author":[{"embeddable":true,"href":"https:\/\/www.dovac.nl\/de\/wp-json\/wp\/v2\/users\/1"}],"replies":[{"embeddable":true,"href":"https:\/\/www.dovac.nl\/de\/wp-json\/wp\/v2\/comments?post=3808"}],"version-history":[{"count":35,"href":"https:\/\/www.dovac.nl\/de\/wp-json\/wp\/v2\/pages\/3808\/revisions"}],"predecessor-version":[{"id":12934,"href":"https:\/\/www.dovac.nl\/de\/wp-json\/wp\/v2\/pages\/3808\/revisions\/12934"}],"up":[{"embeddable":true,"href":"https:\/\/www.dovac.nl\/de\/wp-json\/wp\/v2\/pages\/3728"}],"wp:featuredmedia":[{"embeddable":true,"href":"https:\/\/www.dovac.nl\/de\/wp-json\/wp\/v2\/media\/3754"}],"wp:attachment":[{"href":"https:\/\/www.dovac.nl\/de\/wp-json\/wp\/v2\/media?parent=3808"}],"curies":[{"name":"wp","href":"https:\/\/api.w.org\/{rel}","templated":true}]}}