{"id":3898,"date":"2024-01-20T09:26:22","date_gmt":"2024-01-20T08:26:22","guid":{"rendered":"https:\/\/www.dovac.nl\/vakuumpumpen\/oelgeschmiert-einstufig\/oelgeschmierte-vakuumpumpe-lc-40-lc-60\/"},"modified":"2026-02-20T12:59:52","modified_gmt":"2026-02-20T11:59:52","slug":"oelgeschmierte-vakuumpumpe-lc-40-lc-60","status":"publish","type":"page","link":"https:\/\/www.dovac.nl\/de\/vakuumpumpen\/oelgeschmiert-einstufig\/oelgeschmierte-vakuumpumpe-lc-40-lc-60\/","title":{"rendered":"LC 40 \/ 60"},"content":{"rendered":"[vc_row type=\"full_width_background\" full_screen_row_position=\"middle\" column_margin=\"custom\" column_direction=\"default\" column_direction_tablet=\"default\" column_direction_phone=\"default\" scene_position=\"center\" top_padding=\"5%\" constrain_group_1=\"yes\" bottom_padding=\"5%\" bottom_padding_phone=\"0&#8243; text_color=\"dark\" text_align=\"left\" row_border_radius=\"none\" row_border_radius_applies=\"bg\" row_position_desktop=\"default\" row_position_tablet=\"inherit\" row_position_phone=\"inherit\" overflow=\"visible\" overlay_strength=\"0.3&#8243; gradient_direction=\"left_to_right\" shape_divider_position=\"bottom\" bg_image_animation=\"none\" shape_type=\"\" gradient_type=\"default\"][vc_column column_padding=\"no-extra-padding\" column_padding_tablet=\"inherit\" column_padding_phone=\"inherit\" column_padding_position=\"all\" flex_gap_desktop=\"10px\" column_element_direction_desktop=\"default\" column_element_spacing=\"default\" desktop_text_alignment=\"default\" tablet_text_alignment=\"default\" phone_text_alignment=\"default\" sticky_content=\"true\" sticky_content_functionality=\"css\" sticky_content_alignment=\"default\" background_color_opacity=\"1&#8243; background_hover_color_opacity=\"1&#8243; column_backdrop_filter=\"none\" font_color=\"#004982&#8243; column_shadow=\"none\" column_border_radius=\"none\" column_link_target=\"_self\" column_position=\"default\" gradient_direction=\"left_to_right\" overlay_strength=\"0.3&#8243; width=\"1\/3&#8243; tablet_width_inherit=\"default\" animation_type=\"default\" bg_image_animation=\"none\" border_type=\"simple\" column_border_width=\"none\" column_border_style=\"solid\" column_padding_type=\"default\" gradient_type=\"default\"][vc_row_inner column_margin=\"default\" column_direction=\"default\" column_direction_tablet=\"default\" column_direction_phone=\"default\" text_align=\"left\" row_position=\"default\" row_position_tablet=\"inherit\" row_position_phone=\"inherit\" overflow=\"visible\" pointer_events=\"all\"][vc_column_inner column_padding=\"no-extra-padding\" column_padding_tablet=\"inherit\" column_padding_phone=\"inherit\" column_padding_position=\"all\" flex_gap_desktop=\"10px\" column_element_direction_desktop=\"default\" column_element_spacing=\"default\" desktop_text_alignment=\"default\" tablet_text_alignment=\"default\" phone_text_alignment=\"default\" background_color_opacity=\"1&#8243; background_hover_color_opacity=\"1&#8243; column_backdrop_filter=\"none\" column_shadow=\"none\" column_border_radius=\"none\" column_link_target=\"_self\" overflow=\"visible\" gradient_direction=\"left_to_right\" overlay_strength=\"0.3&#8243; width=\"1\/1&#8243; tablet_width_inherit=\"default\" animation_type=\"default\" bg_image_animation=\"none\" border_type=\"simple\" column_border_width=\"none\" column_border_style=\"solid\" column_padding_type=\"default\" gradient_type=\"default\"][image_with_animation image_url=\"1645&#8243; image_size=\"full\" max_width=\"100%\" max_width_mobile=\"default\" animation_type=\"entrance\" animation=\"None\" animation_movement_type=\"transform_y\" hover_animation=\"none\" alignment=\"\" border_radius=\"15px\" box_shadow=\"small_depth\" image_loading=\"default\"][\/vc_column_inner][\/vc_row_inner][vc_row_inner column_margin=\"default\" column_direction=\"default\" column_direction_tablet=\"default\" column_direction_phone=\"default\" text_align=\"left\" row_position=\"default\" row_position_tablet=\"inherit\" row_position_phone=\"inherit\" zindex=\"999&#8243; overflow=\"visible\" pointer_events=\"all\"][vc_column_inner column_padding=\"no-extra-padding\" column_padding_tablet=\"inherit\" column_padding_phone=\"inherit\" column_padding_position=\"all\" flex_gap_desktop=\"10px\" column_element_direction_desktop=\"default\" column_element_spacing=\"default\" desktop_text_alignment=\"default\" tablet_text_alignment=\"default\" phone_text_alignment=\"default\" background_color_opacity=\"1&#8243; background_hover_color_opacity=\"1&#8243; column_backdrop_filter=\"none\" font_color=\"#000000&#8243; column_shadow=\"none\" column_border_radius=\"none\" column_link_target=\"_self\" overflow=\"visible\" gradient_direction=\"left_to_right\" overlay_strength=\"0.3&#8243; width=\"1\/1&#8243; tablet_width_inherit=\"default\" animation_type=\"default\" bg_image_animation=\"none\" border_type=\"simple\" column_border_width=\"none\" column_border_style=\"dashed\" column_padding_type=\"default\" gradient_type=\"default\"][nectar_highlighted_text color_type=\"regular\" text_color=\"#000000&#8243; style=\"full_text\" highlight_expansion=\"default\"]\n<h4>Nennleistung: 40 - 72<sup>m3\/h<\/sup><\/h4>\n[\/nectar_highlighted_text][vc_column_text]Kompakte Abmessungen, ein niedriger Ger\u00e4uschpegel und vereinfachte Kontroll- und Wartungsverfahren sind die Hauptmerkmale der geschmierten Vakuumpumpen LC 40 und LC 60. Diese Pumpen verf\u00fcgen \u00fcber ein fortschrittliches Reduzierungs- und R\u00fcckgewinnungssystem, einschlie\u00dflich eines Bypasses und eines Schwimmer\u00f6ls f\u00fcr das R\u00fccklaufventil, was zu einem \u00f6ldampffreien Auslass f\u00fchrt. Dar\u00fcber hinaus verhindert eine spezielle Dichtungsvorrichtung, dass \u00d6l aufsteigt, wenn die Pumpe unter Vakuum steht. Das Geh\u00e4use ist strategisch auf die Gefahrenbereiche beschr\u00e4nkt, was sowohl die K\u00fchlung als auch die \u00e4sthetische Wirkung verbessert.<\/p>\n<p>Sowohl die LC 40- als auch die LC 60-Pumpe sind f\u00fcr die kontinuierliche Absaugung in einem Druckbereich von 400 bis 0,1 mbar (Abs) geeignet.[\/vc_column_text][\/vc_column_inner][\/vc_row_inner][\/vc_column][vc_column column_padding=\"no-extra-padding\" column_padding_tablet=\"inherit\" column_padding_phone=\"inherit\" column_padding_position=\"all\" flex_gap_desktop=\"10px\" column_element_direction_desktop=\"default\" column_element_spacing=\"10px\" desktop_text_alignment=\"default\" tablet_text_alignment=\"default\" phone_text_alignment=\"default\" background_color_opacity=\"1&#8243; background_hover_color_opacity=\"1&#8243; column_backdrop_filter=\"none\" column_shadow=\"none\" column_border_radius=\"none\" column_link_target=\"_self\" column_position=\"default\" gradient_direction=\"left_to_right\" overlay_strength=\"0.3&#8243; width=\"2\/3&#8243; tablet_width_inherit=\"small_desktop\" animation_type=\"default\" bg_image_animation=\"none\" border_type=\"simple\" column_border_width=\"none\" column_border_style=\"solid\" column_padding_type=\"default\" gradient_type=\"default\"][vc_row_inner column_margin=\"default\" column_direction=\"default\" column_direction_tablet=\"default\" column_direction_phone=\"default\" text_align=\"left\" row_position=\"default\" row_position_tablet=\"inherit\" row_position_phone=\"inherit\" overflow=\"visible\" pointer_events=\"all\"][vc_column_inner column_padding=\"padding-5-percent\" column_padding_tablet=\"inherit\" column_padding_phone=\"padding-3-percent\" column_padding_position=\"all\" flex_gap_desktop=\"10px\" column_element_direction_desktop=\"default\" column_element_spacing=\"default\" desktop_text_alignment=\"default\" tablet_text_alignment=\"default\" phone_text_alignment=\"default\" background_color_opacity=\"1&#8243; background_hover_color_opacity=\"1&#8243; column_backdrop_filter=\"none\" font_color=\"#000000&#8243; column_shadow=\"none\" column_border_radius=\"none\" column_link_target=\"_self\" overflow=\"visible\" gradient_direction=\"left_to_right\" overlay_strength=\"0.3&#8243; width=\"1\/1&#8243; tablet_width_inherit=\"default\" animation_type=\"default\" bg_image_animation=\"none\" border_type=\"simple\" column_border_width=\"4px\" column_border_color=\"#000000&#8243; column_border_style=\"dashed\" column_padding_type=\"default\" gradient_type=\"default\"][nectar_highlighted_text color_type=\"regular\" text_color=\"#000000&#8243; style=\"full_text\" highlight_expansion=\"default\"]\n<h1>\u00d6lgeschmierte Vakuumpumpe DVP LC 40 \/ DVP LC 60<\/h1>\n[\/nectar_highlighted_text][vc_column_text]Die Modelle LC 40 und LC 60 bieten nicht nur hervorragende Leistung und Zuverl\u00e4ssigkeit, sondern sind auch besonders energieeffizient. Ihr fortschrittliches Design minimiert den Energieverbrauch und sorgt f\u00fcr erhebliche Kosteneinsparungen \u00fcber die gesamte Lebensdauer der Pumpe. Dar\u00fcber hinaus sind diese Pumpen mit einem fortschrittlichen W\u00e4rmeschutzsystem ausgestattet, das eine \u00dcberhitzung verhindert und so zur Langlebigkeit und sicheren Nutzung der Ger\u00e4te unter allen Betriebsbedingungen beitr\u00e4gt. Diese Eigenschaften machen die LC 40 und LC 60 zu idealen L\u00f6sungen f\u00fcr industrielle Anwendungen, bei denen hohe Effizienz und niedrige Betriebskosten entscheidend sind.<\/p>\n<p>Diese Pumpen sind au\u00dferdem auf Benutzerfreundlichkeit ausgelegt. Merkmale wie der Bypass-\u00d6lfilter vereinfachen die routinem\u00e4\u00dfige Wartung und erh\u00f6hen die Zuverl\u00e4ssigkeit. Dieser \u00d6lfilter sorgt daf\u00fcr, dass die \u00d6lzirkulation nicht unterbrochen wird, selbst wenn der Filter verstopft ist, was f\u00fcr die Aufrechterhaltung der Leistung und die Vermeidung von Pumpensch\u00e4den unerl\u00e4sslich ist. Mit diesen benutzerorientierten Designelementen gew\u00e4hrleisten die LC 40 und LC 60 Pumpen eine optimale Benutzerfreundlichkeit und Wartungsfreundlichkeit und eignen sich daher f\u00fcr eine Vielzahl industrieller Anwendungen, bei denen kontinuierliche und zuverl\u00e4ssige Vakuumquellen erforderlich sind.<\/p>\n<p>Die Pumpen LC 40 und LC 60 von DVP sind serienm\u00e4\u00dfig mit folgenden Funktionen ausgestattet:<\/p>\n<ul>\n<li>\u00d6lr\u00fcckschlagventil<\/li>\n<li>Auspuffreiniger<\/li>\n<li>Automatisches Schwimmer-\u00d6lr\u00fcckgewinnungsventil<\/li>\n<li>Vorschaltger\u00e4t mit manuellem Ausschlussventil<\/li>\n<li>Antivibration<\/li>\n<li>\u00d6lfilter mit Bypass<\/li>\n<li>SW60 \u00d6lpaket<\/li>\n<\/ul>\n<p><b>Hauptanwendungsbereiche:<\/b> Metallreinigungsmaschinen, Vakuumgie\u00dfmaschinen f\u00fcr Edelmetalle, Verpackungs- und Umh\u00fcllungsmaschinen, Pantographen f\u00fcr Glas und Marmor, Vakuumabf\u00fcllmaschinen, Verpackungsmaschinen, Lade- und Zuf\u00fchrger\u00e4te, Etikettiermaschinen, Saugerhandhabungsger\u00e4te, automatische Maschinen, Lebensmittelverarbeitungsmaschinen und Vakuummischer, Thermoformmaschinen, Werkstattausr\u00fcstungen, zentralisierte Vakuumsysteme.[\/vc_column_text][nectar_btn size=\"large\" button_style=\"see-through-3d\" color_override=\"#e54040&#8243; text=\"KONTAKTIEREN SIE UNS\" url=\"https:\/\/www.dovac.nl\/de\/kontakt\/\"][\/vc_column_inner][\/vc_row_inner][vc_row_inner column_margin=\"default\" column_direction=\"default\" column_direction_tablet=\"default\" column_direction_phone=\"default\" top_padding=\"5%\" text_align=\"left\" row_position=\"default\" row_position_tablet=\"inherit\" row_position_phone=\"inherit\" overflow=\"visible\" pointer_events=\"all\"][vc_column_inner column_padding=\"padding-4-percent\" column_padding_tablet=\"inherit\" column_padding_phone=\"inherit\" column_padding_position=\"all\" flex_gap_desktop=\"10px\" column_element_direction_desktop=\"default\" column_element_spacing=\"default\" desktop_text_alignment=\"default\" tablet_text_alignment=\"default\" phone_text_alignment=\"default\" background_color=\"#000000&#8243; background_color_opacity=\"1&#8243; background_hover_color_opacity=\"1&#8243; column_backdrop_filter=\"none\" font_color=\"#ffffff\" column_shadow=\"none\" column_border_radius=\"none\" column_link_target=\"_self\" overflow=\"visible\" gradient_direction=\"left_to_right\" overlay_strength=\"0.3&#8243; width=\"1\/1&#8243; tablet_width_inherit=\"default\" animation_type=\"default\" bg_image_animation=\"none\" border_type=\"simple\" column_border_width=\"none\" column_border_style=\"solid\" column_padding_type=\"default\" gradient_type=\"default\"][nectar_highlighted_text color_type=\"regular\" highlight_color=\"#ffffff\" text_color=\"#ffffff\" style=\"regular_underline\" highlight_expansion=\"default\" underline_thickness=\"2px\"]\n<h2><em>DVP LC 40<\/em><\/h2>\n[\/nectar_highlighted_text][nectar_responsive_text inherited_font_style=\"default\"]<strong>Nennleistung<\/strong> m\u00b3\/h 50 Hz \/ 60 Hz | <strong>40 \/ 48<\/strong><br \/>\n<label><strong>Maximale Wasserdampf-Pumpleistung<\/strong> kg\/h |<strong> 0,5<br \/>\n<\/strong><\/label><label><label><strong>Gesamt-Enddruck<\/strong> mbar (Ass.) |<strong> 0,1<\/strong><\/label><br \/>\n<\/label><label><strong>Motorleistung<\/strong> kW 50 Hz \/ 60 Hz | <strong>1,1 \/ 1,35<\/strong><\/label>[\/nectar_responsive_text][nectar_btn size=\"medium\" open_new_tab=\"true\" button_style=\"regular\" button_color_2=\"Extra-Color-3&#8243; solid_text_color_override=\"#e54040&#8243; icon_family=\"fontawesome\" text=\"Datenblatt herunterladen\" url=\"https:\/\/www.dovac.nl\/wp-content\/uploads\/2024\/01\/C.9601067LC40-9601068LC60-3-1.pdf\" icon_fontawesome=\"fa fa-file-pdf-o\" margin_right=\"10&#8243;][nectar_btn size=\"medium\" open_new_tab=\"true\" button_style=\"regular\" button_color_2=\"Extra-Color-3&#8243; solid_text_color_override=\"#e54040&#8243; icon_family=\"fontawesome\" text=\"Download Ersatzteilliste\" url=\"https:\/\/www.dovac.nl\/wp-content\/uploads\/2026\/02\/LC40-8711028_9601067_LC40-SPARE-PARTS.pdf\" icon_fontawesome=\"fa fa-file-pdf-o\"][\/vc_column_inner][\/vc_row_inner][vc_row_inner column_margin=\"default\" column_direction=\"default\" column_direction_tablet=\"default\" column_direction_phone=\"default\" top_padding=\"5%\" text_align=\"left\" row_position=\"default\" row_position_tablet=\"inherit\" row_position_phone=\"inherit\" overflow=\"visible\" pointer_events=\"all\"][vc_column_inner column_padding=\"padding-4-percent\" column_padding_tablet=\"inherit\" column_padding_phone=\"inherit\" column_padding_position=\"all\" flex_gap_desktop=\"10px\" column_element_direction_desktop=\"default\" column_element_spacing=\"default\" desktop_text_alignment=\"default\" tablet_text_alignment=\"default\" phone_text_alignment=\"default\" background_color=\"#000000&#8243; background_color_opacity=\"1&#8243; background_hover_color_opacity=\"1&#8243; column_backdrop_filter=\"none\" font_color=\"#ffffff\" column_shadow=\"none\" column_border_radius=\"none\" column_link_target=\"_self\" overflow=\"visible\" gradient_direction=\"left_to_right\" overlay_strength=\"0.3&#8243; width=\"1\/1&#8243; tablet_width_inherit=\"default\" animation_type=\"default\" bg_image_animation=\"none\" border_type=\"simple\" column_border_width=\"none\" column_border_style=\"solid\" column_padding_type=\"default\" gradient_type=\"default\"][nectar_highlighted_text color_type=\"regular\" highlight_color=\"#ffffff\" text_color=\"#ffffff\" style=\"regular_underline\" highlight_expansion=\"default\" underline_thickness=\"2px\"]\n<h2><em>DVP LC 60<\/em><\/h2>\n[\/nectar_highlighted_text][nectar_responsive_text inherited_font_style=\"default\"]<strong>Nennleistung<\/strong> m\u00b3\/h 50 Hz \/ 60 Hz | <strong>60 \/ 72<\/strong><br \/>\n<label><strong>Maximale Wasserdampf-Pumpleistung<\/strong> kg\/h |<strong> 0,5<br \/>\n<\/strong><\/label><label><label><strong>Gesamt-Enddruck<\/strong> mbar (Ass.) |<strong> 0,1<\/strong><\/label><br \/>\n<\/label><label><strong>Motorleistung<\/strong> kW 50 Hz \/ 60 Hz | <strong>1,5 \/ 1,8<\/strong><\/label>[\/nectar_responsive_text][nectar_btn size=\"medium\" open_new_tab=\"true\" button_style=\"regular\" button_color_2=\"Extra-Color-3&#8243; solid_text_color_override=\"#e54040&#8243; icon_family=\"fontawesome\" text=\"Datenblatt herunterladen\" url=\"https:\/\/www.dovac.nl\/wp-content\/uploads\/2024\/01\/C.9601067LC40-9601068LC60-3-2.pdf\" icon_fontawesome=\"fa fa-file-pdf-o\" margin_right=\"10&#8243;][nectar_btn size=\"medium\" open_new_tab=\"true\" button_style=\"regular\" button_color_2=\"Extra-Color-3&#8243; solid_text_color_override=\"#e54040&#8243; icon_family=\"fontawesome\" text=\"Download Ersatzteilliste\" url=\"https:\/\/www.dovac.nl\/wp-content\/uploads\/2024\/01\/8711026_9601068_LC60-3-1.pdf\" icon_fontawesome=\"fa fa-file-pdf-o\"][\/vc_column_inner][\/vc_row_inner][\/vc_column][\/vc_row]\n","protected":false},"excerpt":{"rendered":"<p>[vc_row type=\"full_width_background\" full_screen_row_position=\"middle\" column_margin=\"custom\" column_direction=\"default\" column_direction_tablet=\"default\" column_direction_phone=\"default\" scene_position=\"center\" top_padding=\"5%\" constrain_group_1=\"yes\" bottom_padding=\"5%\" bottom_padding_phone=\"0&#8243; text_color=\"dark\" text_align=\"left\" row_border_radius=\"none\" row_border_radius_applies=\"bg\" row_position_desktop=\"default\" row_position_tablet=\"inherit\" row_position_phone=\"inherit\" overflow=\"visible\" overlay_strength=\"0.3&#8243; gradient_direction=\"left_to_right\" shape_divider_position=\"bottom\" bg_image_animation=\"none\" shape_type=\"\" gradient_type=\"default\"][vc_column column_padding=\"no-extra-padding\" column_padding_tablet=\"inherit\" column_padding_phone=\"inherit\" column_padding_position=\"all\"&#8230;<\/p>\n","protected":false},"author":1,"featured_media":3881,"parent":3863,"menu_order":0,"comment_status":"closed","ping_status":"closed","template":"","meta":{"footnotes":""},"class_list":["post-3898","page","type-page","status-publish","has-post-thumbnail"],"_links":{"self":[{"href":"https:\/\/www.dovac.nl\/de\/wp-json\/wp\/v2\/pages\/3898","targetHints":{"allow":["GET"]}}],"collection":[{"href":"https:\/\/www.dovac.nl\/de\/wp-json\/wp\/v2\/pages"}],"about":[{"href":"https:\/\/www.dovac.nl\/de\/wp-json\/wp\/v2\/types\/page"}],"author":[{"embeddable":true,"href":"https:\/\/www.dovac.nl\/de\/wp-json\/wp\/v2\/users\/1"}],"replies":[{"embeddable":true,"href":"https:\/\/www.dovac.nl\/de\/wp-json\/wp\/v2\/comments?post=3898"}],"version-history":[{"count":31,"href":"https:\/\/www.dovac.nl\/de\/wp-json\/wp\/v2\/pages\/3898\/revisions"}],"predecessor-version":[{"id":13563,"href":"https:\/\/www.dovac.nl\/de\/wp-json\/wp\/v2\/pages\/3898\/revisions\/13563"}],"up":[{"embeddable":true,"href":"https:\/\/www.dovac.nl\/de\/wp-json\/wp\/v2\/pages\/3863"}],"wp:featuredmedia":[{"embeddable":true,"href":"https:\/\/www.dovac.nl\/de\/wp-json\/wp\/v2\/media\/3881"}],"wp:attachment":[{"href":"https:\/\/www.dovac.nl\/de\/wp-json\/wp\/v2\/media?parent=3898"}],"curies":[{"name":"wp","href":"https:\/\/api.w.org\/{rel}","templated":true}]}}