{"id":3905,"date":"2024-01-20T10:11:56","date_gmt":"2024-01-20T09:11:56","guid":{"rendered":"https:\/\/www.dovac.nl\/vakuumpumpen\/oelgeschmiert-einstufig\/oelgeschmierte-vakuumpumpe-lc-205-lc-305\/"},"modified":"2026-02-20T13:15:22","modified_gmt":"2026-02-20T12:15:22","slug":"oelgeschmierte-vakuumpumpe-lc-205-lc-305","status":"publish","type":"page","link":"https:\/\/www.dovac.nl\/de\/vakuumpumpen\/oelgeschmiert-einstufig\/oelgeschmierte-vakuumpumpe-lc-205-lc-305\/","title":{"rendered":"LC 205 \/ 305"},"content":{"rendered":"[vc_row type=\"full_width_background\" full_screen_row_position=\"middle\" column_margin=\"custom\" column_direction=\"default\" column_direction_tablet=\"default\" column_direction_phone=\"default\" scene_position=\"center\" top_padding=\"5%\" constrain_group_1=\"yes\" bottom_padding=\"5%\" bottom_padding_phone=\"0&#8243; text_color=\"dark\" text_align=\"left\" row_border_radius=\"none\" row_border_radius_applies=\"bg\" row_position_desktop=\"default\" row_position_tablet=\"inherit\" row_position_phone=\"inherit\" overflow=\"visible\" overlay_strength=\"0.3&#8243; gradient_direction=\"left_to_right\" shape_divider_position=\"bottom\" bg_image_animation=\"none\" shape_type=\"\" gradient_type=\"default\"][vc_column column_padding=\"no-extra-padding\" column_padding_tablet=\"inherit\" column_padding_phone=\"inherit\" column_padding_position=\"all\" flex_gap_desktop=\"10px\" column_element_direction_desktop=\"default\" column_element_spacing=\"default\" desktop_text_alignment=\"default\" tablet_text_alignment=\"default\" phone_text_alignment=\"default\" sticky_content=\"true\" sticky_content_functionality=\"css\" sticky_content_alignment=\"default\" background_color_opacity=\"1&#8243; background_hover_color_opacity=\"1&#8243; column_backdrop_filter=\"none\" font_color=\"#004982&#8243; column_shadow=\"none\" column_border_radius=\"none\" column_link_target=\"_self\" column_position=\"default\" gradient_direction=\"left_to_right\" overlay_strength=\"0.3&#8243; width=\"1\/3&#8243; tablet_width_inherit=\"default\" animation_type=\"default\" bg_image_animation=\"none\" border_type=\"simple\" column_border_width=\"none\" column_border_style=\"solid\" column_padding_type=\"default\" gradient_type=\"default\"][vc_row_inner column_margin=\"default\" column_direction=\"default\" column_direction_tablet=\"default\" column_direction_phone=\"default\" text_align=\"left\" row_position=\"default\" row_position_tablet=\"inherit\" row_position_phone=\"inherit\" overflow=\"visible\" pointer_events=\"all\"][vc_column_inner column_padding=\"no-extra-padding\" column_padding_tablet=\"inherit\" column_padding_phone=\"inherit\" column_padding_position=\"all\" flex_gap_desktop=\"10px\" column_element_direction_desktop=\"default\" column_element_spacing=\"default\" desktop_text_alignment=\"default\" tablet_text_alignment=\"default\" phone_text_alignment=\"default\" background_color_opacity=\"1&#8243; background_hover_color_opacity=\"1&#8243; column_backdrop_filter=\"none\" column_shadow=\"none\" column_border_radius=\"none\" column_link_target=\"_self\" overflow=\"visible\" gradient_direction=\"left_to_right\" overlay_strength=\"0.3&#8243; width=\"1\/1&#8243; tablet_width_inherit=\"default\" animation_type=\"default\" bg_image_animation=\"none\" border_type=\"simple\" column_border_width=\"none\" column_border_style=\"solid\" column_padding_type=\"default\" gradient_type=\"default\"][image_with_animation image_url=\"1657&#8243; image_size=\"full\" max_width=\"100%\" max_width_mobile=\"default\" animation_type=\"entrance\" animation=\"None\" animation_movement_type=\"transform_y\" hover_animation=\"none\" alignment=\"\" border_radius=\"15px\" box_shadow=\"small_depth\" image_loading=\"default\"][\/vc_column_inner][\/vc_row_inner][vc_row_inner column_margin=\"default\" column_direction=\"default\" column_direction_tablet=\"default\" column_direction_phone=\"default\" text_align=\"left\" row_position=\"default\" row_position_tablet=\"inherit\" row_position_phone=\"inherit\" zindex=\"999&#8243; overflow=\"visible\" pointer_events=\"all\"][vc_column_inner column_padding=\"no-extra-padding\" column_padding_tablet=\"inherit\" column_padding_phone=\"inherit\" column_padding_position=\"all\" flex_gap_desktop=\"10px\" column_element_direction_desktop=\"default\" column_element_spacing=\"default\" desktop_text_alignment=\"default\" tablet_text_alignment=\"default\" phone_text_alignment=\"default\" background_color_opacity=\"1&#8243; background_hover_color_opacity=\"1&#8243; column_backdrop_filter=\"none\" font_color=\"#000000&#8243; column_shadow=\"none\" column_border_radius=\"none\" column_link_target=\"_self\" overflow=\"visible\" gradient_direction=\"left_to_right\" overlay_strength=\"0.3&#8243; width=\"1\/1&#8243; tablet_width_inherit=\"default\" animation_type=\"default\" bg_image_animation=\"none\" border_type=\"simple\" column_border_width=\"none\" column_border_style=\"dashed\" column_padding_type=\"default\" gradient_type=\"default\"][nectar_highlighted_text color_type=\"regular\" text_color=\"#000000&#8243; style=\"full_text\" highlight_expansion=\"default\"]\n<h4>Nennleistung: 205 - 365<sup>m3\/h<\/sup><\/h4>\n[\/nectar_highlighted_text][vc_column_text]Die geschmierten Vakuumpumpen LC 205 und LC 305 zeichnen sich durch ein aktualisiertes Design und eine verbesserte Leistung aus. Eine der wichtigsten Innovationen ist die verbesserte Effizienz bei der Abscheidung von \u00d6l aus der Luft, die einen rauchfreien Luftstrom zum Auspuff gew\u00e4hrleistet. Dank der Motoren der Effizienzklasse IE3 wird nicht nur der Ger\u00e4uschpegel, sondern auch die Energieeffizienz verbessert.<\/p>\n<p>Das Gasballastger\u00e4t ist mit einem manuellen Auslassventil ausgestattet, mit dem bei Bedarf ein h\u00f6heres Vakuum erreicht werden kann. Au\u00dferdem wurde die Wartungsfreundlichkeit erheblich verbessert. Der einzigartige \u00d6labscheidefilter kann mit wenigen Handgriffen ausgetauscht werden.[\/vc_column_text][\/vc_column_inner][\/vc_row_inner][\/vc_column][vc_column column_padding=\"no-extra-padding\" column_padding_tablet=\"inherit\" column_padding_phone=\"inherit\" column_padding_position=\"all\" flex_gap_desktop=\"10px\" column_element_direction_desktop=\"default\" column_element_spacing=\"10px\" desktop_text_alignment=\"default\" tablet_text_alignment=\"default\" phone_text_alignment=\"default\" background_color_opacity=\"1&#8243; background_hover_color_opacity=\"1&#8243; column_backdrop_filter=\"none\" column_shadow=\"none\" column_border_radius=\"none\" column_link_target=\"_self\" column_position=\"default\" gradient_direction=\"left_to_right\" overlay_strength=\"0.3&#8243; width=\"2\/3&#8243; tablet_width_inherit=\"small_desktop\" animation_type=\"default\" bg_image_animation=\"none\" border_type=\"simple\" column_border_width=\"none\" column_border_style=\"solid\" column_padding_type=\"default\" gradient_type=\"default\"][vc_row_inner column_margin=\"default\" column_direction=\"default\" column_direction_tablet=\"default\" column_direction_phone=\"default\" text_align=\"left\" row_position=\"default\" row_position_tablet=\"inherit\" row_position_phone=\"inherit\" overflow=\"visible\" pointer_events=\"all\"][vc_column_inner column_padding=\"padding-5-percent\" column_padding_tablet=\"inherit\" column_padding_phone=\"padding-3-percent\" column_padding_position=\"all\" flex_gap_desktop=\"10px\" column_element_direction_desktop=\"default\" column_element_spacing=\"default\" desktop_text_alignment=\"default\" tablet_text_alignment=\"default\" phone_text_alignment=\"default\" background_color_opacity=\"1&#8243; background_hover_color_opacity=\"1&#8243; column_backdrop_filter=\"none\" font_color=\"#000000&#8243; column_shadow=\"none\" column_border_radius=\"none\" column_link_target=\"_self\" overflow=\"visible\" gradient_direction=\"left_to_right\" overlay_strength=\"0.3&#8243; width=\"1\/1&#8243; tablet_width_inherit=\"default\" animation_type=\"default\" bg_image_animation=\"none\" border_type=\"simple\" column_border_width=\"4px\" column_border_color=\"#000000&#8243; column_border_style=\"dashed\" column_padding_type=\"default\" gradient_type=\"default\"][nectar_highlighted_text color_type=\"regular\" text_color=\"#000000&#8243; style=\"full_text\" highlight_expansion=\"default\"]\n<h1>\u00d6lgeschmierte Vakuumpumpe DVP LC 205 \/ DVP LC 305<\/h1>\n[\/nectar_highlighted_text][vc_column_text]Die Pumpen LC 205 und LC 305 wurden speziell f\u00fcr die strengen Anforderungen der lebensmittelverarbeitenden Industrie entwickelt, wo Zuverl\u00e4ssigkeit und Hygiene entscheidend sind. Der eingebaute \u00d6lfilter mit Bypass sorgt f\u00fcr einen kontinuierlichen Schutz vor \u00d6lverschmutzung, selbst wenn der Hauptfilter verstopft ist, und garantiert so die Reinheit der verarbeiteten Produkte. Diese Funktion reduziert auch die H\u00e4ufigkeit der Wartung und sorgt daf\u00fcr, dass die Pumpen weiterhin unter optimalen Bedingungen arbeiten, wodurch die Gesamtbetriebskosten gesenkt werden.<\/p>\n<p>Dar\u00fcber hinaus tr\u00e4gt das flexible Motorgetriebe zur Langlebigkeit der Pumpen bei, indem es Vibrationen und die Belastung des Motors und anderer Komponenten reduziert. Dadurch wird die Lebensdauer von Motor und Pumpe erheblich verl\u00e4ngert. Mit dem BV100 (SW100) \u00d6lpaket, das speziell f\u00fcr diese Modelle entwickelt wurde, bieten die LC 205 und LC 305 Pumpen un\u00fcbertroffene Leistung und Zuverl\u00e4ssigkeit, ideal f\u00fcr Anwendungen, die ein hohes Vakuum und Reinheit erfordern, wie z.B. bei der Verpackung von Lebensmitteln und Non-Food-Produkten.<\/p>\n<p>Die DVP-Pumpen LC 205 und LC 305 sind serienm\u00e4\u00dfig ausgestattet mit:<\/p>\n<ul>\n<li>\u00d6lr\u00fcckschlagventil<\/li>\n<li>Auspuffreiniger<\/li>\n<li>Automatisches Schwimmer-\u00d6lr\u00fcckgewinnungsventil<\/li>\n<li>Vorschaltger\u00e4t mit manuellem Ausschlussventil<\/li>\n<li>Antivibration<\/li>\n<li>\u00d6lfilter mit Bypass<\/li>\n<li>Motor\u00fcbertragung mit elastischer Kupplung<\/li>\n<li>SW100 \u00d6lpackung<\/li>\n<\/ul>\n<p><b>Hauptanwendungsbereiche:<\/b> Lebensmittelverarbeitung, -konservierung und -verpackung; Verpackung von Non-Food-Produkten.[\/vc_column_text][nectar_btn size=\"large\" button_style=\"see-through-3d\" color_override=\"#e54040&#8243; text=\"KONTAKTIEREN SIE UNS\" url=\"https:\/\/www.dovac.nl\/de\/kontakt\/\"][\/vc_column_inner][\/vc_row_inner][vc_row_inner column_margin=\"default\" column_direction=\"default\" column_direction_tablet=\"default\" column_direction_phone=\"default\" top_padding=\"5%\" text_align=\"left\" row_position=\"default\" row_position_tablet=\"inherit\" row_position_phone=\"inherit\" overflow=\"visible\" pointer_events=\"all\"][vc_column_inner column_padding=\"padding-4-percent\" column_padding_tablet=\"inherit\" column_padding_phone=\"inherit\" column_padding_position=\"all\" flex_gap_desktop=\"10px\" column_element_direction_desktop=\"default\" column_element_spacing=\"default\" desktop_text_alignment=\"default\" tablet_text_alignment=\"default\" phone_text_alignment=\"default\" background_color=\"#000000&#8243; background_color_opacity=\"1&#8243; background_hover_color_opacity=\"1&#8243; column_backdrop_filter=\"none\" font_color=\"#ffffff\" column_shadow=\"none\" column_border_radius=\"none\" column_link_target=\"_self\" overflow=\"visible\" gradient_direction=\"left_to_right\" overlay_strength=\"0.3&#8243; width=\"1\/1&#8243; tablet_width_inherit=\"default\" animation_type=\"default\" bg_image_animation=\"none\" border_type=\"simple\" column_border_width=\"none\" column_border_style=\"solid\" column_padding_type=\"default\" gradient_type=\"default\"][nectar_highlighted_text color_type=\"regular\" highlight_color=\"#ffffff\" text_color=\"#ffffff\" style=\"regular_underline\" highlight_expansion=\"default\" underline_thickness=\"2px\"]\n<h2><em>DVP LC 205<\/em><\/h2>\n[\/nectar_highlighted_text][nectar_responsive_text inherited_font_style=\"default\"]<strong>Nennleistung<\/strong> m\u00b3\/h 50 Hz \/ 60 Hz | <strong>205 \/ 245<\/strong><br \/>\n<label><strong>Maximale Wasserdampf-Pumpleistung<\/strong> kg\/h |<strong> 3,5<br \/>\n<\/strong><\/label><label><label><strong>Gesamt-Enddruck<\/strong> mbar (Ass.) |<strong> 0,1<\/strong><\/label><br \/>\n<\/label><label><strong>Motorleistung<\/strong> kW 50 Hz \/ 60 Hz | <strong>5,5 \/ 6,6<\/strong><\/label>[\/nectar_responsive_text][nectar_btn size=\"medium\" open_new_tab=\"true\" button_style=\"regular\" button_color_2=\"Extra-Color-3&#8243; solid_text_color_override=\"#e54040&#8243; icon_family=\"fontawesome\" text=\"Datenblatt herunterladen\" url=\"https:\/\/www.dovac.nl\/wp-content\/uploads\/2024\/01\/C.9603040LC205-9603041LC305-14.pdf\" icon_fontawesome=\"fa fa-file-pdf-o\" margin_right=\"10&#8243;][nectar_btn size=\"medium\" open_new_tab=\"true\" button_style=\"regular\" button_color_2=\"Extra-Color-3&#8243; solid_text_color_override=\"#e54040&#8243; icon_family=\"fontawesome\" text=\"Download Ersatzteilliste\" url=\"https:\/\/www.dovac.nl\/wp-content\/uploads\/2026\/02\/LC205-8711014_9603040_LC205-SPARE-PARTS.pdf\" icon_fontawesome=\"fa fa-file-pdf-o\"][\/vc_column_inner][\/vc_row_inner][vc_row_inner column_margin=\"default\" column_direction=\"default\" column_direction_tablet=\"default\" column_direction_phone=\"default\" top_padding=\"5%\" text_align=\"left\" row_position=\"default\" row_position_tablet=\"inherit\" row_position_phone=\"inherit\" overflow=\"visible\" pointer_events=\"all\"][vc_column_inner column_padding=\"padding-4-percent\" column_padding_tablet=\"inherit\" column_padding_phone=\"inherit\" column_padding_position=\"all\" flex_gap_desktop=\"10px\" column_element_direction_desktop=\"default\" column_element_spacing=\"default\" desktop_text_alignment=\"default\" tablet_text_alignment=\"default\" phone_text_alignment=\"default\" background_color=\"#000000&#8243; background_color_opacity=\"1&#8243; background_hover_color_opacity=\"1&#8243; column_backdrop_filter=\"none\" font_color=\"#ffffff\" column_shadow=\"none\" column_border_radius=\"none\" column_link_target=\"_self\" overflow=\"visible\" gradient_direction=\"left_to_right\" overlay_strength=\"0.3&#8243; width=\"1\/1&#8243; tablet_width_inherit=\"default\" animation_type=\"default\" bg_image_animation=\"none\" border_type=\"simple\" column_border_width=\"none\" column_border_style=\"solid\" column_padding_type=\"default\" gradient_type=\"default\"][nectar_highlighted_text color_type=\"regular\" highlight_color=\"#ffffff\" text_color=\"#ffffff\" style=\"regular_underline\" highlight_expansion=\"default\" underline_thickness=\"2px\"]\n<h2><em>DVP LC 305<\/em><\/h2>\n[\/nectar_highlighted_text][nectar_responsive_text inherited_font_style=\"default\"]<strong>Nennleistung<\/strong> m\u00b3\/h 50 Hz \/ 60 Hz | <strong>305 \/ 365<\/strong><br \/>\n<label><strong>Maximale Wasserdampf-Pumpleistung<\/strong> kg\/h |<strong> 5<br \/>\n<\/strong><\/label><label><label><strong>Gesamt-Enddruck<\/strong> mbar (Ass.) |<strong> 0,1<\/strong><\/label><br \/>\n<\/label><label><strong>Motorleistung<\/strong> kW 50 Hz \/ 60 Hz | <strong>7,5 \/ 8,6<\/strong><\/label>[\/nectar_responsive_text][nectar_btn size=\"medium\" open_new_tab=\"true\" button_style=\"regular\" button_color_2=\"Extra-Color-3&#8243; solid_text_color_override=\"#e54040&#8243; icon_family=\"fontawesome\" text=\"Datenblatt herunterladen\" url=\"https:\/\/www.dovac.nl\/wp-content\/uploads\/2024\/01\/C.9603040LC205-9603041LC305-14-1.pdf\" icon_fontawesome=\"fa fa-file-pdf-o\" margin_right=\"10&#8243;][nectar_btn size=\"medium\" open_new_tab=\"true\" button_style=\"regular\" button_color_2=\"Extra-Color-3&#8243; solid_text_color_override=\"#e54040&#8243; icon_family=\"fontawesome\" text=\"Download Ersatzteilliste\" url=\"https:\/\/www.dovac.nl\/wp-content\/uploads\/2024\/01\/8711017_9603041_LC305-1-1.pdf\" icon_fontawesome=\"fa fa-file-pdf-o\"][\/vc_column_inner][\/vc_row_inner][\/vc_column][\/vc_row]\n","protected":false},"excerpt":{"rendered":"<p>[vc_row type=\"full_width_background\" full_screen_row_position=\"middle\" column_margin=\"custom\" column_direction=\"default\" column_direction_tablet=\"default\" column_direction_phone=\"default\" scene_position=\"center\" top_padding=\"5%\" constrain_group_1=\"yes\" bottom_padding=\"5%\" bottom_padding_phone=\"0&#8243; text_color=\"dark\" text_align=\"left\" row_border_radius=\"none\" row_border_radius_applies=\"bg\" row_position_desktop=\"default\" row_position_tablet=\"inherit\" row_position_phone=\"inherit\" overflow=\"visible\" overlay_strength=\"0.3&#8243; gradient_direction=\"left_to_right\" shape_divider_position=\"bottom\" bg_image_animation=\"none\" shape_type=\"\" gradient_type=\"default\"][vc_column column_padding=\"no-extra-padding\" column_padding_tablet=\"inherit\" column_padding_phone=\"inherit\" column_padding_position=\"all\"&#8230;<\/p>\n","protected":false},"author":1,"featured_media":3885,"parent":3863,"menu_order":0,"comment_status":"closed","ping_status":"closed","template":"","meta":{"footnotes":""},"class_list":["post-3905","page","type-page","status-publish","has-post-thumbnail"],"_links":{"self":[{"href":"https:\/\/www.dovac.nl\/de\/wp-json\/wp\/v2\/pages\/3905","targetHints":{"allow":["GET"]}}],"collection":[{"href":"https:\/\/www.dovac.nl\/de\/wp-json\/wp\/v2\/pages"}],"about":[{"href":"https:\/\/www.dovac.nl\/de\/wp-json\/wp\/v2\/types\/page"}],"author":[{"embeddable":true,"href":"https:\/\/www.dovac.nl\/de\/wp-json\/wp\/v2\/users\/1"}],"replies":[{"embeddable":true,"href":"https:\/\/www.dovac.nl\/de\/wp-json\/wp\/v2\/comments?post=3905"}],"version-history":[{"count":23,"href":"https:\/\/www.dovac.nl\/de\/wp-json\/wp\/v2\/pages\/3905\/revisions"}],"predecessor-version":[{"id":13574,"href":"https:\/\/www.dovac.nl\/de\/wp-json\/wp\/v2\/pages\/3905\/revisions\/13574"}],"up":[{"embeddable":true,"href":"https:\/\/www.dovac.nl\/de\/wp-json\/wp\/v2\/pages\/3863"}],"wp:featuredmedia":[{"embeddable":true,"href":"https:\/\/www.dovac.nl\/de\/wp-json\/wp\/v2\/media\/3885"}],"wp:attachment":[{"href":"https:\/\/www.dovac.nl\/de\/wp-json\/wp\/v2\/media?parent=3905"}],"curies":[{"name":"wp","href":"https:\/\/api.w.org\/{rel}","templated":true}]}}