{"id":3911,"date":"2024-01-20T11:28:21","date_gmt":"2024-01-20T10:28:21","guid":{"rendered":"https:\/\/www.dovac.nl\/klauenpumpen-cpap-duplex-cpap-triplex\/"},"modified":"2025-12-10T09:06:41","modified_gmt":"2025-12-10T08:06:41","slug":"klauenpumpen-cpap-duplex-cpap-triplex","status":"publish","type":"page","link":"https:\/\/www.dovac.nl\/de\/vakuumpumpen\/krallen\/klauenpumpen-cpap-duplex-cpap-triplex\/","title":{"rendered":"CPAP DUPLEX \/ TRIPLEX"},"content":{"rendered":"[vc_row type=\"full_width_background\" full_screen_row_position=\"middle\" column_margin=\"custom\" column_direction=\"default\" column_direction_tablet=\"default\" column_direction_phone=\"default\" scene_position=\"center\" top_padding=\"5%\" constrain_group_1=\"yes\" bottom_padding=\"5%\" bottom_padding_phone=\"0&#8243; text_color=\"dark\" text_align=\"left\" row_border_radius=\"none\" row_border_radius_applies=\"bg\" overflow=\"visible\" overlay_strength=\"0.3&#8243; gradient_direction=\"left_to_right\" shape_divider_position=\"bottom\" bg_image_animation=\"none\" shape_type=\"\" gradient_type=\"default\"][vc_column column_padding=\"no-extra-padding\" column_padding_tablet=\"inherit\" column_padding_phone=\"inherit\" column_padding_position=\"all\" column_element_direction_desktop=\"default\" column_element_spacing=\"default\" desktop_text_alignment=\"default\" tablet_text_alignment=\"default\" phone_text_alignment=\"default\" sticky_content=\"true\" sticky_content_functionality=\"css\" sticky_content_alignment=\"default\" background_color_opacity=\"1&#8243; background_hover_color_opacity=\"1&#8243; column_backdrop_filter=\"none\" font_color=\"#004982&#8243; column_shadow=\"none\" column_border_radius=\"none\" column_link_target=\"_self\" column_position=\"default\" gradient_direction=\"left_to_right\" overlay_strength=\"0.3&#8243; width=\"1\/3&#8243; tablet_width_inherit=\"default\" animation_type=\"default\" bg_image_animation=\"none\" border_type=\"simple\" column_border_width=\"none\" column_border_style=\"solid\" column_padding_type=\"default\" gradient_type=\"default\"][vc_row_inner column_margin=\"default\" column_direction=\"default\" column_direction_tablet=\"default\" column_direction_phone=\"default\" text_align=\"left\" row_position=\"default\" row_position_tablet=\"inherit\" row_position_phone=\"inherit\" overflow=\"visible\" pointer_events=\"all\"][vc_column_inner column_padding=\"no-extra-padding\" column_padding_tablet=\"inherit\" column_padding_phone=\"inherit\" column_padding_position=\"all\" column_element_direction_desktop=\"default\" column_element_spacing=\"default\" desktop_text_alignment=\"default\" tablet_text_alignment=\"default\" phone_text_alignment=\"default\" background_color_opacity=\"1&#8243; background_hover_color_opacity=\"1&#8243; column_backdrop_filter=\"none\" column_shadow=\"none\" column_border_radius=\"none\" column_link_target=\"_self\" overflow=\"visible\" gradient_direction=\"left_to_right\" overlay_strength=\"0.3&#8243; width=\"1\/1&#8243; tablet_width_inherit=\"default\" animation_type=\"default\" bg_image_animation=\"none\" border_type=\"simple\" column_border_width=\"none\" column_border_style=\"solid\" column_padding_type=\"default\" gradient_type=\"default\"][image_with_animation image_url=\"1857&#8243; image_size=\"full\" animation_type=\"entrance\" animation=\"None\" animation_movement_type=\"transform_y\" hover_animation=\"none\" alignment=\"\" border_radius=\"15px\" box_shadow=\"small_depth\" image_loading=\"default\" max_width=\"100%\" max_width_mobile=\"default\"][\/vc_column_inner][\/vc_row_inner][vc_row_inner column_margin=\"default\" column_direction=\"default\" column_direction_tablet=\"default\" column_direction_phone=\"default\" text_align=\"left\" row_position=\"default\" row_position_tablet=\"inherit\" row_position_phone=\"inherit\" zindex=\"999&#8243; overflow=\"visible\" pointer_events=\"all\"][vc_column_inner column_padding=\"no-extra-padding\" column_padding_tablet=\"inherit\" column_padding_phone=\"inherit\" column_padding_position=\"all\" column_element_direction_desktop=\"default\" column_element_spacing=\"default\" desktop_text_alignment=\"default\" tablet_text_alignment=\"default\" phone_text_alignment=\"default\" background_color_opacity=\"1&#8243; background_hover_color_opacity=\"1&#8243; column_backdrop_filter=\"none\" font_color=\"#000000&#8243; column_shadow=\"none\" column_border_radius=\"none\" column_link_target=\"_self\" overflow=\"visible\" gradient_direction=\"left_to_right\" overlay_strength=\"0.3&#8243; width=\"1\/1&#8243; tablet_width_inherit=\"default\" animation_type=\"default\" bg_image_animation=\"none\" border_type=\"simple\" column_border_width=\"none\" column_border_style=\"dashed\" column_padding_type=\"default\" gradient_type=\"default\"][nectar_highlighted_text color_type=\"regular\" text_color=\"#000000&#8243; style=\"full_text\" highlight_expansion=\"default\"]\n<h4>Nennleistung: 310 - 750 m <sup>3\/h<\/sup><\/h4>\n[\/nectar_highlighted_text][vc_column_text]Die doppelten und dreifachen Klauenpumpen CPAP-Vakuumerzeuger PA 155 und PA 315 von DVP wurden speziell f\u00fcr den Einsatz in zentralisierten Vakuumsystemen entwickelt. Sie sind so konzipiert, dass sie einen bestimmten Unterdruck im System erzeugen und aufrechterhalten, der den korrekten Betrieb der Hochdruckger\u00e4te erm\u00f6glicht.<\/p>\n<p>CPAP-Vakuumger\u00e4te bieten einen Energiesparvorteil dank des automatischen Starts, der nur auf Wunsch des Benutzers aktiviert wird.[\/vc_column_text][\/vc_column_inner][\/vc_row_inner][\/vc_column][vc_column column_padding=\"no-extra-padding\" column_padding_tablet=\"inherit\" column_padding_phone=\"inherit\" column_padding_position=\"all\" column_element_direction_desktop=\"default\" column_element_spacing=\"10px\" desktop_text_alignment=\"default\" tablet_text_alignment=\"default\" phone_text_alignment=\"default\" background_color_opacity=\"1&#8243; background_hover_color_opacity=\"1&#8243; column_backdrop_filter=\"none\" column_shadow=\"none\" column_border_radius=\"none\" column_link_target=\"_self\" column_position=\"default\" gradient_direction=\"left_to_right\" overlay_strength=\"0.3&#8243; width=\"2\/3&#8243; tablet_width_inherit=\"small_desktop\" animation_type=\"default\" bg_image_animation=\"none\" border_type=\"simple\" column_border_width=\"none\" column_border_style=\"solid\" column_padding_type=\"default\" gradient_type=\"default\"][vc_row_inner column_margin=\"default\" column_direction=\"default\" column_direction_tablet=\"default\" column_direction_phone=\"default\" text_align=\"left\" row_position=\"default\" row_position_tablet=\"inherit\" row_position_phone=\"inherit\" overflow=\"visible\" pointer_events=\"all\"][vc_column_inner column_padding=\"padding-5-percent\" column_padding_tablet=\"inherit\" column_padding_phone=\"padding-3-percent\" column_padding_position=\"all\" column_element_direction_desktop=\"default\" column_element_spacing=\"default\" desktop_text_alignment=\"default\" tablet_text_alignment=\"default\" phone_text_alignment=\"default\" background_color_opacity=\"1&#8243; background_hover_color_opacity=\"1&#8243; column_backdrop_filter=\"none\" font_color=\"#000000&#8243; column_shadow=\"none\" column_border_radius=\"none\" column_link_target=\"_self\" overflow=\"visible\" gradient_direction=\"left_to_right\" overlay_strength=\"0.3&#8243; width=\"1\/1&#8243; tablet_width_inherit=\"default\" animation_type=\"default\" bg_image_animation=\"none\" border_type=\"simple\" column_border_width=\"4px\" column_border_color=\"#000000&#8243; column_border_style=\"dashed\" column_padding_type=\"default\" gradient_type=\"default\"][nectar_highlighted_text color_type=\"regular\" text_color=\"#000000&#8243; style=\"full_text\" highlight_expansion=\"default\"]\n<h1>Klauenpumpen DVP CPAP DUPLEX \/ CPAP TRIPLEX<\/h1>\n[\/nectar_highlighted_text][vc_column_text]Die DVP CPAP Duplex- und CPAP Triplex-Systeme geh\u00f6ren zur Standardausstattung:<\/p>\n<ul>\n<li>Zwei oder drei Klauenpumpen PA 155\/PA 315 komplett mit Elektromotor, platzsparend auf einem vertikalen Tr\u00e4ger montiert<\/li>\n<li>FCM-Patronenfilter zum Schutz der Pumpen vor dem Ansaugen von Verunreinigungen in das System<\/li>\n<li>Kugelhahn am Einlass jeder einzelnen Pumpe, um sie w\u00e4hrend der Wartung vom System zu isolieren<\/li>\n<li>Elektrische Steuertafel (Standardversorgung 400V 50-60Hz), die alle Einstellungs- und \u00dcberwachungsvorg\u00e4nge der Betriebsparameter verwaltet<\/li>\n<li>Verstellbare St\u00fctzf\u00fc\u00dfe mit Schwingungsd\u00e4mpfern, um das Steuerger\u00e4t zu nivellieren<\/li>\n<\/ul>\n<p><b>Hauptanwendungsbereiche:<\/b> Evakuierung von An\u00e4sthesiegas, medizinisches Vakuum, pneumatischer Transport, Inertgasbehandlung, Milchsysteme, Holzverarbeitung, Teigwarenfabriken, Verpackung, Wasserbel\u00fcftung, Vakuum f\u00fcr die chemisch-pharmazeutische Industrie, Druck und Bodenbel\u00fcftung. von An\u00e4sthesiegasen, medizinisches Vakuum, pneumatische F\u00f6rderung, Inertgasbehandlung, Milchsysteme, Holzverarbeitung, Teigwarenfabriken, Verpackung, Wasserbel\u00fcftung, Vakuum f\u00fcr die chemisch-pharmazeutische Industrie, Druck und Bodenbel\u00fcftung.[\/vc_column_text][nectar_btn size=\"large\" button_style=\"see-through-3d\" color_override=\"#e54040&#8243; text=\"KONTAKTIEREN SIE UNS\" url=\"https:\/\/www.dovac.nl\/de\/kontakt\/\"][\/vc_column_inner][\/vc_row_inner][vc_row_inner column_margin=\"default\" column_direction=\"default\" column_direction_tablet=\"default\" column_direction_phone=\"default\" top_padding=\"5%\" text_align=\"left\" row_position=\"default\" row_position_tablet=\"inherit\" row_position_phone=\"inherit\" overflow=\"visible\" pointer_events=\"all\"][vc_column_inner column_padding=\"padding-4-percent\" column_padding_tablet=\"inherit\" column_padding_phone=\"inherit\" column_padding_position=\"all\" column_element_direction_desktop=\"default\" column_element_spacing=\"default\" desktop_text_alignment=\"default\" tablet_text_alignment=\"default\" phone_text_alignment=\"default\" background_color=\"#000000&#8243; background_color_opacity=\"1&#8243; background_hover_color_opacity=\"1&#8243; column_backdrop_filter=\"none\" font_color=\"#ffffff\" column_shadow=\"none\" column_border_radius=\"none\" column_link_target=\"_self\" overflow=\"visible\" gradient_direction=\"left_to_right\" overlay_strength=\"0.3&#8243; width=\"1\/1&#8243; tablet_width_inherit=\"default\" animation_type=\"default\" bg_image_animation=\"none\" border_type=\"simple\" column_border_width=\"none\" column_border_style=\"solid\" column_padding_type=\"default\" gradient_type=\"default\"][nectar_highlighted_text color_type=\"regular\" highlight_color=\"#ffffff\" text_color=\"#ffffff\" style=\"regular_underline\" highlight_expansion=\"default\" underline_thickness=\"2px\"]\n<h2><em>DVP CPAP 2&#215;155<\/em><\/h2>\n[\/nectar_highlighted_text][nectar_responsive_text]<strong>Nennleistung<\/strong> m\u00b3\/h 50 Hz \/ 60 Hz |<strong> 310 \/ 310\/182,6<\/strong><br \/>\n<label><strong>Gesamtenddruck <\/strong>mbar (Ass.) |<strong> 150\/112,5\/25,50<\/strong><br \/>\n<\/label><label><strong>Motorleistung<\/strong> kW 50 Hz \/ 60 Hz | <strong>2x 3.0\/2x 4.0<\/strong><\/label>[\/nectar_responsive_text][nectar_btn size=\"medium\" open_new_tab=\"true\" button_style=\"regular\" button_color_2=\"Extra-Color-3&#8243; solid_text_color_override=\"#e54040&#8243; icon_family=\"fontawesome\" text=\"Datenblatt herunterladen\" url=\"https:\/\/www.dovac.nl\/wp-content\/uploads\/2024\/01\/C.CPAP2-MY22.pdf\" icon_fontawesome=\"fa fa-file-pdf-o\" margin_right=\"10&#8243;][\/vc_column_inner][\/vc_row_inner][vc_row_inner column_margin=\"default\" column_direction=\"default\" column_direction_tablet=\"default\" column_direction_phone=\"default\" top_padding=\"5%\" text_align=\"left\" row_position=\"default\" row_position_tablet=\"inherit\" row_position_phone=\"inherit\" overflow=\"visible\" pointer_events=\"all\"][vc_column_inner column_padding=\"padding-4-percent\" column_padding_tablet=\"inherit\" column_padding_phone=\"inherit\" column_padding_position=\"all\" column_element_direction_desktop=\"default\" column_element_spacing=\"default\" desktop_text_alignment=\"default\" tablet_text_alignment=\"default\" phone_text_alignment=\"default\" background_color=\"#000000&#8243; background_color_opacity=\"1&#8243; background_hover_color_opacity=\"1&#8243; column_backdrop_filter=\"none\" font_color=\"#ffffff\" column_shadow=\"none\" column_border_radius=\"none\" column_link_target=\"_self\" overflow=\"visible\" gradient_direction=\"left_to_right\" overlay_strength=\"0.3&#8243; width=\"1\/1&#8243; tablet_width_inherit=\"default\" animation_type=\"default\" bg_image_animation=\"none\" border_type=\"simple\" column_border_width=\"none\" column_border_style=\"solid\" column_padding_type=\"default\" gradient_type=\"default\"][nectar_highlighted_text color_type=\"regular\" highlight_color=\"#ffffff\" text_color=\"#ffffff\" style=\"regular_underline\" highlight_expansion=\"default\" underline_thickness=\"2px\"]\n<h2><em>DVP CPAP 2&#215;315<\/em><\/h2>\n[\/nectar_highlighted_text][nectar_responsive_text]<strong>Nennleistung<\/strong> m\u00b3\/h 50 Hz \/ 60 Hz |<strong> 500\/294,5<\/strong><br \/>\n<label><strong>Gesamtenddruck <\/strong>mbar (Ass.) |<strong> 200\/150,0\/24,02<\/strong><br \/>\n<\/label><label><strong>Motorleistung<\/strong> kW 50 Hz \/ 60 Hz | <strong>2x 5.5 \/2x 7.4<\/strong><\/label>[\/nectar_responsive_text][nectar_btn size=\"medium\" open_new_tab=\"true\" button_style=\"regular\" button_color_2=\"Extra-Color-3&#8243; solid_text_color_override=\"#e54040&#8243; icon_family=\"fontawesome\" text=\"Datenblatt herunterladen\" url=\"https:\/\/www.dovac.nl\/wp-content\/uploads\/2024\/01\/C.CPAP2-MY22-1.pdf\" icon_fontawesome=\"fa fa-file-pdf-o\" margin_right=\"10&#8243;][\/vc_column_inner][\/vc_row_inner][vc_row_inner column_margin=\"default\" column_direction=\"default\" column_direction_tablet=\"default\" column_direction_phone=\"default\" top_padding=\"5%\" text_align=\"left\" row_position=\"default\" row_position_tablet=\"inherit\" row_position_phone=\"inherit\" overflow=\"visible\" pointer_events=\"all\"][vc_column_inner column_padding=\"padding-4-percent\" column_padding_tablet=\"inherit\" column_padding_phone=\"inherit\" column_padding_position=\"all\" column_element_direction_desktop=\"default\" column_element_spacing=\"default\" desktop_text_alignment=\"default\" tablet_text_alignment=\"default\" phone_text_alignment=\"default\" background_color=\"#000000&#8243; background_color_opacity=\"1&#8243; background_hover_color_opacity=\"1&#8243; column_backdrop_filter=\"none\" font_color=\"#ffffff\" column_shadow=\"none\" column_border_radius=\"none\" column_link_target=\"_self\" overflow=\"visible\" gradient_direction=\"left_to_right\" overlay_strength=\"0.3&#8243; width=\"1\/1&#8243; tablet_width_inherit=\"default\" animation_type=\"default\" bg_image_animation=\"none\" border_type=\"simple\" column_border_width=\"none\" column_border_style=\"solid\" column_padding_type=\"default\" gradient_type=\"default\"][nectar_highlighted_text color_type=\"regular\" highlight_color=\"#ffffff\" text_color=\"#ffffff\" style=\"regular_underline\" highlight_expansion=\"default\" underline_thickness=\"2px\"]\n<h2><em>DVP CPAP 3&#215;155<\/em><\/h2>\n[\/nectar_highlighted_text][nectar_responsive_text]<strong>Nennleistung<\/strong> m\u00b3\/h 50 Hz \/ 60 Hz |<strong> 465\/273,9<\/strong><br \/>\n<label><strong>Gesamtenddruck <\/strong>mbar (Ass.) |<strong> 150\/112,5\/25,50<\/strong><br \/>\n<\/label><label><strong>Motorleistung<\/strong> kW 50 Hz \/ 60 Hz | <strong>3x 3.0\/3x 4.0<\/strong><\/label>[\/nectar_responsive_text][nectar_btn size=\"medium\" open_new_tab=\"true\" button_style=\"regular\" button_color_2=\"Extra-Color-3&#8243; solid_text_color_override=\"#e54040&#8243; icon_family=\"fontawesome\" text=\"Datenblatt herunterladen\" url=\"https:\/\/www.dovac.nl\/wp-content\/uploads\/2024\/01\/C.CPAP3-MY22.pdf\" icon_fontawesome=\"fa fa-file-pdf-o\" margin_right=\"10&#8243;][\/vc_column_inner][\/vc_row_inner][vc_row_inner column_margin=\"default\" column_direction=\"default\" column_direction_tablet=\"default\" column_direction_phone=\"default\" top_padding=\"5%\" text_align=\"left\" row_position=\"default\" row_position_tablet=\"inherit\" row_position_phone=\"inherit\" overflow=\"visible\" pointer_events=\"all\"][vc_column_inner column_padding=\"padding-4-percent\" column_padding_tablet=\"inherit\" column_padding_phone=\"inherit\" column_padding_position=\"all\" column_element_direction_desktop=\"default\" column_element_spacing=\"default\" desktop_text_alignment=\"default\" tablet_text_alignment=\"default\" phone_text_alignment=\"default\" background_color=\"#000000&#8243; background_color_opacity=\"1&#8243; background_hover_color_opacity=\"1&#8243; column_backdrop_filter=\"none\" font_color=\"#ffffff\" column_shadow=\"none\" column_border_radius=\"none\" column_link_target=\"_self\" overflow=\"visible\" gradient_direction=\"left_to_right\" overlay_strength=\"0.3&#8243; width=\"1\/1&#8243; tablet_width_inherit=\"default\" animation_type=\"default\" bg_image_animation=\"none\" border_type=\"simple\" column_border_width=\"none\" column_border_style=\"solid\" column_padding_type=\"default\" gradient_type=\"default\"][nectar_highlighted_text color_type=\"regular\" highlight_color=\"#ffffff\" text_color=\"#ffffff\" style=\"regular_underline\" highlight_expansion=\"default\" underline_thickness=\"2px\"]\n<h2><em>DVP CPAP 3&#215;315<\/em><\/h2>\n[\/nectar_highlighted_text][nectar_responsive_text]<strong>Nennleistung<\/strong> m\u00b3\/h 50 Hz \/ 60 Hz |<strong> 750\/441,8<\/strong><br \/>\n<label><strong>Gesamtenddruck <\/strong>mbar (Ass.) |<strong> 200\/150,0\/24,02<\/strong><br \/>\n<\/label><label><strong>Motorleistung<\/strong> kW 50 Hz \/ 60 Hz | <strong>3x 5.5\/3x 7.4<\/strong><\/label>[\/nectar_responsive_text][nectar_btn size=\"medium\" open_new_tab=\"true\" button_style=\"regular\" button_color_2=\"Extra-Color-3&#8243; solid_text_color_override=\"#e54040&#8243; icon_family=\"fontawesome\" text=\"Datenblatt herunterladen\" url=\"https:\/\/www.dovac.nl\/wp-content\/uploads\/2024\/01\/C.CPAP3-MY22-1.pdf\" icon_fontawesome=\"fa fa-file-pdf-o\" margin_right=\"10&#8243;][\/vc_column_inner][\/vc_row_inner][\/vc_column][\/vc_row]\n","protected":false},"excerpt":{"rendered":"<p>[vc_row type=\"full_width_background\" full_screen_row_position=\"middle\" column_margin=\"custom\" column_direction=\"default\" column_direction_tablet=\"default\" column_direction_phone=\"default\" scene_position=\"center\" top_padding=\"5%\" constrain_group_1=\"yes\" bottom_padding=\"5%\" bottom_padding_phone=\"0&#8243; text_color=\"dark\" text_align=\"left\" row_border_radius=\"none\" row_border_radius_applies=\"bg\" overflow=\"visible\" overlay_strength=\"0.3&#8243; gradient_direction=\"left_to_right\" shape_divider_position=\"bottom\" bg_image_animation=\"none\" shape_type=\"\" gradient_type=\"default\"][vc_column column_padding=\"no-extra-padding\" column_padding_tablet=\"inherit\" column_padding_phone=\"inherit\" column_padding_position=\"all\" column_element_direction_desktop=\"default\" column_element_spacing=\"default\" desktop_text_alignment=\"default\"&#8230;<\/p>\n","protected":false},"author":1,"featured_media":3917,"parent":3938,"menu_order":0,"comment_status":"closed","ping_status":"closed","template":"","meta":{"footnotes":""},"class_list":["post-3911","page","type-page","status-publish","has-post-thumbnail"],"_links":{"self":[{"href":"https:\/\/www.dovac.nl\/de\/wp-json\/wp\/v2\/pages\/3911","targetHints":{"allow":["GET"]}}],"collection":[{"href":"https:\/\/www.dovac.nl\/de\/wp-json\/wp\/v2\/pages"}],"about":[{"href":"https:\/\/www.dovac.nl\/de\/wp-json\/wp\/v2\/types\/page"}],"author":[{"embeddable":true,"href":"https:\/\/www.dovac.nl\/de\/wp-json\/wp\/v2\/users\/1"}],"replies":[{"embeddable":true,"href":"https:\/\/www.dovac.nl\/de\/wp-json\/wp\/v2\/comments?post=3911"}],"version-history":[{"count":22,"href":"https:\/\/www.dovac.nl\/de\/wp-json\/wp\/v2\/pages\/3911\/revisions"}],"predecessor-version":[{"id":12975,"href":"https:\/\/www.dovac.nl\/de\/wp-json\/wp\/v2\/pages\/3911\/revisions\/12975"}],"up":[{"embeddable":true,"href":"https:\/\/www.dovac.nl\/de\/wp-json\/wp\/v2\/pages\/3938"}],"wp:featuredmedia":[{"embeddable":true,"href":"https:\/\/www.dovac.nl\/de\/wp-json\/wp\/v2\/media\/3917"}],"wp:attachment":[{"href":"https:\/\/www.dovac.nl\/de\/wp-json\/wp\/v2\/media?parent=3911"}],"curies":[{"name":"wp","href":"https:\/\/api.w.org\/{rel}","templated":true}]}}