{"id":3924,"date":"2024-01-20T10:18:33","date_gmt":"2024-01-20T09:18:33","guid":{"rendered":"https:\/\/www.dovac.nl\/vakuumpumpen\/oelgeschmiert-einstufig\/oelgeschmierte-vakuumpumpe-lc-205-kzero-lc-305-kzero\/"},"modified":"2025-12-10T08:59:29","modified_gmt":"2025-12-10T07:59:29","slug":"oelgeschmierte-vakuumpumpe-lc-205-kzero-lc-305-kzero","status":"publish","type":"page","link":"https:\/\/www.dovac.nl\/de\/vakuumpumpen\/oelgeschmiert-einstufig\/oelgeschmierte-vakuumpumpe-lc-205-kzero-lc-305-kzero\/","title":{"rendered":"LC 205 \/ 305 KZERO"},"content":{"rendered":"[vc_row type=\"full_width_background\" full_screen_row_position=\"middle\" column_margin=\"custom\" column_direction=\"default\" column_direction_tablet=\"default\" column_direction_phone=\"default\" scene_position=\"center\" top_padding=\"5%\" constrain_group_1=\"yes\" bottom_padding=\"5%\" bottom_padding_phone=\"0&#8243; text_color=\"dark\" text_align=\"left\" row_border_radius=\"none\" row_border_radius_applies=\"bg\" overflow=\"visible\" overlay_strength=\"0.3&#8243; gradient_direction=\"left_to_right\" shape_divider_position=\"bottom\" bg_image_animation=\"none\" shape_type=\"\" gradient_type=\"default\"][vc_column column_padding=\"no-extra-padding\" column_padding_tablet=\"inherit\" column_padding_phone=\"inherit\" column_padding_position=\"all\" column_element_direction_desktop=\"default\" column_element_spacing=\"default\" desktop_text_alignment=\"default\" tablet_text_alignment=\"default\" phone_text_alignment=\"default\" sticky_content=\"true\" sticky_content_functionality=\"css\" sticky_content_alignment=\"default\" background_color_opacity=\"1&#8243; background_hover_color_opacity=\"1&#8243; column_backdrop_filter=\"none\" font_color=\"#004982&#8243; column_shadow=\"none\" column_border_radius=\"none\" column_link_target=\"_self\" column_position=\"default\" gradient_direction=\"left_to_right\" overlay_strength=\"0.3&#8243; width=\"1\/3&#8243; tablet_width_inherit=\"default\" animation_type=\"default\" bg_image_animation=\"none\" border_type=\"simple\" column_border_width=\"none\" column_border_style=\"solid\" column_padding_type=\"default\" gradient_type=\"default\"][vc_row_inner column_margin=\"default\" column_direction=\"default\" column_direction_tablet=\"default\" column_direction_phone=\"default\" text_align=\"left\" row_position=\"default\" row_position_tablet=\"inherit\" row_position_phone=\"inherit\" overflow=\"visible\" pointer_events=\"all\"][vc_column_inner column_padding=\"no-extra-padding\" column_padding_tablet=\"inherit\" column_padding_phone=\"inherit\" column_padding_position=\"all\" column_element_direction_desktop=\"default\" column_element_spacing=\"default\" desktop_text_alignment=\"default\" tablet_text_alignment=\"default\" phone_text_alignment=\"default\" background_color_opacity=\"1&#8243; background_hover_color_opacity=\"1&#8243; column_backdrop_filter=\"none\" column_shadow=\"none\" column_border_radius=\"none\" column_link_target=\"_self\" overflow=\"visible\" gradient_direction=\"left_to_right\" overlay_strength=\"0.3&#8243; width=\"1\/1&#8243; tablet_width_inherit=\"default\" animation_type=\"default\" bg_image_animation=\"none\" border_type=\"simple\" column_border_width=\"none\" column_border_style=\"solid\" column_padding_type=\"default\" gradient_type=\"default\"][image_with_animation image_url=\"1660&#8243; image_size=\"full\" animation_type=\"entrance\" animation=\"None\" animation_movement_type=\"transform_y\" hover_animation=\"none\" alignment=\"\" border_radius=\"15px\" box_shadow=\"small_depth\" image_loading=\"default\" max_width=\"100%\" max_width_mobile=\"default\"][\/vc_column_inner][\/vc_row_inner][vc_row_inner column_margin=\"default\" column_direction=\"default\" column_direction_tablet=\"default\" column_direction_phone=\"default\" text_align=\"left\" row_position=\"default\" row_position_tablet=\"inherit\" row_position_phone=\"inherit\" zindex=\"999&#8243; overflow=\"visible\" pointer_events=\"all\"][vc_column_inner column_padding=\"no-extra-padding\" column_padding_tablet=\"inherit\" column_padding_phone=\"inherit\" column_padding_position=\"all\" column_element_direction_desktop=\"default\" column_element_spacing=\"default\" desktop_text_alignment=\"default\" tablet_text_alignment=\"default\" phone_text_alignment=\"default\" background_color_opacity=\"1&#8243; background_hover_color_opacity=\"1&#8243; column_backdrop_filter=\"none\" font_color=\"#000000&#8243; column_shadow=\"none\" column_border_radius=\"none\" column_link_target=\"_self\" overflow=\"visible\" gradient_direction=\"left_to_right\" overlay_strength=\"0.3&#8243; width=\"1\/1&#8243; tablet_width_inherit=\"default\" animation_type=\"default\" bg_image_animation=\"none\" border_type=\"simple\" column_border_width=\"none\" column_border_style=\"dashed\" column_padding_type=\"default\" gradient_type=\"default\"][nectar_highlighted_text color_type=\"regular\" text_color=\"#000000&#8243; style=\"full_text\" highlight_expansion=\"default\"]\n<h4>Nennleistung: 205 - 365<sup>m3\/h<\/sup> 144,3 - 215 CFM<\/h4>\n[\/nectar_highlighted_text][vc_column_text]Die neuesten geschmierten Vakuumpumpen LC 205 Kzero und LC 305 Kzero wurden speziell f\u00fcr den Einsatz in der Metallverarbeitung entwickelt, wo aufgrund des Kontakts mit L\u00f6semitteln im \u00d6l sehr widerstandsf\u00e4hige Pumpen erforderlich sind. Die speziellen Pumpen LC 205 Kzero und LC 305 Kzero von DVP sind mit runden FKM-Dichtungen ausgestattet, die f\u00fcr zus\u00e4tzliche Festigkeit und geringeren Verschlei\u00df bei Kontakt mit \u00d6l und Substanzen sorgen. Dar\u00fcber hinaus ist das serienm\u00e4\u00dfig gelieferte \u00d6l sehr gut mit den in Metallwaschanlagen \u00fcblicherweise verwendeten L\u00f6sungsmitteln kompatibel.[\/vc_column_text][\/vc_column_inner][\/vc_row_inner][\/vc_column][vc_column column_padding=\"no-extra-padding\" column_padding_tablet=\"inherit\" column_padding_phone=\"inherit\" column_padding_position=\"all\" column_element_direction_desktop=\"default\" column_element_spacing=\"10px\" desktop_text_alignment=\"default\" tablet_text_alignment=\"default\" phone_text_alignment=\"default\" background_color_opacity=\"1&#8243; background_hover_color_opacity=\"1&#8243; column_backdrop_filter=\"none\" column_shadow=\"none\" column_border_radius=\"none\" column_link_target=\"_self\" column_position=\"default\" gradient_direction=\"left_to_right\" overlay_strength=\"0.3&#8243; width=\"2\/3&#8243; tablet_width_inherit=\"small_desktop\" animation_type=\"default\" bg_image_animation=\"none\" border_type=\"simple\" column_border_width=\"none\" column_border_style=\"solid\" column_padding_type=\"default\" gradient_type=\"default\"][vc_row_inner column_margin=\"default\" column_direction=\"default\" column_direction_tablet=\"default\" column_direction_phone=\"default\" text_align=\"left\" row_position=\"default\" row_position_tablet=\"inherit\" row_position_phone=\"inherit\" overflow=\"visible\" pointer_events=\"all\"][vc_column_inner column_padding=\"padding-5-percent\" column_padding_tablet=\"inherit\" column_padding_phone=\"padding-3-percent\" column_padding_position=\"all\" column_element_direction_desktop=\"default\" column_element_spacing=\"default\" desktop_text_alignment=\"default\" tablet_text_alignment=\"default\" phone_text_alignment=\"default\" background_color_opacity=\"1&#8243; background_hover_color_opacity=\"1&#8243; column_backdrop_filter=\"none\" font_color=\"#000000&#8243; column_shadow=\"none\" column_border_radius=\"none\" column_link_target=\"_self\" overflow=\"visible\" gradient_direction=\"left_to_right\" overlay_strength=\"0.3&#8243; width=\"1\/1&#8243; tablet_width_inherit=\"default\" animation_type=\"default\" bg_image_animation=\"none\" border_type=\"simple\" column_border_width=\"4px\" column_border_color=\"#000000&#8243; column_border_style=\"dashed\" column_padding_type=\"default\" gradient_type=\"default\"][nectar_highlighted_text color_type=\"regular\" text_color=\"#000000&#8243; style=\"full_text\" highlight_expansion=\"default\"]\n<h1>\u00d6lgeschmierte Vakuumpumpe DVP LC 205 KZERO \/ DVP LC 305 KZERO<\/h1>\n[\/nectar_highlighted_text][vc_column_text]Die Vakuumpumpen LC 205 Kzero und LC 305 Kzero sind robust konstruiert, um die strengen Anforderungen der Metallverarbeitung zu erf\u00fcllen. Diese Pumpen sind mit mehreren fortschrittlichen Funktionen ausgestattet, wie z.B. einem \u00d6lr\u00fcckschlagventil, einem Auslassreiniger und einem automatischen Schwimmer-\u00d6lr\u00fcckgewinnungsventil, die einen effizienten und sauberen Betrieb gew\u00e4hrleisten. Der Bypass-\u00d6lfilter und das Motorgetriebe mit flexibler Kupplung verbessern die Haltbarkeit und Zuverl\u00e4ssigkeit der Pumpe weiter. Das SYN HP 110 \u00d6lpaket wurde speziell entwickelt, um unter den rauen Bedingungen der Metallwaschprozesse optimal zu funktionieren.<\/p>\n<h3>Speziell f\u00fcr Anwendungen in der Metallbearbeitung entwickelt<\/h3>\n<p>Die LC 205 Kzero und LC 305 Kzero wurden speziell f\u00fcr die rauen Umgebungsbedingungen in der Metallverarbeitung entwickelt, wo der Kontakt mit L\u00f6sungsmitteln eine h\u00e4ufige Herausforderung darstellt. Diese Pumpen verf\u00fcgen \u00fcber runde FKM-Dichtungen, die f\u00fcr zus\u00e4tzliche Festigkeit und geringeren Verschlei\u00df sorgen, was beim Umgang mit \u00d6l und anderen aggressiven Substanzen, die in Metallwaschanlagen vorkommen, unerl\u00e4sslich ist. Diese besonderen Konstruktionsmerkmale sorgen daf\u00fcr, dass die Pumpen LC 205 Kzero und LC 305 Kzero nicht nur effektiv, sondern auch extrem langlebig sind, selbst unter den anspruchsvollsten Bedingungen.<\/p>\n<h3>Optimale Kompatibilit\u00e4t und Leistung<\/h3>\n<p>Das \u00d6l SYN HP 110, das in den Vakuumpumpen LC 205 Kzero und LC 305 Kzero zum Einsatz kommt, wurde sorgf\u00e4ltig ausgew\u00e4hlt, um maximale Kompatibilit\u00e4t und Leistung in Metallwaschanlagen zu gew\u00e4hrleisten. Dieses \u00d6l arbeitet nahtlos mit den L\u00f6sungsmitteln zusammen, die typischerweise in diesen Anwendungen verwendet werden, und erh\u00e4lt die Integrit\u00e4t und Effizienz der Pumpe. Mit dieser Spezialausr\u00fcstung sind die Vakuumpumpen LC 205 Kzero und LC 305 Kzero in der Lage, eine zuverl\u00e4ssige und leistungsstarke L\u00f6sung f\u00fcr Industrien zu bieten, die eine hochwertige Metallbearbeitung erfordern. Dabei ist jede Komponente f\u00fcr beste Leistung und l\u00e4ngste Lebensdauer optimiert.<\/p>\n<p>Die DVP-Pumpen LC 205 Kzero und LC 305 Kzero sind standardm\u00e4\u00dfig ausgestattet mit:<\/p>\n<ul>\n<li style=\"list-style-type: none;\">\n<ul>\n<li>\u00d6lr\u00fcckschlagventil<\/li>\n<li>Auspuffreiniger<\/li>\n<li>Automatisches Schwimmer-\u00d6lr\u00fcckgewinnungsventil<\/li>\n<li>Ballast immer platziert<\/li>\n<li>Antivibration<\/li>\n<li>\u00d6lfilter mit Bypass<\/li>\n<li>Motor\u00fcbertragung mit elastischer Kupplung<\/li>\n<li>SYN HP 110 \u00d6l<\/li>\n<\/ul>\n<\/li>\n<\/ul>\n<p><b>Hauptanwendungsgebiete:<\/b> Metallw\u00e4sche.[\/vc_column_text][nectar_btn size=\"large\" button_style=\"see-through-3d\" color_override=\"#e54040&#8243; text=\"KONTAKTIEREN SIE UNS\" url=\"https:\/\/www.dovac.nl\/de\/kontakt\/\"][\/vc_column_inner][\/vc_row_inner][vc_row_inner column_margin=\"default\" column_direction=\"default\" column_direction_tablet=\"default\" column_direction_phone=\"default\" top_padding=\"5%\" text_align=\"left\" row_position=\"default\" row_position_tablet=\"inherit\" row_position_phone=\"inherit\" overflow=\"visible\" pointer_events=\"all\"][vc_column_inner column_padding=\"padding-4-percent\" column_padding_tablet=\"inherit\" column_padding_phone=\"inherit\" column_padding_position=\"all\" column_element_direction_desktop=\"default\" column_element_spacing=\"default\" desktop_text_alignment=\"default\" tablet_text_alignment=\"default\" phone_text_alignment=\"default\" background_color=\"#000000&#8243; background_color_opacity=\"1&#8243; background_hover_color_opacity=\"1&#8243; column_backdrop_filter=\"none\" font_color=\"#ffffff\" column_shadow=\"none\" column_border_radius=\"none\" column_link_target=\"_self\" overflow=\"visible\" gradient_direction=\"left_to_right\" overlay_strength=\"0.3&#8243; width=\"1\/1&#8243; tablet_width_inherit=\"default\" animation_type=\"default\" bg_image_animation=\"none\" border_type=\"simple\" column_border_width=\"none\" column_border_style=\"solid\" column_padding_type=\"default\" gradient_type=\"default\"][nectar_highlighted_text color_type=\"regular\" highlight_color=\"#ffffff\" text_color=\"#ffffff\" style=\"regular_underline\" highlight_expansion=\"default\" underline_thickness=\"2px\"]\n<h2><em>DVP LC 205 KZERO<\/em><\/h2>\n[\/nectar_highlighted_text][nectar_responsive_text]<strong>Nennleistung<\/strong> m\u00b3\/h 50 Hz \/ 60 Hz | <strong>205 \/ 245<\/strong><br \/>\n<label><strong>Maximale Wasserdampf-Pumpleistung<\/strong> kg\/h |<strong> 3,5<br \/>\n<\/strong><\/label><label><label><strong>Gesamt-Enddruck<\/strong> mbar (Ass.) |<strong> 0,3<\/strong><\/label><br \/>\n<\/label><label><strong>Motorleistung<\/strong> kW 50 Hz \/ 60 Hz | <strong>5,5 \/ 6,6<\/strong><\/label>[\/nectar_responsive_text][nectar_btn size=\"medium\" open_new_tab=\"true\" button_style=\"regular\" button_color_2=\"Extra-Color-3&#8243; solid_text_color_override=\"#e54040&#8243; icon_family=\"fontawesome\" text=\"Datenblatt herunterladen\" url=\"https:\/\/www.dovac.nl\/wp-content\/uploads\/2024\/01\/C.9603042LC205Kzero-9603043LC305Kzero-5.pdf\" icon_fontawesome=\"fa fa-file-pdf-o\" margin_right=\"10&#8243;][nectar_btn size=\"medium\" open_new_tab=\"true\" button_style=\"regular\" button_color_2=\"Extra-Color-3&#8243; solid_text_color_override=\"#e54040&#8243; icon_family=\"fontawesome\" text=\"Download Ersatzteilliste\" url=\"https:\/\/www.dovac.nl\/wp-content\/uploads\/2024\/01\/8711015_9603042_LC205Kzer-1-1.pdf\" icon_fontawesome=\"fa fa-file-pdf-o\"][\/vc_column_inner][\/vc_row_inner][vc_row_inner column_margin=\"default\" column_direction=\"default\" column_direction_tablet=\"default\" column_direction_phone=\"default\" top_padding=\"5%\" text_align=\"left\" row_position=\"default\" row_position_tablet=\"inherit\" row_position_phone=\"inherit\" overflow=\"visible\" pointer_events=\"all\"][vc_column_inner column_padding=\"padding-4-percent\" column_padding_tablet=\"inherit\" column_padding_phone=\"inherit\" column_padding_position=\"all\" column_element_direction_desktop=\"default\" column_element_spacing=\"default\" desktop_text_alignment=\"default\" tablet_text_alignment=\"default\" phone_text_alignment=\"default\" background_color=\"#000000&#8243; background_color_opacity=\"1&#8243; background_hover_color_opacity=\"1&#8243; column_backdrop_filter=\"none\" font_color=\"#ffffff\" column_shadow=\"none\" column_border_radius=\"none\" column_link_target=\"_self\" overflow=\"visible\" gradient_direction=\"left_to_right\" overlay_strength=\"0.3&#8243; width=\"1\/1&#8243; tablet_width_inherit=\"default\" animation_type=\"default\" bg_image_animation=\"none\" border_type=\"simple\" column_border_width=\"none\" column_border_style=\"solid\" column_padding_type=\"default\" gradient_type=\"default\"][nectar_highlighted_text color_type=\"regular\" highlight_color=\"#ffffff\" text_color=\"#ffffff\" style=\"regular_underline\" highlight_expansion=\"default\" underline_thickness=\"2px\"]\n<h2><em>DVP LC 305 KZERO<\/em><\/h2>\n[\/nectar_highlighted_text][nectar_responsive_text]<strong>Nennleistung<\/strong> m\u00b3\/h 50 Hz \/ 60 Hz | <strong>305 \/ 365<\/strong><br \/>\n<label><strong>Maximale Wasserdampf-Pumpleistung<\/strong> kg\/h |<strong> 5<br \/>\n<\/strong><\/label><label><label><strong>Gesamt-Enddruck<\/strong> mbar (Ass.) |<strong> 0,3<\/strong><\/label><br \/>\n<\/label><label><strong>Motorleistung<\/strong> kW 50 Hz \/ 60 Hz | <strong>7,5 \/ 9<\/strong><\/label>[\/nectar_responsive_text][nectar_btn size=\"medium\" open_new_tab=\"true\" button_style=\"regular\" button_color_2=\"Extra-Color-3&#8243; solid_text_color_override=\"#e54040&#8243; icon_family=\"fontawesome\" text=\"Datenblatt herunterladen\" url=\"https:\/\/www.dovac.nl\/wp-content\/uploads\/2024\/01\/C.9603042LC205Kzero-9603043LC305Kzero-5-1.pdf\" icon_fontawesome=\"fa fa-file-pdf-o\" margin_right=\"10&#8243;][nectar_btn size=\"medium\" open_new_tab=\"true\" button_style=\"regular\" button_color_2=\"Extra-Color-3&#8243; solid_text_color_override=\"#e54040&#8243; icon_family=\"fontawesome\" text=\"Download Ersatzteilliste\" url=\"https:\/\/www.dovac.nl\/wp-content\/uploads\/2024\/01\/8711018_9603043_LC305Kzer-1-1.pdf\" icon_fontawesome=\"fa fa-file-pdf-o\"][\/vc_column_inner][\/vc_row_inner][\/vc_column][\/vc_row]\n","protected":false},"excerpt":{"rendered":"<p>[vc_row type=\"full_width_background\" full_screen_row_position=\"middle\" column_margin=\"custom\" column_direction=\"default\" column_direction_tablet=\"default\" column_direction_phone=\"default\" scene_position=\"center\" top_padding=\"5%\" constrain_group_1=\"yes\" bottom_padding=\"5%\" bottom_padding_phone=\"0&#8243; text_color=\"dark\" text_align=\"left\" row_border_radius=\"none\" row_border_radius_applies=\"bg\" overflow=\"visible\" overlay_strength=\"0.3&#8243; gradient_direction=\"left_to_right\" shape_divider_position=\"bottom\" bg_image_animation=\"none\" shape_type=\"\" gradient_type=\"default\"][vc_column column_padding=\"no-extra-padding\" column_padding_tablet=\"inherit\" column_padding_phone=\"inherit\" column_padding_position=\"all\" column_element_direction_desktop=\"default\" column_element_spacing=\"default\" desktop_text_alignment=\"default\"&#8230;<\/p>\n","protected":false},"author":1,"featured_media":3886,"parent":3863,"menu_order":0,"comment_status":"closed","ping_status":"closed","template":"","meta":{"footnotes":""},"class_list":["post-3924","page","type-page","status-publish","has-post-thumbnail"],"_links":{"self":[{"href":"https:\/\/www.dovac.nl\/de\/wp-json\/wp\/v2\/pages\/3924","targetHints":{"allow":["GET"]}}],"collection":[{"href":"https:\/\/www.dovac.nl\/de\/wp-json\/wp\/v2\/pages"}],"about":[{"href":"https:\/\/www.dovac.nl\/de\/wp-json\/wp\/v2\/types\/page"}],"author":[{"embeddable":true,"href":"https:\/\/www.dovac.nl\/de\/wp-json\/wp\/v2\/users\/1"}],"replies":[{"embeddable":true,"href":"https:\/\/www.dovac.nl\/de\/wp-json\/wp\/v2\/comments?post=3924"}],"version-history":[{"count":31,"href":"https:\/\/www.dovac.nl\/de\/wp-json\/wp\/v2\/pages\/3924\/revisions"}],"predecessor-version":[{"id":12952,"href":"https:\/\/www.dovac.nl\/de\/wp-json\/wp\/v2\/pages\/3924\/revisions\/12952"}],"up":[{"embeddable":true,"href":"https:\/\/www.dovac.nl\/de\/wp-json\/wp\/v2\/pages\/3863"}],"wp:featuredmedia":[{"embeddable":true,"href":"https:\/\/www.dovac.nl\/de\/wp-json\/wp\/v2\/media\/3886"}],"wp:attachment":[{"href":"https:\/\/www.dovac.nl\/de\/wp-json\/wp\/v2\/media?parent=3924"}],"curies":[{"name":"wp","href":"https:\/\/api.w.org\/{rel}","templated":true}]}}