{"id":3981,"date":"2024-02-29T09:14:32","date_gmt":"2024-02-29T08:14:32","guid":{"rendered":"https:\/\/www.dovac.nl\/seitenkanal-luefter\/vakuum-1-stufig\/"},"modified":"2026-03-12T11:16:19","modified_gmt":"2026-03-12T10:16:19","slug":"vakuum-1-stufig","status":"publish","type":"page","link":"https:\/\/www.dovac.nl\/de\/seitenkanal-luefter\/vakuum-1-stufig\/","title":{"rendered":"Vakuum 1-stufig"},"content":{"rendered":"[vc_row type=\"full_width_background\" full_screen_row_position=\"middle\" column_margin=\"custom\" column_direction=\"default\" column_direction_tablet=\"default\" column_direction_phone=\"default\" scene_position=\"center\" top_padding=\"5%\" constrain_group_1=\"yes\" bottom_padding=\"5%\" bottom_padding_phone=\"0&#8243; text_color=\"dark\" text_align=\"left\" row_border_radius=\"none\" row_border_radius_applies=\"bg\" row_position_desktop=\"default\" row_position_tablet=\"inherit\" row_position_phone=\"inherit\" overflow=\"visible\" overlay_strength=\"0.3&#8243; gradient_direction=\"left_to_right\" shape_divider_position=\"bottom\" bg_image_animation=\"none\" shape_type=\"\" gradient_type=\"default\"][vc_column column_padding=\"no-extra-padding\" column_padding_tablet=\"inherit\" column_padding_phone=\"inherit\" column_padding_position=\"all\" flex_gap_desktop=\"10px\" column_element_direction_desktop=\"default\" column_element_spacing=\"default\" desktop_text_alignment=\"default\" tablet_text_alignment=\"default\" phone_text_alignment=\"default\" sticky_content=\"true\" sticky_content_functionality=\"css\" sticky_content_alignment=\"default\" background_color_opacity=\"1&#8243; background_hover_color_opacity=\"1&#8243; column_backdrop_filter=\"none\" font_color=\"#004982&#8243; column_shadow=\"none\" column_border_radius=\"none\" column_link_target=\"_self\" column_position=\"default\" gradient_direction=\"left_to_right\" overlay_strength=\"0.3&#8243; width=\"1\/3&#8243; tablet_width_inherit=\"default\" animation_type=\"default\" bg_image_animation=\"none\" border_type=\"simple\" column_border_width=\"none\" column_border_style=\"solid\" column_padding_type=\"default\" gradient_type=\"default\"][vc_row_inner column_margin=\"default\" column_direction=\"default\" column_direction_tablet=\"default\" column_direction_phone=\"default\" text_align=\"left\" row_position=\"default\" row_position_tablet=\"inherit\" row_position_phone=\"inherit\" overflow=\"visible\" pointer_events=\"all\"][vc_column_inner column_padding=\"no-extra-padding\" column_padding_tablet=\"inherit\" column_padding_phone=\"inherit\" column_padding_position=\"all\" flex_gap_desktop=\"10px\" column_element_direction_desktop=\"default\" column_element_spacing=\"default\" desktop_text_alignment=\"default\" tablet_text_alignment=\"default\" phone_text_alignment=\"default\" background_color_opacity=\"1&#8243; background_hover_color_opacity=\"1&#8243; column_backdrop_filter=\"none\" column_shadow=\"none\" column_border_radius=\"none\" column_link_target=\"_self\" overflow=\"visible\" gradient_direction=\"left_to_right\" overlay_strength=\"0.3&#8243; width=\"1\/1&#8243; tablet_width_inherit=\"default\" animation_type=\"default\" bg_image_animation=\"none\" border_type=\"simple\" column_border_width=\"none\" column_border_style=\"solid\" column_padding_type=\"default\" gradient_type=\"default\"][image_with_animation image_url=\"2761&#8243; image_size=\"full\" max_width=\"100%\" max_width_mobile=\"default\" animation_type=\"entrance\" animation=\"None\" animation_movement_type=\"transform_y\" hover_animation=\"none\" alignment=\"\" border_radius=\"15px\" box_shadow=\"small_depth\" image_loading=\"default\"][\/vc_column_inner][\/vc_row_inner][\/vc_column][vc_column column_padding=\"no-extra-padding\" column_padding_tablet=\"inherit\" column_padding_phone=\"inherit\" column_padding_position=\"all\" flex_gap_desktop=\"10px\" column_element_direction_desktop=\"default\" column_element_spacing=\"10px\" desktop_text_alignment=\"default\" tablet_text_alignment=\"default\" phone_text_alignment=\"default\" background_color_opacity=\"1&#8243; background_hover_color_opacity=\"1&#8243; column_backdrop_filter=\"none\" column_shadow=\"none\" column_border_radius=\"none\" column_link_target=\"_self\" column_position=\"default\" gradient_direction=\"left_to_right\" overlay_strength=\"0.3&#8243; width=\"2\/3&#8243; tablet_width_inherit=\"small_desktop\" animation_type=\"default\" bg_image_animation=\"none\" border_type=\"simple\" column_border_width=\"none\" column_border_style=\"solid\" column_padding_type=\"default\" gradient_type=\"default\"][vc_row_inner column_margin=\"default\" column_direction=\"default\" column_direction_tablet=\"default\" column_direction_phone=\"default\" text_align=\"left\" row_position=\"default\" row_position_tablet=\"inherit\" row_position_phone=\"inherit\" overflow=\"visible\" pointer_events=\"all\"][vc_column_inner column_padding=\"padding-5-percent\" column_padding_tablet=\"inherit\" column_padding_phone=\"padding-3-percent\" column_padding_position=\"all\" flex_gap_desktop=\"10px\" column_element_direction_desktop=\"default\" column_element_spacing=\"default\" desktop_text_alignment=\"default\" tablet_text_alignment=\"default\" phone_text_alignment=\"default\" background_color_opacity=\"1&#8243; background_hover_color_opacity=\"1&#8243; column_backdrop_filter=\"none\" font_color=\"#000000&#8243; column_shadow=\"none\" column_border_radius=\"none\" column_link_target=\"_self\" overflow=\"visible\" gradient_direction=\"left_to_right\" overlay_strength=\"0.3&#8243; width=\"1\/1&#8243; tablet_width_inherit=\"default\" animation_type=\"default\" bg_image_animation=\"none\" border_type=\"simple\" column_border_width=\"4px\" column_border_color=\"#000000&#8243; column_border_style=\"dashed\" column_padding_type=\"default\" gradient_type=\"default\"][nectar_highlighted_text color_type=\"regular\" text_color=\"#000000&#8243; style=\"full_text\" highlight_expansion=\"default\"]\n<h1>Dovac Vakuum 1-stufig<\/h1>\n[\/nectar_highlighted_text][vc_column_text]\n<h2>Effizienz und Zuverl\u00e4ssigkeit<\/h2>\n<p>Ein Seitenkanalgebl\u00e4se, auch Gebl\u00e4se genannt, erzeugt ein Vakuum, indem es Luft oder Gas bewegt. 1-stufige Seitenkanalgebl\u00e4se werden h\u00e4ufig f\u00fcr Anwendungen eingesetzt, bei denen ein relativ geringes Vakuum erforderlich ist, z. B. zum Abpumpen von Luft aus Vakuumbeuteln in der Verpackungsindustrie, zum Entfernen von Luft aus medizinischen Ger\u00e4ten oder zur Erzeugung von Unterdruck in Vakuumhebeger\u00e4ten. DOVAC-Seitenkanalgebl\u00e4se sind wegen ihrer kompakten Gr\u00f6\u00dfe, einfachen Bedienung und Wartung beliebt und k\u00f6nnen in Umgebungen eingesetzt werden, in denen eine \u00f6lfreie Verdichtung erforderlich ist. Dabei sind sie effizient und zuverl\u00e4ssig bei Anwendungen, die einen geringen Differenzdruck erfordern.[\/vc_column_text][nectar_btn size=\"large\" button_style=\"see-through-3d\" color_override=\"#e54040&#8243; text=\"KONTAKTIEREN SIE UNS\" url=\"https:\/\/www.dovac.nl\/contact\/\"][\/vc_column_inner][\/vc_row_inner][vc_row_inner column_margin=\"default\" column_direction=\"default\" column_direction_tablet=\"default\" column_direction_phone=\"default\" top_padding=\"5%\" text_align=\"left\" row_position=\"default\" row_position_tablet=\"inherit\" row_position_phone=\"inherit\" overflow=\"visible\" pointer_events=\"all\"][vc_column_inner column_padding=\"padding-4-percent\" column_padding_tablet=\"inherit\" column_padding_phone=\"inherit\" column_padding_position=\"all\" flex_gap_desktop=\"10px\" column_element_direction_desktop=\"default\" column_element_spacing=\"default\" desktop_text_alignment=\"default\" tablet_text_alignment=\"default\" phone_text_alignment=\"default\" background_color=\"#000000&#8243; background_color_opacity=\"1&#8243; background_hover_color_opacity=\"1&#8243; column_backdrop_filter=\"none\" font_color=\"#ffffff\" column_shadow=\"none\" column_border_radius=\"none\" column_link_target=\"_self\" overflow=\"visible\" gradient_direction=\"left_to_right\" overlay_strength=\"0.3&#8243; width=\"1\/1&#8243; tablet_width_inherit=\"default\" animation_type=\"default\" bg_image_animation=\"none\" border_type=\"simple\" column_border_width=\"none\" column_border_style=\"solid\" column_padding_type=\"default\" gradient_type=\"default\"][nectar_highlighted_text color_type=\"regular\" highlight_color=\"#ffffff\" text_color=\"#ffffff\" style=\"regular_underline\" highlight_expansion=\"default\" underline_thickness=\"2px\"]\n<h4><em>Spezifikationen<\/em><\/h4>\n[\/nectar_highlighted_text][vc_column_text css=\"\" text_direction=\"default\"]\n<ul>\n<li>Typ ZDI-1, einstufiger Seitenkanalventilator.<\/li>\n<li>Kompakt gebautes Gebl\u00e4se<\/li>\n<li>Luftgek\u00fchlt<\/li>\n<li>Ber\u00fchrungslose Kompression<\/li>\n<li>Praktisch wartungsfrei<\/li>\n<li>Vibrationsarmer Betrieb<\/li>\n<li>Geeignet f\u00fcr \u00dcberdruck- und Vakuumanwendungen<\/li>\n<li>Einsetzbar bis zum Differenzdruck<\/li>\n<li>1-stufige Gebl\u00e4se max. 340 mbar<\/li>\n<\/ul>\n[\/vc_column_text][nectar_btn size=\"medium\" open_new_tab=\"true\" button_style=\"regular\" button_color_2=\"Extra-Color-3&#8243; solid_text_color_override=\"#e54040&#8243; icon_family=\"fontawesome\" text=\"Laden Sie das Ma\u00dfblatt herunter\" url=\"https:\/\/www.dovac.nl\/wp-content\/uploads\/2025\/12\/Dovac-maatschets-1traps-New.pdf\" icon_fontawesome=\"fa fa-file-pdf-o\" margin_right=\"10&#8243;][nectar_btn size=\"medium\" open_new_tab=\"true\" button_style=\"regular\" button_color_2=\"Extra-Color-3&#8243; solid_text_color_override=\"#e54040&#8243; icon_family=\"fontawesome\" text=\"Technische Daten herunterladen\" url=\"https:\/\/www.dovac.nl\/wp-content\/uploads\/2025\/12\/Dovac-zijkanaalventilator-1traps-vacuum-New.pdf\" icon_fontawesome=\"fa fa-file-pdf-o\"][\/vc_column_inner][\/vc_row_inner][vc_row_inner column_margin=\"default\" column_direction=\"default\" column_direction_tablet=\"default\" column_direction_phone=\"default\" top_padding=\"5%\" text_align=\"left\" row_position=\"default\" row_position_tablet=\"inherit\" row_position_phone=\"inherit\" overflow=\"visible\" pointer_events=\"all\"][vc_column_inner column_padding=\"no-extra-padding\" column_padding_tablet=\"inherit\" column_padding_phone=\"inherit\" column_padding_position=\"all\" flex_gap_desktop=\"10px\" column_element_direction_desktop=\"default\" column_element_spacing=\"default\" desktop_text_alignment=\"default\" tablet_text_alignment=\"default\" phone_text_alignment=\"default\" background_color_opacity=\"1&#8243; background_hover_color_opacity=\"1&#8243; column_backdrop_filter=\"none\" column_shadow=\"none\" column_border_radius=\"none\" column_link_target=\"_self\" overflow=\"visible\" gradient_direction=\"left_to_right\" overlay_strength=\"0.3&#8243; width=\"1\/1&#8243; tablet_width_inherit=\"default\" animation_type=\"default\" bg_image_animation=\"none\" border_type=\"simple\" column_border_width=\"none\" column_border_style=\"solid\"][vc_column_text]\n<h3>Hauptverwendungszwecke:<\/h3>\n<p><strong>Verpackungsindustrie<\/strong>: In der Verpackungsindustrie werden Seitenkanalverdichter eingesetzt, um Vakuumbedingungen zu schaffen, die f\u00fcr die Verpackung von Produkten - von Lebensmitteln bis hin zu Arzneimitteln - unerl\u00e4sslich sind. Sie bieten eine zuverl\u00e4ssige und konstante Vakuumkraft und tragen so zu effizienten Verpackungsprozessen und langfristiger Produktfrische bei.<\/p>\n<p><b>Laborforschung<\/b>: Vakuumsysteme werden in Labors f\u00fcr verschiedene Zwecke eingesetzt, z. B. f\u00fcr Verdampfungsprozesse, Materialbeschichtung und die Schaffung einer kontrollierten Umgebung f\u00fcr Experimente.<\/p>\n<p><strong>Medizinische Ger\u00e4te<\/strong>: Seitenkanalventilatoren werden h\u00e4ufig in medizinische Ger\u00e4te wie Vakuumpumpen f\u00fcr medizinische Absaugsysteme und Vakuumextraktoren integriert. Diese Anwendungen sind in Krankenh\u00e4usern, Labors und medizinischen Einrichtungen f\u00fcr Verfahren wie Chirurgie, Zahnmedizin und medizinische Forschung von entscheidender Bedeutung.<\/p>\n<p><strong>Industrieautomation<\/strong>: Seitenkanalventilatoren werden auch in der Industrieautomation eingesetzt, z. B. in Vakuumgreifern und Vakuumhebern. Sie bieten eine leistungsstarke und zuverl\u00e4ssige Vakuumquelle f\u00fcr die Handhabung und Bewegung verschiedener Materialien und Produkte in Produktionsprozessen.<\/p>\n<p><strong>Umwelttechnik<\/strong>: In der Umwelttechnik werden Seitenkanalverdichter zur Vakuumerzeugung in verschiedenen Prozessen eingesetzt, z. B. bei der Luft- und Gasreinigung, der Wasseraufbereitung und der Bodensanierung. Sie spielen eine wichtige Rolle bei der Beseitigung von Schadstoffen und der Aufrechterhaltung optimaler Umweltbedingungen.<\/p>\n<p><strong>Prozessindustrie<\/strong>: In verschiedenen Prozessindustrien, wie z. B. in der chemischen, pharmazeutischen und Lebensmittelindustrie, spielen Seitenkanalverdichter eine entscheidende Rolle bei der Schaffung von Vakuumbedingungen f\u00fcr verschiedene Prozessschritte. Von der Filtration bis zur Trocknung von Materialien bieten diese Ventilatoren eine gleichm\u00e4\u00dfige Vakuumkraft f\u00fcr einen effizienten und pr\u00e4zisen Betrieb.[\/vc_column_text][\/vc_column_inner][\/vc_row_inner][\/vc_column][\/vc_row][vc_row type=\"in_container\" full_screen_row_position=\"middle\" column_margin=\"default\" column_direction=\"default\" column_direction_tablet=\"default\" column_direction_phone=\"default\" scene_position=\"center\" text_color=\"dark\" text_align=\"left\" row_border_radius=\"none\" row_border_radius_applies=\"bg\" row_position_desktop=\"default\" row_position_tablet=\"inherit\" row_position_phone=\"inherit\" overflow=\"visible\" overlay_strength=\"0.3&#8243; gradient_direction=\"left_to_right\" shape_divider_position=\"bottom\" bg_image_animation=\"none\"][vc_column column_padding=\"no-extra-padding\" column_padding_tablet=\"inherit\" column_padding_phone=\"inherit\" column_padding_position=\"all\" flex_gap_desktop=\"10px\" column_element_direction_desktop=\"default\" column_element_spacing=\"default\" desktop_text_alignment=\"default\" tablet_text_alignment=\"default\" phone_text_alignment=\"default\" background_color_opacity=\"1&#8243; background_hover_color_opacity=\"1&#8243; column_backdrop_filter=\"none\" column_shadow=\"none\" column_border_radius=\"none\" column_link_target=\"_self\" column_position=\"default\" gradient_direction=\"left_to_right\" overlay_strength=\"0.3&#8243; width=\"1\/1&#8243; tablet_width_inherit=\"default\" animation_type=\"default\" bg_image_animation=\"none\" border_type=\"simple\" column_border_width=\"none\" column_border_style=\"solid\"][vc_column_text]\n<table width=\"100%\">\n<tbody>\n<tr>\n<td style=\"text-align: center;\" colspan=\"13\"><strong>SEITENKANALGEBL\u00c4SE F\u00dcR VAKUUMBETRIEB 50 Hz<\/strong><\/td>\n<\/tr>\n<tr>\n<td>PRESSEMITTEILUNG<\/td>\n<td colspan=\"2\">\n<div title=\"Seite 1\">\n<div>\n<div>\n<div>\n<p>mbar<\/p>\n<\/div>\n<\/div>\n<\/div>\n<\/div>\n<\/td>\n<td>50<\/td>\n<td>75<\/td>\n<td>90<\/td>\n<td>125<\/td>\n<td>150<\/td>\n<td>170<\/td>\n<td>200<\/td>\n<td>220<\/td>\n<td>250<\/td>\n<td>270<\/td>\n<\/tr>\n<tr>\n<td>TYP<\/td>\n<td>kW<\/td>\n<td>Maximale Druckdifferenz mbar<\/td>\n<td colspan=\"12\">DURCHFLUSS MIT ZUGELASSENER DRUCKDIFFERENZ m3\/h<\/td>\n<\/tr>\n<tr>\n<td>ZDI40-018-1H 1-phasig<\/td>\n<td>0,18<\/td>\n<td>60<\/td>\n<td>23<\/td>\n<td><\/td>\n<td><\/td>\n<td><\/td>\n<td><\/td>\n<td><\/td>\n<td><\/td>\n<td><\/td>\n<td><\/td>\n<td><\/td>\n<\/tr>\n<tr>\n<td>ZDI40-018-3H<\/td>\n<td>0,18<\/td>\n<td>60<\/td>\n<td>23<\/td>\n<td><\/td>\n<td><\/td>\n<td><\/td>\n<td><\/td>\n<td><\/td>\n<td><\/td>\n<td><\/td>\n<td><\/td>\n<td><\/td>\n<\/tr>\n<tr>\n<td>ZDI80-1-040-1H 1-phasig<\/td>\n<td>0,40<\/td>\n<td>130<\/td>\n<td>55<\/td>\n<td>44<\/td>\n<td>37<\/td>\n<td>15<\/td>\n<td><\/td>\n<td><\/td>\n<td><\/td>\n<td><\/td>\n<td><\/td>\n<td><\/td>\n<\/tr>\n<tr>\n<td>ZDI80-1-040-3H<\/td>\n<td>0.40<\/td>\n<td>130<\/td>\n<td>55<\/td>\n<td>44<\/td>\n<td>37<\/td>\n<td>15<\/td>\n<td><\/td>\n<td><\/td>\n<td><\/td>\n<td><\/td>\n<td><\/td>\n<td><\/td>\n<\/tr>\n<tr>\n<td>ZDI150-1-075-1H 1-phasig<\/td>\n<td>0,75<\/td>\n<td>150<\/td>\n<td>107<\/td>\n<td>89<\/td>\n<td>80<\/td>\n<td>60<\/td>\n<td>40<\/td>\n<td><\/td>\n<td><\/td>\n<td><\/td>\n<td><\/td>\n<td><\/td>\n<\/tr>\n<tr>\n<td>ZDI150-1-075-3H<\/td>\n<td>0,75<\/td>\n<td>140<\/td>\n<td>107<\/td>\n<td>89<\/td>\n<td>80<\/td>\n<td>60<\/td>\n<td>40<\/td>\n<td><\/td>\n<td><\/td>\n<td><\/td>\n<td><\/td>\n<td><\/td>\n<\/tr>\n<tr>\n<td>ZDI150-1-090-3H<\/td>\n<td>0,9<\/td>\n<td>170<\/td>\n<td>107<\/td>\n<td>89<\/td>\n<td>80<\/td>\n<td>60<\/td>\n<td>40<\/td>\n<td>25<\/td>\n<td><\/td>\n<td><\/td>\n<td><\/td>\n<td><\/td>\n<\/tr>\n<tr>\n<td>ZDI150-1-11-1H 1-phasig<\/td>\n<td>1,1<\/td>\n<td>170<\/td>\n<td>107<\/td>\n<td>89<\/td>\n<td>80<\/td>\n<td>60<\/td>\n<td>40<\/td>\n<td>25<\/td>\n<td><\/td>\n<td><\/td>\n<td><\/td>\n<td><\/td>\n<\/tr>\n<tr>\n<td>ZDI150-1-11-3H<\/td>\n<td>1,1<\/td>\n<td>180<\/td>\n<td>107<\/td>\n<td>89<\/td>\n<td>80<\/td>\n<td>60<\/td>\n<td>40<\/td>\n<td>25<\/td>\n<td><\/td>\n<td><\/td>\n<td><\/td>\n<td><\/td>\n<\/tr>\n<tr>\n<td>ZDI210-1-15-1H 1-phasig<\/td>\n<td>1,5<\/td>\n<td>185<\/td>\n<td>167<\/td>\n<td>146<\/td>\n<td>138<\/td>\n<td>110<\/td>\n<td>87<\/td>\n<td>75<\/td>\n<td><\/td>\n<td><\/td>\n<td><\/td>\n<td><\/td>\n<\/tr>\n<tr>\n<td>ZDI210-1-15-3H<\/td>\n<td>1,5<\/td>\n<td>210<\/td>\n<td>167<\/td>\n<td>146<\/td>\n<td>138<\/td>\n<td>110<\/td>\n<td>87<\/td>\n<td>75<\/td>\n<td>48<\/td>\n<td><\/td>\n<td><\/td>\n<td><\/td>\n<\/tr>\n<tr>\n<td>ZDI210-1-22-3H<\/td>\n<td>2,2<\/td>\n<td>220<\/td>\n<td>167<\/td>\n<td>146<\/td>\n<td>138<\/td>\n<td>110<\/td>\n<td>87<\/td>\n<td>75<\/td>\n<td>48<\/td>\n<td>30<\/td>\n<td><\/td>\n<td><\/td>\n<\/tr>\n<tr>\n<td>ZDI320-1-22-3H<\/td>\n<td>2,2<\/td>\n<td>230<\/td>\n<td>258<\/td>\n<td>240<\/td>\n<td>215<\/td>\n<td>195<\/td>\n<td>155<\/td>\n<td>145<\/td>\n<td>102<\/td>\n<td>95<\/td>\n<td><\/td>\n<td><\/td>\n<\/tr>\n<tr>\n<td>ZDI320-1-3-3H<\/td>\n<td>3<\/td>\n<td>250<\/td>\n<td>258<\/td>\n<td>240<\/td>\n<td>215<\/td>\n<td>195<\/td>\n<td>155<\/td>\n<td>145<\/td>\n<td>102<\/td>\n<td>95<\/td>\n<td>55<\/td>\n<td><\/td>\n<\/tr>\n<tr>\n<td>ZDI320-1-4-3H<\/td>\n<td>4<\/td>\n<td>270<\/td>\n<td>258<\/td>\n<td>240<\/td>\n<td>215<\/td>\n<td>195<\/td>\n<td>155<\/td>\n<td>145<\/td>\n<td>102<\/td>\n<td>95<\/td>\n<td>55<\/td>\n<td>40<\/td>\n<\/tr>\n<tr>\n<td>ZDI420-1-4-3<\/td>\n<td>4<\/td>\n<td>260<\/td>\n<td>340<\/td>\n<td>305<\/td>\n<td>288<\/td>\n<td>245<\/td>\n<td>215<\/td>\n<td>184<\/td>\n<td>150<\/td>\n<td>120<\/td>\n<td>82<\/td>\n<td><\/td>\n<\/tr>\n<tr>\n<td>ZDI550-1-4-3H<\/td>\n<td>4<\/td>\n<td>240<\/td>\n<td>440<\/td>\n<td>405<\/td>\n<td>400<\/td>\n<td>350<\/td>\n<td>325<\/td>\n<td>300<\/td>\n<td>255<\/td>\n<td>240<\/td>\n<td><\/td>\n<td><\/td>\n<\/tr>\n<tr>\n<td>ZDI550-1-55-3H<\/td>\n<td>5,5<\/td>\n<td>270<\/td>\n<td>440<\/td>\n<td>405<\/td>\n<td>400<\/td>\n<td>350<\/td>\n<td>325<\/td>\n<td>300<\/td>\n<td>255<\/td>\n<td>240<\/td>\n<td>200<\/td>\n<td><\/td>\n<\/tr>\n<tr>\n<td>ZDI550-1-75-3H<\/td>\n<td>7,5<\/td>\n<td>300<\/td>\n<td>440<\/td>\n<td>405<\/td>\n<td>400<\/td>\n<td>350<\/td>\n<td>325<\/td>\n<td>300<\/td>\n<td>255<\/td>\n<td>240<\/td>\n<td>200<\/td>\n<td>190<\/td>\n<\/tr>\n<tr>\n<td>ZDI800-1-75-3C<\/td>\n<td>7,5<\/td>\n<td>250<\/td>\n<td>770<\/td>\n<td>720<\/td>\n<td>700<\/td>\n<td>620<\/td>\n<td>590<\/td>\n<td>550<\/td>\n<td>500<\/td>\n<td>465<\/td>\n<td>400<\/td>\n<td><\/td>\n<\/tr>\n<tr>\n<td>ZDI800-1-11-3C<\/td>\n<td>11<\/td>\n<td>300<\/td>\n<td>770<\/td>\n<td>720<\/td>\n<td>700<\/td>\n<td>620<\/td>\n<td>590<\/td>\n<td>550<\/td>\n<td>500<\/td>\n<td>465<\/td>\n<td>400<\/td>\n<td>365<\/td>\n<\/tr>\n<tr>\n<td>\n<div title=\"Seite 1\">\n<div>\n<div>\n<div>\n<p>ZDI1100-1-13-3G<\/p>\n<\/div>\n<\/div>\n<\/div>\n<\/div>\n<\/td>\n<td>13<\/td>\n<td>300<\/td>\n<td>1000<\/td>\n<td>950<\/td>\n<td>900<\/td>\n<td>850<\/td>\n<td>800<\/td>\n<td>760<\/td>\n<td>700<\/td>\n<td>640<\/td>\n<td>550<\/td>\n<td>510<\/td>\n<\/tr>\n<\/tbody>\n<\/table>\n[\/vc_column_text][\/vc_column][\/vc_row]\n","protected":false},"excerpt":{"rendered":"<p>[vc_row type=\"full_width_background\" full_screen_row_position=\"middle\" column_margin=\"custom\" column_direction=\"default\" column_direction_tablet=\"default\" column_direction_phone=\"default\" scene_position=\"center\" top_padding=\"5%\" constrain_group_1=\"yes\" bottom_padding=\"5%\" bottom_padding_phone=\"0&#8243; text_color=\"dark\" text_align=\"left\" row_border_radius=\"none\" row_border_radius_applies=\"bg\" row_position_desktop=\"default\" row_position_tablet=\"inherit\" row_position_phone=\"inherit\" overflow=\"visible\" overlay_strength=\"0.3&#8243; gradient_direction=\"left_to_right\" shape_divider_position=\"bottom\" bg_image_animation=\"none\" shape_type=\"\" gradient_type=\"default\"][vc_column column_padding=\"no-extra-padding\" column_padding_tablet=\"inherit\" column_padding_phone=\"inherit\" column_padding_position=\"all\"&#8230;<\/p>\n","protected":false},"author":1,"featured_media":3987,"parent":3781,"menu_order":0,"comment_status":"closed","ping_status":"closed","template":"","meta":{"footnotes":""},"class_list":["post-3981","page","type-page","status-publish","has-post-thumbnail"],"_links":{"self":[{"href":"https:\/\/www.dovac.nl\/de\/wp-json\/wp\/v2\/pages\/3981","targetHints":{"allow":["GET"]}}],"collection":[{"href":"https:\/\/www.dovac.nl\/de\/wp-json\/wp\/v2\/pages"}],"about":[{"href":"https:\/\/www.dovac.nl\/de\/wp-json\/wp\/v2\/types\/page"}],"author":[{"embeddable":true,"href":"https:\/\/www.dovac.nl\/de\/wp-json\/wp\/v2\/users\/1"}],"replies":[{"embeddable":true,"href":"https:\/\/www.dovac.nl\/de\/wp-json\/wp\/v2\/comments?post=3981"}],"version-history":[{"count":28,"href":"https:\/\/www.dovac.nl\/de\/wp-json\/wp\/v2\/pages\/3981\/revisions"}],"predecessor-version":[{"id":13617,"href":"https:\/\/www.dovac.nl\/de\/wp-json\/wp\/v2\/pages\/3981\/revisions\/13617"}],"up":[{"embeddable":true,"href":"https:\/\/www.dovac.nl\/de\/wp-json\/wp\/v2\/pages\/3781"}],"wp:featuredmedia":[{"embeddable":true,"href":"https:\/\/www.dovac.nl\/de\/wp-json\/wp\/v2\/media\/3987"}],"wp:attachment":[{"href":"https:\/\/www.dovac.nl\/de\/wp-json\/wp\/v2\/media?parent=3981"}],"curies":[{"name":"wp","href":"https:\/\/api.w.org\/{rel}","templated":true}]}}