{"id":3999,"date":"2024-03-04T15:39:42","date_gmt":"2024-03-04T14:39:42","guid":{"rendered":"https:\/\/www.dovac.nl\/teile\/filter-einfuegen\/"},"modified":"2025-12-10T09:27:48","modified_gmt":"2025-12-10T08:27:48","slug":"filter-einfuegen","status":"publish","type":"page","link":"https:\/\/www.dovac.nl\/de\/teile\/filter-einfuegen\/","title":{"rendered":"Filter einf\u00fcgen"},"content":{"rendered":"[vc_row type=\"full_width_background\" full_screen_row_position=\"middle\" column_margin=\"custom\" column_direction=\"default\" column_direction_tablet=\"default\" column_direction_phone=\"default\" scene_position=\"center\" top_padding=\"5%\" constrain_group_1=\"yes\" bottom_padding=\"5%\" bottom_padding_phone=\"0&#8243; text_color=\"dark\" text_align=\"left\" row_border_radius=\"none\" row_border_radius_applies=\"bg\" overflow=\"visible\" overlay_strength=\"0.3&#8243; gradient_direction=\"left_to_right\" shape_divider_position=\"bottom\" bg_image_animation=\"none\" shape_type=\"\" gradient_type=\"default\"][vc_column column_padding=\"no-extra-padding\" column_padding_tablet=\"inherit\" column_padding_phone=\"inherit\" column_padding_position=\"all\" column_element_direction_desktop=\"default\" column_element_spacing=\"default\" desktop_text_alignment=\"default\" tablet_text_alignment=\"default\" phone_text_alignment=\"default\" sticky_content=\"true\" sticky_content_functionality=\"css\" sticky_content_alignment=\"default\" background_color_opacity=\"1&#8243; background_hover_color_opacity=\"1&#8243; column_backdrop_filter=\"none\" font_color=\"#004982&#8243; column_shadow=\"none\" column_border_radius=\"none\" column_link_target=\"_self\" column_position=\"default\" gradient_direction=\"left_to_right\" overlay_strength=\"0.3&#8243; width=\"1\/3&#8243; tablet_width_inherit=\"default\" animation_type=\"default\" bg_image_animation=\"none\" border_type=\"simple\" column_border_width=\"none\" column_border_style=\"solid\" column_padding_type=\"default\" gradient_type=\"default\"][vc_row_inner column_margin=\"default\" column_direction=\"default\" column_direction_tablet=\"default\" column_direction_phone=\"default\" text_align=\"left\" row_position=\"default\" row_position_tablet=\"inherit\" row_position_phone=\"inherit\" overflow=\"visible\" pointer_events=\"all\"][vc_column_inner column_padding=\"no-extra-padding\" column_padding_tablet=\"inherit\" column_padding_phone=\"inherit\" column_padding_position=\"all\" column_element_direction_desktop=\"default\" column_element_spacing=\"default\" desktop_text_alignment=\"default\" tablet_text_alignment=\"default\" phone_text_alignment=\"default\" background_color_opacity=\"1&#8243; background_hover_color_opacity=\"1&#8243; column_backdrop_filter=\"none\" column_shadow=\"none\" column_border_radius=\"none\" column_link_target=\"_self\" overflow=\"visible\" gradient_direction=\"left_to_right\" overlay_strength=\"0.3&#8243; width=\"1\/1&#8243; tablet_width_inherit=\"default\" animation_type=\"default\" bg_image_animation=\"none\" border_type=\"simple\" column_border_width=\"none\" column_border_style=\"solid\" column_padding_type=\"default\" gradient_type=\"default\"][image_with_animation image_url=\"2858&#8243; image_size=\"full\" animation_type=\"entrance\" animation=\"None\" animation_movement_type=\"transform_y\" hover_animation=\"none\" alignment=\"\" border_radius=\"15px\" box_shadow=\"small_depth\" image_loading=\"default\" max_width=\"100%\" max_width_mobile=\"default\"][\/vc_column_inner][\/vc_row_inner][\/vc_column][vc_column column_padding=\"no-extra-padding\" column_padding_tablet=\"inherit\" column_padding_phone=\"inherit\" column_padding_position=\"all\" column_element_direction_desktop=\"default\" column_element_spacing=\"10px\" desktop_text_alignment=\"default\" tablet_text_alignment=\"default\" phone_text_alignment=\"default\" background_color_opacity=\"1&#8243; background_hover_color_opacity=\"1&#8243; column_backdrop_filter=\"none\" column_shadow=\"none\" column_border_radius=\"none\" column_link_target=\"_self\" column_position=\"default\" gradient_direction=\"left_to_right\" overlay_strength=\"0.3&#8243; width=\"2\/3&#8243; tablet_width_inherit=\"small_desktop\" animation_type=\"default\" bg_image_animation=\"none\" border_type=\"simple\" column_border_width=\"none\" column_border_style=\"solid\" column_padding_type=\"default\" gradient_type=\"default\"][vc_row_inner column_margin=\"default\" column_direction=\"default\" column_direction_tablet=\"default\" column_direction_phone=\"default\" text_align=\"left\" row_position=\"default\" row_position_tablet=\"inherit\" row_position_phone=\"inherit\" overflow=\"visible\" pointer_events=\"all\"][vc_column_inner column_padding=\"padding-5-percent\" column_padding_tablet=\"inherit\" column_padding_phone=\"padding-3-percent\" column_padding_position=\"all\" column_element_direction_desktop=\"default\" column_element_spacing=\"default\" desktop_text_alignment=\"default\" tablet_text_alignment=\"default\" phone_text_alignment=\"default\" background_color_opacity=\"1&#8243; background_hover_color_opacity=\"1&#8243; column_backdrop_filter=\"none\" font_color=\"#000000&#8243; column_shadow=\"none\" column_border_radius=\"none\" column_link_target=\"_self\" overflow=\"visible\" gradient_direction=\"left_to_right\" overlay_strength=\"0.3&#8243; width=\"1\/1&#8243; tablet_width_inherit=\"default\" animation_type=\"default\" bg_image_animation=\"none\" border_type=\"simple\" column_border_width=\"4px\" column_border_color=\"#000000&#8243; column_border_style=\"dashed\" column_padding_type=\"default\" gradient_type=\"default\"][nectar_highlighted_text color_type=\"regular\" text_color=\"#000000&#8243; style=\"full_text\" highlight_expansion=\"default\"]\n<h1>Entdecken Sie DOVAC Einsatzfilter<\/h1>\n[\/nectar_highlighted_text][vc_column_text]\n<h2>Entscheidend f\u00fcr Luftqualit\u00e4t und Sicherheit<\/h2>\n<p>Bei den Einsatzfiltern handelt es sich um Eins\u00e4tze, die je nach Gebrauch leicht ausgetauscht werden k\u00f6nnen. Sie sind bei DOVAC in verschiedenen Ausf\u00fchrungen und Gr\u00f6\u00dfen erh\u00e4ltlich. Die Verwendung von Einsatzfiltern kann somit dazu beitragen, die Luftqualit\u00e4t zu verbessern, Gesundheits- und Sicherheitsrisiken zu verringern und spezifische Normen und Vorschriften in verschiedenen Branchen einzuhalten. Wir bieten Einsatzfilter aus Papier, aber auch aus Polyester an.<\/p>\n<p>Die Vielseitigkeit der DOVAC Einsatzfilter macht sie zu einer unverzichtbaren Komponente f\u00fcr Systeme, die auf die Aufrechterhaltung einer hohen Luftqualit\u00e4t angewiesen sind. Diese Filter sind so konzipiert, dass sie schnell und einfach ausgetauscht werden k\u00f6nnen, was die Wartungszeit und -kosten minimiert. Die gro\u00dfe Auswahl an Materialien, wie z.B. Papier und Polyester, erm\u00f6glicht es dem Benutzer, das am besten geeignete Filtermedium f\u00fcr seine speziellen Bed\u00fcrfnisse zu w\u00e4hlen. So k\u00f6nnen Unternehmen effektiver auf ver\u00e4nderte Umweltbedingungen oder Produktionsanforderungen reagieren und gleichzeitig den optimalen Betrieb ihrer Luftfiltersysteme sicherstellen.<\/p>\n<p>Dar\u00fcber hinaus ist die Verwendung von DOVAC-Einsatzfiltern ein direkter Weg zur Einhaltung von Gesundheits- und Sicherheitsvorschriften in verschiedenen industriellen und gewerblichen Umgebungen. Die Filter sorgen nicht nur f\u00fcr einen saubereren und sichereren Luftstrom, sondern tragen auch dazu bei, die Verbreitung von Krankheitserregern und Reizstoffen in der Luft zu reduzieren. Dies ist besonders wichtig in Bereichen wie dem Gesundheitswesen, wo die Kontrolle von Infektionen und die Aufrechterhaltung steriler Bedingungen eine Priorit\u00e4t ist. Mit dem Einsatz von DOVAC-Filtern k\u00f6nnen Unternehmen ein sichereres Arbeits- und Lebensumfeld schaffen und so zur allgemeinen Zufriedenheit und Gesundheit von Mitarbeitern und Kunden beitragen.[\/vc_column_text][vc_column_text]\n<h3>Einige Anwendungen:<\/h3>\n<p><b>Luftreinigung<\/b>: Einsatzfilter k\u00f6nnen zur Reinigung des Luftstroms verwendet werden, indem sie Staub, Pollen, Allergene und andere Schadstoffe entfernen. Dies ist besonders wichtig in Umgebungen, in denen saubere Luft von entscheidender Bedeutung ist, z. B. in Reinr\u00e4umen, Labors, Krankenh\u00e4usern oder anderen sensiblen Umgebungen.<\/p>\n<p><b>Feinstaubentfernung<\/b>: Spezielle Einsatzfilter, wie HEPA-Filter (High Efficiency Particulate Air), k\u00f6nnen verwendet werden, um Feinstaub, Bakterien, Viren und andere Mikropartikel aus der Luft zu entfernen. Diese Filter sind besonders effektiv in Situationen, in denen ein hohes Ma\u00df an Luftreinheit erforderlich ist, wie z. B. in der pharmazeutischen, elektronischen oder Gefahrstoff verarbeitenden Industrie.<\/p>\n<p><b>Geruchs- und Gasfiltration<\/b>: Einsatzfilter mit Aktivkohlefiltern k\u00f6nnen zur Entfernung von Ger\u00fcchen, Gasen und fl\u00fcchtigen organischen Verbindungen (VOC) aus der Luft verwendet werden. Dies kann in Situationen wichtig sein, in denen die Abluft unerw\u00fcnschte Ger\u00fcche enth\u00e4lt, wie z. B. bei Absauganlagen in K\u00fcchen, Labors oder industriellen Prozessen.<\/p>\n<p><b>Spezifische Partikelfilterung<\/b>: Je nach Anwendung k\u00f6nnen Einsatzfilter gew\u00e4hlt werden, um bestimmte Partikel oder Verunreinigungen aus dem Luftstrom zu entfernen, z. B. Chemikalien, Ru\u00dfpartikel oder sch\u00e4dliche D\u00e4mpfe.[\/vc_column_text][nectar_btn size=\"medium\" button_style=\"see-through-3d\" color_override=\"#e54040&#8243; text=\"KONTAKTIEREN SIE UNS\" url=\"https:\/\/www.dovac.nl\/de\/kontakt\/\"][\/vc_column_inner][\/vc_row_inner][\/vc_column][\/vc_row]\n","protected":false},"excerpt":{"rendered":"<p>[vc_row type=\"full_width_background\" full_screen_row_position=\"middle\" column_margin=\"custom\" column_direction=\"default\" column_direction_tablet=\"default\" column_direction_phone=\"default\" scene_position=\"center\" top_padding=\"5%\" constrain_group_1=\"yes\" bottom_padding=\"5%\" bottom_padding_phone=\"0&#8243; text_color=\"dark\" text_align=\"left\" row_border_radius=\"none\" row_border_radius_applies=\"bg\" overflow=\"visible\" overlay_strength=\"0.3&#8243; gradient_direction=\"left_to_right\" shape_divider_position=\"bottom\" bg_image_animation=\"none\" shape_type=\"\" gradient_type=\"default\"][vc_column column_padding=\"no-extra-padding\" column_padding_tablet=\"inherit\" column_padding_phone=\"inherit\" column_padding_position=\"all\" column_element_direction_desktop=\"default\" column_element_spacing=\"default\" desktop_text_alignment=\"default\"&#8230;<\/p>\n","protected":false},"author":1,"featured_media":3983,"parent":3805,"menu_order":0,"comment_status":"closed","ping_status":"closed","template":"","meta":{"footnotes":""},"class_list":["post-3999","page","type-page","status-publish","has-post-thumbnail"],"_links":{"self":[{"href":"https:\/\/www.dovac.nl\/de\/wp-json\/wp\/v2\/pages\/3999","targetHints":{"allow":["GET"]}}],"collection":[{"href":"https:\/\/www.dovac.nl\/de\/wp-json\/wp\/v2\/pages"}],"about":[{"href":"https:\/\/www.dovac.nl\/de\/wp-json\/wp\/v2\/types\/page"}],"author":[{"embeddable":true,"href":"https:\/\/www.dovac.nl\/de\/wp-json\/wp\/v2\/users\/1"}],"replies":[{"embeddable":true,"href":"https:\/\/www.dovac.nl\/de\/wp-json\/wp\/v2\/comments?post=3999"}],"version-history":[{"count":11,"href":"https:\/\/www.dovac.nl\/de\/wp-json\/wp\/v2\/pages\/3999\/revisions"}],"predecessor-version":[{"id":13041,"href":"https:\/\/www.dovac.nl\/de\/wp-json\/wp\/v2\/pages\/3999\/revisions\/13041"}],"up":[{"embeddable":true,"href":"https:\/\/www.dovac.nl\/de\/wp-json\/wp\/v2\/pages\/3805"}],"wp:featuredmedia":[{"embeddable":true,"href":"https:\/\/www.dovac.nl\/de\/wp-json\/wp\/v2\/media\/3983"}],"wp:attachment":[{"href":"https:\/\/www.dovac.nl\/de\/wp-json\/wp\/v2\/media?parent=3999"}],"curies":[{"name":"wp","href":"https:\/\/api.w.org\/{rel}","templated":true}]}}