{"id":4020,"date":"2024-03-04T15:42:33","date_gmt":"2024-03-04T14:42:33","guid":{"rendered":"https:\/\/www.dovac.nl\/teile\/schalldaempfer\/"},"modified":"2025-12-10T09:28:02","modified_gmt":"2025-12-10T08:28:02","slug":"schalldaempfer","status":"publish","type":"page","link":"https:\/\/www.dovac.nl\/de\/teile\/schalldaempfer\/","title":{"rendered":"Schalld\u00e4mpfer"},"content":{"rendered":"[vc_row type=\"full_width_background\" full_screen_row_position=\"middle\" column_margin=\"custom\" column_direction=\"default\" column_direction_tablet=\"default\" column_direction_phone=\"default\" scene_position=\"center\" top_padding=\"5%\" constrain_group_1=\"yes\" bottom_padding=\"5%\" bottom_padding_phone=\"0&#8243; text_color=\"dark\" text_align=\"left\" row_border_radius=\"none\" row_border_radius_applies=\"bg\" overflow=\"visible\" overlay_strength=\"0.3&#8243; gradient_direction=\"left_to_right\" shape_divider_position=\"bottom\" bg_image_animation=\"none\" shape_type=\"\" gradient_type=\"default\"][vc_column column_padding=\"no-extra-padding\" column_padding_tablet=\"inherit\" column_padding_phone=\"inherit\" column_padding_position=\"all\" column_element_direction_desktop=\"default\" column_element_spacing=\"default\" desktop_text_alignment=\"default\" tablet_text_alignment=\"default\" phone_text_alignment=\"default\" sticky_content=\"true\" sticky_content_functionality=\"css\" sticky_content_alignment=\"default\" background_color_opacity=\"1&#8243; background_hover_color_opacity=\"1&#8243; column_backdrop_filter=\"none\" font_color=\"#004982&#8243; column_shadow=\"none\" column_border_radius=\"none\" column_link_target=\"_self\" column_position=\"default\" gradient_direction=\"left_to_right\" overlay_strength=\"0.3&#8243; width=\"1\/3&#8243; tablet_width_inherit=\"default\" animation_type=\"default\" bg_image_animation=\"none\" border_type=\"simple\" column_border_width=\"none\" column_border_style=\"solid\" column_padding_type=\"default\" gradient_type=\"default\"][vc_row_inner column_margin=\"default\" column_direction=\"default\" column_direction_tablet=\"default\" column_direction_phone=\"default\" text_align=\"left\" row_position=\"default\" row_position_tablet=\"inherit\" row_position_phone=\"inherit\" overflow=\"visible\" pointer_events=\"all\"][vc_column_inner column_padding=\"no-extra-padding\" column_padding_tablet=\"inherit\" column_padding_phone=\"inherit\" column_padding_position=\"all\" column_element_direction_desktop=\"default\" column_element_spacing=\"default\" desktop_text_alignment=\"default\" tablet_text_alignment=\"default\" phone_text_alignment=\"default\" background_color_opacity=\"1&#8243; background_hover_color_opacity=\"1&#8243; column_backdrop_filter=\"none\" column_shadow=\"none\" column_border_radius=\"none\" column_link_target=\"_self\" overflow=\"visible\" gradient_direction=\"left_to_right\" overlay_strength=\"0.3&#8243; width=\"1\/1&#8243; tablet_width_inherit=\"default\" animation_type=\"default\" bg_image_animation=\"none\" border_type=\"simple\" column_border_width=\"none\" column_border_style=\"solid\" column_padding_type=\"default\" gradient_type=\"default\"][image_with_animation image_url=\"2861&#8243; image_size=\"full\" animation_type=\"entrance\" animation=\"None\" animation_movement_type=\"transform_y\" hover_animation=\"none\" alignment=\"\" border_radius=\"15px\" box_shadow=\"small_depth\" image_loading=\"default\" max_width=\"100%\" max_width_mobile=\"default\"][\/vc_column_inner][\/vc_row_inner][\/vc_column][vc_column column_padding=\"no-extra-padding\" column_padding_tablet=\"inherit\" column_padding_phone=\"inherit\" column_padding_position=\"all\" column_element_direction_desktop=\"default\" column_element_spacing=\"10px\" desktop_text_alignment=\"default\" tablet_text_alignment=\"default\" phone_text_alignment=\"default\" background_color_opacity=\"1&#8243; background_hover_color_opacity=\"1&#8243; column_backdrop_filter=\"none\" column_shadow=\"none\" column_border_radius=\"none\" column_link_target=\"_self\" column_position=\"default\" gradient_direction=\"left_to_right\" overlay_strength=\"0.3&#8243; width=\"2\/3&#8243; tablet_width_inherit=\"small_desktop\" animation_type=\"default\" bg_image_animation=\"none\" border_type=\"simple\" column_border_width=\"none\" column_border_style=\"solid\" column_padding_type=\"default\" gradient_type=\"default\"][vc_row_inner column_margin=\"default\" column_direction=\"default\" column_direction_tablet=\"default\" column_direction_phone=\"default\" text_align=\"left\" row_position=\"default\" row_position_tablet=\"inherit\" row_position_phone=\"inherit\" overflow=\"visible\" pointer_events=\"all\"][vc_column_inner column_padding=\"padding-5-percent\" column_padding_tablet=\"inherit\" column_padding_phone=\"padding-3-percent\" column_padding_position=\"all\" column_element_direction_desktop=\"default\" column_element_spacing=\"default\" desktop_text_alignment=\"default\" tablet_text_alignment=\"default\" phone_text_alignment=\"default\" background_color_opacity=\"1&#8243; background_hover_color_opacity=\"1&#8243; column_backdrop_filter=\"none\" font_color=\"#000000&#8243; column_shadow=\"none\" column_border_radius=\"none\" column_link_target=\"_self\" overflow=\"visible\" gradient_direction=\"left_to_right\" overlay_strength=\"0.3&#8243; width=\"1\/1&#8243; tablet_width_inherit=\"default\" animation_type=\"default\" bg_image_animation=\"none\" border_type=\"simple\" column_border_width=\"4px\" column_border_color=\"#000000&#8243; column_border_style=\"dashed\" column_padding_type=\"default\" gradient_type=\"default\"][nectar_highlighted_text color_type=\"regular\" text_color=\"#000000&#8243; style=\"full_text\" highlight_expansion=\"default\"]\n<h1>Entdecken Sie DOVAC-Schalld\u00e4mpfer<\/h1>\n[\/nectar_highlighted_text][vc_column_text]\n<h2>Effiziente Rauschunterdr\u00fcckung<\/h2>\n<p>Unsere DOVAC-Schalld\u00e4mpfer sind eine unverzichtbare Erg\u00e4nzung f\u00fcr jede Arbeitsumgebung, in der Seitenkanalventilatoren eingesetzt werden. Diese Schalld\u00e4mpfer sind genau darauf ausgelegt, den Ger\u00e4uschpegel zu senken und die L\u00e4rmbel\u00e4stigung in Ihrem Raum deutlich zu reduzieren. Wenn Sie unsere Schalld\u00e4mpfer einsetzen, wird Ihre Arbeitsumgebung nicht nur leiser, sondern auch produktiver. Der Komfort Ihrer Mitarbeiter verbessert sich, was zu einem ges\u00fcnderen und konzentrierteren Arbeitsklima beitr\u00e4gt.<\/p>\n<h3>Fortschrittliche Technologie f\u00fcr maximale Ger\u00e4uschreduzierung<\/h3>\n<p>Die Technologie hinter unseren DOVAC-Schalld\u00e4mpfern ist auf maximale Effizienz und Effektivit\u00e4t ausgerichtet. Durch den Einsatz innovativer Schalld\u00e4mmungstechniken, wie z.B. spezieller Materialien, die Schallwellen absorbieren und streuen, reduzieren unsere Schalld\u00e4mpfer die L\u00e4rmemissionen von Ger\u00e4ten erheblich. Diese Technologie macht DOVAC-Schalld\u00e4mpfer ideal f\u00fcr Anwendungen in verschiedenen industriellen Umgebungen, einschlie\u00dflich Fabriken und Produktionshallen, wo sie helfen, strenge L\u00e4rmschutznormen zu erf\u00fcllen.<\/p>\n<p>DOVAC-Schalld\u00e4mpfer sind nicht nur effektiv, sondern auch vielseitig. Sie eignen sich f\u00fcr eine Vielzahl industrieller und kommerzieller Anwendungen, einschlie\u00dflich HLK-Systeme und andere Bel\u00fcftungsanforderungen. Unsere Schalld\u00e4mpfer lassen sich leicht installieren und sind mit verschiedenen Gr\u00f6\u00dfen und Modellen von Seitenkanalventilatoren kompatibel, so dass eine nahtlose Integration in Ihre bestehenden Systeme gew\u00e4hrleistet ist. Ob f\u00fcr neue Installationen oder die Aufr\u00fcstung vorhandener Ger\u00e4te, DOVAC bietet eine L\u00f6sung, die sowohl die Funktionalit\u00e4t als auch die Wohnlichkeit Ihres Arbeitsplatzes verbessert.<\/p>\n<p>DOVAC-Schalld\u00e4mpfer sind f\u00fcr eine lange Lebensdauer ausgelegt, selbst in den anspruchsvollsten industriellen Umgebungen. Die Verwendung hochwertiger Materialien sorgt nicht nur f\u00fcr eine effektive Ger\u00e4uschd\u00e4mpfung, sondern auch f\u00fcr eine hohe Verschlei\u00df- und Korrosionsbest\u00e4ndigkeit. Dadurch wird der Bedarf an h\u00e4ufigem Austausch und Wartung reduziert, was wiederum zur Senkung der langfristigen Betriebskosten beitr\u00e4gt. Dar\u00fcber hinaus sind unsere Schalld\u00e4mpfer so konzipiert, dass sie f\u00fcr die Wartung leicht zug\u00e4nglich sind, was die Reinigung und m\u00f6gliche Reparaturen vereinfacht und minimale Ausfallzeiten gew\u00e4hrleistet.<\/p>\n<p>Der Einbau von DOVAC-Schalld\u00e4mpfern tr\u00e4gt nicht nur zu einer konzentrierteren und produktiveren Arbeitsumgebung bei, sondern hilft auch, die in vielen L\u00e4ndern geltenden Gesundheits- und Sicherheitsvorschriften einzuhalten. Eine l\u00e4ngere Exposition gegen\u00fcber hohen L\u00e4rmpegeln kann zu Geh\u00f6rsch\u00e4den und anderen Gesundheitsproblemen f\u00fchren. Daher ist es wichtig, in lauten Arbeitsumgebungen einen wirksamen L\u00e4rmschutz anzuwenden. Durch die Verringerung der L\u00e4rmbel\u00e4stigung tr\u00e4gt DOVAC nicht nur zu einem sichereren Arbeitsplatz bei, sondern hilft auch, m\u00f6gliche rechtliche und versicherungstechnische Komplikationen zu vermeiden, die sich aus der Nichteinhaltung von Vorschriften ergeben k\u00f6nnen.[\/vc_column_text][nectar_btn size=\"medium\" button_style=\"see-through-3d\" color_override=\"#e54040&#8243; text=\"KONTAKTIEREN SIE UNS\" url=\"https:\/\/www.dovac.nl\/de\/kontakt\/\"][nectar_btn size=\"medium\" open_new_tab=\"true\" button_style=\"see-through-3d\" color_override=\"#000000&#8243; text=\"DOWNLOAD DER SPEZIFIKATIONEN\" url=\"https:\/\/www.dovac.nl\/wp-content\/uploads\/2024\/03\/Dovac-geluidsdempers-voor-blowers-20-04-2017.pdf\"][\/vc_column_inner][\/vc_row_inner][\/vc_column][\/vc_row]\n","protected":false},"excerpt":{"rendered":"<p>[vc_row type=\"full_width_background\" full_screen_row_position=\"middle\" column_margin=\"custom\" column_direction=\"default\" column_direction_tablet=\"default\" column_direction_phone=\"default\" scene_position=\"center\" top_padding=\"5%\" constrain_group_1=\"yes\" bottom_padding=\"5%\" bottom_padding_phone=\"0&#8243; text_color=\"dark\" text_align=\"left\" row_border_radius=\"none\" row_border_radius_applies=\"bg\" overflow=\"visible\" overlay_strength=\"0.3&#8243; gradient_direction=\"left_to_right\" shape_divider_position=\"bottom\" bg_image_animation=\"none\" shape_type=\"\" gradient_type=\"default\"][vc_column column_padding=\"no-extra-padding\" column_padding_tablet=\"inherit\" column_padding_phone=\"inherit\" column_padding_position=\"all\" column_element_direction_desktop=\"default\" column_element_spacing=\"default\" desktop_text_alignment=\"default\"&#8230;<\/p>\n","protected":false},"author":1,"featured_media":3983,"parent":3805,"menu_order":0,"comment_status":"closed","ping_status":"closed","template":"","meta":{"footnotes":""},"class_list":["post-4020","page","type-page","status-publish","has-post-thumbnail"],"_links":{"self":[{"href":"https:\/\/www.dovac.nl\/de\/wp-json\/wp\/v2\/pages\/4020","targetHints":{"allow":["GET"]}}],"collection":[{"href":"https:\/\/www.dovac.nl\/de\/wp-json\/wp\/v2\/pages"}],"about":[{"href":"https:\/\/www.dovac.nl\/de\/wp-json\/wp\/v2\/types\/page"}],"author":[{"embeddable":true,"href":"https:\/\/www.dovac.nl\/de\/wp-json\/wp\/v2\/users\/1"}],"replies":[{"embeddable":true,"href":"https:\/\/www.dovac.nl\/de\/wp-json\/wp\/v2\/comments?post=4020"}],"version-history":[{"count":19,"href":"https:\/\/www.dovac.nl\/de\/wp-json\/wp\/v2\/pages\/4020\/revisions"}],"predecessor-version":[{"id":13042,"href":"https:\/\/www.dovac.nl\/de\/wp-json\/wp\/v2\/pages\/4020\/revisions\/13042"}],"up":[{"embeddable":true,"href":"https:\/\/www.dovac.nl\/de\/wp-json\/wp\/v2\/pages\/3805"}],"wp:featuredmedia":[{"embeddable":true,"href":"https:\/\/www.dovac.nl\/de\/wp-json\/wp\/v2\/media\/3983"}],"wp:attachment":[{"href":"https:\/\/www.dovac.nl\/de\/wp-json\/wp\/v2\/media?parent=4020"}],"curies":[{"name":"wp","href":"https:\/\/api.w.org\/{rel}","templated":true}]}}