{"id":4025,"date":"2024-02-29T12:22:48","date_gmt":"2024-02-29T11:22:48","guid":{"rendered":"https:\/\/www.dovac.nl\/seitenkanal-luefter\/ueberdruck-1-stufig\/"},"modified":"2026-03-06T09:01:26","modified_gmt":"2026-03-06T08:01:26","slug":"ueberdruck-1-stufig","status":"publish","type":"page","link":"https:\/\/www.dovac.nl\/de\/seitenkanal-luefter\/ueberdruck-1-stufig\/","title":{"rendered":"\u00dcberdruck 1-stufig"},"content":{"rendered":"[vc_row type=\"in_container\" full_screen_row_position=\"middle\" column_margin=\"default\" column_direction=\"default\" column_direction_tablet=\"default\" column_direction_phone=\"default\" scene_position=\"center\" text_color=\"dark\" text_align=\"left\" row_border_radius=\"none\" row_border_radius_applies=\"bg\" row_position_desktop=\"default\" row_position_tablet=\"inherit\" row_position_phone=\"inherit\" overflow=\"visible\" overlay_strength=\"0.3&#8243; gradient_direction=\"left_to_right\" shape_divider_position=\"bottom\" bg_image_animation=\"none\"][vc_column column_padding=\"no-extra-padding\" column_padding_tablet=\"inherit\" column_padding_phone=\"inherit\" column_padding_position=\"all\" flex_gap_desktop=\"10px\" column_element_direction_desktop=\"default\" column_element_spacing=\"default\" desktop_text_alignment=\"default\" tablet_text_alignment=\"default\" phone_text_alignment=\"default\" background_color_opacity=\"1&#8243; background_hover_color_opacity=\"1&#8243; column_backdrop_filter=\"none\" column_shadow=\"none\" column_border_radius=\"none\" column_link_target=\"_self\" column_position=\"default\" gradient_direction=\"left_to_right\" overlay_strength=\"0.3&#8243; width=\"1\/1&#8243; tablet_width_inherit=\"default\" animation_type=\"default\" bg_image_animation=\"none\" border_type=\"simple\" column_border_width=\"none\" column_border_style=\"solid\"][vc_column_text]\n[\/vc_column_text][\/vc_column][\/vc_row][vc_row type=\"full_width_background\" full_screen_row_position=\"middle\" column_margin=\"custom\" column_direction=\"default\" column_direction_tablet=\"default\" column_direction_phone=\"default\" scene_position=\"center\" top_padding=\"5%\" constrain_group_1=\"yes\" bottom_padding=\"5%\" bottom_padding_phone=\"0&#8243; text_color=\"dark\" text_align=\"left\" row_border_radius=\"none\" row_border_radius_applies=\"bg\" row_position_desktop=\"default\" row_position_tablet=\"inherit\" row_position_phone=\"inherit\" overflow=\"visible\" overlay_strength=\"0.3&#8243; gradient_direction=\"left_to_right\" shape_divider_position=\"bottom\" bg_image_animation=\"none\" shape_type=\"\" gradient_type=\"default\"][vc_column column_padding=\"no-extra-padding\" column_padding_tablet=\"inherit\" column_padding_phone=\"inherit\" column_padding_position=\"all\" flex_gap_desktop=\"10px\" column_element_direction_desktop=\"default\" column_element_spacing=\"default\" desktop_text_alignment=\"default\" tablet_text_alignment=\"default\" phone_text_alignment=\"default\" sticky_content=\"true\" sticky_content_functionality=\"css\" sticky_content_alignment=\"default\" background_color_opacity=\"1&#8243; background_hover_color_opacity=\"1&#8243; column_backdrop_filter=\"none\" font_color=\"#004982&#8243; column_shadow=\"none\" column_border_radius=\"none\" column_link_target=\"_self\" column_position=\"default\" gradient_direction=\"left_to_right\" overlay_strength=\"0.3&#8243; width=\"1\/3&#8243; tablet_width_inherit=\"default\" animation_type=\"default\" bg_image_animation=\"none\" border_type=\"simple\" column_border_width=\"none\" column_border_style=\"solid\" column_padding_type=\"default\" gradient_type=\"default\"][vc_row_inner column_margin=\"default\" column_direction=\"default\" column_direction_tablet=\"default\" column_direction_phone=\"default\" text_align=\"left\" row_position=\"default\" row_position_tablet=\"inherit\" row_position_phone=\"inherit\" overflow=\"visible\" pointer_events=\"all\"][vc_column_inner column_padding=\"no-extra-padding\" column_padding_tablet=\"inherit\" column_padding_phone=\"inherit\" column_padding_position=\"all\" flex_gap_desktop=\"10px\" column_element_direction_desktop=\"default\" column_element_spacing=\"default\" desktop_text_alignment=\"default\" tablet_text_alignment=\"default\" phone_text_alignment=\"default\" background_color_opacity=\"1&#8243; background_hover_color_opacity=\"1&#8243; column_backdrop_filter=\"none\" column_shadow=\"none\" column_border_radius=\"none\" column_link_target=\"_self\" overflow=\"visible\" gradient_direction=\"left_to_right\" overlay_strength=\"0.3&#8243; width=\"1\/1&#8243; tablet_width_inherit=\"default\" animation_type=\"default\" bg_image_animation=\"none\" border_type=\"simple\" column_border_width=\"none\" column_border_style=\"solid\" column_padding_type=\"default\" gradient_type=\"default\"][image_with_animation image_url=\"2761&#8243; image_size=\"full\" max_width=\"100%\" max_width_mobile=\"default\" animation_type=\"entrance\" animation=\"None\" animation_movement_type=\"transform_y\" hover_animation=\"none\" alignment=\"\" border_radius=\"15px\" box_shadow=\"small_depth\" image_loading=\"default\"][\/vc_column_inner][\/vc_row_inner][\/vc_column][vc_column column_padding=\"no-extra-padding\" column_padding_tablet=\"inherit\" column_padding_phone=\"inherit\" column_padding_position=\"all\" flex_gap_desktop=\"10px\" column_element_direction_desktop=\"default\" column_element_spacing=\"10px\" desktop_text_alignment=\"default\" tablet_text_alignment=\"default\" phone_text_alignment=\"default\" background_color_opacity=\"1&#8243; background_hover_color_opacity=\"1&#8243; column_backdrop_filter=\"none\" column_shadow=\"none\" column_border_radius=\"none\" column_link_target=\"_self\" column_position=\"default\" gradient_direction=\"left_to_right\" overlay_strength=\"0.3&#8243; width=\"2\/3&#8243; tablet_width_inherit=\"small_desktop\" animation_type=\"default\" bg_image_animation=\"none\" border_type=\"simple\" column_border_width=\"none\" column_border_style=\"solid\" column_padding_type=\"default\" gradient_type=\"default\"][vc_row_inner column_margin=\"default\" column_direction=\"default\" column_direction_tablet=\"default\" column_direction_phone=\"default\" text_align=\"left\" row_position=\"default\" row_position_tablet=\"inherit\" row_position_phone=\"inherit\" overflow=\"visible\" pointer_events=\"all\"][vc_column_inner column_padding=\"padding-5-percent\" column_padding_tablet=\"inherit\" column_padding_phone=\"padding-3-percent\" column_padding_position=\"all\" flex_gap_desktop=\"10px\" column_element_direction_desktop=\"default\" column_element_spacing=\"default\" desktop_text_alignment=\"default\" tablet_text_alignment=\"default\" phone_text_alignment=\"default\" background_color_opacity=\"1&#8243; background_hover_color_opacity=\"1&#8243; column_backdrop_filter=\"none\" font_color=\"#000000&#8243; column_shadow=\"none\" column_border_radius=\"none\" column_link_target=\"_self\" overflow=\"visible\" gradient_direction=\"left_to_right\" overlay_strength=\"0.3&#8243; width=\"1\/1&#8243; tablet_width_inherit=\"default\" animation_type=\"default\" bg_image_animation=\"none\" border_type=\"simple\" column_border_width=\"4px\" column_border_color=\"#000000&#8243; column_border_style=\"dashed\" column_padding_type=\"default\" gradient_type=\"default\"][nectar_highlighted_text color_type=\"regular\" text_color=\"#000000&#8243; style=\"full_text\" highlight_expansion=\"default\"]\n<h1>DOVAC \u00dcberdruck 1-stufig<\/h1>\n[\/nectar_highlighted_text][vc_column_text]\n<h2>Effiziente Luftbewegung<\/h2>\n<p>Ein Seitenkanalgebl\u00e4se ist ein Gebl\u00e4setyp, der zur Bef\u00f6rderung von Luft oder Gas eingesetzt wird. Er nutzt das Prinzip der Zentrifugalkraft, um Luft durch das System zu bewegen. Im Falle eines 1-stufigen Seitenkanalgebl\u00e4ses mit \u00dcberdruck bezieht sich \"1-stufig\" auf die Anzahl der Stufen oder Phasen des Gebl\u00e4ses, und \"\u00dcberdruck\" bedeutet, dass das System Luft oder Gas unter Druck bewegt, wobei der Druck auf der Auslassseite h\u00f6her ist als auf der Einlassseite.<span class=\"Apple-converted-space\"> <\/span><\/p>\n<p>Die Verwendung einer einzigen Stufe im DOVAC-Seitenkanalgebl\u00e4se bedeutet, dass die Luft oder das Gas nur einmal verdichtet wird, bevor es ausgesto\u00dfen wird. Dies kann f\u00fcr Anwendungen mit m\u00e4\u00dfigem \u00dcberdruck geeignet sein. Die Wahl eines bestimmten Ventilatortyps h\u00e4ngt von Faktoren wie dem erforderlichen Luftdruck, dem zu bewegenden Volumen, den Umgebungsbedingungen und den Systemanforderungen ab.[\/vc_column_text][nectar_btn size=\"large\" button_style=\"see-through-3d\" color_override=\"#e54040&#8243; text=\"KONTAKTIEREN SIE UNS\" url=\"https:\/\/www.dovac.nl\/contact\/\"][\/vc_column_inner][\/vc_row_inner][vc_row_inner column_margin=\"default\" column_direction=\"default\" column_direction_tablet=\"default\" column_direction_phone=\"default\" top_padding=\"5%\" text_align=\"left\" row_position=\"default\" row_position_tablet=\"inherit\" row_position_phone=\"inherit\" overflow=\"visible\" pointer_events=\"all\"][vc_column_inner column_padding=\"padding-4-percent\" column_padding_tablet=\"inherit\" column_padding_phone=\"inherit\" column_padding_position=\"all\" flex_gap_desktop=\"10px\" column_element_direction_desktop=\"default\" column_element_spacing=\"default\" desktop_text_alignment=\"default\" tablet_text_alignment=\"default\" phone_text_alignment=\"default\" background_color=\"#000000&#8243; background_color_opacity=\"1&#8243; background_hover_color_opacity=\"1&#8243; column_backdrop_filter=\"none\" font_color=\"#ffffff\" column_shadow=\"none\" column_border_radius=\"none\" column_link_target=\"_self\" overflow=\"visible\" gradient_direction=\"left_to_right\" overlay_strength=\"0.3&#8243; width=\"1\/1&#8243; tablet_width_inherit=\"default\" animation_type=\"default\" bg_image_animation=\"none\" border_type=\"simple\" column_border_width=\"none\" column_border_style=\"solid\" column_padding_type=\"default\" gradient_type=\"default\"][nectar_highlighted_text color_type=\"regular\" highlight_color=\"#ffffff\" text_color=\"#ffffff\" style=\"regular_underline\" highlight_expansion=\"default\" underline_thickness=\"2px\"]\n<h4><em>Spezifikationen<\/em><\/h4>\n[\/nectar_highlighted_text][vc_column_text css=\"\" text_direction=\"default\"]\n<ul>\n<li>Typ ZDI-1, einstufiges Seitenkanalgebl\u00e4se<\/li>\n<li>Kompakt gebautes Gebl\u00e4se<\/li>\n<li>Luftgek\u00fchlt<\/li>\n<li>Ber\u00fchrungslose Kompression<\/li>\n<li>Praktisch wartungsfrei<\/li>\n<li>Vibrationsarmer Betrieb<\/li>\n<li>Geeignet f\u00fcr \u00dcberdruck- und Vakuumanwendungen<\/li>\n<li>Einsetzbar bis zum Differenzdruck<\/li>\n<li>1-stufige Gebl\u00e4se max. 340 mbar<\/li>\n<\/ul>\n[\/vc_column_text][nectar_btn size=\"medium\" open_new_tab=\"true\" button_style=\"regular\" button_color_2=\"Extra-Color-3&#8243; solid_text_color_override=\"#e54040&#8243; icon_family=\"fontawesome\" text=\"Laden Sie das Ma\u00dfblatt herunter\" url=\"https:\/\/www.dovac.nl\/wp-content\/uploads\/2025\/12\/Dovac-maatschets-1traps-New.pdf\" icon_fontawesome=\"fa fa-file-pdf-o\" margin_right=\"10&#8243;][nectar_btn size=\"medium\" open_new_tab=\"true\" button_style=\"regular\" button_color_2=\"Extra-Color-3&#8243; solid_text_color_override=\"#e54040&#8243; icon_family=\"fontawesome\" text=\"Technische Daten herunterladen\" url=\"https:\/\/www.dovac.nl\/wp-content\/uploads\/2025\/12\/Dovac-zijkanaalventilator-1traps-overdruk-New.pdf\" icon_fontawesome=\"fa fa-file-pdf-o\"][\/vc_column_inner][\/vc_row_inner][vc_row_inner column_margin=\"default\" column_direction=\"default\" column_direction_tablet=\"default\" column_direction_phone=\"default\" top_padding=\"5%\" text_align=\"left\" row_position=\"default\" row_position_tablet=\"inherit\" row_position_phone=\"inherit\" overflow=\"visible\" pointer_events=\"all\"][vc_column_inner column_padding=\"no-extra-padding\" column_padding_tablet=\"inherit\" column_padding_phone=\"inherit\" column_padding_position=\"all\" flex_gap_desktop=\"10px\" column_element_direction_desktop=\"default\" column_element_spacing=\"default\" desktop_text_alignment=\"default\" tablet_text_alignment=\"default\" phone_text_alignment=\"default\" background_color_opacity=\"1&#8243; background_hover_color_opacity=\"1&#8243; column_backdrop_filter=\"none\" column_shadow=\"none\" column_border_radius=\"none\" column_link_target=\"_self\" overflow=\"visible\" gradient_direction=\"left_to_right\" overlay_strength=\"0.3&#8243; width=\"1\/1&#8243; tablet_width_inherit=\"default\" animation_type=\"default\" bg_image_animation=\"none\" border_type=\"simple\" column_border_width=\"none\" column_border_style=\"solid\"][vc_column_text]<b>Lebensmittelverarbeitung<\/b>: In der Lebensmittelindustrie werden Seitenkanalventilatoren h\u00e4ufig f\u00fcr die Vakuumverpackung, die Luftbewegung bei Trocknungs- und K\u00fchlungsprozessen und f\u00fcr die F\u00f6rderung von Materialien wie Getreide, Mehl oder anderen Sch\u00fcttg\u00fctern eingesetzt.<\/p>\n<p><b>Industrielle Anwendungen<\/b>: Seitenkanalventilatoren werden h\u00e4ufig in industriellen Umgebungen zur F\u00f6rderung von Luft oder Gas eingesetzt. Sie k\u00f6nnen f\u00fcr die Bel\u00fcftung, pneumatische F\u00f6rderung, Luftbewegung in Staubabscheidern und andere Prozess- und Produktionsanwendungen eingesetzt werden.<\/p>\n<p><b>Medizinische Anwendungen<\/b>: Seitenkanalventilatoren k\u00f6nnen in medizinischen Ger\u00e4ten eingesetzt werden, z. B. in Vakuumpumpen f\u00fcr medizinische Sauerstoffsysteme, in Absaugsystemen f\u00fcr Operationss\u00e4le und in anderen Anwendungen, die die Bewegung von Luft oder Gasen erfordern.<\/p>\n<p><b>Chemische und pharmazeutische Industrie<\/b>: In diesen Industrien werden Seitenkanalverdichter f\u00fcr verschiedene Prozesse eingesetzt, z. B. zum F\u00f6rdern von Chemikalien, zum Mischen von Inhaltsstoffen und zum Transport von Luft in Reaktoren und Trocken\u00f6fen.<\/p>\n<p><b>Umweltanwendungen<\/b>: Diese Ventilatoren werden in Umweltanwendungen wie Luftreinigungssystemen, Rauchabz\u00fcgen und Abwasserbehandlungssystemen eingesetzt. Sie k\u00f6nnen helfen, Luft oder Gase durch Filter oder andere Reinigungsger\u00e4te zu leiten.[\/vc_column_text][\/vc_column_inner][\/vc_row_inner][\/vc_column][\/vc_row][vc_row type=\"in_container\" full_screen_row_position=\"middle\" column_margin=\"default\" column_direction=\"default\" column_direction_tablet=\"default\" column_direction_phone=\"default\" scene_position=\"center\" text_color=\"dark\" text_align=\"left\" row_border_radius=\"none\" row_border_radius_applies=\"bg\" row_position_desktop=\"default\" row_position_tablet=\"inherit\" row_position_phone=\"inherit\" overflow=\"visible\" overlay_strength=\"0.3&#8243; gradient_direction=\"left_to_right\" shape_divider_position=\"bottom\" bg_image_animation=\"none\"][vc_column column_padding=\"no-extra-padding\" column_padding_tablet=\"inherit\" column_padding_phone=\"inherit\" column_padding_position=\"all\" flex_gap_desktop=\"10px\" column_element_direction_desktop=\"default\" column_element_spacing=\"default\" desktop_text_alignment=\"default\" tablet_text_alignment=\"default\" phone_text_alignment=\"default\" background_color_opacity=\"1&#8243; background_hover_color_opacity=\"1&#8243; column_backdrop_filter=\"none\" column_shadow=\"none\" column_border_radius=\"none\" column_link_target=\"_self\" column_position=\"default\" gradient_direction=\"left_to_right\" overlay_strength=\"0.3&#8243; width=\"1\/1&#8243; tablet_width_inherit=\"default\" animation_type=\"default\" bg_image_animation=\"none\" border_type=\"simple\" column_border_width=\"none\" column_border_style=\"solid\"][vc_column_text]\n<table width=\"100%\">\n<tbody>\n<tr>\n<td style=\"text-align: center;\" colspan=\"14\"><strong>SEITENKANAL-VENTILATOREN F\u00dcR \u00dcBERSPANNUNGEN 50 Hz<\/strong><\/td>\n<\/tr>\n<tr>\n<td>PRESSEMITTEILUNG<\/td>\n<td colspan=\"2\">\n<div title=\"Seite 1\">\n<div>\n<div>\n<div>\n<p>mbar<\/p>\n<\/div>\n<\/div>\n<\/div>\n<\/div>\n<\/td>\n<td>50<\/td>\n<td>75<\/td>\n<td>90<\/td>\n<td>125<\/td>\n<td>150<\/td>\n<td>170<\/td>\n<td>200<\/td>\n<td>220<\/td>\n<td>250<\/td>\n<td>280<\/td>\n<td>340<\/td>\n<\/tr>\n<tr>\n<td>TYP<\/td>\n<td>kW<\/td>\n<td>Maximale Druckdifferenz mbar<\/td>\n<td colspan=\"11\">DURCHFLUSS MIT ZUGELASSENER DRUCKDIFFERENZ m3\/h<\/td>\n<\/tr>\n<tr>\n<td>ZDI40-018-1H 1-phasig<\/td>\n<td>0,18<\/td>\n<td>65<\/td>\n<td>27<\/td>\n<td><\/td>\n<td><\/td>\n<td><\/td>\n<td><\/td>\n<td><\/td>\n<td><\/td>\n<td><\/td>\n<td><\/td>\n<td><\/td>\n<td><\/td>\n<\/tr>\n<tr>\n<td>ZDI40-018-3H<\/td>\n<td>0,18<\/td>\n<td>65<\/td>\n<td>27<\/td>\n<td><\/td>\n<td><\/td>\n<td><\/td>\n<td><\/td>\n<td><\/td>\n<td><\/td>\n<td><\/td>\n<td><\/td>\n<td><\/td>\n<td><\/td>\n<\/tr>\n<tr>\n<td>ZDI80-1-040-1H 1-phasig<\/td>\n<td>0,40<\/td>\n<td>130<\/td>\n<td>60<\/td>\n<td>48<\/td>\n<td>40<\/td>\n<td>20<\/td>\n<td><\/td>\n<td><\/td>\n<td><\/td>\n<td><\/td>\n<td><\/td>\n<td><\/td>\n<td><\/td>\n<\/tr>\n<tr>\n<td>ZDI80-1-040-3H<\/td>\n<td>0.40<\/td>\n<td>130<\/td>\n<td>60<\/td>\n<td>48<\/td>\n<td>40<\/td>\n<td>20<\/td>\n<td><\/td>\n<td><\/td>\n<td><\/td>\n<td><\/td>\n<td><\/td>\n<td><\/td>\n<td><\/td>\n<\/tr>\n<tr>\n<td>ZDI150-1-075-1H 1-phasig<\/td>\n<td>0,75<\/td>\n<td>160<\/td>\n<td>110<\/td>\n<td>90<\/td>\n<td>82<\/td>\n<td>70<\/td>\n<td>60<\/td>\n<td><\/td>\n<td><\/td>\n<td><\/td>\n<td><\/td>\n<td><\/td>\n<td><\/td>\n<\/tr>\n<tr>\n<td>ZDI150-1-075-3H<\/td>\n<td>0,75<\/td>\n<td>140<\/td>\n<td>110<\/td>\n<td>90<\/td>\n<td>82<\/td>\n<td>70<\/td>\n<td>60<\/td>\n<td><\/td>\n<td><\/td>\n<td><\/td>\n<td><\/td>\n<td><\/td>\n<td><\/td>\n<\/tr>\n<tr>\n<td>ZDI150-1-090-3H<\/td>\n<td>0,9<\/td>\n<td>180<\/td>\n<td>110<\/td>\n<td>90<\/td>\n<td>82<\/td>\n<td>70<\/td>\n<td>60<\/td>\n<td>50<\/td>\n<td><\/td>\n<td><\/td>\n<td><\/td>\n<td><\/td>\n<td><\/td>\n<\/tr>\n<tr>\n<td>ZDI150-1-11-1H 1-phasig<\/td>\n<td>1,1<\/td>\n<td>190<\/td>\n<td>110<\/td>\n<td>90<\/td>\n<td>82<\/td>\n<td>70<\/td>\n<td>60<\/td>\n<td>50<\/td>\n<td><\/td>\n<td><\/td>\n<td><\/td>\n<td><\/td>\n<td><\/td>\n<\/tr>\n<tr>\n<td>ZDI150-1-11-3H<\/td>\n<td>1,1<\/td>\n<td>200<\/td>\n<td>110<\/td>\n<td>90<\/td>\n<td>82<\/td>\n<td>70<\/td>\n<td>60<\/td>\n<td>50<\/td>\n<td>38<\/td>\n<td><\/td>\n<td><\/td>\n<td><\/td>\n<td><\/td>\n<\/tr>\n<tr>\n<td>ZDI210-1-15-1H 1-phasig<\/td>\n<td>1,5<\/td>\n<td>200<\/td>\n<td>170<\/td>\n<td>150<\/td>\n<td>145<\/td>\n<td>125<\/td>\n<td>110<\/td>\n<td>100<\/td>\n<td>84<\/td>\n<td><\/td>\n<td><\/td>\n<td><\/td>\n<td><\/td>\n<\/tr>\n<tr>\n<td>ZDI210-1-15-3H<\/td>\n<td>1,5<\/td>\n<td>220<\/td>\n<td>170<\/td>\n<td>150<\/td>\n<td>145<\/td>\n<td>125<\/td>\n<td>110<\/td>\n<td>100<\/td>\n<td>84<\/td>\n<td>72<\/td>\n<td><\/td>\n<td><\/td>\n<td><\/td>\n<\/tr>\n<tr>\n<td>ZDI210-1-22-3H<\/td>\n<td>2,2<\/td>\n<td>270<\/td>\n<td>170<\/td>\n<td>150<\/td>\n<td>145<\/td>\n<td>125<\/td>\n<td>110<\/td>\n<td>100<\/td>\n<td>84<\/td>\n<td>72<\/td>\n<td>58<\/td>\n<td><\/td>\n<td><\/td>\n<\/tr>\n<tr>\n<td>ZDI320-1-22-3H<\/td>\n<td>2,2<\/td>\n<td>220<\/td>\n<td>260<\/td>\n<td>245<\/td>\n<td>230<\/td>\n<td>210<\/td>\n<td>190<\/td>\n<td>175<\/td>\n<td>150<\/td>\n<td>145<\/td>\n<td><\/td>\n<td><\/td>\n<td><\/td>\n<\/tr>\n<tr>\n<td>ZDI320-1-3-3H<\/td>\n<td>3<\/td>\n<td>280<\/td>\n<td>260<\/td>\n<td>245<\/td>\n<td>230<\/td>\n<td>210<\/td>\n<td>190<\/td>\n<td>175<\/td>\n<td>150<\/td>\n<td>145<\/td>\n<td>125<\/td>\n<td>110<\/td>\n<td><\/td>\n<\/tr>\n<tr>\n<td>ZDI320-1-4-3H<\/td>\n<td>4<\/td>\n<td>340<\/td>\n<td>260<\/td>\n<td>245<\/td>\n<td>230<\/td>\n<td>210<\/td>\n<td>190<\/td>\n<td>175<\/td>\n<td>150<\/td>\n<td>145<\/td>\n<td>125<\/td>\n<td>110<\/td>\n<td>72<\/td>\n<\/tr>\n<tr>\n<td>ZDI420-1-4-3<\/td>\n<td>4<\/td>\n<td>310<\/td>\n<td>345<\/td>\n<td>310<\/td>\n<td>295<\/td>\n<td>260<\/td>\n<td>230<\/td>\n<td>210<\/td>\n<td>188<\/td>\n<td>170<\/td>\n<td>144<\/td>\n<td>120<\/td>\n<td><\/td>\n<\/tr>\n<tr>\n<td>ZDI550-1-4-3H<\/td>\n<td>4<\/td>\n<td>230<\/td>\n<td>450<\/td>\n<td>420<\/td>\n<td>405<\/td>\n<td>390<\/td>\n<td>365<\/td>\n<td>350<\/td>\n<td>325<\/td>\n<td>315<\/td>\n<td><\/td>\n<td><\/td>\n<td><\/td>\n<\/tr>\n<tr>\n<td>ZDI550-1-55-3H<\/td>\n<td>5,5<\/td>\n<td>300<\/td>\n<td>450<\/td>\n<td>420<\/td>\n<td>405<\/td>\n<td>390<\/td>\n<td>365<\/td>\n<td>350<\/td>\n<td>325<\/td>\n<td>315<\/td>\n<td>300<\/td>\n<td>285<\/td>\n<td><\/td>\n<\/tr>\n<tr>\n<td>ZDI550-1-75-3H<\/td>\n<td>7,5<\/td>\n<td>400<\/td>\n<td>450<\/td>\n<td>420<\/td>\n<td>405<\/td>\n<td>390<\/td>\n<td>365<\/td>\n<td>350<\/td>\n<td>325<\/td>\n<td>315<\/td>\n<td>300<\/td>\n<td>285<\/td>\n<td>245<\/td>\n<\/tr>\n<tr>\n<td>ZDI800-1-75-3C<\/td>\n<td>7,5<\/td>\n<td>250<\/td>\n<td>800<\/td>\n<td>780<\/td>\n<td>770<\/td>\n<td>720<\/td>\n<td>700<\/td>\n<td>680<\/td>\n<td>650<\/td>\n<td>615<\/td>\n<td>580<\/td>\n<td><\/td>\n<td><\/td>\n<\/tr>\n<tr>\n<td>ZDI800-1-11-3C<\/td>\n<td>11<\/td>\n<td>350<\/td>\n<td>800<\/td>\n<td>780<\/td>\n<td>770<\/td>\n<td>720<\/td>\n<td>700<\/td>\n<td>680<\/td>\n<td>650<\/td>\n<td>615<\/td>\n<td>580<\/td>\n<td>550<\/td>\n<td>460<\/td>\n<\/tr>\n<tr>\n<td>\n<div title=\"Seite 1\">\n<div>\n<div>\n<div>\n<p>ZDI1100-1-13-3G<\/p>\n<\/div>\n<\/div>\n<\/div>\n<\/div>\n<\/td>\n<td>13<\/td>\n<td>290<\/td>\n<td>1050<\/td>\n<td>1020<\/td>\n<td>1000<\/td>\n<td>955<\/td>\n<td>930<\/td>\n<td>890<\/td>\n<td>850<\/td>\n<td>810<\/td>\n<td>700<\/td>\n<td>620<\/td>\n<td><\/td>\n<\/tr>\n<\/tbody>\n<\/table>\n[\/vc_column_text][\/vc_column][\/vc_row]\n","protected":false},"excerpt":{"rendered":"<p>[vc_row type=\"in_container\" full_screen_row_position=\"middle\" column_margin=\"default\" column_direction=\"default\" column_direction_tablet=\"default\" column_direction_phone=\"default\" scene_position=\"center\" text_color=\"dark\" text_align=\"left\" row_border_radius=\"none\" row_border_radius_applies=\"bg\" row_position_desktop=\"default\" row_position_tablet=\"inherit\" row_position_phone=\"inherit\" overflow=\"visible\" overlay_strength=\"0.3&#8243; gradient_direction=\"left_to_right\" shape_divider_position=\"bottom\" bg_image_animation=\"none\"][vc_column column_padding=\"no-extra-padding\" column_padding_tablet=\"inherit\" column_padding_phone=\"inherit\" column_padding_position=\"all\" flex_gap_desktop=\"10px\" column_element_direction_desktop=\"default\" column_element_spacing=\"default\" desktop_text_alignment=\"default\" tablet_text_alignment=\"default\" phone_text_alignment=\"default\"&#8230;<\/p>\n","protected":false},"author":1,"featured_media":3987,"parent":3781,"menu_order":0,"comment_status":"closed","ping_status":"closed","template":"","meta":{"footnotes":""},"class_list":["post-4025","page","type-page","status-publish","has-post-thumbnail"],"_links":{"self":[{"href":"https:\/\/www.dovac.nl\/de\/wp-json\/wp\/v2\/pages\/4025","targetHints":{"allow":["GET"]}}],"collection":[{"href":"https:\/\/www.dovac.nl\/de\/wp-json\/wp\/v2\/pages"}],"about":[{"href":"https:\/\/www.dovac.nl\/de\/wp-json\/wp\/v2\/types\/page"}],"author":[{"embeddable":true,"href":"https:\/\/www.dovac.nl\/de\/wp-json\/wp\/v2\/users\/1"}],"replies":[{"embeddable":true,"href":"https:\/\/www.dovac.nl\/de\/wp-json\/wp\/v2\/comments?post=4025"}],"version-history":[{"count":31,"href":"https:\/\/www.dovac.nl\/de\/wp-json\/wp\/v2\/pages\/4025\/revisions"}],"predecessor-version":[{"id":13595,"href":"https:\/\/www.dovac.nl\/de\/wp-json\/wp\/v2\/pages\/4025\/revisions\/13595"}],"up":[{"embeddable":true,"href":"https:\/\/www.dovac.nl\/de\/wp-json\/wp\/v2\/pages\/3781"}],"wp:featuredmedia":[{"embeddable":true,"href":"https:\/\/www.dovac.nl\/de\/wp-json\/wp\/v2\/media\/3987"}],"wp:attachment":[{"href":"https:\/\/www.dovac.nl\/de\/wp-json\/wp\/v2\/media?parent=4025"}],"curies":[{"name":"wp","href":"https:\/\/api.w.org\/{rel}","templated":true}]}}