{"id":4049,"date":"2024-02-29T13:05:47","date_gmt":"2024-02-29T12:05:47","guid":{"rendered":"https:\/\/www.dovac.nl\/seitenkanal-luefter\/ueberdruck-2-stufig\/"},"modified":"2026-03-12T11:16:19","modified_gmt":"2026-03-12T10:16:19","slug":"ueberdruck-2-stufig","status":"publish","type":"page","link":"https:\/\/www.dovac.nl\/de\/seitenkanal-luefter\/ueberdruck-2-stufig\/","title":{"rendered":"\u00dcberdruck 2-stufig"},"content":{"rendered":"[vc_row type=\"full_width_background\" full_screen_row_position=\"middle\" column_margin=\"custom\" column_direction=\"default\" column_direction_tablet=\"default\" column_direction_phone=\"default\" scene_position=\"center\" top_padding=\"5%\" constrain_group_1=\"yes\" bottom_padding=\"5%\" bottom_padding_phone=\"0&#8243; text_color=\"dark\" text_align=\"left\" row_border_radius=\"none\" row_border_radius_applies=\"bg\" row_position_desktop=\"default\" row_position_tablet=\"inherit\" row_position_phone=\"inherit\" overflow=\"visible\" overlay_strength=\"0.3&#8243; gradient_direction=\"left_to_right\" shape_divider_position=\"bottom\" bg_image_animation=\"none\" shape_type=\"\" gradient_type=\"default\"][vc_column column_padding=\"no-extra-padding\" column_padding_tablet=\"inherit\" column_padding_phone=\"inherit\" column_padding_position=\"all\" flex_gap_desktop=\"10px\" column_element_direction_desktop=\"default\" column_element_spacing=\"default\" desktop_text_alignment=\"default\" tablet_text_alignment=\"default\" phone_text_alignment=\"default\" sticky_content=\"true\" sticky_content_functionality=\"css\" sticky_content_alignment=\"default\" background_color_opacity=\"1&#8243; background_hover_color_opacity=\"1&#8243; column_backdrop_filter=\"none\" font_color=\"#004982&#8243; column_shadow=\"none\" column_border_radius=\"none\" column_link_target=\"_self\" column_position=\"default\" gradient_direction=\"left_to_right\" overlay_strength=\"0.3&#8243; width=\"1\/3&#8243; tablet_width_inherit=\"default\" animation_type=\"default\" bg_image_animation=\"none\" border_type=\"simple\" column_border_width=\"none\" column_border_style=\"solid\" column_padding_type=\"default\" gradient_type=\"default\"][vc_row_inner column_margin=\"default\" column_direction=\"default\" column_direction_tablet=\"default\" column_direction_phone=\"default\" text_align=\"left\" row_position=\"default\" row_position_tablet=\"inherit\" row_position_phone=\"inherit\" overflow=\"visible\" pointer_events=\"all\"][vc_column_inner column_padding=\"no-extra-padding\" column_padding_tablet=\"inherit\" column_padding_phone=\"inherit\" column_padding_position=\"all\" flex_gap_desktop=\"10px\" column_element_direction_desktop=\"default\" column_element_spacing=\"default\" desktop_text_alignment=\"default\" tablet_text_alignment=\"default\" phone_text_alignment=\"default\" background_color_opacity=\"1&#8243; background_hover_color_opacity=\"1&#8243; column_backdrop_filter=\"none\" column_shadow=\"none\" column_border_radius=\"none\" column_link_target=\"_self\" overflow=\"visible\" gradient_direction=\"left_to_right\" overlay_strength=\"0.3&#8243; width=\"1\/1&#8243; tablet_width_inherit=\"default\" animation_type=\"default\" bg_image_animation=\"none\" border_type=\"simple\" column_border_width=\"none\" column_border_style=\"solid\" column_padding_type=\"default\" gradient_type=\"default\"][image_with_animation image_url=\"2763&#8243; image_size=\"full\" max_width=\"100%\" max_width_mobile=\"default\" animation_type=\"entrance\" animation=\"None\" animation_movement_type=\"transform_y\" hover_animation=\"none\" alignment=\"\" border_radius=\"15px\" box_shadow=\"small_depth\" image_loading=\"default\"][\/vc_column_inner][\/vc_row_inner][\/vc_column][vc_column column_padding=\"no-extra-padding\" column_padding_tablet=\"inherit\" column_padding_phone=\"inherit\" column_padding_position=\"all\" flex_gap_desktop=\"10px\" column_element_direction_desktop=\"default\" column_element_spacing=\"10px\" desktop_text_alignment=\"default\" tablet_text_alignment=\"default\" phone_text_alignment=\"default\" background_color_opacity=\"1&#8243; background_hover_color_opacity=\"1&#8243; column_backdrop_filter=\"none\" column_shadow=\"none\" column_border_radius=\"none\" column_link_target=\"_self\" column_position=\"default\" gradient_direction=\"left_to_right\" overlay_strength=\"0.3&#8243; width=\"2\/3&#8243; tablet_width_inherit=\"small_desktop\" animation_type=\"default\" bg_image_animation=\"none\" border_type=\"simple\" column_border_width=\"none\" column_border_style=\"solid\" column_padding_type=\"default\" gradient_type=\"default\"][vc_row_inner column_margin=\"default\" column_direction=\"default\" column_direction_tablet=\"default\" column_direction_phone=\"default\" text_align=\"left\" row_position=\"default\" row_position_tablet=\"inherit\" row_position_phone=\"inherit\" overflow=\"visible\" pointer_events=\"all\"][vc_column_inner column_padding=\"padding-5-percent\" column_padding_tablet=\"inherit\" column_padding_phone=\"padding-3-percent\" column_padding_position=\"all\" flex_gap_desktop=\"10px\" column_element_direction_desktop=\"default\" column_element_spacing=\"default\" desktop_text_alignment=\"default\" tablet_text_alignment=\"default\" phone_text_alignment=\"default\" background_color_opacity=\"1&#8243; background_hover_color_opacity=\"1&#8243; column_backdrop_filter=\"none\" font_color=\"#000000&#8243; column_shadow=\"none\" column_border_radius=\"none\" column_link_target=\"_self\" overflow=\"visible\" gradient_direction=\"left_to_right\" overlay_strength=\"0.3&#8243; width=\"1\/1&#8243; tablet_width_inherit=\"default\" animation_type=\"default\" bg_image_animation=\"none\" border_type=\"simple\" column_border_width=\"4px\" column_border_color=\"#000000&#8243; column_border_style=\"dashed\" column_padding_type=\"default\" gradient_type=\"default\"][nectar_highlighted_text color_type=\"regular\" text_color=\"#000000&#8243; style=\"full_text\" highlight_expansion=\"default\"]\n<h1>DOVAC \u00dcberdruck 2-stufig<\/h1>\n[\/nectar_highlighted_text][vc_column_text]\n<h2>Erh\u00f6hte Druckkapazit\u00e4t<\/h2>\n<p>Ein zweistufiger Seitenkanalventilator mit \u00dcberdruck bezieht sich auf einen Typ von Seitenkanalventilatoren, der zwei Stufen oder Phasen hat und zur F\u00f6rderung von Luft oder Gas unter Druck eingesetzt wird, wobei der Druck auf der Auslassseite h\u00f6her ist als auf der Einlassseite.<span class=\"Apple-converted-space\"> <\/span><\/p>\n<p>Durch den Einsatz von zwei Stufen kann ein zweistufiger DOVAC-Seitenkanalventilator h\u00f6here Dr\u00fccke erzeugen als ein einstufiger Ventilator. Dies wird h\u00e4ufig bei anspruchsvolleren Anwendungen verwendet, bei denen ein h\u00f6herer Druck erforderlich ist.<span class=\"Apple-converted-space\"> <\/span><\/p>\n<p>Kurz gesagt, das zweistufige \u00dcberdruck-Seitenkanalgebl\u00e4se DOVAC wird in Industrien und Anwendungen eingesetzt, in denen h\u00f6here und gr\u00f6\u00dfere Dr\u00fccke erforderlich sind, um Luft oder Gas zu bewegen, und wo Zuverl\u00e4ssigkeit, Effizienz und Langlebigkeit wichtig sind. Die Wahl eines bestimmten Ventilatortyps h\u00e4ngt von den spezifischen Anforderungen des Prozesses oder der Anwendung ab, in der er eingesetzt wird.[\/vc_column_text][nectar_btn size=\"large\" button_style=\"see-through-3d\" color_override=\"#e54040&#8243; text=\"KONTAKTIEREN SIE UNS\" url=\"https:\/\/www.dovac.nl\/contact\/\"][\/vc_column_inner][\/vc_row_inner][vc_row_inner column_margin=\"default\" column_direction=\"default\" column_direction_tablet=\"default\" column_direction_phone=\"default\" top_padding=\"5%\" text_align=\"left\" row_position=\"default\" row_position_tablet=\"inherit\" row_position_phone=\"inherit\" overflow=\"visible\" pointer_events=\"all\"][vc_column_inner column_padding=\"padding-4-percent\" column_padding_tablet=\"inherit\" column_padding_phone=\"inherit\" column_padding_position=\"all\" flex_gap_desktop=\"10px\" column_element_direction_desktop=\"default\" column_element_spacing=\"default\" desktop_text_alignment=\"default\" tablet_text_alignment=\"default\" phone_text_alignment=\"default\" background_color=\"#000000&#8243; background_color_opacity=\"1&#8243; background_hover_color_opacity=\"1&#8243; column_backdrop_filter=\"none\" font_color=\"#ffffff\" column_shadow=\"none\" column_border_radius=\"none\" column_link_target=\"_self\" overflow=\"visible\" gradient_direction=\"left_to_right\" overlay_strength=\"0.3&#8243; width=\"1\/1&#8243; tablet_width_inherit=\"default\" animation_type=\"default\" bg_image_animation=\"none\" border_type=\"simple\" column_border_width=\"none\" column_border_style=\"solid\" column_padding_type=\"default\" gradient_type=\"default\"][nectar_highlighted_text color_type=\"regular\" highlight_color=\"#ffffff\" text_color=\"#ffffff\" style=\"regular_underline\" highlight_expansion=\"default\" underline_thickness=\"2px\"]\n<h4><em>Spezifikationen<\/em><\/h4>\n[\/nectar_highlighted_text][vc_column_text css=\"\" text_direction=\"default\"]\n<ul>\n<li>Typ ZDI-2, zweistufiges Seitenkanalgebl\u00e4se<\/li>\n<li>Kompakt gebautes Gebl\u00e4se<\/li>\n<li>Luftgek\u00fchlt<\/li>\n<li>Ber\u00fchrungslose Kompression<\/li>\n<li>Praktisch wartungsfrei<\/li>\n<li>Vibrationsarmer Betrieb<\/li>\n<li>Geeignet f\u00fcr \u00dcberdruck- und Vakuumanwendungen<\/li>\n<li>Einsetzbar bis zum Differenzdruck<\/li>\n<li>2-stufige Gebl\u00e4se max. 600 mbar<\/li>\n<\/ul>\n[\/vc_column_text][nectar_btn size=\"medium\" open_new_tab=\"true\" button_style=\"regular\" button_color_2=\"Extra-Color-3&#8243; solid_text_color_override=\"#e54040&#8243; icon_family=\"fontawesome\" text=\"Laden Sie das Ma\u00dfblatt herunter\" url=\"https:\/\/www.dovac.nl\/wp-content\/uploads\/2025\/12\/Dovac-maatschets-2traps-26062015-New.pdf\" icon_fontawesome=\"fa fa-file-pdf-o\" margin_right=\"10&#8243;][nectar_btn size=\"medium\" open_new_tab=\"true\" button_style=\"regular\" button_color_2=\"Extra-Color-3&#8243; solid_text_color_override=\"#e54040&#8243; icon_family=\"fontawesome\" text=\"Technische Daten herunterladen\" url=\"https:\/\/www.dovac.nl\/wp-content\/uploads\/2025\/12\/DOVAC-zijkanaalventilator-2-traps-overdruk-New.pdf\" icon_fontawesome=\"fa fa-file-pdf-o\"][\/vc_column_inner][\/vc_row_inner][vc_row_inner column_margin=\"default\" column_direction=\"default\" column_direction_tablet=\"default\" column_direction_phone=\"default\" top_padding=\"5%\" text_align=\"left\" row_position=\"default\" row_position_tablet=\"inherit\" row_position_phone=\"inherit\" overflow=\"visible\" pointer_events=\"all\"][vc_column_inner column_padding=\"no-extra-padding\" column_padding_tablet=\"inherit\" column_padding_phone=\"inherit\" column_padding_position=\"all\" flex_gap_desktop=\"10px\" column_element_direction_desktop=\"default\" column_element_spacing=\"default\" desktop_text_alignment=\"default\" tablet_text_alignment=\"default\" phone_text_alignment=\"default\" background_color_opacity=\"1&#8243; background_hover_color_opacity=\"1&#8243; column_backdrop_filter=\"none\" column_shadow=\"none\" column_border_radius=\"none\" column_link_target=\"_self\" overflow=\"visible\" gradient_direction=\"left_to_right\" overlay_strength=\"0.3&#8243; width=\"1\/1&#8243; tablet_width_inherit=\"default\" animation_type=\"default\" bg_image_animation=\"none\" border_type=\"simple\" column_border_width=\"none\" column_border_style=\"solid\"][vc_column_text]<b>Verpackung und Verarbeitung<\/b>: In der Verpackungsindustrie wird ein zweistufiges Seitenkanalgebl\u00e4se h\u00e4ufig f\u00fcr die Vakuumverpackung von Lebensmitteln eingesetzt, beispielsweise in Vakuumversiegelungsmaschinen. Dieses Gebl\u00e4se kann auch bei Produktionsprozessen n\u00fctzlich sein, bei denen Luft ben\u00f6tigt wird, um Materialien zu bewegen oder zu manipulieren, z. B. bei der Handhabung von Papier, Karton oder Kunststoff.<\/p>\n<p><b>Medizinische und pharmazeutische Anwendungen<\/b>: In medizinischen und pharmazeutischen Umgebungen, in denen ein h\u00f6herer Druck f\u00fcr Vakuumsysteme, die Vakuumerzeugung in Laborger\u00e4ten und f\u00fcr verschiedene Prozesssteuerungen erforderlich ist, wird dieser Ventilator h\u00e4ufig eingesetzt.<\/p>\n<p><b>Industrielle Prozesse<\/b>: In Industrien, in denen ein h\u00f6herer Druck erforderlich ist, um Luft oder Gase zu bewegen, wie z. B. in pneumatischen F\u00f6rdersystemen, bei der Luftbewegung in Prozessanlagen und bei der Erzeugung von Vakuum in Fertigungsprozessen, kann ein zweistufiger \u00dcberdruck-Seitenkanalventilator eingesetzt werden.<\/p>\n<p><b>Umweltanwendungen<\/b>: F\u00fcr Umweltanwendungen, die einen starken Luftstrom zur Absaugung von Schadstoffen, zur Verdichtung der Luft in Filtersystemen oder zur Entfernung von Luftschadstoffen erfordern, kann ein zweistufiger Seitenkanalventilator eingesetzt werden.<\/p>\n<p><b>Chemische und petrochemische Industrie<\/b>: In Umgebungen, in denen aggressive Chemikalien verwendet werden oder in denen h\u00f6here Dr\u00fccke f\u00fcr verschiedene Prozesse wie Destillation, Reaktionskontrolle und Vakuumentgasung erforderlich sind, werden h\u00e4ufig zweistufige Seitenkanalgebl\u00e4se eingesetzt.[\/vc_column_text][\/vc_column_inner][\/vc_row_inner][\/vc_column][\/vc_row][vc_row type=\"in_container\" full_screen_row_position=\"middle\" column_margin=\"default\" column_direction=\"default\" column_direction_tablet=\"default\" column_direction_phone=\"default\" scene_position=\"center\" text_color=\"dark\" text_align=\"left\" row_border_radius=\"none\" row_border_radius_applies=\"bg\" row_position_desktop=\"default\" row_position_tablet=\"inherit\" row_position_phone=\"inherit\" overflow=\"visible\" overlay_strength=\"0.3&#8243; gradient_direction=\"left_to_right\" shape_divider_position=\"bottom\" bg_image_animation=\"none\"][vc_column column_padding=\"no-extra-padding\" column_padding_tablet=\"inherit\" column_padding_phone=\"inherit\" column_padding_position=\"all\" flex_gap_desktop=\"10px\" column_element_direction_desktop=\"default\" column_element_spacing=\"default\" desktop_text_alignment=\"default\" tablet_text_alignment=\"default\" phone_text_alignment=\"default\" background_color_opacity=\"1&#8243; background_hover_color_opacity=\"1&#8243; column_backdrop_filter=\"none\" column_shadow=\"none\" column_border_radius=\"none\" column_link_target=\"_self\" column_position=\"default\" gradient_direction=\"left_to_right\" overlay_strength=\"0.3&#8243; width=\"1\/1&#8243; tablet_width_inherit=\"default\" animation_type=\"default\" bg_image_animation=\"none\" border_type=\"simple\" column_border_width=\"none\" column_border_style=\"solid\"][vc_column_text]\n<table width=\"100%\">\n<tbody>\n<tr>\n<td style=\"text-align: center;\" colspan=\"13\" align=\"center\"><strong>SEITENKANAL-VENTILATOREN F\u00dcR \u00dcBERSPANNUNGEN 50 Hz<\/strong><\/td>\n<\/tr>\n<tr>\n<td>PRESSEMITTEILUNG<\/td>\n<td colspan=\"2\">\n<div title=\"Seite 1\">\n<div>\n<div>\n<div>\n<p>mbar<\/p>\n<\/div>\n<\/div>\n<\/div>\n<\/div>\n<\/td>\n<td>150<\/td>\n<td>200<\/td>\n<td>250<\/td>\n<td>300<\/td>\n<td>350<\/td>\n<td>400<\/td>\n<td>450<\/td>\n<td>500<\/td>\n<td>550<\/td>\n<td>600<\/td>\n<\/tr>\n<tr>\n<td>GEBL\u00c4SE-TYP<\/td>\n<td>kW<\/td>\n<td>Maximale Druckdifferenz mbar<\/td>\n<td colspan=\"13\">DURCHFLUSS BEI H\u00d6HERER DRUCKDIFFERENZ in m3\/h verd\u00fcnnte Luft<\/td>\n<\/tr>\n<tr>\n<td>ZDI80-2-075-3<\/td>\n<td>0,75<\/td>\n<td>240<\/td>\n<td>50<\/td>\n<td>30<\/td>\n<td><\/td>\n<td><\/td>\n<td><\/td>\n<td><\/td>\n<td><\/td>\n<td><\/td>\n<td><\/td>\n<td><\/td>\n<\/tr>\n<tr>\n<td>ZDI150-2-15-3<\/td>\n<td>1,5<\/td>\n<td>280<\/td>\n<td>110<\/td>\n<td>100<\/td>\n<td>80<\/td>\n<td><\/td>\n<td><\/td>\n<td><\/td>\n<td><\/td>\n<td><\/td>\n<td><\/td>\n<td><\/td>\n<\/tr>\n<tr>\n<td>ZDI150-2-22-3<\/td>\n<td>2,2<\/td>\n<td>440<\/td>\n<td>110<\/td>\n<td>100<\/td>\n<td>80<\/td>\n<td>70<\/td>\n<td>50<\/td>\n<td>35<\/td>\n<td><\/td>\n<td><\/td>\n<td><\/td>\n<td><\/td>\n<\/tr>\n<tr>\n<td>ZDI210-2-3-3<\/td>\n<td>3<\/td>\n<td>410<\/td>\n<td>180<\/td>\n<td>160<\/td>\n<td>140<\/td>\n<td>130<\/td>\n<td>110<\/td>\n<td>90<\/td>\n<td><\/td>\n<td><\/td>\n<td><\/td>\n<td><\/td>\n<\/tr>\n<tr>\n<td>ZDI210-2-4-3<\/td>\n<td>4<\/td>\n<td>490<\/td>\n<td>180<\/td>\n<td>160<\/td>\n<td>140<\/td>\n<td>130<\/td>\n<td>110<\/td>\n<td>90<\/td>\n<td>70<\/td>\n<td><\/td>\n<td><\/td>\n<td><\/td>\n<\/tr>\n<tr>\n<td>ZDI320-2-3-3<\/td>\n<td>3<\/td>\n<td>260<\/td>\n<td>290<\/td>\n<td>270<\/td>\n<td>260<\/td>\n<td><\/td>\n<td><\/td>\n<td><\/td>\n<td><\/td>\n<td><\/td>\n<td><\/td>\n<td><\/td>\n<\/tr>\n<tr>\n<td>ZDI320-2-4-3<\/td>\n<td>4<\/td>\n<td>380<\/td>\n<td>290<\/td>\n<td>270<\/td>\n<td>260<\/td>\n<td>240<\/td>\n<td>220<\/td>\n<td><\/td>\n<td><\/td>\n<td><\/td>\n<td><\/td>\n<td><\/td>\n<\/tr>\n<tr>\n<td>ZDI320-2-55-3<\/td>\n<td>5,5<\/td>\n<td>500<\/td>\n<td>290<\/td>\n<td>270<\/td>\n<td>260<\/td>\n<td>240<\/td>\n<td>220<\/td>\n<td>200<\/td>\n<td>180<\/td>\n<td>160<\/td>\n<td><\/td>\n<td><\/td>\n<\/tr>\n<tr>\n<td>ZDI320-2-75-3<\/td>\n<td>7,5<\/td>\n<td>570<\/td>\n<td>290<\/td>\n<td>270<\/td>\n<td>260<\/td>\n<td>240<\/td>\n<td>220<\/td>\n<td>200<\/td>\n<td>180<\/td>\n<td>160<\/td>\n<td>130<\/td>\n<td><\/td>\n<\/tr>\n<tr>\n<td>ZDI500-2-55-3<\/td>\n<td>5,5<\/td>\n<td>260<\/td>\n<td>290<\/td>\n<td>240<\/td>\n<td>180<\/td>\n<td>120<\/td>\n<td><\/td>\n<td><\/td>\n<td><\/td>\n<td><\/td>\n<td><\/td>\n<td><\/td>\n<\/tr>\n<tr>\n<td>ZDI550-2-75-3<\/td>\n<td>7,5<\/td>\n<td>300<\/td>\n<td>470<\/td>\n<td>440<\/td>\n<td>420<\/td>\n<td>390<\/td>\n<td><\/td>\n<td><\/td>\n<td><\/td>\n<td><\/td>\n<td><\/td>\n<td><\/td>\n<\/tr>\n<tr>\n<td>ZDI550-2-11-3<\/td>\n<td>11<\/td>\n<td>600<\/td>\n<td>470<\/td>\n<td>440<\/td>\n<td>420<\/td>\n<td>390<\/td>\n<td>360<\/td>\n<td>340<\/td>\n<td>290<\/td>\n<td>290<\/td>\n<td>270<\/td>\n<td>240<\/td>\n<\/tr>\n<\/tbody>\n<\/table>\n[\/vc_column_text][\/vc_column][\/vc_row]\n","protected":false},"excerpt":{"rendered":"<p>[vc_row type=\"full_width_background\" full_screen_row_position=\"middle\" column_margin=\"custom\" column_direction=\"default\" column_direction_tablet=\"default\" column_direction_phone=\"default\" scene_position=\"center\" top_padding=\"5%\" constrain_group_1=\"yes\" bottom_padding=\"5%\" bottom_padding_phone=\"0&#8243; text_color=\"dark\" text_align=\"left\" row_border_radius=\"none\" row_border_radius_applies=\"bg\" row_position_desktop=\"default\" row_position_tablet=\"inherit\" row_position_phone=\"inherit\" overflow=\"visible\" overlay_strength=\"0.3&#8243; gradient_direction=\"left_to_right\" shape_divider_position=\"bottom\" bg_image_animation=\"none\" shape_type=\"\" gradient_type=\"default\"][vc_column column_padding=\"no-extra-padding\" column_padding_tablet=\"inherit\" column_padding_phone=\"inherit\" column_padding_position=\"all\"&#8230;<\/p>\n","protected":false},"author":1,"featured_media":3987,"parent":3781,"menu_order":0,"comment_status":"closed","ping_status":"closed","template":"","meta":{"footnotes":""},"class_list":["post-4049","page","type-page","status-publish","has-post-thumbnail"],"_links":{"self":[{"href":"https:\/\/www.dovac.nl\/de\/wp-json\/wp\/v2\/pages\/4049","targetHints":{"allow":["GET"]}}],"collection":[{"href":"https:\/\/www.dovac.nl\/de\/wp-json\/wp\/v2\/pages"}],"about":[{"href":"https:\/\/www.dovac.nl\/de\/wp-json\/wp\/v2\/types\/page"}],"author":[{"embeddable":true,"href":"https:\/\/www.dovac.nl\/de\/wp-json\/wp\/v2\/users\/1"}],"replies":[{"embeddable":true,"href":"https:\/\/www.dovac.nl\/de\/wp-json\/wp\/v2\/comments?post=4049"}],"version-history":[{"count":52,"href":"https:\/\/www.dovac.nl\/de\/wp-json\/wp\/v2\/pages\/4049\/revisions"}],"predecessor-version":[{"id":13620,"href":"https:\/\/www.dovac.nl\/de\/wp-json\/wp\/v2\/pages\/4049\/revisions\/13620"}],"up":[{"embeddable":true,"href":"https:\/\/www.dovac.nl\/de\/wp-json\/wp\/v2\/pages\/3781"}],"wp:featuredmedia":[{"embeddable":true,"href":"https:\/\/www.dovac.nl\/de\/wp-json\/wp\/v2\/media\/3987"}],"wp:attachment":[{"href":"https:\/\/www.dovac.nl\/de\/wp-json\/wp\/v2\/media?parent=4049"}],"curies":[{"name":"wp","href":"https:\/\/api.w.org\/{rel}","templated":true}]}}