{"id":4054,"date":"2024-02-08T08:14:42","date_gmt":"2024-02-08T07:14:42","guid":{"rendered":"https:\/\/www.dovac.nl\/luftmesser\/luftpistole\/"},"modified":"2025-12-10T09:24:24","modified_gmt":"2025-12-10T08:24:24","slug":"luftpistole","status":"publish","type":"page","link":"https:\/\/www.dovac.nl\/de\/dovac-luftmesser\/luftpistole\/","title":{"rendered":"Luftpistole"},"content":{"rendered":"[vc_row type=\"full_width_background\" full_screen_row_position=\"middle\" column_margin=\"custom\" column_direction=\"default\" column_direction_tablet=\"default\" column_direction_phone=\"default\" scene_position=\"center\" top_padding=\"5%\" constrain_group_1=\"yes\" bottom_padding=\"5%\" bottom_padding_phone=\"0&#8243; text_color=\"dark\" text_align=\"left\" row_border_radius=\"none\" row_border_radius_applies=\"bg\" overflow=\"visible\" overlay_strength=\"0.3&#8243; gradient_direction=\"left_to_right\" shape_divider_position=\"bottom\" bg_image_animation=\"none\" shape_type=\"\" gradient_type=\"default\"][vc_column column_padding=\"no-extra-padding\" column_padding_tablet=\"inherit\" column_padding_phone=\"inherit\" column_padding_position=\"all\" column_element_direction_desktop=\"default\" column_element_spacing=\"default\" desktop_text_alignment=\"default\" tablet_text_alignment=\"default\" phone_text_alignment=\"default\" sticky_content=\"true\" sticky_content_functionality=\"css\" sticky_content_alignment=\"default\" background_color_opacity=\"1&#8243; background_hover_color_opacity=\"1&#8243; column_backdrop_filter=\"none\" font_color=\"#004982&#8243; column_shadow=\"none\" column_border_radius=\"none\" column_link_target=\"_self\" column_position=\"default\" gradient_direction=\"left_to_right\" overlay_strength=\"0.3&#8243; width=\"1\/3&#8243; tablet_width_inherit=\"default\" animation_type=\"default\" bg_image_animation=\"none\" border_type=\"simple\" column_border_width=\"none\" column_border_style=\"solid\" column_padding_type=\"default\" gradient_type=\"default\"][vc_row_inner column_margin=\"default\" column_direction=\"default\" column_direction_tablet=\"default\" column_direction_phone=\"default\" text_align=\"left\" row_position=\"default\" row_position_tablet=\"inherit\" row_position_phone=\"inherit\" overflow=\"visible\" pointer_events=\"all\"][vc_column_inner column_padding=\"no-extra-padding\" column_padding_tablet=\"inherit\" column_padding_phone=\"inherit\" column_padding_position=\"all\" column_element_direction_desktop=\"default\" column_element_spacing=\"default\" desktop_text_alignment=\"default\" tablet_text_alignment=\"default\" phone_text_alignment=\"default\" background_color_opacity=\"1&#8243; background_hover_color_opacity=\"1&#8243; column_backdrop_filter=\"none\" column_shadow=\"none\" column_border_radius=\"none\" column_link_target=\"_self\" overflow=\"visible\" gradient_direction=\"left_to_right\" overlay_strength=\"0.3&#8243; width=\"1\/1&#8243; tablet_width_inherit=\"default\" animation_type=\"default\" bg_image_animation=\"none\" border_type=\"simple\" column_border_width=\"none\" column_border_style=\"solid\" column_padding_type=\"default\" gradient_type=\"default\"][image_with_animation image_url=\"2916&#8243; image_size=\"full\" animation_type=\"entrance\" animation=\"None\" animation_movement_type=\"transform_y\" hover_animation=\"none\" alignment=\"\" border_radius=\"15px\" box_shadow=\"small_depth\" image_loading=\"default\" max_width=\"100%\" max_width_mobile=\"default\"][\/vc_column_inner][\/vc_row_inner][\/vc_column][vc_column column_padding=\"no-extra-padding\" column_padding_tablet=\"inherit\" column_padding_phone=\"inherit\" column_padding_position=\"all\" column_element_direction_desktop=\"default\" column_element_spacing=\"10px\" desktop_text_alignment=\"default\" tablet_text_alignment=\"default\" phone_text_alignment=\"default\" background_color_opacity=\"1&#8243; background_hover_color_opacity=\"1&#8243; column_backdrop_filter=\"none\" column_shadow=\"none\" column_border_radius=\"none\" column_link_target=\"_self\" column_position=\"default\" gradient_direction=\"left_to_right\" overlay_strength=\"0.3&#8243; width=\"2\/3&#8243; tablet_width_inherit=\"small_desktop\" animation_type=\"default\" bg_image_animation=\"none\" border_type=\"simple\" column_border_width=\"none\" column_border_style=\"solid\" column_padding_type=\"default\" gradient_type=\"default\"][vc_row_inner column_margin=\"default\" column_direction=\"default\" column_direction_tablet=\"default\" column_direction_phone=\"default\" text_align=\"left\" row_position=\"default\" row_position_tablet=\"inherit\" row_position_phone=\"inherit\" overflow=\"visible\" pointer_events=\"all\"][vc_column_inner column_padding=\"padding-5-percent\" column_padding_tablet=\"inherit\" column_padding_phone=\"padding-3-percent\" column_padding_position=\"all\" column_element_direction_desktop=\"default\" column_element_spacing=\"default\" desktop_text_alignment=\"default\" tablet_text_alignment=\"default\" phone_text_alignment=\"default\" background_color_opacity=\"1&#8243; background_hover_color_opacity=\"1&#8243; column_backdrop_filter=\"none\" font_color=\"#000000&#8243; column_shadow=\"none\" column_border_radius=\"none\" column_link_target=\"_self\" overflow=\"visible\" gradient_direction=\"left_to_right\" overlay_strength=\"0.3&#8243; width=\"1\/1&#8243; tablet_width_inherit=\"default\" animation_type=\"default\" bg_image_animation=\"none\" border_type=\"simple\" column_border_width=\"4px\" column_border_color=\"#000000&#8243; column_border_style=\"dashed\" column_padding_type=\"default\" gradient_type=\"default\"][nectar_highlighted_text color_type=\"regular\" text_color=\"#000000&#8243; style=\"full_text\" highlight_expansion=\"default\"]\n<h1>Entdecken Sie DOVAC Luftgewehre<\/h1>\n[\/nectar_highlighted_text][vc_column_text]\n<h2>Gezielter und effizienter Luftstrom<\/h2>\n<p>Eine Version mit einer Luftpistole kann gezielter f\u00fcr ein kleineres Produkt oder in Kombination mit einem Roboter eingesetzt werden, wo schwierigere Bereiche leichter zu erreichen sind.<\/p>\n<p>Eine DOVAC-Luftpistole funktioniert genauso wie ein Luftmesser, erzeugt jedoch einen kegelf\u00f6rmigen Luftstrom. Wie das Luftmesser ist auch die Luftkanone leicht zu montieren, hat bewegliche Teile und ist langlebig. Hier wird auch der Luftdampf bei hohen Geschwindigkeiten gleichm\u00e4\u00dfig verteilt.<\/p>\n<p>DOVAC Luftpistolen sind in Edelstahl und Aluminium erh\u00e4ltlich. Mit Durchmessern von 13mm, 19mm bis zu einem Maximum von 25mm.<\/p>\n<p>Die Vielseitigkeit der DOVAC Luftpistolen macht sie ideal f\u00fcr die Integration in automatisierte Systeme, wie sie h\u00e4ufig in modernen Produktionslinien zu finden sind. Ihre F\u00e4higkeit, pr\u00e4zise und effektiv gerichtete Luftstr\u00f6me zu liefern, ist besonders n\u00fctzlich bei Robotikanwendungen, bei denen komplexe oder schwer zug\u00e4ngliche Oberfl\u00e4chen gereinigt, gek\u00fchlt oder getrocknet werden m\u00fcssen. Dies macht die Druckluftpistole zu einem unverzichtbaren Werkzeug in Branchen wie der Automobil- und Elektronikindustrie, wo Pr\u00e4zision und Effizienz entscheidend f\u00fcr die Einhaltung hoher Qualit\u00e4tsstandards und die Minimierung von Produktionsfehlern sind.<\/p>\n<p>Dar\u00fcber hinaus bieten die Luftpistolen von DOVAC eine deutliche Verbesserung der Arbeitsbedingungen, da weniger manuelle Arbeit f\u00fcr die Reinigung und Wartung erforderlich ist. Mit ihrem leistungsstarken und gerichteten Luftstrom k\u00f6nnen diese Ger\u00e4te schnell und effektiv Materialien wie Staub, Sp\u00e4ne und andere Verunreinigungen entfernen und so dazu beitragen, die Sicherheit am Arbeitsplatz zu erh\u00f6hen und die Belastung durch potenziell gef\u00e4hrliche Materialien zu verringern. Die einfache Installation und die Langlebigkeit der Druckluftpistolen sorgen au\u00dferdem f\u00fcr eine lange Lebensdauer bei minimalem Wartungsaufwand, was sie zu einer kosteng\u00fcnstigen L\u00f6sung f\u00fcr viele industrielle Anwendungen macht.[\/vc_column_text][nectar_btn size=\"large\" button_style=\"see-through-3d\" color_override=\"#e54040&#8243; text=\"KONTAKTIEREN SIE UNS\" url=\"https:\/\/www.dovac.nl\/de\/kontakt\/\"][\/vc_column_inner][\/vc_row_inner][\/vc_column][\/vc_row][vc_row type=\"in_container\" full_screen_row_position=\"middle\" column_margin=\"default\" column_direction=\"default\" column_direction_tablet=\"default\" column_direction_phone=\"default\" scene_position=\"center\" text_color=\"dark\" text_align=\"left\" row_border_radius=\"none\" row_border_radius_applies=\"bg\" overflow=\"visible\" overlay_strength=\"0.3&#8243; gradient_direction=\"left_to_right\" shape_divider_position=\"bottom\" bg_image_animation=\"none\"][vc_column column_padding=\"no-extra-padding\" column_padding_tablet=\"inherit\" column_padding_phone=\"inherit\" column_padding_position=\"all\" column_element_direction_desktop=\"default\" column_element_spacing=\"default\" desktop_text_alignment=\"default\" tablet_text_alignment=\"default\" phone_text_alignment=\"default\" background_color_opacity=\"1&#8243; background_hover_color_opacity=\"1&#8243; column_backdrop_filter=\"none\" column_shadow=\"none\" column_border_radius=\"none\" column_link_target=\"_self\" column_position=\"default\" gradient_direction=\"left_to_right\" overlay_strength=\"0.3&#8243; width=\"2\/3&#8243; tablet_width_inherit=\"default\" animation_type=\"default\" bg_image_animation=\"none\" border_type=\"simple\" column_border_width=\"none\" column_border_style=\"solid\"][vc_column_text]\n<table cellspacing=\"0\" cellpadding=\"0\">\n<tbody>\n<tr>\n<td valign=\"bottom\"><b>Artikel Nummer<\/b><\/td>\n<td valign=\"bottom\"><b>A<\/b><\/td>\n<td valign=\"bottom\"><b>B<\/b><\/td>\n<td valign=\"bottom\"><b>C<\/b><\/td>\n<\/tr>\n<tr>\n<td valign=\"bottom\"><\/td>\n<td valign=\"bottom\"><\/td>\n<td valign=\"bottom\"><\/td>\n<td valign=\"bottom\"><\/td>\n<\/tr>\n<tr>\n<td valign=\"bottom\">640AIRCANON13ALU<\/td>\n<td valign=\"bottom\">76<\/td>\n<td valign=\"bottom\">100<\/td>\n<td valign=\"bottom\">33<\/td>\n<\/tr>\n<tr>\n<td valign=\"bottom\">640AIRCANON13RVS<\/td>\n<td valign=\"bottom\">76<\/td>\n<td valign=\"bottom\">100<\/td>\n<td valign=\"bottom\">33<\/td>\n<\/tr>\n<tr>\n<td valign=\"bottom\">640AIRCANON19ALU<\/td>\n<td valign=\"bottom\">76<\/td>\n<td valign=\"bottom\">100<\/td>\n<td valign=\"bottom\">33<\/td>\n<\/tr>\n<tr>\n<td valign=\"bottom\">640AIRCANON19RVS<\/td>\n<td valign=\"bottom\">76<\/td>\n<td valign=\"bottom\">100<\/td>\n<td valign=\"bottom\">33<\/td>\n<\/tr>\n<tr>\n<td valign=\"bottom\">640AIRCANON25ALU<\/td>\n<td valign=\"bottom\">76<\/td>\n<td valign=\"bottom\">100<\/td>\n<td valign=\"bottom\">33<\/td>\n<\/tr>\n<tr>\n<td valign=\"bottom\">640AIRCANON25RVS<\/td>\n<td valign=\"bottom\">76<\/td>\n<td valign=\"bottom\">100<\/td>\n<td valign=\"bottom\">33<\/td>\n<\/tr>\n<\/tbody>\n<\/table>\n[\/vc_column_text][\/vc_column][vc_column column_padding=\"no-extra-padding\" column_padding_tablet=\"inherit\" column_padding_phone=\"inherit\" column_padding_position=\"all\" column_element_direction_desktop=\"default\" column_element_spacing=\"default\" desktop_text_alignment=\"default\" tablet_text_alignment=\"default\" phone_text_alignment=\"default\" background_color_opacity=\"1&#8243; background_hover_color_opacity=\"1&#8243; column_backdrop_filter=\"none\" column_shadow=\"none\" column_border_radius=\"none\" column_link_target=\"_self\" column_position=\"default\" gradient_direction=\"left_to_right\" overlay_strength=\"0.3&#8243; width=\"1\/3&#8243; tablet_width_inherit=\"default\" animation_type=\"default\" bg_image_animation=\"none\" border_type=\"simple\" column_border_width=\"none\" column_border_style=\"solid\"][image_with_animation image_url=\"2198&#8243; image_size=\"full\" animation_type=\"entrance\" animation=\"None\" animation_movement_type=\"transform_y\" hover_animation=\"none\" alignment=\"\" border_radius=\"none\" box_shadow=\"none\" image_loading=\"default\" max_width=\"75%\" max_width_mobile=\"default\"][\/vc_column][\/vc_row][vc_row type=\"in_container\" full_screen_row_position=\"middle\" column_margin=\"default\" column_direction=\"default\" column_direction_tablet=\"default\" column_direction_phone=\"default\" scene_position=\"center\" top_padding=\"5%\" text_color=\"dark\" text_align=\"left\" row_border_radius=\"none\" row_border_radius_applies=\"bg\" overflow=\"visible\" overlay_strength=\"0.3&#8243; gradient_direction=\"left_to_right\" shape_divider_position=\"bottom\" bg_image_animation=\"none\" gradient_type=\"default\" shape_type=\"\"][vc_column column_padding=\"no-extra-padding\" column_padding_tablet=\"inherit\" column_padding_phone=\"inherit\" column_padding_position=\"all\" column_element_direction_desktop=\"default\" column_element_spacing=\"default\" desktop_text_alignment=\"default\" tablet_text_alignment=\"default\" phone_text_alignment=\"default\" background_color_opacity=\"1&#8243; background_hover_color_opacity=\"1&#8243; column_backdrop_filter=\"none\" column_shadow=\"none\" column_border_radius=\"none\" column_link_target=\"_self\" column_position=\"default\" gradient_direction=\"left_to_right\" overlay_strength=\"0.3&#8243; width=\"1\/1&#8243; tablet_width_inherit=\"default\" animation_type=\"default\" bg_image_animation=\"none\" border_type=\"simple\" column_border_width=\"none\" column_border_style=\"solid\"][vc_column_text]\n<div id=\"contentsContainer\" class=\"style-scope qowt-page\">\n<div id=\"contents\" class=\"style-scope qowt-page\">\n<h2 id=\"E397\" class=\"x-scope qowt-word-para-0\"><span id=\"E399\" class=\"qowt-font6-Arial\">Luftpistolen von DOVAC<\/span><\/h2>\n<h2 id=\"E400\" class=\"x-scope qowt-word-para-1\"><span id=\"E401\" class=\"qowt-font6-Arial\">Gezielte Kraft f\u00fcr hartn\u00e4ckigen Schmutz, Ablagerungen und Verstopfungen<\/span><\/h2>\n<p id=\"E402\" class=\"x-scope qowt-word-para-2\"><span id=\"E403\" class=\"qowt-font6-Arial\">Wo ein Standard-Luftmesser nicht ausreicht, bietet eine Luftpistole die L\u00f6sung. Ein gezielter, kr\u00e4ftiger Luftsto\u00df entfernt effizient Verschmutzungen, Ablagerungen oder Feuchtigkeit. Die Luftpistole ist die ideale L\u00f6sung f\u00fcr Anwendungen, die eine lokale und intensive Reinigung oder Verlagerung erfordern. <\/span><\/p>\n<p id=\"E404\" class=\"x-scope qowt-word-para-2\"><span id=\"E405\" class=\"qowt-font6-Arial\">DOVAC liefert robuste, einstellbare Luftpistolen, die sich leicht in bestehende Systeme integrieren lassen. In Kombination mit unseren Seitenkanalverdichtern bieten sie eine langlebige und wartungsarme Alternative zu Druckluft. <\/span><\/p>\n<h3 id=\"E410\" class=\"x-scope qowt-word-para-0\"><span id=\"E411\" class=\"qowt-font8-SegoeUIEmoji\"> <\/span><span id=\"E412\" class=\"qowt-font6-Arial\"> Was ist eine Luftkanone?<\/span><\/h3>\n<p id=\"E413\" class=\"x-scope qowt-word-para-2\"><span id=\"E414\" class=\"qowt-font6-Arial\">Eine Luftkanone ist ein leistungsstarkes Bl\u00e4sersystem, das einen konzentrierten Luftstrom auf einen bestimmten Punkt abgibt. Im Gegensatz zu einem Luftmesser (bei dem die Luft \u00fcber einen weiten Bereich verteilt wird), ist eine Luftkanone f\u00fcr konzentrierte Kraft und Distanz ausgelegt. <\/span><\/p>\n<p id=\"E415\" class=\"x-scope qowt-word-para-2\"><span id=\"E416\" class=\"qowt-font6-Arial\">Typische Anwendungen:<\/span><\/p>\n<ul>\n<li id=\"E417\" class=\"qowt-li-1_0 qowt-list x-scope qowt-word-para-2\" role=\"listitem\" aria-roledescription=\"Bullet\"><span id=\"E418\" class=\"qowt-font6-Arial\">Entfernen von Staub oder Produktresten aus Ecken oder Schlitzen<\/span><\/li>\n<li id=\"E419\" class=\"qowt-li-1_0 qowt-list x-scope qowt-word-para-2\" role=\"listitem\" aria-roledescription=\"Bullet\"><span id=\"E420\" class=\"qowt-font6-Arial\">Lose festsitzende Materialien oder Kondenswasser ausblasen<\/span><\/li>\n<li id=\"E421\" class=\"qowt-li-1_0 qowt-list x-scope qowt-word-para-2\" role=\"listitem\" aria-roledescription=\"Bullet\"><span id=\"E422\" class=\"qowt-font6-Arial\">Reinigung von F\u00f6rderb\u00e4ndern oder Rollen<\/span><\/li>\n<li id=\"E423\" class=\"qowt-li-1_0 qowt-list x-scope qowt-word-para-2\" role=\"listitem\" aria-roledescription=\"Bullet\"><span id=\"E424\" class=\"qowt-font6-Arial\">Schnelles K\u00fchlen oder Trocknen von kleinen Fl\u00e4chen<\/span><\/li>\n<\/ul>\n<h3 id=\"E429\" class=\"x-scope qowt-word-para-0\"><span id=\"E430\" class=\"qowt-font8-SegoeUIEmoji\"> <\/span><span id=\"E431\" class=\"qowt-font6-Arial\"> Vorteile einer DOVAC-Luftpistole<\/span><\/h3>\n<ul>\n<li id=\"E432\" class=\"x-scope qowt-word-para-2\"><span id=\"E435\" class=\"qowt-font6-Arial\">Hohe Luftgeschwindigkeit<\/span><span id=\"E436\" class=\"qowt-font6-Arial\"> und gerichtete Kraft<\/span><\/li>\n<li class=\"x-scope qowt-word-para-2\"><span id=\"E441\" class=\"qowt-font6-Arial\">Leicht einstellbar<\/span><span id=\"E442\" class=\"qowt-font6-Arial\"> und einstellbar<\/span><\/li>\n<li class=\"x-scope qowt-word-para-2\"><span id=\"E447\" class=\"qowt-font6-Arial\">Wartungsfreies Design<\/span><span id=\"E448\" class=\"qowt-font6-Arial\">, keine beweglichen Teile<\/span><\/li>\n<li class=\"x-scope qowt-word-para-2\"><span id=\"E453\" class=\"qowt-font6-Arial\">Leise im Betrieb<\/span><span id=\"E454\" class=\"qowt-font6-Arial\">in Kombination mit Seitenkanalgebl\u00e4se<\/span><\/li>\n<li class=\"x-scope qowt-word-para-2\"><span id=\"E459\" class=\"qowt-font6-Arial\">Energieeffizient<\/span><span id=\"E460\" class=\"qowt-font6-Arial\"> Alternative zu Druckluft<\/span><\/li>\n<\/ul>\n<h3 id=\"E465\" class=\"x-scope qowt-word-para-0\"><span id=\"E466\" class=\"qowt-font8-SegoeUIEmoji\"> <\/span><span id=\"E467\" class=\"qowt-font6-Arial\">Technische Daten<\/span><\/h3>\n<p id=\"E468\" class=\"x-scope qowt-word-para-2\"><span id=\"E469\" class=\"qowt-font6-Arial\">Unsere Druckluftpistolen werden auf der Grundlage Ihrer Anwendung individuell konfiguriert. Einige Standardfunktionen: <\/span><\/p>\n<ul>\n<li id=\"E470\" class=\"qowt-li-2_0 qowt-list x-scope qowt-word-para-2\" role=\"listitem\" aria-roledescription=\"Bullet\"><span id=\"E471\" class=\"qowt-font6-Arial\">L\u00e4nge des Ausblasrohrs<\/span><span id=\"E472\" class=\"qowt-font6-Arial\">: variabel, je nach Anwendung<\/span><\/li>\n<li id=\"E473\" class=\"qowt-li-2_0 qowt-list x-scope qowt-word-para-2\" role=\"listitem\" aria-roledescription=\"Bullet\"><span id=\"E474\" class=\"qowt-font6-Arial\">Material<\/span><span id=\"E475\" class=\"qowt-font6-Arial\">Geh\u00e4use aus Aluminium oder rostfreiem Stahl<\/span><\/li>\n<li id=\"E476\" class=\"qowt-li-2_0 qowt-list x-scope qowt-word-para-2\" role=\"listitem\" aria-roledescription=\"Bullet\"><span id=\"E477\" class=\"qowt-font6-Arial\">Luftverteilung<\/span><span id=\"E479\" class=\"qowt-font6-Arial\">einstellbar \u00fcber <\/span><span id=\"E481\" class=\"qowt-font6-Arial\">D\u00fcse<\/span><span id=\"E483\" class=\"qowt-font6-Arial\"> oder D\u00fcse<\/span><\/li>\n<li class=\"qowt-li-2_0 qowt-list x-scope qowt-word-para-2\" role=\"listitem\" aria-roledescription=\"Bullet\">Montage<span id=\"E486\" class=\"qowt-font6-Arial\">: mit B\u00fcgel oder Flansch<\/span><\/li>\n<li class=\"qowt-li-2_0 qowt-list x-scope qowt-word-para-2\" role=\"listitem\" aria-roledescription=\"Bullet\">Arbeitsdruck<span id=\"E489\" class=\"qowt-font6-Arial\">: optimiert f\u00fcr Seitenkanalverdichter (oder ausnahmsweise Druckluft)<\/span><\/li>\n<\/ul>\n<\/div>\n<\/div>\n<div id=\"contentsContainer\" class=\"style-scope qowt-page\">\n<div id=\"contents\" class=\"style-scope qowt-page\">\n<p id=\"E490\" class=\"x-scope qowt-word-para-2\"><span id=\"E491\" class=\"qowt-font6-Arial\">Wir denken gerne mit Ihnen \u00fcber die richtige Konfiguration f\u00fcr Ihre Situation nach.<\/span><\/p>\n<h3 id=\"E496\" class=\"x-scope qowt-word-para-0\"><span id=\"E497\" class=\"qowt-font8-SegoeUIEmoji\"> <\/span><span id=\"E498\" class=\"qowt-font6-Arial\"> Angetrieben von Seitenkanalgebl\u00e4sen<\/span><\/h3>\n<p id=\"E499\" class=\"x-scope qowt-word-para-2\"><span id=\"E500\" class=\"qowt-font6-Arial\">Unsere Luftkanonen werden standardm\u00e4\u00dfig mit leistungsstarken Seitenkanalgebl\u00e4sen kombiniert. Dieses System: <\/span><\/p>\n<ul>\n<li id=\"E501\" class=\"qowt-li-3_0 qowt-list x-scope qowt-word-para-2\" role=\"listitem\" aria-roledescription=\"Bullet\"><span id=\"E502\" class=\"qowt-font6-Arial\">Reduziert den Energieverbrauch um bis zu 70% im Vergleich zu Druckluft<\/span><\/li>\n<li id=\"E503\" class=\"qowt-li-3_0 qowt-list x-scope qowt-word-para-2\" role=\"listitem\" aria-roledescription=\"Bullet\"><span id=\"E504\" class=\"qowt-font6-Arial\">Erm\u00f6glicht kontinuierlichen Betrieb ohne Druckverlust<\/span><\/li>\n<li id=\"E505\" class=\"qowt-li-3_0 qowt-list x-scope qowt-word-para-2\" role=\"listitem\" aria-roledescription=\"Bullet\"><span id=\"E506\" class=\"qowt-font6-Arial\">Ben\u00f6tigt fast keine Wartung<\/span><\/li>\n<\/ul>\n<p id=\"E507\" class=\"x-scope qowt-word-para-2\"><span id=\"E508\" class=\"qowt-font6-Arial\">Wir beraten Sie gerne \u00fcber die richtige Gebl\u00e4seleistung und die optimalen Einstellungen f\u00fcr Ihre Anwendung.<\/span><\/p>\n<h3 id=\"E513\" class=\"x-scope qowt-word-para-0\"><span id=\"E514\" class=\"qowt-font8-SegoeUIEmoji\"> <\/span><span id=\"E515\" class=\"qowt-font6-Arial\"> Typische Anwendungen<\/span><\/h3>\n<p id=\"E516\" class=\"x-scope qowt-word-para-2\"><span id=\"E517\" class=\"qowt-font6-Arial\">DOVAC Luftpistolen werden unter anderem in folgenden Bereichen eingesetzt:<\/span><\/p>\n<ul>\n<li id=\"E518\" class=\"qowt-li-0_0 qowt-list x-scope qowt-word-para-2\" role=\"listitem\" aria-roledescription=\"Bullet\"><span id=\"E519\" class=\"qowt-font6-Arial\">Recycling und Abfalltrennung (Entfernung von leichten Teilen)<\/span><\/li>\n<li id=\"E520\" class=\"qowt-li-0_0 qowt-list x-scope qowt-word-para-2\" role=\"listitem\" aria-roledescription=\"Bullet\"><span id=\"E521\" class=\"qowt-font6-Arial\">Papier- und Kartonherstellung (Beseitigung von Schnittresten)<\/span><\/li>\n<li id=\"E522\" class=\"qowt-li-0_0 qowt-list x-scope qowt-word-para-2\" role=\"listitem\" aria-roledescription=\"Bullet\"><span id=\"E523\" class=\"qowt-font6-Arial\">Metallbearbeitung (Entfernen von Sp\u00e4nen und K\u00fchlmittel)<\/span><\/li>\n<li id=\"E524\" class=\"qowt-li-0_0 qowt-list x-scope qowt-word-para-2\" role=\"listitem\" aria-roledescription=\"Bullet\"><span id=\"E525\" class=\"qowt-font6-Arial\">Lebensmittelindustrie (lokale Trocknung und Abblasen)<\/span><\/li>\n<\/ul>\n<h3 id=\"E530\" class=\"x-scope qowt-word-para-0\"><span id=\"E531\" class=\"qowt-font8-SegoeUIEmoji\"> <\/span><span id=\"E532\" class=\"qowt-font6-Arial\"> Ma\u00dfgeschneiderte L\u00f6sungen und schnelle Lieferung<\/span><\/h3>\n<p id=\"E533\" class=\"x-scope qowt-word-para-2\"><span id=\"E534\" class=\"qowt-font6-Arial\">Keine Anwendung ist wie die andere. Deshalb liefern wir Luftpistolen, die vollst\u00e4ndig auf Ihre Anwendung zugeschnitten sind. Wir haben ein gro\u00dfes Ersatzteillager, so dass wir schnell reagieren k\u00f6nnen. <\/span><\/p>\n<h3 id=\"E539\" class=\"x-scope qowt-word-para-0\"><span id=\"E540\" class=\"qowt-font8-SegoeUIEmoji\"> <\/span><span id=\"E541\" class=\"qowt-font6-Arial\"> Brauchen Sie einen Rat?<\/span><\/h3>\n<p id=\"E542\" class=\"x-scope qowt-word-para-2\"><span id=\"E543\" class=\"qowt-font6-Arial\">Haben Sie es mit Verunreinigungen, Produktablagerungen oder schwer zug\u00e4nglichen Stellen zu tun? Dann k\u00f6nnte eine Luftkanone die richtige L\u00f6sung sein. Kontaktieren Sie unser technisches Team f\u00fcr eine entsprechende Beratung oder ein unverbindliches Angebot. <\/span><\/p>\n<\/div>\n<\/div>\n[\/vc_column_text][\/vc_column][\/vc_row]\n","protected":false},"excerpt":{"rendered":"<p>[vc_row type=\"full_width_background\" full_screen_row_position=\"middle\" column_margin=\"custom\" column_direction=\"default\" column_direction_tablet=\"default\" column_direction_phone=\"default\" scene_position=\"center\" top_padding=\"5%\" constrain_group_1=\"yes\" bottom_padding=\"5%\" bottom_padding_phone=\"0&#8243; text_color=\"dark\" text_align=\"left\" row_border_radius=\"none\" row_border_radius_applies=\"bg\" overflow=\"visible\" overlay_strength=\"0.3&#8243; gradient_direction=\"left_to_right\" shape_divider_position=\"bottom\" bg_image_animation=\"none\" shape_type=\"\" gradient_type=\"default\"][vc_column column_padding=\"no-extra-padding\" column_padding_tablet=\"inherit\" column_padding_phone=\"inherit\" column_padding_position=\"all\" column_element_direction_desktop=\"default\" column_element_spacing=\"default\" desktop_text_alignment=\"default\"&#8230;<\/p>\n","protected":false},"author":1,"featured_media":0,"parent":3980,"menu_order":0,"comment_status":"closed","ping_status":"closed","template":"","meta":{"footnotes":""},"class_list":["post-4054","page","type-page","status-publish"],"_links":{"self":[{"href":"https:\/\/www.dovac.nl\/de\/wp-json\/wp\/v2\/pages\/4054","targetHints":{"allow":["GET"]}}],"collection":[{"href":"https:\/\/www.dovac.nl\/de\/wp-json\/wp\/v2\/pages"}],"about":[{"href":"https:\/\/www.dovac.nl\/de\/wp-json\/wp\/v2\/types\/page"}],"author":[{"embeddable":true,"href":"https:\/\/www.dovac.nl\/de\/wp-json\/wp\/v2\/users\/1"}],"replies":[{"embeddable":true,"href":"https:\/\/www.dovac.nl\/de\/wp-json\/wp\/v2\/comments?post=4054"}],"version-history":[{"count":15,"href":"https:\/\/www.dovac.nl\/de\/wp-json\/wp\/v2\/pages\/4054\/revisions"}],"predecessor-version":[{"id":13032,"href":"https:\/\/www.dovac.nl\/de\/wp-json\/wp\/v2\/pages\/4054\/revisions\/13032"}],"up":[{"embeddable":true,"href":"https:\/\/www.dovac.nl\/de\/wp-json\/wp\/v2\/pages\/3980"}],"wp:attachment":[{"href":"https:\/\/www.dovac.nl\/de\/wp-json\/wp\/v2\/media?parent=4054"}],"curies":[{"name":"wp","href":"https:\/\/api.w.org\/{rel}","templated":true}]}}