{"id":4076,"date":"2024-03-04T15:22:59","date_gmt":"2024-03-04T14:22:59","guid":{"rendered":"https:\/\/www.dovac.nl\/teile\/vakuumfilter\/"},"modified":"2025-12-10T09:27:30","modified_gmt":"2025-12-10T08:27:30","slug":"vakuumfilter","status":"publish","type":"page","link":"https:\/\/www.dovac.nl\/de\/teile\/vakuumfilter\/","title":{"rendered":"Vakuumfilter"},"content":{"rendered":"[vc_row type=\"full_width_background\" full_screen_row_position=\"middle\" column_margin=\"custom\" column_direction=\"default\" column_direction_tablet=\"default\" column_direction_phone=\"default\" scene_position=\"center\" top_padding=\"5%\" constrain_group_1=\"yes\" bottom_padding=\"5%\" bottom_padding_phone=\"0&#8243; text_color=\"dark\" text_align=\"left\" row_border_radius=\"none\" row_border_radius_applies=\"bg\" overflow=\"visible\" overlay_strength=\"0.3&#8243; gradient_direction=\"left_to_right\" shape_divider_position=\"bottom\" bg_image_animation=\"none\" shape_type=\"\" gradient_type=\"default\"][vc_column column_padding=\"no-extra-padding\" column_padding_tablet=\"inherit\" column_padding_phone=\"inherit\" column_padding_position=\"all\" column_element_direction_desktop=\"default\" column_element_spacing=\"default\" desktop_text_alignment=\"default\" tablet_text_alignment=\"default\" phone_text_alignment=\"default\" sticky_content=\"true\" sticky_content_functionality=\"css\" sticky_content_alignment=\"default\" background_color_opacity=\"1&#8243; background_hover_color_opacity=\"1&#8243; column_backdrop_filter=\"none\" font_color=\"#004982&#8243; column_shadow=\"none\" column_border_radius=\"none\" column_link_target=\"_self\" column_position=\"default\" gradient_direction=\"left_to_right\" overlay_strength=\"0.3&#8243; width=\"1\/3&#8243; tablet_width_inherit=\"default\" animation_type=\"default\" bg_image_animation=\"none\" border_type=\"simple\" column_border_width=\"none\" column_border_style=\"solid\" column_padding_type=\"default\" gradient_type=\"default\"][vc_row_inner column_margin=\"default\" column_direction=\"default\" column_direction_tablet=\"default\" column_direction_phone=\"default\" text_align=\"left\" row_position=\"default\" row_position_tablet=\"inherit\" row_position_phone=\"inherit\" overflow=\"visible\" pointer_events=\"all\"][vc_column_inner column_padding=\"no-extra-padding\" column_padding_tablet=\"inherit\" column_padding_phone=\"inherit\" column_padding_position=\"all\" column_element_direction_desktop=\"default\" column_element_spacing=\"default\" desktop_text_alignment=\"default\" tablet_text_alignment=\"default\" phone_text_alignment=\"default\" background_color_opacity=\"1&#8243; background_hover_color_opacity=\"1&#8243; column_backdrop_filter=\"none\" column_shadow=\"none\" column_border_radius=\"none\" column_link_target=\"_self\" overflow=\"visible\" gradient_direction=\"left_to_right\" overlay_strength=\"0.3&#8243; width=\"1\/1&#8243; tablet_width_inherit=\"default\" animation_type=\"default\" bg_image_animation=\"none\" border_type=\"simple\" column_border_width=\"none\" column_border_style=\"solid\" column_padding_type=\"default\" gradient_type=\"default\"][image_with_animation image_url=\"2851&#8243; image_size=\"full\" animation_type=\"entrance\" animation=\"None\" animation_movement_type=\"transform_y\" hover_animation=\"none\" alignment=\"\" img_link_large=\"yes\" border_radius=\"15px\" box_shadow=\"small_depth\" image_loading=\"default\" max_width=\"100%\" max_width_mobile=\"default\"][\/vc_column_inner][\/vc_row_inner][\/vc_column][vc_column column_padding=\"no-extra-padding\" column_padding_tablet=\"inherit\" column_padding_phone=\"inherit\" column_padding_position=\"all\" column_element_direction_desktop=\"default\" column_element_spacing=\"10px\" desktop_text_alignment=\"default\" tablet_text_alignment=\"default\" phone_text_alignment=\"default\" background_color_opacity=\"1&#8243; background_hover_color_opacity=\"1&#8243; column_backdrop_filter=\"none\" column_shadow=\"none\" column_border_radius=\"none\" column_link_target=\"_self\" column_position=\"default\" gradient_direction=\"left_to_right\" overlay_strength=\"0.3&#8243; width=\"2\/3&#8243; tablet_width_inherit=\"small_desktop\" animation_type=\"default\" bg_image_animation=\"none\" border_type=\"simple\" column_border_width=\"none\" column_border_style=\"solid\" column_padding_type=\"default\" gradient_type=\"default\"][vc_row_inner column_margin=\"default\" column_direction=\"default\" column_direction_tablet=\"default\" column_direction_phone=\"default\" text_align=\"left\" row_position=\"default\" row_position_tablet=\"inherit\" row_position_phone=\"inherit\" overflow=\"visible\" pointer_events=\"all\"][vc_column_inner column_padding=\"padding-5-percent\" column_padding_tablet=\"inherit\" column_padding_phone=\"padding-3-percent\" column_padding_position=\"all\" column_element_direction_desktop=\"default\" column_element_spacing=\"default\" desktop_text_alignment=\"default\" tablet_text_alignment=\"default\" phone_text_alignment=\"default\" background_color_opacity=\"1&#8243; background_hover_color_opacity=\"1&#8243; column_backdrop_filter=\"none\" font_color=\"#000000&#8243; column_shadow=\"none\" column_border_radius=\"none\" column_link_target=\"_self\" overflow=\"visible\" gradient_direction=\"left_to_right\" overlay_strength=\"0.3&#8243; width=\"1\/1&#8243; tablet_width_inherit=\"default\" animation_type=\"default\" bg_image_animation=\"none\" border_type=\"simple\" column_border_width=\"4px\" column_border_color=\"#000000&#8243; column_border_style=\"dashed\" column_padding_type=\"default\" gradient_type=\"default\"][nectar_highlighted_text color_type=\"regular\" text_color=\"#000000&#8243; style=\"full_text\" highlight_expansion=\"default\"]\n<h1>Entdecken Sie DOVAC Vakuumfilter<\/h1>\n[\/nectar_highlighted_text][vc_column_text]\n<h2>Unverzichtbar f\u00fcr Ihre Vakuumpumpen<\/h2>\n<p>DOVAC-Vakuumfilter spielen eine wichtige Rolle f\u00fcr den effizienten und zuverl\u00e4ssigen Betrieb von Vakuumpumpen. Sie sind so konzipiert, dass sie Verunreinigungen, Partikel und Fl\u00fcssigkeiten aus dem angesaugten Gas entfernen und so die Lebensdauer der Vakuumpumpe verl\u00e4ngern und die Leistung verbessern.<\/p>\n<p>Die Funktion eines Vakuumfilters besteht darin, sch\u00e4dliche Substanzen zu entfernen, die den Betrieb der Vakuumpumpe beeintr\u00e4chtigen k\u00f6nnten. Dabei kann es sich um Partikel, Staub, Fl\u00fcssigkeiten oder andere Verunreinigungen handeln, die im angesaugten Gas enthalten sind. Durch die Filterung dieser Verunreinigungen wird verhindert, dass sie in die Pumpe gelangen und interne Komponenten wie den Rotor, die Ventile und die Dichtungen besch\u00e4digen.<\/p>\n<p>DOVAC-Vakuumfilter sind in verschiedenen Konfigurationen und Materialien erh\u00e4ltlich, je nach Anwendung und Anforderungen an die Vakuumpumpe. Sie k\u00f6nnen zum Beispiel aus Edelstahl, Kunststoff oder speziellen Filtermedien wie Zellulose oder Glasfaser bestehen. Dar\u00fcber hinaus k\u00f6nnen sie als Leitungsfilter, Patronenfilter oder Beutelfilter ausgef\u00fchrt werden, je nach Installationserfordernissen und ben\u00f6tigter Filtrationsleistung.<\/p>\n<p>Die Wahl des richtigen Vakuumfilters ist entscheidend f\u00fcr eine optimale Leistung der Vakuumpumpe. Bei der Auswahl eines Filters sollten Faktoren wie die gew\u00fcnschte Filtrationsgenauigkeit, die Durchflusskapazit\u00e4t, der Druckabfall und die Kompatibilit\u00e4t mit dem angesaugten Gas ber\u00fccksichtigt werden. Dar\u00fcber hinaus ist eine regelm\u00e4\u00dfige Wartung und der Austausch von Filtern unerl\u00e4sslich, um die Effizienz und Zuverl\u00e4ssigkeit der Vakuumpumpe zu erhalten.<\/p>\n<p>DOVAC-Vakuumfilter spielen auch eine wichtige Rolle bei der Gew\u00e4hrleistung der Sicherheit und der Einhaltung von Umweltvorschriften. Indem sie sch\u00e4dliche Emissionen filtern, bevor sie ausgesto\u00dfen werden, tragen diese Filter nicht nur zur Verbesserung der Luftqualit\u00e4t in Produktionsanlagen bei, sondern erf\u00fcllen auch strenge Umweltstandards. Dies ist besonders wichtig in Sektoren wie der chemischen, pharmazeutischen und lebensmittelverarbeitenden Industrie, wo selbst minimale Leckagen oder Verunreinigungen ein ernsthaftes Gesundheits- und Sicherheitsrisiko darstellen k\u00f6nnen.<\/p>\n<p>Dar\u00fcber hinaus erm\u00f6glicht die Designflexibilit\u00e4t der DOVAC-Vakuumfilter die nahtlose Integration des Filtersystems in bestehende Vakuumsysteme. Ganz gleich, ob Sie eine kompakte L\u00f6sung f\u00fcr einen kleinen Arbeitsbereich oder ein robustes System f\u00fcr schwere industrielle Anwendungen ben\u00f6tigen, DOVAC bietet Ihnen Filter, die an eine Vielzahl von technischen Anforderungen angepasst werden k\u00f6nnen. Mit der richtigen Konfiguration sorgen diese Filter f\u00fcr einen kontinuierlichen Schutz Ihrer Ger\u00e4te vor Verschlei\u00df und Verschmutzung und tragen so zu l\u00e4ngeren Wartungsintervallen und geringeren Betriebskosten bei.<\/p>\n<p>Kurz gesagt, DOVAC-Vakuumfilter sind unverzichtbare Komponenten f\u00fcr Vakuumpumpen und gew\u00e4hrleisten einen sauberen, zuverl\u00e4ssigen und effizienten Betrieb in verschiedenen industriellen Anwendungen.[\/vc_column_text][nectar_btn size=\"medium\" button_style=\"see-through-3d\" color_override=\"#e54040&#8243; text=\"KONTAKTIEREN SIE UNS\" url=\"https:\/\/www.dovac.nl\/de\/kontakt\/\"][nectar_btn size=\"medium\" open_new_tab=\"true\" button_style=\"see-through-3d\" color_override=\"#000000&#8243; text=\"DOWNLOAD DER SPEZIFIKATIONEN\" url=\"https:\/\/www.dovac.nl\/wp-content\/uploads\/2024\/03\/Dovac-vacuumfilters_03072015.pdf\"][\/vc_column_inner][\/vc_row_inner][\/vc_column][\/vc_row]\n","protected":false},"excerpt":{"rendered":"<p>[vc_row type=\"full_width_background\" full_screen_row_position=\"middle\" column_margin=\"custom\" column_direction=\"default\" column_direction_tablet=\"default\" column_direction_phone=\"default\" scene_position=\"center\" top_padding=\"5%\" constrain_group_1=\"yes\" bottom_padding=\"5%\" bottom_padding_phone=\"0&#8243; text_color=\"dark\" text_align=\"left\" row_border_radius=\"none\" row_border_radius_applies=\"bg\" overflow=\"visible\" overlay_strength=\"0.3&#8243; gradient_direction=\"left_to_right\" shape_divider_position=\"bottom\" bg_image_animation=\"none\" shape_type=\"\" gradient_type=\"default\"][vc_column column_padding=\"no-extra-padding\" column_padding_tablet=\"inherit\" column_padding_phone=\"inherit\" column_padding_position=\"all\" column_element_direction_desktop=\"default\" column_element_spacing=\"default\" desktop_text_alignment=\"default\"&#8230;<\/p>\n","protected":false},"author":1,"featured_media":3983,"parent":3805,"menu_order":0,"comment_status":"closed","ping_status":"closed","template":"","meta":{"footnotes":""},"class_list":["post-4076","page","type-page","status-publish","has-post-thumbnail"],"_links":{"self":[{"href":"https:\/\/www.dovac.nl\/de\/wp-json\/wp\/v2\/pages\/4076","targetHints":{"allow":["GET"]}}],"collection":[{"href":"https:\/\/www.dovac.nl\/de\/wp-json\/wp\/v2\/pages"}],"about":[{"href":"https:\/\/www.dovac.nl\/de\/wp-json\/wp\/v2\/types\/page"}],"author":[{"embeddable":true,"href":"https:\/\/www.dovac.nl\/de\/wp-json\/wp\/v2\/users\/1"}],"replies":[{"embeddable":true,"href":"https:\/\/www.dovac.nl\/de\/wp-json\/wp\/v2\/comments?post=4076"}],"version-history":[{"count":14,"href":"https:\/\/www.dovac.nl\/de\/wp-json\/wp\/v2\/pages\/4076\/revisions"}],"predecessor-version":[{"id":13039,"href":"https:\/\/www.dovac.nl\/de\/wp-json\/wp\/v2\/pages\/4076\/revisions\/13039"}],"up":[{"embeddable":true,"href":"https:\/\/www.dovac.nl\/de\/wp-json\/wp\/v2\/pages\/3805"}],"wp:featuredmedia":[{"embeddable":true,"href":"https:\/\/www.dovac.nl\/de\/wp-json\/wp\/v2\/media\/3983"}],"wp:attachment":[{"href":"https:\/\/www.dovac.nl\/de\/wp-json\/wp\/v2\/media?parent=4076"}],"curies":[{"name":"wp","href":"https:\/\/api.w.org\/{rel}","templated":true}]}}