{"id":4102,"date":"2024-03-04T15:46:10","date_gmt":"2024-03-04T14:46:10","guid":{"rendered":"https:\/\/www.dovac.nl\/teile\/oel\/"},"modified":"2025-12-10T09:28:30","modified_gmt":"2025-12-10T08:28:30","slug":"oel","status":"publish","type":"page","link":"https:\/\/www.dovac.nl\/de\/teile\/oel\/","title":{"rendered":"\u00d6l"},"content":{"rendered":"[vc_row type=\"full_width_background\" full_screen_row_position=\"middle\" column_margin=\"custom\" column_direction=\"default\" column_direction_tablet=\"default\" column_direction_phone=\"default\" scene_position=\"center\" top_padding=\"5%\" constrain_group_1=\"yes\" bottom_padding=\"5%\" bottom_padding_phone=\"0&#8243; text_color=\"dark\" text_align=\"left\" row_border_radius=\"none\" row_border_radius_applies=\"bg\" overflow=\"visible\" overlay_strength=\"0.3&#8243; gradient_direction=\"left_to_right\" shape_divider_position=\"bottom\" bg_image_animation=\"none\" shape_type=\"\" gradient_type=\"default\"][vc_column column_padding=\"no-extra-padding\" column_padding_tablet=\"inherit\" column_padding_phone=\"inherit\" column_padding_position=\"all\" column_element_direction_desktop=\"default\" column_element_spacing=\"default\" desktop_text_alignment=\"default\" tablet_text_alignment=\"default\" phone_text_alignment=\"default\" sticky_content=\"true\" sticky_content_functionality=\"css\" sticky_content_alignment=\"default\" background_color_opacity=\"1&#8243; background_hover_color_opacity=\"1&#8243; column_backdrop_filter=\"none\" font_color=\"#004982&#8243; column_shadow=\"none\" column_border_radius=\"none\" column_link_target=\"_self\" column_position=\"default\" gradient_direction=\"left_to_right\" overlay_strength=\"0.3&#8243; width=\"1\/3&#8243; tablet_width_inherit=\"default\" animation_type=\"default\" bg_image_animation=\"none\" border_type=\"simple\" column_border_width=\"none\" column_border_style=\"solid\" column_padding_type=\"default\" gradient_type=\"default\"][vc_row_inner column_margin=\"default\" column_direction=\"default\" column_direction_tablet=\"default\" column_direction_phone=\"default\" text_align=\"left\" row_position=\"default\" row_position_tablet=\"inherit\" row_position_phone=\"inherit\" overflow=\"visible\" pointer_events=\"all\"][vc_column_inner column_padding=\"no-extra-padding\" column_padding_tablet=\"inherit\" column_padding_phone=\"inherit\" column_padding_position=\"all\" column_element_direction_desktop=\"default\" column_element_spacing=\"default\" desktop_text_alignment=\"default\" tablet_text_alignment=\"default\" phone_text_alignment=\"default\" background_color_opacity=\"1&#8243; background_hover_color_opacity=\"1&#8243; column_backdrop_filter=\"none\" column_shadow=\"none\" column_border_radius=\"none\" column_link_target=\"_self\" overflow=\"visible\" gradient_direction=\"left_to_right\" overlay_strength=\"0.3&#8243; width=\"1\/1&#8243; tablet_width_inherit=\"default\" animation_type=\"default\" bg_image_animation=\"none\" border_type=\"simple\" column_border_width=\"none\" column_border_style=\"solid\" column_padding_type=\"default\" gradient_type=\"default\"][image_with_animation image_url=\"2870&#8243; image_size=\"full\" animation_type=\"entrance\" animation=\"None\" animation_movement_type=\"transform_y\" hover_animation=\"none\" alignment=\"\" border_radius=\"15px\" box_shadow=\"small_depth\" image_loading=\"default\" max_width=\"100%\" max_width_mobile=\"default\"][\/vc_column_inner][\/vc_row_inner][\/vc_column][vc_column column_padding=\"no-extra-padding\" column_padding_tablet=\"inherit\" column_padding_phone=\"inherit\" column_padding_position=\"all\" column_element_direction_desktop=\"default\" column_element_spacing=\"10px\" desktop_text_alignment=\"default\" tablet_text_alignment=\"default\" phone_text_alignment=\"default\" background_color_opacity=\"1&#8243; background_hover_color_opacity=\"1&#8243; column_backdrop_filter=\"none\" column_shadow=\"none\" column_border_radius=\"none\" column_link_target=\"_self\" column_position=\"default\" gradient_direction=\"left_to_right\" overlay_strength=\"0.3&#8243; width=\"2\/3&#8243; tablet_width_inherit=\"small_desktop\" animation_type=\"default\" bg_image_animation=\"none\" border_type=\"simple\" column_border_width=\"none\" column_border_style=\"solid\" column_padding_type=\"default\" gradient_type=\"default\"][vc_row_inner column_margin=\"default\" column_direction=\"default\" column_direction_tablet=\"default\" column_direction_phone=\"default\" text_align=\"left\" row_position=\"default\" row_position_tablet=\"inherit\" row_position_phone=\"inherit\" overflow=\"visible\" pointer_events=\"all\"][vc_column_inner column_padding=\"padding-5-percent\" column_padding_tablet=\"inherit\" column_padding_phone=\"padding-3-percent\" column_padding_position=\"all\" column_element_direction_desktop=\"default\" column_element_spacing=\"default\" desktop_text_alignment=\"default\" tablet_text_alignment=\"default\" phone_text_alignment=\"default\" background_color_opacity=\"1&#8243; background_hover_color_opacity=\"1&#8243; column_backdrop_filter=\"none\" font_color=\"#000000&#8243; column_shadow=\"none\" column_border_radius=\"none\" column_link_target=\"_self\" overflow=\"visible\" gradient_direction=\"left_to_right\" overlay_strength=\"0.3&#8243; width=\"1\/1&#8243; tablet_width_inherit=\"default\" animation_type=\"default\" bg_image_animation=\"none\" border_type=\"simple\" column_border_width=\"4px\" column_border_color=\"#000000&#8243; column_border_style=\"dashed\" column_padding_type=\"default\" gradient_type=\"default\"][nectar_highlighted_text color_type=\"regular\" text_color=\"#000000&#8243; style=\"full_text\" highlight_expansion=\"default\"]\n<h1>Entdecken Sie das Original DOVAC \u00d6l<\/h1>\n[\/nectar_highlighted_text][vc_column_text]\n<h2>Unverzichtbar f\u00fcr Ihre Vakuumpumpen<\/h2>\n<p>F\u00fcr einen langfristigen und effizienten Betrieb von \u00f6lgeschmierten Vakuumpumpen ist die Verwendung von original DOVAC-\u00d6l entscheidend. Diese \u00d6le wurden speziell f\u00fcr die besonderen Anforderungen Ihrer Ger\u00e4te entwickelt und sorgen f\u00fcr eine bessere Leistung und eine l\u00e4ngere Lebensdauer der Pumpen. Original DOVAC-\u00d6l sorgt f\u00fcr optimale Schmierung und bietet hervorragenden Schutz vor Verschlei\u00df und Korrosion. Wenn Sie sich f\u00fcr unser \u00d6l entscheiden, k\u00f6nnen Sie sicher sein, dass Ihre Vakuumpumpe immer auf h\u00f6chstem Niveau arbeitet, auch unter schwierigen Betriebsbedingungen.<\/p>\n<h3>Die Wichtigkeit eines regelm\u00e4\u00dfigen \u00d6lwechsels<\/h3>\n<p>Um die Leistung und Zuverl\u00e4ssigkeit Ihrer \u00f6lgeschmierten Vakuumpumpen zu gew\u00e4hrleisten, ist ein regelm\u00e4\u00dfiger \u00d6lwechsel gem\u00e4\u00df den empfohlenen Intervallen unerl\u00e4sslich. Diese Intervalle sind im Benutzer- und Wartungshandbuch Ihrer Pumpe klar angegeben und darauf zugeschnitten, die beste Leistung Ihres Ger\u00e4ts zu gew\u00e4hrleisten. Regelm\u00e4\u00dfige Wartung und \u00d6lwechsel helfen, potenziell kostspielige Reparaturen zu vermeiden und Ihre Vakuumpumpen effizient und effektiv arbeiten zu lassen. Die Einhaltung dieser Wartungsrichtlinien verl\u00e4ngert nicht nur die Lebensdauer Ihrer Ger\u00e4te, sondern optimiert auch die Betriebskosten.<\/p>\n<p>Die Verwendung von Original DOVAC-\u00d6l bietet nicht nur technische Vorteile, sondern stellt auch sicher, dass Sie die Garantiebedingungen f\u00fcr Ihre Ger\u00e4te einhalten. Oft schreiben die Hersteller die Verwendung bestimmter \u00d6le vor, damit die Garantie g\u00fcltig bleibt. Wenn Sie sich f\u00fcr Original DOVAC-\u00d6l entscheiden, vermeiden Sie Probleme, die durch die Verwendung von nicht kompatiblen Schmiermitteln entstehen k\u00f6nnen, die die Leistung verringern oder sogar Sch\u00e4den an den internen Mechanismen Ihrer Vakuumpumpen verursachen k\u00f6nnen. Au\u00dferdem sorgt die konsequente Verwendung des empfohlenen \u00d6ls f\u00fcr einen reibungslosen Betrieb und erh\u00e4lt die optimale Effizienz und Zuverl\u00e4ssigkeit Ihrer Investition auf lange Sicht.<\/p>\n<h3>Holen Sie sich fachkundigen Rat und Unterst\u00fctzung<\/h3>\n<p>Sie sind sich nicht sicher, welches \u00d6l f\u00fcr Ihre Vakuumpumpe am besten geeignet ist? DOVAC ist bereit, Ihnen zu helfen. Konsultieren Sie das Datenblatt f\u00fcr spezifische Empfehlungen oder kontaktieren Sie uns direkt \u00fcber unser Online-Kontaktformular f\u00fcr eine pers\u00f6nliche Beratung. Unser Expertenteam steht Ihnen mit Rat und Tat zur Seite und versorgt Sie mit den Informationen, die Sie ben\u00f6tigen, um die richtige Wahl f\u00fcr Ihr Ger\u00e4t zu treffen. Wir bieten nicht nur Qualit\u00e4ts\u00f6l, sondern auch das Wissen und die Unterst\u00fctzung, die Sie ben\u00f6tigen, um das Beste aus Ihren Vakuumpumpen herauszuholen.[\/vc_column_text][nectar_btn size=\"medium\" button_style=\"see-through-3d\" color_override=\"#e54040&#8243; text=\"KONTAKTIEREN SIE UNS\" url=\"https:\/\/www.dovac.nl\/de\/kontakt\/\"][\/vc_column_inner][\/vc_row_inner][\/vc_column][\/vc_row]\n","protected":false},"excerpt":{"rendered":"<p>[vc_row type=\"full_width_background\" full_screen_row_position=\"middle\" column_margin=\"custom\" column_direction=\"default\" column_direction_tablet=\"default\" column_direction_phone=\"default\" scene_position=\"center\" top_padding=\"5%\" constrain_group_1=\"yes\" bottom_padding=\"5%\" bottom_padding_phone=\"0&#8243; text_color=\"dark\" text_align=\"left\" row_border_radius=\"none\" row_border_radius_applies=\"bg\" overflow=\"visible\" overlay_strength=\"0.3&#8243; gradient_direction=\"left_to_right\" shape_divider_position=\"bottom\" bg_image_animation=\"none\" shape_type=\"\" gradient_type=\"default\"][vc_column column_padding=\"no-extra-padding\" column_padding_tablet=\"inherit\" column_padding_phone=\"inherit\" column_padding_position=\"all\" column_element_direction_desktop=\"default\" column_element_spacing=\"default\" desktop_text_alignment=\"default\"&#8230;<\/p>\n","protected":false},"author":1,"featured_media":3983,"parent":3805,"menu_order":0,"comment_status":"closed","ping_status":"closed","template":"","meta":{"footnotes":""},"class_list":["post-4102","page","type-page","status-publish","has-post-thumbnail"],"_links":{"self":[{"href":"https:\/\/www.dovac.nl\/de\/wp-json\/wp\/v2\/pages\/4102","targetHints":{"allow":["GET"]}}],"collection":[{"href":"https:\/\/www.dovac.nl\/de\/wp-json\/wp\/v2\/pages"}],"about":[{"href":"https:\/\/www.dovac.nl\/de\/wp-json\/wp\/v2\/types\/page"}],"author":[{"embeddable":true,"href":"https:\/\/www.dovac.nl\/de\/wp-json\/wp\/v2\/users\/1"}],"replies":[{"embeddable":true,"href":"https:\/\/www.dovac.nl\/de\/wp-json\/wp\/v2\/comments?post=4102"}],"version-history":[{"count":12,"href":"https:\/\/www.dovac.nl\/de\/wp-json\/wp\/v2\/pages\/4102\/revisions"}],"predecessor-version":[{"id":13045,"href":"https:\/\/www.dovac.nl\/de\/wp-json\/wp\/v2\/pages\/4102\/revisions\/13045"}],"up":[{"embeddable":true,"href":"https:\/\/www.dovac.nl\/de\/wp-json\/wp\/v2\/pages\/3805"}],"wp:featuredmedia":[{"embeddable":true,"href":"https:\/\/www.dovac.nl\/de\/wp-json\/wp\/v2\/media\/3983"}],"wp:attachment":[{"href":"https:\/\/www.dovac.nl\/de\/wp-json\/wp\/v2\/media?parent=4102"}],"curies":[{"name":"wp","href":"https:\/\/api.w.org\/{rel}","templated":true}]}}