{"id":4112,"date":"2024-03-04T16:36:58","date_gmt":"2024-03-04T15:36:58","guid":{"rendered":"https:\/\/www.dovac.nl\/seitenkanal-luefter\/wurzeln\/"},"modified":"2025-12-10T09:09:01","modified_gmt":"2025-12-10T08:09:01","slug":"wurzeln","status":"publish","type":"page","link":"https:\/\/www.dovac.nl\/de\/seitenkanal-luefter\/wurzeln\/","title":{"rendered":"Wurzeln &amp; Vakuumverst\u00e4rker"},"content":{"rendered":"[vc_row type=\"full_width_background\" full_screen_row_position=\"middle\" column_margin=\"custom\" column_direction=\"default\" column_direction_tablet=\"default\" column_direction_phone=\"default\" scene_position=\"center\" top_padding=\"5%\" constrain_group_1=\"yes\" bottom_padding=\"5%\" bottom_padding_phone=\"0&#8243; text_color=\"dark\" text_align=\"left\" row_border_radius=\"none\" row_border_radius_applies=\"bg\" overflow=\"visible\" overlay_strength=\"0.3&#8243; gradient_direction=\"left_to_right\" shape_divider_position=\"bottom\" bg_image_animation=\"none\" shape_type=\"\" gradient_type=\"default\"][vc_column column_padding=\"no-extra-padding\" column_padding_tablet=\"inherit\" column_padding_phone=\"inherit\" column_padding_position=\"all\" column_element_direction_desktop=\"default\" column_element_spacing=\"default\" desktop_text_alignment=\"default\" tablet_text_alignment=\"default\" phone_text_alignment=\"default\" sticky_content=\"true\" sticky_content_functionality=\"css\" sticky_content_alignment=\"default\" background_color_opacity=\"1&#8243; background_hover_color_opacity=\"1&#8243; column_backdrop_filter=\"none\" font_color=\"#004982&#8243; column_shadow=\"none\" column_border_radius=\"none\" column_link_target=\"_self\" column_position=\"default\" gradient_direction=\"left_to_right\" overlay_strength=\"0.3&#8243; width=\"1\/3&#8243; tablet_width_inherit=\"default\" animation_type=\"default\" bg_image_animation=\"none\" border_type=\"simple\" column_border_width=\"none\" column_border_style=\"solid\" column_padding_type=\"default\" gradient_type=\"default\"][vc_row_inner column_margin=\"default\" column_direction=\"default\" column_direction_tablet=\"default\" column_direction_phone=\"default\" text_align=\"left\" row_position=\"default\" row_position_tablet=\"inherit\" row_position_phone=\"inherit\" overflow=\"visible\" pointer_events=\"all\"][vc_column_inner column_padding=\"no-extra-padding\" column_padding_tablet=\"inherit\" column_padding_phone=\"inherit\" column_padding_position=\"all\" column_element_direction_desktop=\"default\" column_element_spacing=\"default\" desktop_text_alignment=\"default\" tablet_text_alignment=\"default\" phone_text_alignment=\"default\" background_color_opacity=\"1&#8243; background_hover_color_opacity=\"1&#8243; column_backdrop_filter=\"none\" column_shadow=\"none\" column_border_radius=\"none\" column_link_target=\"_self\" overflow=\"visible\" gradient_direction=\"left_to_right\" overlay_strength=\"0.3&#8243; width=\"1\/1&#8243; tablet_width_inherit=\"default\" animation_type=\"default\" bg_image_animation=\"none\" border_type=\"simple\" column_border_width=\"none\" column_border_style=\"solid\" column_padding_type=\"default\" gradient_type=\"default\"][image_with_animation image_url=\"2844&#8243; image_size=\"full\" animation_type=\"entrance\" animation=\"None\" animation_movement_type=\"transform_y\" hover_animation=\"none\" alignment=\"\" border_radius=\"15px\" box_shadow=\"small_depth\" image_loading=\"default\" max_width=\"100%\" max_width_mobile=\"default\"][\/vc_column_inner][\/vc_row_inner][\/vc_column][vc_column column_padding=\"no-extra-padding\" column_padding_tablet=\"inherit\" column_padding_phone=\"inherit\" column_padding_position=\"all\" column_element_direction_desktop=\"default\" column_element_spacing=\"10px\" desktop_text_alignment=\"default\" tablet_text_alignment=\"default\" phone_text_alignment=\"default\" background_color_opacity=\"1&#8243; background_hover_color_opacity=\"1&#8243; column_backdrop_filter=\"none\" column_shadow=\"none\" column_border_radius=\"none\" column_link_target=\"_self\" column_position=\"default\" gradient_direction=\"left_to_right\" overlay_strength=\"0.3&#8243; width=\"2\/3&#8243; tablet_width_inherit=\"small_desktop\" animation_type=\"default\" bg_image_animation=\"none\" border_type=\"simple\" column_border_width=\"none\" column_border_style=\"solid\" column_padding_type=\"default\" gradient_type=\"default\"][vc_row_inner column_margin=\"default\" column_direction=\"default\" column_direction_tablet=\"default\" column_direction_phone=\"default\" text_align=\"left\" row_position=\"default\" row_position_tablet=\"inherit\" row_position_phone=\"inherit\" overflow=\"visible\" pointer_events=\"all\"][vc_column_inner column_padding=\"padding-5-percent\" column_padding_tablet=\"inherit\" column_padding_phone=\"padding-3-percent\" column_padding_position=\"all\" column_element_direction_desktop=\"default\" column_element_spacing=\"default\" desktop_text_alignment=\"default\" tablet_text_alignment=\"default\" phone_text_alignment=\"default\" background_color_opacity=\"1&#8243; background_hover_color_opacity=\"1&#8243; column_backdrop_filter=\"none\" font_color=\"#000000&#8243; column_shadow=\"none\" column_border_radius=\"none\" column_link_target=\"_self\" overflow=\"visible\" gradient_direction=\"left_to_right\" overlay_strength=\"0.3&#8243; width=\"1\/1&#8243; tablet_width_inherit=\"default\" animation_type=\"default\" bg_image_animation=\"none\" border_type=\"simple\" column_border_width=\"4px\" column_border_color=\"#000000&#8243; column_border_style=\"dashed\" column_padding_type=\"default\" gradient_type=\"default\"][nectar_highlighted_text color_type=\"regular\" text_color=\"#000000&#8243; style=\"full_text\" highlight_expansion=\"default\"]\n<h1>Vakuumverst\u00e4rker und Roots<\/h1>\n[\/nectar_highlighted_text][vc_column_text]Vakuumerzeuger erh\u00f6hen sowohl das Saugverm\u00f6gen als auch den Enddruck von Vakuumpumpen, was die Leistung von Vakuumsystemen erheblich verbessern kann, manchmal bis zum 10-fachen.<\/p>\n<p>Sie arbeiten nach dem bew\u00e4hrten Roots-Prinzip: Zwei synchron rotierende Rotoren im Inneren des Geh\u00e4uses transportieren Gas zwischen sich und dem Geh\u00e4use, ohne sich gegenseitig oder das Geh\u00e4use zu ber\u00fchren. Das bedeutet, dass im Verdichtungsraum keine Schmiermittel oder Betriebsstoffe ben\u00f6tigt werden.<\/p>\n<p>Die Rotoren werden durch Zahnr\u00e4der an den Enden des Getriebes angetrieben, die vom Verdichtungsraum getrennt sind. Dies gew\u00e4hrleistet eine genaue synchrone Ausrichtung der Rotoren.<\/p>\n<p>Vakuumverst\u00e4rker k\u00f6nnen mit oder ohne mechanisches Bypassventil arbeiten. Ohne Bypass-Ventil muss der maximale Differenzdruck zwischen Ein- und Auslass w\u00e4hrend des Betriebs \u00fcberwacht werden. Druckerh\u00f6hungsanlagen mit Bypass-Ventil leiten einen Teil des F\u00f6rdermediums um, begrenzen automatisch den Differenzdruck und sch\u00fctzen die Druckerh\u00f6hungsanlage vor \u00dcberlastung.<\/p>\n<p>Vakuumverst\u00e4rker sind besonders effektiv, wenn sie in Systeme integriert werden, die einen hohen Gasdurchsatz erfordern. Das macht sie unentbehrlich f\u00fcr industrielle Anwendungen, bei denen ein schnelles und effizientes Vakuum in gro\u00dfen Mengen erzeugt werden muss. Durch die h\u00f6here Geschwindigkeit und den h\u00f6heren Druck k\u00f6nnen diese Systeme die Produktionsprozesse beschleunigen, was zu einer h\u00f6heren Gesamteffizienz und Produktivit\u00e4t f\u00fchrt. Dar\u00fcber hinaus bieten Vakuumerzeuger den Vorteil, dass sie die Belastung der prim\u00e4ren Vakuumpumpen verringern k\u00f6nnen, was zu geringeren Wartungskosten und einer l\u00e4ngeren Lebensdauer des gesamten Vakuumsystems f\u00fchrt.<\/p>\n<p>Die Flexibilit\u00e4t von Vakuum-Boostern, mit oder ohne mechanisches Bypass-Ventil, erm\u00f6glicht es Unternehmen, ihre Systeme auf spezifische betriebliche Anforderungen abzustimmen. Bei Anwendungen, bei denen ein konstanter Druck und eine konstante Durchflussmenge von entscheidender Bedeutung sind, wie z.B. bei der chemischen Verarbeitung oder der Abwasseraufbereitung, kann die Verwendung eines Kompressors mit Bypassventil besonders vorteilhaft sein. Dieses System sorgt f\u00fcr eine automatische Druckanpassung, wodurch die Stabilit\u00e4t des Prozesses gew\u00e4hrleistet und das Risiko eines Systemausfalls aufgrund eines Druckanstiegs minimiert wird.[\/vc_column_text][vc_column_text]\n<h2>Hauptverwendungszwecke:<\/h2>\n<p><b>Industrielle Prozesse:<\/b> Bereitstellung von Luft f\u00fcr die Verbrennung in \u00d6fen, pneumatische F\u00f6rderung von Sch\u00fcttgut, Bel\u00fcftung in Kl\u00e4ranlagen und Vakuumsysteme f\u00fcr verschiedene industrielle Prozesse.<\/p>\n<p><b>Abwasserbehandlung:<\/b> Bel\u00fcftung in Kl\u00e4ranlagen zur F\u00f6rderung des Wachstums von aeroben Bakterien, die organische Stoffe abbauen.<\/p>\n<p><b>Chemische Verarbeitung:<\/b> Bereitstellung von Luft oder Gas f\u00fcr verschiedene chemische Prozesse, wie Oxidation, Fermentation und pneumatische F\u00f6rderung.<\/p>\n<p><b>Fahrzeuge:<\/b> Roots-Gebl\u00e4se werden h\u00e4ufig in Auto- und Schiffsmotoren eingesetzt, um die Motorleistung zu erh\u00f6hen, indem mehr Luft in die Verbrennungskammer gepresst wird, ein Prozess, der als Boosten bezeichnet wird.[\/vc_column_text][nectar_btn size=\"large\" button_style=\"see-through-3d\" color_override=\"#e54040&#8243; text=\"KONTAKTIEREN SIE UNS\" url=\"https:\/\/www.dovac.nl\/de\/kontakt\/\"][\/vc_column_inner][\/vc_row_inner][\/vc_column][\/vc_row]\n","protected":false},"excerpt":{"rendered":"<p>[vc_row type=\"full_width_background\" full_screen_row_position=\"middle\" column_margin=\"custom\" column_direction=\"default\" column_direction_tablet=\"default\" column_direction_phone=\"default\" scene_position=\"center\" top_padding=\"5%\" constrain_group_1=\"yes\" bottom_padding=\"5%\" bottom_padding_phone=\"0&#8243; text_color=\"dark\" text_align=\"left\" row_border_radius=\"none\" row_border_radius_applies=\"bg\" overflow=\"visible\" overlay_strength=\"0.3&#8243; gradient_direction=\"left_to_right\" shape_divider_position=\"bottom\" bg_image_animation=\"none\" shape_type=\"\" gradient_type=\"default\"][vc_column column_padding=\"no-extra-padding\" column_padding_tablet=\"inherit\" column_padding_phone=\"inherit\" column_padding_position=\"all\" column_element_direction_desktop=\"default\" column_element_spacing=\"default\" desktop_text_alignment=\"default\"&#8230;<\/p>\n","protected":false},"author":1,"featured_media":4116,"parent":3781,"menu_order":0,"comment_status":"closed","ping_status":"closed","template":"","meta":{"footnotes":""},"class_list":["post-4112","page","type-page","status-publish","has-post-thumbnail"],"_links":{"self":[{"href":"https:\/\/www.dovac.nl\/de\/wp-json\/wp\/v2\/pages\/4112","targetHints":{"allow":["GET"]}}],"collection":[{"href":"https:\/\/www.dovac.nl\/de\/wp-json\/wp\/v2\/pages"}],"about":[{"href":"https:\/\/www.dovac.nl\/de\/wp-json\/wp\/v2\/types\/page"}],"author":[{"embeddable":true,"href":"https:\/\/www.dovac.nl\/de\/wp-json\/wp\/v2\/users\/1"}],"replies":[{"embeddable":true,"href":"https:\/\/www.dovac.nl\/de\/wp-json\/wp\/v2\/comments?post=4112"}],"version-history":[{"count":9,"href":"https:\/\/www.dovac.nl\/de\/wp-json\/wp\/v2\/pages\/4112\/revisions"}],"predecessor-version":[{"id":12986,"href":"https:\/\/www.dovac.nl\/de\/wp-json\/wp\/v2\/pages\/4112\/revisions\/12986"}],"up":[{"embeddable":true,"href":"https:\/\/www.dovac.nl\/de\/wp-json\/wp\/v2\/pages\/3781"}],"wp:featuredmedia":[{"embeddable":true,"href":"https:\/\/www.dovac.nl\/de\/wp-json\/wp\/v2\/media\/4116"}],"wp:attachment":[{"href":"https:\/\/www.dovac.nl\/de\/wp-json\/wp\/v2\/media?parent=4112"}],"curies":[{"name":"wp","href":"https:\/\/api.w.org\/{rel}","templated":true}]}}