{"id":4120,"date":"2024-03-09T14:07:16","date_gmt":"2024-03-09T13:07:16","guid":{"rendered":"https:\/\/www.dovac.nl\/systeme\/cpv-12-25-25-25-40-25-60-25\/"},"modified":"2025-12-10T09:25:56","modified_gmt":"2025-12-10T08:25:56","slug":"cpv-12-25-25-25-40-25-60-25","status":"publish","type":"page","link":"https:\/\/www.dovac.nl\/de\/systeme\/cpv-12-25-25-25-40-25-60-25\/","title":{"rendered":"CPV Pumpen Serie"},"content":{"rendered":"[vc_row type=\"full_width_background\" full_screen_row_position=\"middle\" column_margin=\"custom\" column_direction=\"default\" column_direction_tablet=\"default\" column_direction_phone=\"default\" scene_position=\"center\" top_padding=\"5%\" constrain_group_1=\"yes\" bottom_padding=\"5%\" bottom_padding_phone=\"0&#8243; text_color=\"dark\" text_align=\"left\" row_border_radius=\"none\" row_border_radius_applies=\"bg\" overflow=\"visible\" overlay_strength=\"0.3&#8243; gradient_direction=\"left_to_right\" shape_divider_position=\"bottom\" bg_image_animation=\"none\" shape_type=\"\" gradient_type=\"default\"][vc_column column_padding=\"no-extra-padding\" column_padding_tablet=\"inherit\" column_padding_phone=\"inherit\" column_padding_position=\"all\" column_element_direction_desktop=\"default\" column_element_spacing=\"default\" desktop_text_alignment=\"default\" tablet_text_alignment=\"default\" phone_text_alignment=\"default\" sticky_content=\"true\" sticky_content_functionality=\"css\" sticky_content_alignment=\"default\" background_color_opacity=\"1&#8243; background_hover_color_opacity=\"1&#8243; column_backdrop_filter=\"none\" font_color=\"#004982&#8243; column_shadow=\"none\" column_border_radius=\"none\" column_link_target=\"_self\" column_position=\"default\" gradient_direction=\"left_to_right\" overlay_strength=\"0.3&#8243; width=\"1\/3&#8243; tablet_width_inherit=\"default\" animation_type=\"default\" bg_image_animation=\"none\" border_type=\"simple\" column_border_width=\"none\" column_border_style=\"solid\" column_padding_type=\"default\" gradient_type=\"default\"][vc_row_inner column_margin=\"default\" column_direction=\"default\" column_direction_tablet=\"default\" column_direction_phone=\"default\" text_align=\"left\" row_position=\"default\" row_position_tablet=\"inherit\" row_position_phone=\"inherit\" overflow=\"visible\" pointer_events=\"all\"][vc_column_inner column_padding=\"no-extra-padding\" column_padding_tablet=\"inherit\" column_padding_phone=\"inherit\" column_padding_position=\"all\" column_element_direction_desktop=\"default\" column_element_spacing=\"default\" desktop_text_alignment=\"default\" tablet_text_alignment=\"default\" phone_text_alignment=\"default\" background_color_opacity=\"1&#8243; background_hover_color_opacity=\"1&#8243; column_backdrop_filter=\"none\" column_shadow=\"none\" column_border_radius=\"none\" column_link_target=\"_self\" overflow=\"visible\" gradient_direction=\"left_to_right\" overlay_strength=\"0.3&#8243; width=\"1\/1&#8243; tablet_width_inherit=\"default\" animation_type=\"default\" bg_image_animation=\"none\" border_type=\"simple\" column_border_width=\"none\" column_border_style=\"solid\" column_padding_type=\"default\" gradient_type=\"default\"][image_with_animation image_url=\"2988&#8243; image_size=\"full\" animation_type=\"entrance\" animation=\"None\" animation_movement_type=\"transform_y\" hover_animation=\"none\" alignment=\"\" border_radius=\"15px\" box_shadow=\"small_depth\" image_loading=\"default\" max_width=\"100%\" max_width_mobile=\"default\"][\/vc_column_inner][\/vc_row_inner][vc_row_inner column_margin=\"default\" column_direction=\"default\" column_direction_tablet=\"default\" column_direction_phone=\"default\" text_align=\"left\" row_position=\"default\" row_position_tablet=\"inherit\" row_position_phone=\"inherit\" zindex=\"999&#8243; overflow=\"visible\" pointer_events=\"all\"][vc_column_inner column_padding=\"no-extra-padding\" column_padding_tablet=\"inherit\" column_padding_phone=\"inherit\" column_padding_position=\"all\" column_element_direction_desktop=\"default\" column_element_spacing=\"default\" desktop_text_alignment=\"default\" tablet_text_alignment=\"default\" phone_text_alignment=\"default\" background_color_opacity=\"1&#8243; background_hover_color_opacity=\"1&#8243; column_backdrop_filter=\"none\" font_color=\"#000000&#8243; column_shadow=\"none\" column_border_radius=\"none\" column_link_target=\"_self\" overflow=\"visible\" gradient_direction=\"left_to_right\" overlay_strength=\"0.3&#8243; width=\"1\/1&#8243; tablet_width_inherit=\"default\" animation_type=\"default\" bg_image_animation=\"none\" border_type=\"simple\" column_border_width=\"none\" column_border_style=\"dashed\" column_padding_type=\"default\" gradient_type=\"default\"][nectar_highlighted_text color_type=\"regular\" highlight_color=\"#004982&#8243; text_color=\"#000000&#8243; style=\"full_text\" highlight_expansion=\"default\"]\n<h4>Nennleistung: 12 - 75 m\u00b3\/h 8,2 - 44,2 CFM<\/h4>\n[\/nectar_highlighted_text][vc_column_text]Unsere industriellen Vakuumpumpen CPV 12\/25 - 25\/25 - 40\/25 - 60-25 sind fortschrittliche Vakuumsysteme mit Luft-Fl\u00fcssigkeitsabscheidern, die speziell f\u00fcr den Einsatz an Glas- und Marmorbearbeitungsmaschinen sowie an Maschinen, an denen K\u00fchlschmierstoffe abgesaugt werden m\u00fcssen, entwickelt wurden. Die CPV-Systeme von DVP werden als komplette und kompakte Einheiten geliefert, ideal f\u00fcr die nahtlose Integration mit Ihren Maschinen \u00fcber flexible Rohrleitungen.<\/p>\n<p>Mit ihrer zuverl\u00e4ssigen Leistung und Langlebigkeit erf\u00fcllen diese Systeme die strengen Anforderungen der industriellen Umgebung. Au\u00dferdem ist der Einlass des Tanks mit einem Kugelhahn ausgestattet, der es erm\u00f6glicht, den Tank bei Wartungsarbeiten vom System zu trennen. Dies f\u00f6rdert die Effizienz und vereinfacht den Wartungsprozess, was zu einem reibungslosen Betrieb Ihrer Maschinenproduktivit\u00e4t f\u00fchrt. [\/vc_column_text][\/vc_column_inner][\/vc_row_inner][\/vc_column][vc_column column_padding=\"no-extra-padding\" column_padding_tablet=\"inherit\" column_padding_phone=\"inherit\" column_padding_position=\"all\" column_element_direction_desktop=\"default\" column_element_spacing=\"10px\" desktop_text_alignment=\"default\" tablet_text_alignment=\"default\" phone_text_alignment=\"default\" background_color_opacity=\"1&#8243; background_hover_color_opacity=\"1&#8243; column_backdrop_filter=\"none\" column_shadow=\"none\" column_border_radius=\"none\" column_link_target=\"_self\" column_position=\"default\" gradient_direction=\"left_to_right\" overlay_strength=\"0.3&#8243; width=\"2\/3&#8243; tablet_width_inherit=\"small_desktop\" animation_type=\"default\" bg_image_animation=\"none\" border_type=\"simple\" column_border_width=\"none\" column_border_style=\"solid\" column_padding_type=\"default\" gradient_type=\"default\"][vc_row_inner column_margin=\"default\" column_direction=\"default\" column_direction_tablet=\"default\" column_direction_phone=\"default\" text_align=\"left\" row_position=\"default\" row_position_tablet=\"inherit\" row_position_phone=\"inherit\" overflow=\"visible\" pointer_events=\"all\"][vc_column_inner column_padding=\"padding-5-percent\" column_padding_tablet=\"inherit\" column_padding_phone=\"padding-3-percent\" column_padding_position=\"all\" column_element_direction_desktop=\"default\" column_element_spacing=\"default\" desktop_text_alignment=\"default\" tablet_text_alignment=\"default\" phone_text_alignment=\"default\" background_color_opacity=\"1&#8243; background_hover_color_opacity=\"1&#8243; column_backdrop_filter=\"none\" font_color=\"#000000&#8243; column_shadow=\"none\" column_border_radius=\"none\" column_link_target=\"_self\" overflow=\"visible\" gradient_direction=\"left_to_right\" overlay_strength=\"0.3&#8243; width=\"1\/1&#8243; tablet_width_inherit=\"default\" animation_type=\"default\" bg_image_animation=\"none\" border_type=\"simple\" column_border_width=\"4px\" column_border_color=\"#000000&#8243; column_border_style=\"dashed\" column_padding_type=\"default\" gradient_type=\"default\"][nectar_highlighted_text color_type=\"regular\" highlight_color=\"#000000&#8243; text_color=\"#000000&#8243; style=\"full_text\" highlight_expansion=\"default\"]\n<h1>DVP CPV 12\/25 - 25\/25 - 40\/25 - 60-25<\/h1>\n[\/nectar_highlighted_text][vc_column_text]Die in CPV-Systemen verwendeten geschmierten Fl\u00fcgelzellen-Vakuumpumpen geh\u00f6ren zur WR-Serie. Diese Pumpen sind mit einer hocheffizienten Ballastvorrichtung ausgestattet, die es erm\u00f6glicht, das verbleibende Kondensat vom \u00d6l zu trennen und abzulassen, wenn die Pumpe nicht in Betrieb ist. Dieses innovative Design sorgt f\u00fcr einen optimalen Betrieb und eine optimale Wartung der Pumpensysteme, damit Ihr Prozess reibungslos abl\u00e4uft und die Zuverl\u00e4ssigkeit gew\u00e4hrleistet ist.<\/p>\n<p>Die industriellen Vakuumpumpen CPV 12\/25 - 25\/25 - 40\/25 - 60\/25 von DVP sind standardm\u00e4\u00dfig ausgestattet mit:<\/p>\n<ul>\n<li>Tank von 25 Litern, der mit anodischer Oxidation behandelt wurde<\/li>\n<li>Dichtungsdeckel mit galvanischer Behandlung<\/li>\n<\/ul>\n<p><b>Haupteinsatzgebiete:<\/b> Maschinen f\u00fcr die Marmor- und Glasbearbeitung.[\/vc_column_text][nectar_btn size=\"large\" button_style=\"see-through-3d\" color_override=\"#e54040&#8243; text=\"KONTAKTIEREN SIE UNS\" url=\"https:\/\/www.dovac.nl\/de\/kontakt\/\"][\/vc_column_inner][\/vc_row_inner][vc_row_inner column_margin=\"default\" column_direction=\"default\" column_direction_tablet=\"default\" column_direction_phone=\"default\" top_padding=\"5%\" text_align=\"left\" row_position=\"default\" row_position_tablet=\"inherit\" row_position_phone=\"inherit\" overflow=\"visible\" pointer_events=\"all\"][vc_column_inner column_padding=\"padding-4-percent\" column_padding_tablet=\"inherit\" column_padding_phone=\"inherit\" column_padding_position=\"all\" column_element_direction_desktop=\"default\" column_element_spacing=\"default\" desktop_text_alignment=\"default\" tablet_text_alignment=\"default\" phone_text_alignment=\"default\" background_color=\"#000000&#8243; background_color_opacity=\"1&#8243; background_hover_color_opacity=\"1&#8243; column_backdrop_filter=\"none\" font_color=\"#ffffff\" column_shadow=\"none\" column_border_radius=\"none\" column_link_target=\"_self\" overflow=\"visible\" gradient_direction=\"left_to_right\" overlay_strength=\"0.3&#8243; width=\"1\/1&#8243; tablet_width_inherit=\"default\" animation_type=\"default\" bg_image_animation=\"none\" border_type=\"simple\" column_border_width=\"none\" column_border_style=\"solid\" column_padding_type=\"default\" gradient_type=\"default\"][nectar_highlighted_text color_type=\"regular\" highlight_color=\"#ffffff\" text_color=\"#ffffff\" style=\"regular_underline\" highlight_expansion=\"default\" underline_thickness=\"2px\"]\n<h2><em>DVP CPV 12\/25<\/em><\/h2>\n[\/nectar_highlighted_text][nectar_responsive_text]<strong>Pumpentyp<\/strong> m\u00b3\/h 50 Hz \/ 60 Hz | <strong>12 \/ 14<\/strong><br \/>\n<label><strong>Tankinhalt<\/strong> dm3 | <strong>25<\/strong><br \/>\n<\/label><label><strong>Nennleistung<\/strong> m3\/h 50 Hz \/ 60 Hz | <strong>LC 12<br \/>\nGesamtenddruck (Abs.)<\/strong> mbar (Abs <strong>.<\/strong> )<strong> | 5<br \/>\nMotorleistung <\/strong>kW 50 Hz \/ 60 Hz<strong> | 0,45 \/ 0,54<br \/>\n<\/strong><\/label>[\/nectar_responsive_text][nectar_btn size=\"medium\" open_new_tab=\"true\" button_style=\"regular\" button_color_2=\"Extra-Color-3&#8243; solid_text_color_override=\"#e54040&#8243; icon_family=\"fontawesome\" text=\"Datenblatt herunterladen\" url=\"https:\/\/www.dovac.nl\/wp-content\/uploads\/2024\/03\/C.CPV_-1.pdf\" icon_fontawesome=\"fa fa-file-pdf-o\" margin_right=\"10&#8243;][\/vc_column_inner][\/vc_row_inner][vc_row_inner column_margin=\"default\" column_direction=\"default\" column_direction_tablet=\"default\" column_direction_phone=\"default\" top_padding=\"5%\" text_align=\"left\" row_position=\"default\" row_position_tablet=\"inherit\" row_position_phone=\"inherit\" overflow=\"visible\" pointer_events=\"all\"][vc_column_inner column_padding=\"padding-4-percent\" column_padding_tablet=\"inherit\" column_padding_phone=\"inherit\" column_padding_position=\"all\" column_element_direction_desktop=\"default\" column_element_spacing=\"default\" desktop_text_alignment=\"default\" tablet_text_alignment=\"default\" phone_text_alignment=\"default\" background_color=\"#000000&#8243; background_color_opacity=\"1&#8243; background_hover_color_opacity=\"1&#8243; column_backdrop_filter=\"none\" font_color=\"#ffffff\" column_shadow=\"none\" column_border_radius=\"none\" column_link_target=\"_self\" overflow=\"visible\" gradient_direction=\"left_to_right\" overlay_strength=\"0.3&#8243; width=\"1\/1&#8243; tablet_width_inherit=\"default\" animation_type=\"default\" bg_image_animation=\"none\" border_type=\"simple\" column_border_width=\"none\" column_border_style=\"solid\" column_padding_type=\"default\" gradient_type=\"default\"][nectar_highlighted_text color_type=\"regular\" highlight_color=\"#ffffff\" text_color=\"#ffffff\" style=\"regular_underline\" highlight_expansion=\"default\" underline_thickness=\"2px\"]\n<h2><em>DVP CPV 25\/25<\/em><\/h2>\n[\/nectar_highlighted_text][nectar_responsive_text]<strong>Pumpentyp<\/strong> m\u00b3\/h 50 Hz \/ 60 Hz | <strong>LC 25WR<\/strong><br \/>\n<label><strong>Tankinhalt<\/strong> dm3 | <strong>25<\/strong><br \/>\n<\/label><label><strong>Nennleistung<\/strong> m3\/h 50 Hz \/ 60 Hz | <strong>25 \/ 29<br \/>\nGesamtenddruck (Abs.)<\/strong> mbar (Abs.)<strong> | 5<br \/>\nMotorleistung <\/strong>kW 50 Hz \/ 60 Hz<strong> | 0,75 \/ 0,90<br \/>\n<\/strong><\/label>[\/nectar_responsive_text][nectar_btn size=\"medium\" open_new_tab=\"true\" button_style=\"regular\" button_color_2=\"Extra-Color-3&#8243; solid_text_color_override=\"#e54040&#8243; icon_family=\"fontawesome\" text=\"Datenblatt herunterladen\" url=\"https:\/\/www.dovac.nl\/wp-content\/uploads\/2024\/03\/C.CPV_-2.pdf\" icon_fontawesome=\"fa fa-file-pdf-o\" margin_right=\"10&#8243;][nectar_btn size=\"medium\" open_new_tab=\"true\" button_style=\"regular\" button_color_2=\"Extra-Color-3&#8243; solid_text_color_override=\"#e54040&#8243; icon_family=\"fontawesome\" text=\"Download Ersatzteilliste\" url=\"https:\/\/www.dovac.nl\/wp-content\/uploads\/2024\/03\/CPV25-25.pdf\" icon_fontawesome=\"fa fa-file-pdf-o\" margin_right=\"10&#8243;][\/vc_column_inner][\/vc_row_inner][vc_row_inner column_margin=\"default\" column_direction=\"default\" column_direction_tablet=\"default\" column_direction_phone=\"default\" top_padding=\"5%\" text_align=\"left\" row_position=\"default\" row_position_tablet=\"inherit\" row_position_phone=\"inherit\" overflow=\"visible\" pointer_events=\"all\"][vc_column_inner column_padding=\"padding-4-percent\" column_padding_tablet=\"inherit\" column_padding_phone=\"inherit\" column_padding_position=\"all\" column_element_direction_desktop=\"default\" column_element_spacing=\"default\" desktop_text_alignment=\"default\" tablet_text_alignment=\"default\" phone_text_alignment=\"default\" background_color=\"#000000&#8243; background_color_opacity=\"1&#8243; background_hover_color_opacity=\"1&#8243; column_backdrop_filter=\"none\" font_color=\"#ffffff\" column_shadow=\"none\" column_border_radius=\"none\" column_link_target=\"_self\" overflow=\"visible\" gradient_direction=\"left_to_right\" overlay_strength=\"0.3&#8243; width=\"1\/1&#8243; tablet_width_inherit=\"default\" animation_type=\"default\" bg_image_animation=\"none\" border_type=\"simple\" column_border_width=\"none\" column_border_style=\"solid\" column_padding_type=\"default\" gradient_type=\"default\"][nectar_highlighted_text color_type=\"regular\" highlight_color=\"#ffffff\" text_color=\"#ffffff\" style=\"regular_underline\" highlight_expansion=\"default\" underline_thickness=\"2px\"]\n<h2><em>DVP CPV 40\/25<\/em><\/h2>\n[\/nectar_highlighted_text][nectar_responsive_text]<strong>Pumpentyp<\/strong> m\u00b3\/h 50 Hz \/ 60 Hz | <strong>LC 40WR<\/strong><br \/>\n<label><strong>Tankinhalt<\/strong> dm3 | <strong>25<\/strong><br \/>\n<\/label><label><strong>Nennkapazit\u00e4t<\/strong> m3\/h 50 Hz \/ 60 Hz | <strong>40 \/ 48<br \/>\nGesamtenddruck (Abs.)<\/strong> mbar (Abs.)<strong> | 5<br \/>\nMotorleistung <\/strong>kW 50 Hz \/ 60 Hz<strong> | 1,1 \/ 1,35<br \/>\n<\/strong><\/label>[\/nectar_responsive_text][nectar_btn size=\"medium\" open_new_tab=\"true\" button_style=\"regular\" button_color_2=\"Extra-Color-3&#8243; solid_text_color_override=\"#e54040&#8243; icon_family=\"fontawesome\" text=\"Datenblatt herunterladen\" url=\"https:\/\/www.dovac.nl\/wp-content\/uploads\/2024\/03\/C.CPV_.pdf\" icon_fontawesome=\"fa fa-file-pdf-o\" margin_right=\"10&#8243;][nectar_btn size=\"medium\" open_new_tab=\"true\" button_style=\"regular\" button_color_2=\"Extra-Color-3&#8243; solid_text_color_override=\"#e54040&#8243; icon_family=\"fontawesome\" text=\"Download Ersatzteilliste\" url=\"https:\/\/www.dovac.nl\/wp-content\/uploads\/2024\/03\/CPV40-25.pdf\" icon_fontawesome=\"fa fa-file-pdf-o\" margin_right=\"10&#8243;][\/vc_column_inner][\/vc_row_inner][vc_row_inner column_margin=\"default\" column_direction=\"default\" column_direction_tablet=\"default\" column_direction_phone=\"default\" top_padding=\"5%\" text_align=\"left\" row_position=\"default\" row_position_tablet=\"inherit\" row_position_phone=\"inherit\" overflow=\"visible\" pointer_events=\"all\"][vc_column_inner column_padding=\"padding-4-percent\" column_padding_tablet=\"inherit\" column_padding_phone=\"inherit\" column_padding_position=\"all\" column_element_direction_desktop=\"default\" column_element_spacing=\"default\" desktop_text_alignment=\"default\" tablet_text_alignment=\"default\" phone_text_alignment=\"default\" background_color=\"#000000&#8243; background_color_opacity=\"1&#8243; background_hover_color_opacity=\"1&#8243; column_backdrop_filter=\"none\" font_color=\"#ffffff\" column_shadow=\"none\" column_border_radius=\"none\" column_link_target=\"_self\" overflow=\"visible\" gradient_direction=\"left_to_right\" overlay_strength=\"0.3&#8243; width=\"1\/1&#8243; tablet_width_inherit=\"default\" animation_type=\"default\" bg_image_animation=\"none\" border_type=\"simple\" column_border_width=\"none\" column_border_style=\"solid\" column_padding_type=\"default\" gradient_type=\"default\"][nectar_highlighted_text color_type=\"regular\" highlight_color=\"#ffffff\" text_color=\"#ffffff\" style=\"regular_underline\" highlight_expansion=\"default\" underline_thickness=\"2px\"]\n<h2><em>DVP CPV 60-25<\/em><\/h2>\n[\/nectar_highlighted_text][nectar_responsive_text]<strong>Pumpentyp<\/strong> m\u00b3\/h 50 Hz \/ 60 Hz | <strong>LC 60WR<\/strong><br \/>\n<label><strong>Tankinhalt<\/strong> dm3 | <strong>25<\/strong><br \/>\n<\/label><label><strong>Nennleistung<\/strong> m3\/h 50 Hz \/ 60 Hz | <strong>60 \/ 75<br \/>\nGesamtenddruck (Abs.)<\/strong> mbar (Abs.)<strong> | 5<br \/>\nMotorleistung <\/strong>kW 50 Hz \/ 60 Hz<strong> | 1,5 \/ 1,8<br \/>\n<\/strong><\/label>[\/nectar_responsive_text][nectar_btn size=\"medium\" open_new_tab=\"true\" button_style=\"regular\" button_color_2=\"Extra-Color-3&#8243; solid_text_color_override=\"#e54040&#8243; icon_family=\"fontawesome\" text=\"Datenblatt herunterladen\" url=\"https:\/\/www.dovac.nl\/wp-content\/uploads\/2024\/03\/C.CPV_.pdf\" icon_fontawesome=\"fa fa-file-pdf-o\" margin_right=\"10&#8243;][nectar_btn size=\"medium\" open_new_tab=\"true\" button_style=\"regular\" button_color_2=\"Extra-Color-3&#8243; solid_text_color_override=\"#e54040&#8243; icon_family=\"fontawesome\" text=\"Download Ersatzteilliste\" url=\"https:\/\/www.dovac.nl\/wp-content\/uploads\/2024\/03\/CPV60-25.pdf\" icon_fontawesome=\"fa fa-file-pdf-o\" margin_right=\"10&#8243;][\/vc_column_inner][\/vc_row_inner][\/vc_column][\/vc_row]\n","protected":false},"excerpt":{"rendered":"<p>[vc_row type=\"full_width_background\" full_screen_row_position=\"middle\" column_margin=\"custom\" column_direction=\"default\" column_direction_tablet=\"default\" column_direction_phone=\"default\" scene_position=\"center\" top_padding=\"5%\" constrain_group_1=\"yes\" bottom_padding=\"5%\" bottom_padding_phone=\"0&#8243; text_color=\"dark\" text_align=\"left\" row_border_radius=\"none\" row_border_radius_applies=\"bg\" overflow=\"visible\" overlay_strength=\"0.3&#8243; gradient_direction=\"left_to_right\" shape_divider_position=\"bottom\" bg_image_animation=\"none\" shape_type=\"\" gradient_type=\"default\"][vc_column column_padding=\"no-extra-padding\" column_padding_tablet=\"inherit\" column_padding_phone=\"inherit\" column_padding_position=\"all\" column_element_direction_desktop=\"default\" column_element_spacing=\"default\" desktop_text_alignment=\"default\"&#8230;<\/p>\n","protected":false},"author":1,"featured_media":3840,"parent":3836,"menu_order":0,"comment_status":"closed","ping_status":"closed","template":"","meta":{"footnotes":""},"class_list":["post-4120","page","type-page","status-publish","has-post-thumbnail"],"_links":{"self":[{"href":"https:\/\/www.dovac.nl\/de\/wp-json\/wp\/v2\/pages\/4120","targetHints":{"allow":["GET"]}}],"collection":[{"href":"https:\/\/www.dovac.nl\/de\/wp-json\/wp\/v2\/pages"}],"about":[{"href":"https:\/\/www.dovac.nl\/de\/wp-json\/wp\/v2\/types\/page"}],"author":[{"embeddable":true,"href":"https:\/\/www.dovac.nl\/de\/wp-json\/wp\/v2\/users\/1"}],"replies":[{"embeddable":true,"href":"https:\/\/www.dovac.nl\/de\/wp-json\/wp\/v2\/comments?post=4120"}],"version-history":[{"count":24,"href":"https:\/\/www.dovac.nl\/de\/wp-json\/wp\/v2\/pages\/4120\/revisions"}],"predecessor-version":[{"id":13034,"href":"https:\/\/www.dovac.nl\/de\/wp-json\/wp\/v2\/pages\/4120\/revisions\/13034"}],"up":[{"embeddable":true,"href":"https:\/\/www.dovac.nl\/de\/wp-json\/wp\/v2\/pages\/3836"}],"wp:featuredmedia":[{"embeddable":true,"href":"https:\/\/www.dovac.nl\/de\/wp-json\/wp\/v2\/media\/3840"}],"wp:attachment":[{"href":"https:\/\/www.dovac.nl\/de\/wp-json\/wp\/v2\/media?parent=4120"}],"curies":[{"name":"wp","href":"https:\/\/api.w.org\/{rel}","templated":true}]}}