{"id":4155,"date":"2024-03-05T09:03:22","date_gmt":"2024-03-05T08:03:22","guid":{"rendered":"https:\/\/www.dovac.nl\/seitenkanal-luefter\/atex-seitenkanalgeblaese\/"},"modified":"2025-12-10T09:20:55","modified_gmt":"2025-12-10T08:20:55","slug":"atex-seitenkanalgeblaese","status":"publish","type":"page","link":"https:\/\/www.dovac.nl\/de\/seitenkanal-luefter\/atex-seitenkanalgeblaese\/","title":{"rendered":"ATEX Seitenkanalgebl\u00e4se"},"content":{"rendered":"[vc_row type=\"full_width_background\" full_screen_row_position=\"middle\" column_margin=\"custom\" column_direction=\"default\" column_direction_tablet=\"default\" column_direction_phone=\"default\" scene_position=\"center\" top_padding=\"5%\" constrain_group_1=\"yes\" bottom_padding=\"5%\" bottom_padding_phone=\"0&#8243; text_color=\"dark\" text_align=\"left\" row_border_radius=\"none\" row_border_radius_applies=\"bg\" overflow=\"visible\" overlay_strength=\"0.3&#8243; gradient_direction=\"left_to_right\" shape_divider_position=\"bottom\" bg_image_animation=\"none\" shape_type=\"\" gradient_type=\"default\"][vc_column column_padding=\"no-extra-padding\" column_padding_tablet=\"inherit\" column_padding_phone=\"inherit\" column_padding_position=\"all\" column_element_direction_desktop=\"default\" column_element_spacing=\"default\" desktop_text_alignment=\"default\" tablet_text_alignment=\"default\" phone_text_alignment=\"default\" sticky_content=\"true\" sticky_content_functionality=\"css\" sticky_content_alignment=\"default\" background_color_opacity=\"1&#8243; background_hover_color_opacity=\"1&#8243; column_backdrop_filter=\"none\" font_color=\"#004982&#8243; column_shadow=\"none\" column_border_radius=\"none\" column_link_target=\"_self\" column_position=\"default\" gradient_direction=\"left_to_right\" overlay_strength=\"0.3&#8243; width=\"1\/3&#8243; tablet_width_inherit=\"default\" animation_type=\"default\" bg_image_animation=\"none\" border_type=\"simple\" column_border_width=\"none\" column_border_style=\"solid\" column_padding_type=\"default\" gradient_type=\"default\"][vc_row_inner column_margin=\"default\" column_direction=\"default\" column_direction_tablet=\"default\" column_direction_phone=\"default\" text_align=\"left\" row_position=\"default\" row_position_tablet=\"inherit\" row_position_phone=\"inherit\" overflow=\"visible\" pointer_events=\"all\"][vc_column_inner column_padding=\"no-extra-padding\" column_padding_tablet=\"inherit\" column_padding_phone=\"inherit\" column_padding_position=\"all\" column_element_direction_desktop=\"default\" column_element_spacing=\"default\" desktop_text_alignment=\"default\" tablet_text_alignment=\"default\" phone_text_alignment=\"default\" background_color_opacity=\"1&#8243; background_hover_color_opacity=\"1&#8243; column_backdrop_filter=\"none\" column_shadow=\"none\" column_border_radius=\"none\" column_link_target=\"_self\" overflow=\"visible\" gradient_direction=\"left_to_right\" overlay_strength=\"0.3&#8243; width=\"1\/1&#8243; tablet_width_inherit=\"default\" animation_type=\"default\" bg_image_animation=\"none\" border_type=\"simple\" column_border_width=\"none\" column_border_style=\"solid\" column_padding_type=\"default\" gradient_type=\"default\"][image_with_animation image_url=\"1331&#8243; image_size=\"full\" animation_type=\"entrance\" animation=\"None\" animation_movement_type=\"transform_y\" hover_animation=\"none\" alignment=\"\" border_radius=\"15px\" box_shadow=\"small_depth\" image_loading=\"default\" max_width=\"100%\" max_width_mobile=\"default\"][\/vc_column_inner][\/vc_row_inner][\/vc_column][vc_column column_padding=\"no-extra-padding\" column_padding_tablet=\"inherit\" column_padding_phone=\"inherit\" column_padding_position=\"all\" column_element_direction_desktop=\"default\" column_element_spacing=\"10px\" desktop_text_alignment=\"default\" tablet_text_alignment=\"default\" phone_text_alignment=\"default\" background_color_opacity=\"1&#8243; background_hover_color_opacity=\"1&#8243; column_backdrop_filter=\"none\" column_shadow=\"none\" column_border_radius=\"none\" column_link_target=\"_self\" column_position=\"default\" gradient_direction=\"left_to_right\" overlay_strength=\"0.3&#8243; width=\"2\/3&#8243; tablet_width_inherit=\"small_desktop\" animation_type=\"default\" bg_image_animation=\"none\" border_type=\"simple\" column_border_width=\"none\" column_border_style=\"solid\" column_padding_type=\"default\" gradient_type=\"default\"][vc_row_inner column_margin=\"default\" column_direction=\"default\" column_direction_tablet=\"default\" column_direction_phone=\"default\" text_align=\"left\" row_position=\"default\" row_position_tablet=\"inherit\" row_position_phone=\"inherit\" overflow=\"visible\" pointer_events=\"all\"][vc_column_inner column_padding=\"padding-5-percent\" column_padding_tablet=\"inherit\" column_padding_phone=\"padding-3-percent\" column_padding_position=\"all\" column_element_direction_desktop=\"default\" column_element_spacing=\"default\" desktop_text_alignment=\"default\" tablet_text_alignment=\"default\" phone_text_alignment=\"default\" background_color_opacity=\"1&#8243; background_hover_color_opacity=\"1&#8243; column_backdrop_filter=\"none\" font_color=\"#000000&#8243; column_shadow=\"none\" column_border_radius=\"none\" column_link_target=\"_self\" overflow=\"visible\" gradient_direction=\"left_to_right\" overlay_strength=\"0.3&#8243; width=\"1\/1&#8243; tablet_width_inherit=\"default\" animation_type=\"default\" bg_image_animation=\"none\" border_type=\"simple\" column_border_width=\"4px\" column_border_color=\"#000000&#8243; column_border_style=\"dashed\" column_padding_type=\"default\" gradient_type=\"default\"][nectar_highlighted_text color_type=\"regular\" text_color=\"#000000&#8243; style=\"full_text\" highlight_expansion=\"default\"]\n<h1>DOVAC ATEX Seitenkanalgebl\u00e4se<\/h1>\n[\/nectar_highlighted_text][vc_column_text]\n<h2>Entdecken Sie unseren ATEX-Seitenkanalventilator: Sicherheit und Effizienz in einem<\/h2>\n<p>Bei der Entwicklung des DOVAC-Seitenkanalventilators ATEX standen Sicherheit und Effizienz an erster Stelle. Dieser Spezialventilator eignet sich f\u00fcr Umgebungen, in denen explosive Atmosph\u00e4ren auftreten k\u00f6nnen, wie in der chemischen, petrochemischen, pharmazeutischen und Lebensmittelindustrie.<\/p>\n<h4>Was ist ATEX?<\/h4>\n<p>ATEX steht f\u00fcr \"ATmosph\u00e8res EXplosibles\" und bezieht sich auf die europ\u00e4ischen Richtlinien zum Schutz vor explosiven Atmosph\u00e4ren. Der Zweck der ATEX-Richtlinien ist der Schutz von Arbeitnehmern und Einrichtungen vor Explosionen, die durch brennbare Gase, D\u00e4mpfe, Nebel oder brennbare St\u00e4ube in der Luft verursacht werden k\u00f6nnen.<\/p>\n<h4>Wie funktioniert unser Seitenkanalverdichter ATEX?<\/h4>\n<p>Der DOVAC Seitenkanalventilator ATEX wurde nach den h\u00f6chsten Sicherheitsstandards entwickelt und ist f\u00fcr den Einsatz in explosionsgef\u00e4hrdeten Bereichen gem\u00e4\u00df den ATEX-Richtlinien zertifiziert. Dieser L\u00fcfter verwendet ein einzigartiges Seitenkanaldesign, um auch in anspruchsvollen Umgebungen einen konstanten Luftstrom zu gew\u00e4hrleisten.<\/p>\n<p>Der DOVAC Seitenkanalventilator ATEX ist nicht nur sicher, sondern auch au\u00dferordentlich vielseitig, so dass er in einer Vielzahl von Umgebungen eingesetzt werden kann, ohne dass \u00c4nderungen an der bestehenden Infrastruktur erforderlich sind. Das Design erm\u00f6glicht es, dass der Ventilator unabh\u00e4ngig von der Ausrichtung effektiv funktioniert und sich nahtlos in vertikale oder horizontale Aufstellungen einf\u00fcgt. Dieser Aspekt ist besonders wichtig in Branchen, in denen der Platz begrenzt ist oder in denen sich die Konfiguration des Systems h\u00e4ufig \u00e4ndert, wie z.B. in modularen Verarbeitungsanlagen oder mobilen Produktionseinheiten.<\/p>\n<h4>Wichtige Merkmale:<\/h4>\n<ul>\n<li><b>Explosionssicherheit:<\/b> Unser ATEX-Seitenkanalventilator ist so konzipiert und zertifiziert, dass er die strengsten Sicherheitsstandards f\u00fcr den Einsatz in explosionsgef\u00e4hrdeten Bereichen erf\u00fcllt.<\/li>\n<li><b>Effizienz:<\/b> Dank fortschrittlicher Technologien bietet unser Seitenkanalventilator ATEX eine hohe Effizienz, die Energie spart und die Betriebskosten senkt.<\/li>\n<li><b>Zuverl\u00e4ssigkeit:<\/b> Durch die robuste Konstruktion und die Verwendung hochwertiger Materialien bietet unser Ventilator Zuverl\u00e4ssigkeit und langfristige Leistung, auch unter rauen Bedingungen.<\/li>\n<\/ul>\n[\/vc_column_text][nectar_btn size=\"large\" button_style=\"see-through-3d\" color_override=\"#e54040&#8243; text=\"KONTAKTIEREN SIE UNS\" url=\"https:\/\/www.dovac.nl\/de\/kontakt\/\"][\/vc_column_inner][\/vc_row_inner][vc_row_inner column_margin=\"default\" column_direction=\"default\" column_direction_tablet=\"default\" column_direction_phone=\"default\" top_padding=\"5%\" text_align=\"left\" row_position=\"default\" row_position_tablet=\"inherit\" row_position_phone=\"inherit\" overflow=\"visible\" pointer_events=\"all\"][vc_column_inner column_padding=\"padding-5-percent\" column_padding_tablet=\"inherit\" column_padding_phone=\"inherit\" column_padding_position=\"all\" column_element_direction_desktop=\"default\" column_element_spacing=\"default\" desktop_text_alignment=\"default\" tablet_text_alignment=\"default\" phone_text_alignment=\"default\" background_color=\"#ffffff\" background_color_opacity=\"1&#8243; background_hover_color_opacity=\"1&#8243; column_backdrop_filter=\"none\" column_shadow=\"small_depth\" column_border_radius=\"10px\" column_link_target=\"_self\" overflow=\"visible\" gradient_direction=\"left_to_right\" overlay_strength=\"0.3&#8243; width=\"1\/1&#8243; tablet_width_inherit=\"default\" animation_type=\"default\" bg_image_animation=\"none\" border_type=\"simple\" column_border_width=\"none\" column_border_style=\"solid\" column_padding_type=\"default\" gradient_type=\"default\"][vc_column_text]\n<h4>Anwendungen:<\/h4>\n<p>Der DOVAC-Seitenkanalventilator ATEX ist in verschiedenen industriellen Anwendungen weit verbreitet, unter anderem:[\/vc_column_text]<div class=\"nectar-fancy-ul\" data-list-icon=\"icon-salient-check\" data-animation=\"true\" data-animation-delay=\"0\" data-color=\"extra-color-1\" data-spacing=\"default\" data-alignment=\"left\"> \n<ul>\n<li>Chemische und petrochemische Industrie<\/li>\n<li>Pharmazeutische Industrie<\/li>\n<li>Lebensmittelindustrie<\/li>\n<li>Raffinerien<\/li>\n<li>Farbspritzunternehmen<\/li>\n<li>Und mehr&#8230;<\/li>\n<\/ul>\n <\/div>[vc_column_text]\n<h4>Entscheiden Sie sich f\u00fcr Sicherheit und Effizienz<\/h4>\n<p>Sch\u00fctzen Sie Ihre Mitarbeiter und Anlagen vor der Gefahr von Explosionen mit unseren hochwertigen Seitenkanalventilatoren ATEX. Wenden Sie sich noch heute an uns, um mehr dar\u00fcber zu erfahren, wie unser Ventilator Ihre Betriebsabl\u00e4ufe verbessern und gleichzeitig die h\u00f6chsten Sicherheitsstandards erf\u00fcllen kann.[\/vc_column_text][\/vc_column_inner][\/vc_row_inner][\/vc_column][\/vc_row]\n","protected":false},"excerpt":{"rendered":"<p>[vc_row type=\"full_width_background\" full_screen_row_position=\"middle\" column_margin=\"custom\" column_direction=\"default\" column_direction_tablet=\"default\" column_direction_phone=\"default\" scene_position=\"center\" top_padding=\"5%\" constrain_group_1=\"yes\" bottom_padding=\"5%\" bottom_padding_phone=\"0&#8243; text_color=\"dark\" text_align=\"left\" row_border_radius=\"none\" row_border_radius_applies=\"bg\" overflow=\"visible\" overlay_strength=\"0.3&#8243; gradient_direction=\"left_to_right\" shape_divider_position=\"bottom\" bg_image_animation=\"none\" shape_type=\"\" gradient_type=\"default\"][vc_column column_padding=\"no-extra-padding\" column_padding_tablet=\"inherit\" column_padding_phone=\"inherit\" column_padding_position=\"all\" column_element_direction_desktop=\"default\" column_element_spacing=\"default\" desktop_text_alignment=\"default\"&#8230;<\/p>\n","protected":false},"author":1,"featured_media":3746,"parent":3781,"menu_order":0,"comment_status":"closed","ping_status":"closed","template":"","meta":{"footnotes":""},"class_list":["post-4155","page","type-page","status-publish","has-post-thumbnail"],"_links":{"self":[{"href":"https:\/\/www.dovac.nl\/de\/wp-json\/wp\/v2\/pages\/4155","targetHints":{"allow":["GET"]}}],"collection":[{"href":"https:\/\/www.dovac.nl\/de\/wp-json\/wp\/v2\/pages"}],"about":[{"href":"https:\/\/www.dovac.nl\/de\/wp-json\/wp\/v2\/types\/page"}],"author":[{"embeddable":true,"href":"https:\/\/www.dovac.nl\/de\/wp-json\/wp\/v2\/users\/1"}],"replies":[{"embeddable":true,"href":"https:\/\/www.dovac.nl\/de\/wp-json\/wp\/v2\/comments?post=4155"}],"version-history":[{"count":13,"href":"https:\/\/www.dovac.nl\/de\/wp-json\/wp\/v2\/pages\/4155\/revisions"}],"predecessor-version":[{"id":13024,"href":"https:\/\/www.dovac.nl\/de\/wp-json\/wp\/v2\/pages\/4155\/revisions\/13024"}],"up":[{"embeddable":true,"href":"https:\/\/www.dovac.nl\/de\/wp-json\/wp\/v2\/pages\/3781"}],"wp:featuredmedia":[{"embeddable":true,"href":"https:\/\/www.dovac.nl\/de\/wp-json\/wp\/v2\/media\/3746"}],"wp:attachment":[{"href":"https:\/\/www.dovac.nl\/de\/wp-json\/wp\/v2\/media?parent=4155"}],"curies":[{"name":"wp","href":"https:\/\/api.w.org\/{rel}","templated":true}]}}