{"id":4201,"date":"2024-01-08T10:09:34","date_gmt":"2024-01-08T09:09:34","guid":{"rendered":"https:\/\/www.dovac.nl\/ueber-uns\/"},"modified":"2025-03-31T09:45:49","modified_gmt":"2025-03-31T07:45:49","slug":"ueber-uns","status":"publish","type":"page","link":"https:\/\/www.dovac.nl\/de\/ueber-uns\/","title":{"rendered":"\u00dcber uns"},"content":{"rendered":"[vc_row type=\"in_container\" full_screen_row_position=\"middle\" column_margin=\"60px\" equal_height=\"yes\" content_placement=\"top\" column_direction=\"default\" column_direction_tablet=\"default\" column_direction_phone=\"default\" scene_position=\"center\" top_padding=\"5%\" bottom_padding=\"5%\" constrain_group_2=\"yes\" text_color=\"dark\" text_align=\"left\" row_border_radius=\"none\" row_border_radius_applies=\"bg\" overflow=\"visible\" overlay_strength=\"0.3&#8243; gradient_direction=\"left_to_right\" shape_divider_position=\"bottom\" bg_image_animation=\"none\" gradient_type=\"default\" shape_type=\"\"][vc_column column_padding=\"no-extra-padding\" column_padding_tablet=\"inherit\" column_padding_phone=\"inherit\" column_padding_position=\"all\" column_element_direction_desktop=\"default\" column_element_spacing=\"default\" desktop_text_alignment=\"default\" tablet_text_alignment=\"default\" phone_text_alignment=\"default\" background_color_opacity=\"1&#8243; background_hover_color_opacity=\"1&#8243; column_backdrop_filter=\"none\" column_shadow=\"none\" column_border_radius=\"none\" column_link_target=\"_self\" column_position=\"default\" gradient_direction=\"left_to_right\" overlay_strength=\"0.3&#8243; width=\"1\/2&#8243; tablet_width_inherit=\"default\" animation_type=\"default\" bg_image_animation=\"none\" border_type=\"simple\" column_border_width=\"none\" column_border_style=\"solid\" column_padding_type=\"default\" gradient_type=\"default\"][nectar_highlighted_text color_type=\"regular\" text_color=\"#000000&#8243; style=\"full_text\" highlight_expansion=\"default\" delay=\"100&#8243;]\n<h1>Willkommen bei DOVAC | \u00dcber uns<\/h1>\n[\/nectar_highlighted_text][image_with_animation image_url=\"2900&#8243; image_size=\"full\" animation_type=\"entrance\" animation=\"None\" animation_movement_type=\"transform_y\" hover_animation=\"none\" alignment=\"\" border_radius=\"10px\" box_shadow=\"small_depth\" image_loading=\"default\" max_width=\"100%\" max_width_mobile=\"default\"][vc_column_text]Unsere Reise begann 2003, als Ruud Dobbe, der \u00fcber einen gro\u00dfen Erfahrungsschatz verf\u00fcgte, DOVAC gr\u00fcndete. Im Jahr 2006 sind wir in ein Geb\u00e4ude in Lisse umgezogen, ein Umzug, der uns geholfen hat, zu wachsen und unsere Position auf dem Markt zu st\u00e4rken. Ruud ist es gelungen, ein attraktives Sortiment zusammenzustellen, das aus <a href=\"https:\/\/www.dovac.nl\/vacuumpompen\/\">Vakuumpumpen<\/a>, <a href=\"https:\/\/www.dovac.nl\/zijkanaalventilatoren\/\">Seitenkanalverdichtern<\/a>, <a href=\"https:\/\/www.dovac.nl\/dovac-luchtmessen\/\">Luftmessern<\/a>, <a href=\"https:\/\/www.dovac.nl\/systems\/\">Systemen<\/a> und <a href=\"https:\/\/www.dovac.nl\/parts-onderdelen\/\">Ersatzteilen besteht .<\/a><\/p>\n<p>Im Jahr 2020 kam Ferry Jansen an Bord, und unter seiner F\u00fchrung erreichten wir neue H\u00f6hen. Seine Vision und seine Energie gaben DOVAC neuen Schwung. Im Jahr 2022 sind wir erneut umgezogen, diesmal nach ZEVENHUIZEN, das dank seiner zentralen Lage leicht zu erreichen ist. Wir sind sehr zufrieden mit unseren modernen, energieneutralen R\u00e4umlichkeiten mit einem ger\u00e4umigen Lager, einer Werkstatt und einem Pr\u00fcfstand f\u00fcr die Montage und Pr\u00fcfung von Vakuumpumpen, Vakuumeinheiten und Gebl\u00e4sen.<\/p>\n<p>Wir sind stolz darauf, dass DOVAC seit mehr als 21 Jahren der exklusive Vertreter von DVP-Vakuumpumpen f\u00fcr die BENELUX-Staaten ist. Die Kunden vertrauen DOVAC nicht nur wegen der umfangreichen Produktpalette, sondern auch wegen des fundierten technischen Wissens und des engagierten Kundendienstes. Wir verstehen die einzigartigen Bed\u00fcrfnisse jedes Kunden und sind bestrebt, ma\u00dfgeschneiderte L\u00f6sungen anzubieten, die den spezifischen Anforderungen entsprechen&#8230;.<\/p>\n<p>Bei DOVAC besprechen wir die Anwendung im Detail mit jedem Kunden. Manchmal sind Messungen erforderlich, um den richtigen Typ einer Vakuumpumpe oder eines Gebl\u00e4ses auszuw\u00e4hlen. Wir f\u00fchren auch vakuumtechnische Berechnungen durch und bieten die M\u00f6glichkeit, eine Pumpe oder ein Gebl\u00e4se zu testen. Dies ist vor allem f\u00fcr Neukunden sinnvoll, damit sie sich mit der Bedienung des jeweiligen Ger\u00e4tes vertraut machen k\u00f6nnen.[\/vc_column_text][\/vc_column][vc_column column_padding=\"no-extra-padding\" column_padding_tablet=\"inherit\" column_padding_phone=\"inherit\" column_padding_position=\"all\" column_element_direction_desktop=\"default\" column_element_spacing=\"default\" desktop_text_alignment=\"default\" tablet_text_alignment=\"default\" phone_text_alignment=\"default\" sticky_content=\"true\" sticky_content_functionality=\"css\" sticky_content_alignment=\"default\" background_color_opacity=\"1&#8243; background_hover_color_opacity=\"1&#8243; column_backdrop_filter=\"none\" column_shadow=\"none\" column_border_radius=\"none\" column_link_target=\"_self\" column_position=\"default\" gradient_direction=\"left_to_right\" overlay_strength=\"0.3&#8243; width=\"1\/2&#8243; tablet_width_inherit=\"default\" animation_type=\"default\" bg_image_animation=\"none\" border_type=\"simple\" column_border_width=\"none\" column_border_style=\"solid\" column_padding_type=\"default\" gradient_type=\"default\"][vc_row_inner column_margin=\"default\" column_direction=\"default\" column_direction_tablet=\"default\" column_direction_phone=\"default\" text_align=\"left\" row_position=\"default\" row_position_tablet=\"inherit\" row_position_phone=\"inherit\" overflow=\"visible\" pointer_events=\"all\"][vc_column_inner column_padding=\"no-extra-padding\" column_padding_tablet=\"inherit\" column_padding_phone=\"inherit\" column_padding_position=\"all\" column_element_direction_desktop=\"default\" column_element_spacing=\"default\" desktop_text_alignment=\"default\" tablet_text_alignment=\"default\" phone_text_alignment=\"default\" background_color_opacity=\"1&#8243; background_hover_color_opacity=\"1&#8243; column_backdrop_filter=\"none\" column_shadow=\"none\" column_border_radius=\"none\" column_link_target=\"_self\" overflow=\"visible\" gradient_direction=\"left_to_right\" overlay_strength=\"0.3&#8243; width=\"1\/1&#8243; tablet_width_inherit=\"default\" animation_type=\"default\" bg_image_animation=\"none\" border_type=\"simple\" column_border_width=\"none\" column_border_style=\"solid\"][nectar_highlighted_text color_type=\"regular\" highlight_color=\"#7cc6ff\" text_color=\"#000000&#8243; style=\"regular_underline\" highlight_expansion=\"default\" underline_thickness=\"default\"]\n<h2>Warum DOVAC w\u00e4hlen<\/h2>\n<p>Bei DOVAC verstehen wir die Bed\u00fcrfnisse unserer Kunden und streben in allem, was wir tun, nach Spitzenleistungen. Hier sind einige Gr\u00fcnde, warum Sie uns w\u00e4hlen sollten:[\/nectar_highlighted_text]<div class=\"nectar-fancy-ul\" data-list-icon=\"icon-salient-check\" data-animation=\"false\" data-animation-delay=\"0\" data-color=\"extra-color-1\" data-spacing=\"default\" data-alignment=\"left\"> \n<ul>\n<li><strong>24\/7 verf\u00fcgbar:<\/strong> Sie k\u00f6nnen sich zu jeder Tageszeit auf unsere Unterst\u00fctzung und unseren Service verlassen.<\/li>\n<li><strong>Stets wettbewerbsf\u00e4hige Preise:<\/strong> Wir bieten wettbewerbsf\u00e4hige Preise, ohne Kompromisse bei der Qualit\u00e4t einzugehen.<\/li>\n<li><strong>Exzellenter Service:<\/strong> Unser engagiertes Team ist immer bereit, Ihnen zu helfen und Sie zu beraten, vom ersten Kontakt bis zum After-Sales-Service.<\/li>\n<li><strong>Kundenorientiert:<\/strong> Ihre Zufriedenheit ist unser Ziel. Wir h\u00f6ren auf Ihre Bed\u00fcrfnisse und bem\u00fchen uns, sie zu \u00fcbertreffen.<\/li>\n<li><strong>Gro\u00dfes Lager:<\/strong> Mit einem umfangreichen Lagerbestand k\u00f6nnen wir schnell liefern und Ihren Bedarf decken.<\/li>\n<li><strong>Kompetenz in verschiedenen Marktsegmenten: <\/strong>Unser Team verf\u00fcgt \u00fcber fundierte Kenntnisse und Erfahrungen in verschiedenen Marktsegmenten, die es uns erm\u00f6glichen, ma\u00dfgeschneiderte L\u00f6sungen anzubieten.<\/li>\n<li><strong>Kurze Wege der Kommunikation:<\/strong> Direkte Kommunikation sorgt f\u00fcr Effizienz und schnelle Entscheidungen, so dass wir Sie besser bedienen k\u00f6nnen.<\/li>\n<li><strong>Schneller Kostenvoranschlag:<\/strong> Sie erhalten innerhalb von 1 Tag einen detaillierten Kostenvoranschlag, so dass Sie sich schnell entscheiden k\u00f6nnen.<\/li>\n<\/ul>\n<p>Sind Sie bereit, unsere Leistungen in Anspruch zu nehmen? Kontaktieren Sie uns noch heute und finden Sie heraus, was DOVAC Gebl\u00e4se- und Vakuumtechnik f\u00fcr Sie tun kann! <\/div>[\/vc_column_inner][\/vc_row_inner][vc_row_inner column_margin=\"default\" column_direction=\"default\" column_direction_tablet=\"default\" column_direction_phone=\"default\" text_align=\"left\" row_position=\"default\" row_position_tablet=\"inherit\" row_position_phone=\"inherit\" overflow=\"visible\" pointer_events=\"all\"][vc_column_inner column_padding=\"no-extra-padding\" column_padding_tablet=\"inherit\" column_padding_phone=\"inherit\" column_padding_position=\"all\" column_element_direction_desktop=\"default\" column_element_spacing=\"default\" desktop_text_alignment=\"default\" tablet_text_alignment=\"default\" phone_text_alignment=\"default\" background_color_opacity=\"1&#8243; background_hover_color_opacity=\"1&#8243; column_backdrop_filter=\"none\" column_shadow=\"none\" column_border_radius=\"none\" column_link_target=\"_self\" overflow=\"visible\" gradient_direction=\"left_to_right\" overlay_strength=\"0.3&#8243; width=\"1\/2&#8243; tablet_width_inherit=\"default\" animation_type=\"default\" bg_image_animation=\"none\" border_type=\"simple\" column_border_width=\"none\" column_border_style=\"solid\"][image_with_animation image_url=\"3242&#8243; image_size=\"full\" animation_type=\"entrance\" animation=\"None\" animation_movement_type=\"transform_y\" hover_animation=\"none\" alignment=\"\" border_radius=\"5px\" box_shadow=\"small_depth\" image_loading=\"default\" max_width=\"100%\" max_width_mobile=\"default\"][\/vc_column_inner][vc_column_inner column_padding=\"no-extra-padding\" column_padding_tablet=\"inherit\" column_padding_phone=\"inherit\" column_padding_position=\"all\" column_element_direction_desktop=\"default\" column_element_spacing=\"default\" desktop_text_alignment=\"default\" tablet_text_alignment=\"default\" phone_text_alignment=\"default\" background_color_opacity=\"1&#8243; background_hover_color_opacity=\"1&#8243; column_backdrop_filter=\"none\" column_shadow=\"none\" column_border_radius=\"none\" column_link_target=\"_self\" overflow=\"visible\" gradient_direction=\"left_to_right\" overlay_strength=\"0.3&#8243; width=\"1\/2&#8243; tablet_width_inherit=\"default\" animation_type=\"default\" bg_image_animation=\"none\" border_type=\"simple\" column_border_width=\"none\" column_border_style=\"solid\"][image_with_animation image_url=\"3241&#8243; image_size=\"full\" animation_type=\"entrance\" animation=\"None\" animation_movement_type=\"transform_y\" hover_animation=\"none\" alignment=\"\" border_radius=\"5px\" box_shadow=\"small_depth\" image_loading=\"default\" max_width=\"100%\" max_width_mobile=\"default\"][\/vc_column_inner][\/vc_row_inner][vc_row_inner column_margin=\"default\" column_direction=\"default\" column_direction_tablet=\"default\" column_direction_phone=\"default\" text_align=\"left\" row_position=\"default\" row_position_tablet=\"inherit\" row_position_phone=\"inherit\" overflow=\"visible\" pointer_events=\"all\"][vc_column_inner column_padding=\"no-extra-padding\" column_padding_tablet=\"inherit\" column_padding_phone=\"inherit\" column_padding_position=\"all\" column_element_direction_desktop=\"default\" column_element_spacing=\"default\" desktop_text_alignment=\"default\" tablet_text_alignment=\"default\" phone_text_alignment=\"default\" background_color_opacity=\"1&#8243; background_hover_color_opacity=\"1&#8243; column_backdrop_filter=\"none\" column_shadow=\"none\" column_border_radius=\"none\" column_link_target=\"_self\" overflow=\"visible\" gradient_direction=\"left_to_right\" overlay_strength=\"0.3&#8243; width=\"1\/2&#8243; tablet_width_inherit=\"default\" animation_type=\"default\" bg_image_animation=\"none\" border_type=\"simple\" column_border_width=\"none\" column_border_style=\"solid\"][image_with_animation image_url=\"3240&#8243; image_size=\"full\" animation_type=\"entrance\" animation=\"None\" animation_movement_type=\"transform_y\" hover_animation=\"none\" alignment=\"\" border_radius=\"5px\" box_shadow=\"small_depth\" image_loading=\"default\" max_width=\"100%\" max_width_mobile=\"default\"][\/vc_column_inner][vc_column_inner column_padding=\"no-extra-padding\" column_padding_tablet=\"inherit\" column_padding_phone=\"inherit\" column_padding_position=\"all\" column_element_direction_desktop=\"default\" column_element_spacing=\"default\" desktop_text_alignment=\"default\" tablet_text_alignment=\"default\" phone_text_alignment=\"default\" background_color_opacity=\"1&#8243; background_hover_color_opacity=\"1&#8243; column_backdrop_filter=\"none\" column_shadow=\"none\" column_border_radius=\"none\" column_link_target=\"_self\" overflow=\"visible\" gradient_direction=\"left_to_right\" overlay_strength=\"0.3&#8243; width=\"1\/2&#8243; tablet_width_inherit=\"default\" animation_type=\"default\" bg_image_animation=\"none\" border_type=\"simple\" column_border_width=\"none\" column_border_style=\"solid\"][image_with_animation image_url=\"3239&#8243; image_size=\"full\" animation_type=\"entrance\" animation=\"None\" animation_movement_type=\"transform_y\" hover_animation=\"none\" alignment=\"\" border_radius=\"5px\" box_shadow=\"small_depth\" image_loading=\"default\" max_width=\"100%\" max_width_mobile=\"default\"][\/vc_column_inner][\/vc_row_inner][\/vc_column][\/vc_row]\n","protected":false},"excerpt":{"rendered":"<p>[vc_row type=\"in_container\" full_screen_row_position=\"middle\" column_margin=\"60px\" equal_height=\"yes\" content_placement=\"top\" column_direction=\"default\" column_direction_tablet=\"default\" column_direction_phone=\"default\" scene_position=\"center\" top_padding=\"5%\" bottom_padding=\"5%\" constrain_group_2=\"yes\" text_color=\"dark\" text_align=\"left\" row_border_radius=\"none\" row_border_radius_applies=\"bg\" overflow=\"visible\" overlay_strength=\"0.3&#8243; gradient_direction=\"left_to_right\" shape_divider_position=\"bottom\" bg_image_animation=\"none\" gradient_type=\"default\" shape_type=\"\"][vc_column column_padding=\"no-extra-padding\" column_padding_tablet=\"inherit\" column_padding_phone=\"inherit\" column_padding_position=\"all\" column_element_direction_desktop=\"default\" column_element_spacing=\"default\"&#8230;<\/p>\n","protected":false},"author":1,"featured_media":0,"parent":0,"menu_order":0,"comment_status":"closed","ping_status":"closed","template":"","meta":{"footnotes":""},"class_list":["post-4201","page","type-page","status-publish"],"_links":{"self":[{"href":"https:\/\/www.dovac.nl\/de\/wp-json\/wp\/v2\/pages\/4201","targetHints":{"allow":["GET"]}}],"collection":[{"href":"https:\/\/www.dovac.nl\/de\/wp-json\/wp\/v2\/pages"}],"about":[{"href":"https:\/\/www.dovac.nl\/de\/wp-json\/wp\/v2\/types\/page"}],"author":[{"embeddable":true,"href":"https:\/\/www.dovac.nl\/de\/wp-json\/wp\/v2\/users\/1"}],"replies":[{"embeddable":true,"href":"https:\/\/www.dovac.nl\/de\/wp-json\/wp\/v2\/comments?post=4201"}],"version-history":[{"count":14,"href":"https:\/\/www.dovac.nl\/de\/wp-json\/wp\/v2\/pages\/4201\/revisions"}],"predecessor-version":[{"id":10650,"href":"https:\/\/www.dovac.nl\/de\/wp-json\/wp\/v2\/pages\/4201\/revisions\/10650"}],"wp:attachment":[{"href":"https:\/\/www.dovac.nl\/de\/wp-json\/wp\/v2\/media?parent=4201"}],"curies":[{"name":"wp","href":"https:\/\/api.w.org\/{rel}","templated":true}]}}