{"id":8432,"date":"2024-06-25T11:50:42","date_gmt":"2024-06-25T09:50:42","guid":{"rendered":"https:\/\/www.dovac.nl\/vakuumpumpen\/drehkolbenpumpen\/"},"modified":"2025-12-09T17:27:41","modified_gmt":"2025-12-09T16:27:41","slug":"drehkolbenpumpen","status":"publish","type":"page","link":"https:\/\/www.dovac.nl\/de\/vakuumpumpen\/drehkolbenpumpen\/","title":{"rendered":"Drehkolbenpumpen"},"content":{"rendered":"[vc_row type=\"in_container\" full_screen_row_position=\"middle\" column_margin=\"default\" column_direction=\"default\" column_direction_tablet=\"default\" column_direction_phone=\"default\" scene_position=\"center\" text_color=\"dark\" text_align=\"left\" row_border_radius=\"none\" row_border_radius_applies=\"bg\" overflow=\"visible\" overlay_strength=\"0.3&#8243; gradient_direction=\"left_to_right\" shape_divider_position=\"bottom\" bg_image_animation=\"none\"][vc_column column_padding=\"no-extra-padding\" column_padding_tablet=\"inherit\" column_padding_phone=\"inherit\" column_padding_position=\"all\" column_element_direction_desktop=\"default\" column_element_spacing=\"default\" desktop_text_alignment=\"default\" tablet_text_alignment=\"default\" phone_text_alignment=\"default\" background_color_opacity=\"1&#8243; background_hover_color_opacity=\"1&#8243; column_backdrop_filter=\"none\" column_shadow=\"none\" column_border_radius=\"none\" column_link_target=\"_self\" column_position=\"default\" gradient_direction=\"left_to_right\" overlay_strength=\"0.3&#8243; width=\"1\/1&#8243; tablet_width_inherit=\"default\" animation_type=\"default\" bg_image_animation=\"none\" border_type=\"simple\" column_border_width=\"none\" column_border_style=\"solid\"][vc_column_text]\n<h1 style=\"text-align: center;\">Unsere DVP-Drehkolbenpumpen<\/h1>\n[\/vc_column_text][\/vc_column][\/vc_row][vc_row type=\"in_container\" full_screen_row_position=\"middle\" column_margin=\"default\" column_direction=\"default\" column_direction_tablet=\"default\" column_direction_phone=\"default\" scene_position=\"center\" text_color=\"dark\" text_align=\"left\" row_border_radius=\"none\" row_border_radius_applies=\"bg\" overflow=\"visible\" overlay_strength=\"0.3&#8243; gradient_direction=\"left_to_right\" shape_divider_position=\"bottom\" bg_image_animation=\"none\"][vc_column column_padding=\"no-extra-padding\" column_padding_tablet=\"inherit\" column_padding_phone=\"inherit\" column_padding_position=\"all\" column_element_direction_desktop=\"default\" column_element_spacing=\"default\" centered_text=\"true\" desktop_text_alignment=\"default\" tablet_text_alignment=\"default\" phone_text_alignment=\"default\" background_color_opacity=\"1&#8243; background_hover_color_opacity=\"1&#8243; column_backdrop_filter=\"none\" column_shadow=\"none\" column_border_radius=\"none\" column_link_target=\"_self\" column_position=\"default\" gradient_direction=\"left_to_right\" overlay_strength=\"0.3&#8243; width=\"1\/3&#8243; tablet_width_inherit=\"default\" animation_type=\"default\" bg_image_animation=\"none\" border_type=\"simple\" column_border_width=\"none\" column_border_style=\"dashed\" column_padding_type=\"default\" gradient_type=\"default\" column_link=\"https:\/\/www.dovac.nl\/de\/vakuumpumpen\/trocknen\/\"][image_with_animation image_url=\"1186&#8243; image_size=\"portfolio-thumb\" animation_type=\"entrance\" animation=\"None\" animation_movement_type=\"transform_y\" hover_animation=\"none\" alignment=\"\" border_radius=\"10px\" box_shadow=\"small_depth\" image_loading=\"default\" max_width=\"100%\" max_width_mobile=\"default\"][vc_row_inner column_margin=\"default\" column_direction=\"default\" column_direction_tablet=\"default\" column_direction_phone=\"default\" text_align=\"left\" row_position=\"default\" row_position_tablet=\"inherit\" row_position_phone=\"inherit\" overflow=\"visible\" pointer_events=\"all\"][vc_column_inner column_element_direction_desktop=\"default\" column_element_spacing=\"default\" desktop_text_alignment=\"default\" tablet_text_alignment=\"default\" phone_text_alignment=\"default\" background_color_opacity=\"1&#8243; background_hover_color_opacity=\"1&#8243; column_backdrop_filter=\"none\" column_shadow=\"none\" column_border_radius=\"none\" column_link_target=\"_self\" overflow=\"visible\" gradient_direction=\"left_to_right\" overlay_strength=\"0.3&#8243; width=\"1\/1&#8243; tablet_width_inherit=\"default\" animation_type=\"default\" bg_image_animation=\"none\" border_type=\"simple\" column_border_width=\"none\" column_border_style=\"dashed\" column_padding_type=\"advanced\" gradient_type=\"default\"][nectar_highlighted_text color_type=\"regular\" highlight_color=\"#e54040&#8243; text_color=\"#000000&#8243; style=\"regular_underline\" highlight_expansion=\"default\" underline_thickness=\"default\" font_line_height=\"1&#8243; custom_font_size=\"4vh\"]<em>Trocknen<\/em>[\/nectar_highlighted_text][\/vc_column_inner][\/vc_row_inner][\/vc_column][vc_column column_padding=\"no-extra-padding\" column_padding_tablet=\"inherit\" column_padding_phone=\"inherit\" column_padding_position=\"all\" column_element_direction_desktop=\"default\" column_element_spacing=\"default\" centered_text=\"true\" desktop_text_alignment=\"default\" tablet_text_alignment=\"default\" phone_text_alignment=\"default\" background_color_opacity=\"1&#8243; background_hover_color_opacity=\"1&#8243; column_backdrop_filter=\"none\" column_shadow=\"none\" column_border_radius=\"none\" column_link_target=\"_self\" column_position=\"default\" gradient_direction=\"left_to_right\" overlay_strength=\"0.3&#8243; width=\"1\/3&#8243; tablet_width_inherit=\"default\" animation_type=\"default\" bg_image_animation=\"none\" border_type=\"simple\" column_border_width=\"none\" column_border_style=\"solid\" column_padding_type=\"default\" column_link=\"https:\/\/www.dovac.nl\/de\/vakuumpumpen\/oelgeschmiert-einstufig\/\" gradient_type=\"default\"][image_with_animation image_url=\"1632&#8243; image_size=\"portfolio-thumb\" animation_type=\"entrance\" animation=\"None\" animation_movement_type=\"transform_y\" hover_animation=\"none\" alignment=\"\" border_radius=\"10px\" box_shadow=\"small_depth\" image_loading=\"default\" max_width=\"100%\" max_width_mobile=\"default\"][vc_row_inner column_margin=\"default\" column_direction=\"default\" column_direction_tablet=\"default\" column_direction_phone=\"default\" text_align=\"left\" row_position=\"default\" row_position_tablet=\"inherit\" row_position_phone=\"inherit\" overflow=\"visible\" pointer_events=\"all\"][vc_column_inner column_element_direction_desktop=\"default\" column_element_spacing=\"default\" desktop_text_alignment=\"default\" tablet_text_alignment=\"default\" phone_text_alignment=\"default\" background_color_opacity=\"1&#8243; background_hover_color_opacity=\"1&#8243; column_backdrop_filter=\"none\" column_shadow=\"none\" column_border_radius=\"none\" column_link_target=\"_self\" overflow=\"visible\" gradient_direction=\"left_to_right\" overlay_strength=\"0.3&#8243; width=\"1\/1&#8243; tablet_width_inherit=\"default\" animation_type=\"default\" bg_image_animation=\"none\" border_type=\"simple\" column_border_width=\"none\" column_border_style=\"dashed\" column_padding_type=\"advanced\" gradient_type=\"default\"][nectar_highlighted_text color_type=\"regular\" highlight_color=\"#e54040&#8243; text_color=\"#000000&#8243; style=\"regular_underline\" highlight_expansion=\"default\" underline_thickness=\"default\" font_line_height=\"1&#8243; custom_font_size=\"4vh\"]<em>\u00d6lgeschmierte einstufige Pumpen<\/em>[\/nectar_highlighted_text][\/vc_column_inner][\/vc_row_inner][\/vc_column][vc_column column_padding=\"no-extra-padding\" column_padding_tablet=\"inherit\" column_padding_phone=\"inherit\" column_padding_position=\"all\" column_element_direction_desktop=\"default\" column_element_spacing=\"default\" centered_text=\"true\" desktop_text_alignment=\"default\" tablet_text_alignment=\"default\" phone_text_alignment=\"default\" background_color_opacity=\"1&#8243; background_hover_color_opacity=\"1&#8243; column_backdrop_filter=\"none\" column_shadow=\"none\" column_border_radius=\"none\" column_link_target=\"_self\" column_position=\"default\" gradient_direction=\"left_to_right\" overlay_strength=\"0.3&#8243; width=\"1\/3&#8243; tablet_width_inherit=\"default\" animation_type=\"default\" bg_image_animation=\"none\" border_type=\"simple\" column_border_width=\"none\" column_border_style=\"solid\" column_padding_type=\"default\" column_link=\"https:\/\/www.dovac.nl\/de\/vakuumpumpen\/oelgeschmiert-zweistufig\/\" gradient_type=\"default\"][image_with_animation image_url=\"3113&#8243; image_size=\"portfolio-thumb\" animation_type=\"entrance\" animation=\"None\" animation_movement_type=\"transform_y\" hover_animation=\"none\" alignment=\"\" border_radius=\"10px\" box_shadow=\"small_depth\" image_loading=\"default\" max_width=\"100%\" max_width_mobile=\"default\"][vc_row_inner column_margin=\"default\" column_direction=\"default\" column_direction_tablet=\"default\" column_direction_phone=\"default\" text_align=\"left\" row_position=\"default\" row_position_tablet=\"inherit\" row_position_phone=\"inherit\" overflow=\"visible\" pointer_events=\"all\"][vc_column_inner column_element_direction_desktop=\"default\" column_element_spacing=\"default\" desktop_text_alignment=\"default\" tablet_text_alignment=\"default\" phone_text_alignment=\"default\" background_color_opacity=\"1&#8243; background_hover_color_opacity=\"1&#8243; column_backdrop_filter=\"none\" column_shadow=\"none\" column_border_radius=\"none\" column_link_target=\"_self\" overflow=\"visible\" gradient_direction=\"left_to_right\" overlay_strength=\"0.3&#8243; width=\"1\/1&#8243; tablet_width_inherit=\"default\" animation_type=\"default\" bg_image_animation=\"none\" border_type=\"simple\" column_border_width=\"none\" column_border_style=\"dashed\" column_padding_type=\"advanced\" gradient_type=\"default\"][nectar_highlighted_text color_type=\"regular\" highlight_color=\"#e54040&#8243; text_color=\"#000000&#8243; style=\"regular_underline\" highlight_expansion=\"default\" underline_thickness=\"default\" font_line_height=\"1&#8243; custom_font_size=\"4vh\"]<em>\u00d6lgeschmierte zweistufige Pumpen<\/em>[\/nectar_highlighted_text][\/vc_column_inner][\/vc_row_inner][\/vc_column][\/vc_row][vc_row type=\"in_container\" full_screen_row_position=\"middle\" column_margin=\"default\" column_direction=\"default\" column_direction_tablet=\"default\" column_direction_phone=\"default\" scene_position=\"center\" top_margin=\"80&#8243; text_color=\"dark\" text_align=\"left\" row_border_radius=\"none\" row_border_radius_applies=\"bg\" overflow=\"visible\" overlay_strength=\"0.3&#8243; gradient_direction=\"left_to_right\" shape_divider_position=\"bottom\" bg_image_animation=\"none\" gradient_type=\"default\" shape_type=\"\"][vc_column column_padding=\"padding-2-percent\" column_padding_tablet=\"inherit\" column_padding_phone=\"inherit\" column_padding_position=\"top-bottom\" column_element_direction_desktop=\"default\" column_element_spacing=\"default\" desktop_text_alignment=\"default\" tablet_text_alignment=\"default\" phone_text_alignment=\"default\" background_color_opacity=\"1&#8243; background_hover_color_opacity=\"1&#8243; column_backdrop_filter=\"none\" column_shadow=\"none\" column_border_radius=\"none\" column_link_target=\"_self\" column_position=\"default\" gradient_direction=\"left_to_right\" overlay_strength=\"0.3&#8243; width=\"1\/1&#8243; tablet_width_inherit=\"default\" animation_type=\"default\" bg_image_animation=\"none\" border_type=\"simple\" column_border_width=\"none\" column_border_style=\"solid\" column_padding_type=\"default\" gradient_type=\"default\"][vc_column_text]<strong>Drehkolbenpumpen - Zuverl\u00e4ssige Vakuuml\u00f6sungen f\u00fcr Ihre Anwendungen<\/strong><\/p>\n<p>DOVAC hat sich auf die Lieferung hochwertiger Drehschieberpumpen f\u00fcr eine Vielzahl von industriellen Anwendungen spezialisiert. Unsere Drehschieberpumpen sind f\u00fcr eine breite Palette von Prozessen konzipiert, die zuverl\u00e4ssige und effiziente Vakuuml\u00f6sungen erfordern. Ganz gleich, ob Sie in der Lebensmittelindustrie, der Medizintechnik, der Verpackungsindustrie oder der Labortechnik t\u00e4tig sind - unsere Pumpen bieten auch unter rauen Bedingungen eine hervorragende Leistung.<\/p>\n<h3>Was ist eine Drehkolbenpumpe?<\/h3>\n<p>Eine Drehschieberpumpe, auch als Drehschieberpumpe bekannt, ist eine Art von Vakuumpumpe, die mit Drehschiebern arbeitet, die ein Vakuum erzeugen, indem sie Luft und Gase aus einem geschlossenen Raum entfernen. Dadurch sind Drehschieberpumpen ideal f\u00fcr Anwendungen, bei denen ein kontinuierliches Vakuum erforderlich ist. Sie sind effizient, langlebig und einfach zu warten.<\/p>\n<h3>Vorteile von Drehschieberpumpen<\/h3>\n<p>Unsere Drehschieberpumpen haben mehrere Vorteile, darunter:<\/p>\n<ul>\n<li><strong>Hohe Effizienz:<\/strong> Drehschieberpumpen k\u00f6nnen schnell ein stabiles Vakuum erzeugen, was zu einer h\u00f6heren Effizienz Ihrer Prozesse f\u00fchrt.<\/li>\n<li><strong>Langlebigkeit:<\/strong> Aus hochwertigen Materialien gefertigt, halten unsere Pumpen auch starker Beanspruchung stand und halten lange durch, ohne an Leistung zu verlieren.<\/li>\n<li><strong>Niedrige Wartungskosten:<\/strong> Dank des robusten Designs und der einfachen Konstruktion sind Drehschieberpumpen leicht zu warten, was die Gesamtbetriebskosten senkt.<\/li>\n<\/ul>\n<h3>Anwendungen von Drehkolbenpumpen<\/h3>\n<p>Drehschieberpumpen werden in verschiedenen Industriezweigen eingesetzt, darunter:<\/p>\n<ul>\n<li><strong>Verpackungsindustrie:<\/strong> Zur Erzeugung von Vakuum bei Verpackungsprozessen, wie z.B. bei der Vakuumverpackung von Lebensmitteln.<\/li>\n<li><strong>Medizinischer Sektor:<\/strong> F\u00fcr medizinische Ger\u00e4te, die auf eine zuverl\u00e4ssige Vakuumleistung angewiesen sind.<\/li>\n<li><strong>Laboratorien:<\/strong> F\u00fcr verschiedene Experimente und Forschungsprojekte, bei denen ein kontrolliertes Vakuum unerl\u00e4sslich ist.<\/li>\n<\/ul>\n<h3>Wartung und Ersatzteile<\/h3>\n<p>Bei DOVAC bieten wir auch eine breite Palette von Wartungsoptionen und Ersatzteilen f\u00fcr unsere Drehschieberpumpen an. Wir k\u00f6nnen Ihnen zum Beispiel mit Ersatz\u00f6lfiltern, Dichtungen und verschiedenen anderen Komponenten helfen, den Betrieb Ihrer Pumpe zu optimieren.<\/p>\n<h3>Warum DOVAC w\u00e4hlen?<\/h3>\n<p>Mit jahrelanger Erfahrung und technischem Know-how bietet DOVAC hochwertige Vakuuml\u00f6sungen, die perfekt auf die Bed\u00fcrfnisse Ihres Unternehmens abgestimmt sind. Unsere Pumpen werden sorgf\u00e4ltig ausgew\u00e4hlt und entwickelt, um den h\u00f6chsten Qualit\u00e4tsstandards zu entsprechen.<\/p>\n<p>Finden Sie heraus, wie wir Ihnen bei der Auswahl der richtigen Vakuumpumpe f\u00fcr Ihre spezielle Anwendung helfen k\u00f6nnen. Kontaktieren Sie uns noch heute f\u00fcr ein Angebot oder eine individuelle Beratung.[\/vc_column_text][\/vc_column][\/vc_row]\n","protected":false},"excerpt":{"rendered":"<p>[vc_row type=\"in_container\" full_screen_row_position=\"middle\" column_margin=\"default\" column_direction=\"default\" column_direction_tablet=\"default\" column_direction_phone=\"default\" scene_position=\"center\" text_color=\"dark\" text_align=\"left\" row_border_radius=\"none\" row_border_radius_applies=\"bg\" overflow=\"visible\" overlay_strength=\"0.3&#8243; gradient_direction=\"left_to_right\" shape_divider_position=\"bottom\" bg_image_animation=\"none\"][vc_column column_padding=\"no-extra-padding\" column_padding_tablet=\"inherit\" column_padding_phone=\"inherit\" column_padding_position=\"all\" column_element_direction_desktop=\"default\" column_element_spacing=\"default\" desktop_text_alignment=\"default\" tablet_text_alignment=\"default\" phone_text_alignment=\"default\" background_color_opacity=\"1&#8243; background_hover_color_opacity=\"1&#8243; column_backdrop_filter=\"none\" column_shadow=\"none\"&#8230;<\/p>\n","protected":false},"author":5,"featured_media":0,"parent":3725,"menu_order":0,"comment_status":"closed","ping_status":"closed","template":"","meta":{"footnotes":""},"class_list":["post-8432","page","type-page","status-publish"],"_links":{"self":[{"href":"https:\/\/www.dovac.nl\/de\/wp-json\/wp\/v2\/pages\/8432","targetHints":{"allow":["GET"]}}],"collection":[{"href":"https:\/\/www.dovac.nl\/de\/wp-json\/wp\/v2\/pages"}],"about":[{"href":"https:\/\/www.dovac.nl\/de\/wp-json\/wp\/v2\/types\/page"}],"author":[{"embeddable":true,"href":"https:\/\/www.dovac.nl\/de\/wp-json\/wp\/v2\/users\/5"}],"replies":[{"embeddable":true,"href":"https:\/\/www.dovac.nl\/de\/wp-json\/wp\/v2\/comments?post=8432"}],"version-history":[{"count":21,"href":"https:\/\/www.dovac.nl\/de\/wp-json\/wp\/v2\/pages\/8432\/revisions"}],"predecessor-version":[{"id":12882,"href":"https:\/\/www.dovac.nl\/de\/wp-json\/wp\/v2\/pages\/8432\/revisions\/12882"}],"up":[{"embeddable":true,"href":"https:\/\/www.dovac.nl\/de\/wp-json\/wp\/v2\/pages\/3725"}],"wp:attachment":[{"href":"https:\/\/www.dovac.nl\/de\/wp-json\/wp\/v2\/media?parent=8432"}],"curies":[{"name":"wp","href":"https:\/\/api.w.org\/{rel}","templated":true}]}}